{"id":910,"date":"2026-03-11T13:59:02","date_gmt":"2026-03-11T12:59:02","guid":{"rendered":"https:\/\/mmi-tarbes.fr\/TP_STRAT-2025-2026\/Maloungila-Adam\/Site\/?page_id=910"},"modified":"2026-03-12T15:32:34","modified_gmt":"2026-03-12T14:32:34","slug":"portrait-interview","status":"publish","type":"page","link":"https:\/\/mmi-tarbes.fr\/TP_STRAT-2025-2026\/Maloungila-Adam\/Site\/portrait-interview\/","title":{"rendered":"Portrait Interview"},"content":{"rendered":"\t\t<div data-elementor-type=\"wp-page\" data-elementor-id=\"910\" class=\"elementor elementor-910\" data-elementor-post-type=\"page\">\n\t\t\t\t<div class=\"elementor-element elementor-element-17da41c e-flex e-con-boxed wpr-particle-no wpr-jarallax-no wpr-parallax-no wpr-sticky-section-no wpr-equal-height-no e-con e-parent\" data-id=\"17da41c\" data-element_type=\"container\" data-e-type=\"container\">\n\t\t\t\t\t<div class=\"e-con-inner\">\n\t\t\t\t<div class=\"elementor-element elementor-element-1ef85a7 elementor-widget elementor-widget-text-editor\" data-id=\"1ef85a7\" data-element_type=\"widget\" data-e-type=\"widget\" data-widget_type=\"text-editor.default\">\n\t\t\t\t\t\t\t\t\t<h5 data-start=\"0\" data-end=\"506\"><em><strong>Ce projet avait pour but de nous faire d\u00e9couvrir cinq entreprises diff\u00e9rentes. Mon groupe et moi \u00e9tions charg\u00e9s de r\u00e9aliser le portrait vid\u00e9o, sous forme d\u2019interview, de l\u2019entreprise <span class=\"hover:entity-accent entity-underline inline cursor-pointer align-baseline\"><span class=\"whitespace-normal\">Aurora Racing<\/span><\/span>. Cette entreprise est sp\u00e9cialis\u00e9e dans le retrofit de v\u00e9hicules de comp\u00e9tition. Son objectif est de r\u00e9inventer la course automobile afin de r\u00e9pondre aux d\u00e9fis \u00e9cologiques de demain, en adaptant des voitures de course existantes \u00e0 des technologies plus respectueuses de l\u2019environnement.<\/strong><\/em><\/h5><h5><strong><em>Dans un premier temps, il a fallu \u00e9tablir une veille, c\u2019est-\u00e0-dire rassembler les \u00e9l\u00e9ments n\u00e9cessaires pour nous permettre de mener \u00e0 bien le projet. J\u2019\u00e9tais charg\u00e9 de r\u00e9aliser le moodboard ainsi que la veille d\u2019information sur Hugo Griera et son entreprise Aurora Racing. \u00c9tablir un premier portrait th\u00e9orique \u00e9tait crucial afin de mieux comprendre son univers, son identit\u00e9 et les valeurs de son entreprise.<\/em><\/strong><\/h5><h5 data-start=\"508\" data-end=\"990\">\u00a0<\/h5>\t\t\t\t\t\t\t\t<\/div>\n\t\t\t\t\t<\/div>\n\t\t\t\t<\/div>\n\t\t<div class=\"elementor-element elementor-element-4373ca2 e-flex e-con-boxed wpr-particle-no wpr-jarallax-no wpr-parallax-no wpr-sticky-section-no wpr-equal-height-no e-con e-parent\" data-id=\"4373ca2\" data-element_type=\"container\" data-e-type=\"container\">\n\t\t\t\t\t<div class=\"e-con-inner\">\n\t\t\t\t<div class=\"elementor-element elementor-element-c11f15d elementor-widget elementor-widget-elementskit-image-comparison\" data-id=\"c11f15d\" data-element_type=\"widget\" data-e-type=\"widget\" data-widget_type=\"elementskit-image-comparison.default\">\n\t\t\t\t<div class=\"elementor-widget-container\">\n\t\t\t\t\t<div class=\"ekit-wid-con\" >\n\t\t<div class=\"elementskit-image-comparison image-comparison-container-vertical\" data-offset=\"0.5\" data-overlay=\"\" data-label_after=\"\" data-label_before=\"\" data-move_slider_on_hover=\"\" data-click_to_move=\"\">\n\t\t\t<img decoding=\"async\" src=\"https:\/\/mmi-tarbes.fr\/TP_STRAT-2025-2026\/Maloungila-Adam\/Site\/wp-content\/uploads\/2026\/03\/1.png\" title=\"1\" alt=\"1\" loading=\"lazy\" \/><img decoding=\"async\" src=\"https:\/\/mmi-tarbes.fr\/TP_STRAT-2025-2026\/Maloungila-Adam\/Site\/wp-content\/uploads\/2026\/03\/2.png\" title=\"2\" alt=\"2\" loading=\"lazy\" \/>\t\t<\/div>\n\n\t<\/div>\t\t\t\t<\/div>\n\t\t\t\t<\/div>\n\t\t\t\t\t<\/div>\n\t\t\t\t<\/div>\n\t\t<div class=\"elementor-element elementor-element-64d7bdb e-flex e-con-boxed wpr-particle-no wpr-jarallax-no wpr-parallax-no wpr-sticky-section-no wpr-equal-height-no e-con e-parent\" data-id=\"64d7bdb\" data-element_type=\"container\" data-e-type=\"container\">\n\t\t\t\t\t<div class=\"e-con-inner\">\n\t\t\t\t<div class=\"elementor-element elementor-element-7c4f829 elementor-widget elementor-widget-text-editor\" data-id=\"7c4f829\" data-element_type=\"widget\" data-e-type=\"widget\" data-widget_type=\"text-editor.default\">\n\t\t\t\t\t\t\t\t\t<h5><strong><em>Veille information<\/em><\/strong><\/h5>\t\t\t\t\t\t\t\t<\/div>\n\t\t\t\t\t<\/div>\n\t\t\t\t<\/div>\n\t\t<div class=\"elementor-element elementor-element-28d63c8 e-flex e-con-boxed wpr-particle-no wpr-jarallax-no wpr-parallax-no wpr-sticky-section-no wpr-equal-height-no e-con e-parent\" data-id=\"28d63c8\" data-element_type=\"container\" data-e-type=\"container\">\n\t\t\t\t\t<div class=\"e-con-inner\">\n\t\t\t\t<div class=\"elementor-element elementor-element-696e476 elementor-widget-divider--view-line elementor-widget elementor-widget-divider\" data-id=\"696e476\" data-element_type=\"widget\" data-e-type=\"widget\" data-widget_type=\"divider.default\">\n\t\t\t\t\t\t\t<div class=\"elementor-divider\">\n\t\t\t<span class=\"elementor-divider-separator\">\n\t\t\t\t\t\t<\/span>\n\t\t<\/div>\n\t\t\t\t\t\t<\/div>\n\t\t\t\t\t<\/div>\n\t\t\t\t<\/div>\n\t\t<div class=\"elementor-element elementor-element-7fc2ed4 e-flex e-con-boxed wpr-particle-no wpr-jarallax-no wpr-parallax-no wpr-sticky-section-no wpr-equal-height-no e-con e-parent\" data-id=\"7fc2ed4\" data-element_type=\"container\" data-e-type=\"container\">\n\t\t\t\t\t<div class=\"e-con-inner\">\n\t\t\t\t<div class=\"elementor-element elementor-element-70a966b elementor-widget elementor-widget-video\" data-id=\"70a966b\" data-element_type=\"widget\" data-e-type=\"widget\" data-settings=\"{&quot;youtube_url&quot;:&quot;https:\\\/\\\/youtu.be\\\/5AKwgHhVRTQ?si=oiP_AgRym2chX3sN&quot;,&quot;video_type&quot;:&quot;youtube&quot;,&quot;controls&quot;:&quot;yes&quot;}\" data-widget_type=\"video.default\">\n\t\t\t\t\t\t\t<div class=\"elementor-wrapper elementor-open-inline\">\n\t\t\t<div class=\"elementor-video\"><\/div>\t\t<\/div>\n\t\t\t\t\t\t<\/div>\n\t\t\t\t\t<\/div>\n\t\t\t\t<\/div>\n\t\t<div class=\"elementor-element elementor-element-3e47dd1 e-flex e-con-boxed wpr-particle-no wpr-jarallax-no wpr-parallax-no wpr-sticky-section-no wpr-equal-height-no e-con e-parent\" data-id=\"3e47dd1\" data-element_type=\"container\" data-e-type=\"container\">\n\t\t\t\t\t<div class=\"e-con-inner\">\n\t\t\t\t<div class=\"elementor-element elementor-element-39732c9 elementor-widget elementor-widget-text-editor\" data-id=\"39732c9\" data-element_type=\"widget\" data-e-type=\"widget\" data-widget_type=\"text-editor.default\">\n\t\t\t\t\t\t\t\t\t<h6><strong><em>Rendu final qui a \u00e9t\u00e9 expos\u00e9 dans une salle de cin\u00e9ma avec comme spectateur les \u00e9tudiants et tous les fondateurs respectifs de chaque entreprise.<\/em><\/strong><\/h6>\t\t\t\t\t\t\t\t<\/div>\n\t\t\t\t\t<\/div>\n\t\t\t\t<\/div>\n\t\t<div class=\"elementor-element elementor-element-0bee779 e-flex e-con-boxed wpr-particle-no wpr-jarallax-no wpr-parallax-no wpr-sticky-section-no wpr-equal-height-no e-con e-parent\" data-id=\"0bee779\" data-element_type=\"container\" data-e-type=\"container\">\n\t\t\t\t\t<div class=\"e-con-inner\">\n\t\t\t\t<div class=\"elementor-element elementor-element-e94c8d1 elementor-widget-divider--view-line elementor-widget elementor-widget-divider\" data-id=\"e94c8d1\" data-element_type=\"widget\" data-e-type=\"widget\" data-widget_type=\"divider.default\">\n\t\t\t\t\t\t\t<div class=\"elementor-divider\">\n\t\t\t<span class=\"elementor-divider-separator\">\n\t\t\t\t\t\t<\/span>\n\t\t<\/div>\n\t\t\t\t\t\t<\/div>\n\t\t\t\t\t<\/div>\n\t\t\t\t<\/div>\n\t\t<div class=\"elementor-element elementor-element-3c839f6 e-flex e-con-boxed wpr-particle-no wpr-jarallax-no wpr-parallax-no wpr-sticky-section-no wpr-equal-height-no e-con e-parent\" data-id=\"3c839f6\" data-element_type=\"container\" data-e-type=\"container\">\n\t\t\t\t\t<div class=\"e-con-inner\">\n\t\t\t\t<div class=\"elementor-element elementor-element-c75c42c elementor-widget elementor-widget-text-editor\" data-id=\"c75c42c\" data-element_type=\"widget\" data-e-type=\"widget\" data-widget_type=\"text-editor.default\">\n\t\t\t\t\t\t\t\t\t<div class=\"flex flex-col text-sm pb-25\"><article class=\"text-token-text-primary w-full focus:outline-none [--shadow-height:45px] has-data-writing-block:pointer-events-none has-data-writing-block:-mt-(--shadow-height) has-data-writing-block:pt-(--shadow-height) [&amp;:has([data-writing-block])&gt;*]:pointer-events-auto scroll-mt-[calc(var(--header-height)+min(200px,max(70px,20svh)))]\" dir=\"auto\" tabindex=\"-1\" data-turn-id=\"request-WEB:bcf0d545-b1f5-414e-81ed-1c9391c3d238-5\" data-testid=\"conversation-turn-4\" data-scroll-anchor=\"true\" data-turn=\"assistant\"><div class=\"text-base my-auto mx-auto pb-10 [--thread-content-margin:var(--thread-content-margin-xs,calc(var(--spacing)*4))] @w-sm\/main:[--thread-content-margin:var(--thread-content-margin-sm,calc(var(--spacing)*6))] @w-lg\/main:[--thread-content-margin:var(--thread-content-margin-lg,calc(var(--spacing)*16))] px-(--thread-content-margin)\"><div class=\"[--thread-content-max-width:40rem] @w-lg\/main:[--thread-content-max-width:48rem] mx-auto max-w-(--thread-content-max-width) flex-1 group\/turn-messages focus-visible:outline-hidden relative flex w-full min-w-0 flex-col agent-turn\" tabindex=\"-1\"><div class=\"flex max-w-full flex-col gap-4 grow\"><div class=\"min-h-8 text-message relative flex w-full flex-col items-end gap-2 text-start break-words whitespace-normal [.text-message+&amp;]:mt-1\" dir=\"auto\" data-message-author-role=\"assistant\" data-message-id=\"ba3db99d-8426-4e1f-a931-a59f9e73ded7\" data-message-model-slug=\"gpt-5-3\"><div class=\"flex w-full flex-col gap-1 empty:hidden\"><div class=\"markdown prose dark:prose-invert w-full wrap-break-word light markdown-new-styling\"><h5 data-start=\"0\" data-end=\"198\"><strong><em>Ce projet, principalement ax\u00e9 sur le montage vid\u00e9o, a \u00e9t\u00e9 r\u00e9parti entre les diff\u00e9rents membres du groupe. Chacun avait des t\u00e2ches pr\u00e9cises afin de mener \u00e0 bien la r\u00e9alisation finale de la vid\u00e9o.<\/em><\/strong><\/h5><h5 data-start=\"200\" data-end=\"626\"><strong><em>Pour ma part, mon r\u00f4le consistait principalement \u00e0 effectuer les d\u00e9coupes des s\u00e9quences, \u00e0 rechercher des sons adapt\u00e9s, \u00e0 s\u00e9lectionner et scinder les bonnes parties de l\u2019interview, ainsi qu\u2019\u00e0 ajouter certains effets afin d\u2019am\u00e9liorer le rendu final. Ce travail demandait \u00e9galement d\u2019assurer une bonne coh\u00e9rence entre les diff\u00e9rentes pistes audio et vid\u00e9o pour que l\u2019interview soit fluide et agr\u00e9able \u00e0 regarder.<\/em><\/strong><\/h5><h5 data-start=\"628\" data-end=\"901\"><strong><em>M\u00eame si le projet \u00e9tait collectif, cette exp\u00e9rience m\u2019a permis de travailler concr\u00e8tement sur plusieurs aspects de la pr\u00e9- production et post-production et de d\u00e9velopper mes comp\u00e9tences en montage vid\u00e9o, notamment sur des logiciels comme DaVinci Resolve et Adobe Premiere Pro.<\/em><\/strong><\/h5><\/div><\/div><\/div><\/div><div class=\"z-0 flex min-h-[46px] justify-start\">\u00a0<\/div><div class=\"mt-3 w-full empty:hidden\"><div class=\"text-center\">\u00a0<\/div><\/div><\/div><\/div><\/article><\/div><div class=\"pointer-events-none h-px w-px absolute bottom-0\" aria-hidden=\"true\" data-edge=\"true\">\u00a0<\/div>\t\t\t\t\t\t\t\t<\/div>\n\t\t\t\t\t<\/div>\n\t\t\t\t<\/div>\n\t\t\t\t<\/div>\n\t\t","protected":false},"excerpt":{"rendered":"<p>Ce projet avait pour but de nous faire d\u00e9couvrir cinq entreprises diff\u00e9rentes. Mon groupe et moi \u00e9tions charg\u00e9s de r\u00e9aliser le portrait vid\u00e9o, sous forme d\u2019interview, de l\u2019entreprise Aurora Racing. Cette entreprise est sp\u00e9cialis\u00e9e dans le retrofit de v\u00e9hicules de comp\u00e9tition. Son objectif est de r\u00e9inventer la course automobile afin de r\u00e9pondre aux d\u00e9fis \u00e9cologiques de demain, en adaptant des voitures de course existantes \u00e0 des technologies plus respectueuses de l\u2019environnement. Dans un premier temps, il a fallu \u00e9tablir une veille, c\u2019est-\u00e0-dire rassembler les \u00e9l\u00e9ments n\u00e9cessaires pour nous permettre de mener \u00e0 bien le projet. J\u2019\u00e9tais charg\u00e9 de r\u00e9aliser le moodboard ainsi que la veille d\u2019information sur Hugo Griera et son entreprise Aurora Racing. \u00c9tablir un premier portrait th\u00e9orique \u00e9tait crucial afin de mieux comprendre son univers, son identit\u00e9 et les valeurs de son entreprise. \u00a0 Veille information https:\/\/youtu.be\/5AKwgHhVRTQ?si=oiP_AgRym2chX3sN Rendu final qui a \u00e9t\u00e9 expos\u00e9 dans une salle de cin\u00e9ma avec comme spectateur les \u00e9tudiants et tous les fondateurs respectifs de chaque entreprise. Ce projet, principalement ax\u00e9 sur le montage vid\u00e9o, a \u00e9t\u00e9 r\u00e9parti entre les diff\u00e9rents membres du groupe. Chacun avait des t\u00e2ches pr\u00e9cises afin de mener \u00e0 bien la r\u00e9alisation finale de la vid\u00e9o. Pour ma part, mon r\u00f4le consistait principalement \u00e0 effectuer les d\u00e9coupes des s\u00e9quences, \u00e0 rechercher des sons adapt\u00e9s, \u00e0 s\u00e9lectionner et scinder les bonnes parties de l\u2019interview, ainsi qu\u2019\u00e0 ajouter certains effets afin d\u2019am\u00e9liorer le rendu final. Ce travail demandait \u00e9galement d\u2019assurer une bonne coh\u00e9rence entre les diff\u00e9rentes pistes audio et vid\u00e9o pour que l\u2019interview soit fluide et agr\u00e9able \u00e0 regarder. M\u00eame si le projet \u00e9tait collectif, cette exp\u00e9rience m\u2019a permis de travailler concr\u00e8tement sur plusieurs aspects de la pr\u00e9- production et post-production et de d\u00e9velopper mes comp\u00e9tences en montage vid\u00e9o, notamment sur des logiciels comme DaVinci Resolve et Adobe Premiere Pro. \u00a0\u00a0 \u00a0<\/p>\n","protected":false},"author":1,"featured_media":0,"parent":0,"menu_order":0,"comment_status":"closed","ping_status":"closed","template":"","meta":{"_vp_format_video_url":"","_vp_image_focal_point":[],"footnotes":""},"class_list":["post-910","page","type-page","status-publish","hentry"],"_links":{"self":[{"href":"https:\/\/mmi-tarbes.fr\/TP_STRAT-2025-2026\/Maloungila-Adam\/Site\/wp-json\/wp\/v2\/pages\/910","targetHints":{"allow":["GET"]}}],"collection":[{"href":"https:\/\/mmi-tarbes.fr\/TP_STRAT-2025-2026\/Maloungila-Adam\/Site\/wp-json\/wp\/v2\/pages"}],"about":[{"href":"https:\/\/mmi-tarbes.fr\/TP_STRAT-2025-2026\/Maloungila-Adam\/Site\/wp-json\/wp\/v2\/types\/page"}],"author":[{"embeddable":true,"href":"https:\/\/mmi-tarbes.fr\/TP_STRAT-2025-2026\/Maloungila-Adam\/Site\/wp-json\/wp\/v2\/users\/1"}],"replies":[{"embeddable":true,"href":"https:\/\/mmi-tarbes.fr\/TP_STRAT-2025-2026\/Maloungila-Adam\/Site\/wp-json\/wp\/v2\/comments?post=910"}],"version-history":[{"count":40,"href":"https:\/\/mmi-tarbes.fr\/TP_STRAT-2025-2026\/Maloungila-Adam\/Site\/wp-json\/wp\/v2\/pages\/910\/revisions"}],"predecessor-version":[{"id":970,"href":"https:\/\/mmi-tarbes.fr\/TP_STRAT-2025-2026\/Maloungila-Adam\/Site\/wp-json\/wp\/v2\/pages\/910\/revisions\/970"}],"wp:attachment":[{"href":"https:\/\/mmi-tarbes.fr\/TP_STRAT-2025-2026\/Maloungila-Adam\/Site\/wp-json\/wp\/v2\/media?parent=910"}],"curies":[{"name":"wp","href":"https:\/\/api.w.org\/{rel}","templated":true}]}}