{"id":46,"date":"2025-12-20T15:36:11","date_gmt":"2025-12-20T14:36:11","guid":{"rendered":"https:\/\/mmi-tarbes.fr\/TP_STRAT-2025-2026\/Maloungila-Adam\/Site\/?page_id=46"},"modified":"2026-03-14T15:18:59","modified_gmt":"2026-03-14T14:18:59","slug":"qui-suis-je","status":"publish","type":"page","link":"https:\/\/mmi-tarbes.fr\/TP_STRAT-2025-2026\/Maloungila-Adam\/Site\/qui-suis-je\/","title":{"rendered":"Qui suis-je ?"},"content":{"rendered":"\t\t<div data-elementor-type=\"wp-page\" data-elementor-id=\"46\" class=\"elementor elementor-46\" data-elementor-post-type=\"page\">\n\t\t\t\t<div class=\"elementor-element elementor-element-42af608 e-flex e-con-boxed wpr-particle-no wpr-jarallax-no wpr-parallax-no wpr-sticky-section-no wpr-equal-height-no e-con e-parent\" data-id=\"42af608\" data-element_type=\"container\" data-e-type=\"container\">\n\t\t\t\t\t<div class=\"e-con-inner\">\n\t\t\t\t<div class=\"elementor-element elementor-element-cd3f745 elementor-widget elementor-widget-image\" data-id=\"cd3f745\" data-element_type=\"widget\" data-e-type=\"widget\" data-widget_type=\"image.default\">\n\t\t\t\t\t\t\t\t\t\t\t\t\t\t\t<img fetchpriority=\"high\" decoding=\"async\" width=\"683\" height=\"1024\" src=\"https:\/\/mmi-tarbes.fr\/TP_STRAT-2025-2026\/Maloungila-Adam\/Site\/wp-content\/uploads\/2026\/02\/classic-version-3-1-683x1024.jpg\" class=\"attachment-large size-large wp-image-581\" alt=\"\" srcset=\"https:\/\/mmi-tarbes.fr\/TP_STRAT-2025-2026\/Maloungila-Adam\/Site\/wp-content\/uploads\/2026\/02\/classic-version-3-1-683x1024.jpg 683w, https:\/\/mmi-tarbes.fr\/TP_STRAT-2025-2026\/Maloungila-Adam\/Site\/wp-content\/uploads\/2026\/02\/classic-version-3-1-200x300.jpg 200w, https:\/\/mmi-tarbes.fr\/TP_STRAT-2025-2026\/Maloungila-Adam\/Site\/wp-content\/uploads\/2026\/02\/classic-version-3-1-768x1151.jpg 768w, https:\/\/mmi-tarbes.fr\/TP_STRAT-2025-2026\/Maloungila-Adam\/Site\/wp-content\/uploads\/2026\/02\/classic-version-3-1-1025x1536.jpg 1025w, https:\/\/mmi-tarbes.fr\/TP_STRAT-2025-2026\/Maloungila-Adam\/Site\/wp-content\/uploads\/2026\/02\/classic-version-3-1-1366x2048.jpg 1366w, https:\/\/mmi-tarbes.fr\/TP_STRAT-2025-2026\/Maloungila-Adam\/Site\/wp-content\/uploads\/2026\/02\/classic-version-3-1-500x750.jpg 500w, https:\/\/mmi-tarbes.fr\/TP_STRAT-2025-2026\/Maloungila-Adam\/Site\/wp-content\/uploads\/2026\/02\/classic-version-3-1-800x1199.jpg 800w, https:\/\/mmi-tarbes.fr\/TP_STRAT-2025-2026\/Maloungila-Adam\/Site\/wp-content\/uploads\/2026\/02\/classic-version-3-1-1280x1919.jpg 1280w, https:\/\/mmi-tarbes.fr\/TP_STRAT-2025-2026\/Maloungila-Adam\/Site\/wp-content\/uploads\/2026\/02\/classic-version-3-1-1920x2879.jpg 1920w, https:\/\/mmi-tarbes.fr\/TP_STRAT-2025-2026\/Maloungila-Adam\/Site\/wp-content\/uploads\/2026\/02\/classic-version-3-1-scaled.jpg 1708w\" sizes=\"(max-width: 683px) 100vw, 683px\" \/>\t\t\t\t\t\t\t\t\t\t\t\t\t\t\t<\/div>\n\t\t\t\t\t<\/div>\n\t\t\t\t<\/div>\n\t\t<div class=\"elementor-element elementor-element-f4eae0b e-flex e-con-boxed wpr-particle-no wpr-jarallax-no wpr-parallax-no wpr-sticky-section-no wpr-equal-height-no e-con e-parent\" data-id=\"f4eae0b\" data-element_type=\"container\" data-e-type=\"container\">\n\t\t\t\t\t<div class=\"e-con-inner\">\n\t\t\t\t<div class=\"elementor-element elementor-element-f347e5f elementor-widget elementor-widget-text-editor\" data-id=\"f347e5f\" data-element_type=\"widget\" data-e-type=\"widget\" data-widget_type=\"text-editor.default\">\n\t\t\t\t\t\t\t\t\t<h4><em><strong><span class=\"BZ_Pyq_fadeIn\">Je <\/span><span class=\"BZ_Pyq_fadeIn\">suis <\/span><span class=\"BZ_Pyq_fadeIn\">Adam, <\/span><span class=\"BZ_Pyq_fadeIn\">\u00e9tudiant <\/span><span class=\"BZ_Pyq_fadeIn\">en <\/span><span class=\"BZ_Pyq_fadeIn\">3\u1d49 <\/span><span class=\"BZ_Pyq_fadeIn\">ann\u00e9e <\/span><span class=\"BZ_Pyq_fadeIn\">de <\/span><span class=\"BZ_Pyq_fadeIn\">MMI, <\/span><span class=\"BZ_Pyq_fadeIn\">sp\u00e9cialis\u00e9 <\/span><span class=\"BZ_Pyq_fadeIn\">en <\/span><span class=\"BZ_Pyq_fadeIn\">strat\u00e9gie <\/span><span class=\"BZ_Pyq_fadeIn\">de <\/span><span class=\"BZ_Pyq_fadeIn\">communication. <\/span><span class=\"BZ_Pyq_fadeIn\">Passionn\u00e9 <\/span><span class=\"BZ_Pyq_fadeIn\">par <\/span><span class=\"BZ_Pyq_fadeIn\">les <\/span><span class=\"BZ_Pyq_fadeIn\">m\u00e9dias <\/span><span class=\"BZ_Pyq_fadeIn\">num\u00e9riques <\/span><span class=\"BZ_Pyq_fadeIn\">et <\/span><span class=\"BZ_Pyq_fadeIn\">le <\/span><span class=\"BZ_Pyq_fadeIn\">marketing <\/span><span class=\"BZ_Pyq_fadeIn\">digital, <\/span><span class=\"BZ_Pyq_fadeIn\">je <\/span><span class=\"BZ_Pyq_fadeIn\">cherche <\/span><span class=\"BZ_Pyq_fadeIn\">\u00e0 <\/span><span class=\"BZ_Pyq_fadeIn\">renforcer <\/span><span class=\"BZ_Pyq_fadeIn\">continuellement <\/span><span class=\"BZ_Pyq_fadeIn\">mes <\/span><span class=\"BZ_Pyq_fadeIn\">comp\u00e9tences <\/span><span class=\"BZ_Pyq_fadeIn\">dans <\/span><span class=\"BZ_Pyq_fadeIn\">ces <\/span><span class=\"BZ_Pyq_fadeIn\">domaines. <\/span><span class=\"BZ_Pyq_fadeIn\">J\u2019aime <\/span><span class=\"BZ_Pyq_fadeIn\">exp\u00e9rimenter <\/span><span class=\"BZ_Pyq_fadeIn\">et <\/span><span class=\"BZ_Pyq_fadeIn\">d\u00e9couvrir <\/span><span class=\"BZ_Pyq_fadeIn\">de <\/span><span class=\"BZ_Pyq_fadeIn\">nouvelles <\/span><span class=\"BZ_Pyq_fadeIn\">techniques <\/span><span class=\"BZ_Pyq_fadeIn\">afin <\/span><span class=\"BZ_Pyq_fadeIn\">de <\/span><span class=\"BZ_Pyq_fadeIn\">perfectionner <\/span><span class=\"BZ_Pyq_fadeIn\">mes <\/span><span class=\"BZ_Pyq_fadeIn\">capacit\u00e9s <\/span><span class=\"BZ_Pyq_fadeIn\">professionnelles <\/span><span class=\"BZ_Pyq_fadeIn\">et <\/span><span class=\"BZ_Pyq_fadeIn\">rester <\/span><span class=\"BZ_Pyq_fadeIn\">\u00e0 <\/span><span class=\"BZ_Pyq_fadeIn\">la <\/span><span class=\"BZ_Pyq_fadeIn\">pointe <\/span><span class=\"BZ_Pyq_fadeIn\">des <\/span><span class=\"BZ_Pyq_fadeIn\">tendances <\/span><span class=\"BZ_Pyq_fadeIn\">de <\/span><\/strong><\/em><span class=\"BZ_Pyq_fadeIn\"><em><strong>communication<\/strong><\/em>.<\/span><\/h4>\t\t\t\t\t\t\t\t<\/div>\n\t\t\t\t\t<\/div>\n\t\t\t\t<\/div>\n\t\t<div class=\"elementor-element elementor-element-d4b769c e-flex e-con-boxed wpr-particle-no wpr-jarallax-no wpr-parallax-no wpr-sticky-section-no wpr-equal-height-no e-con e-parent\" data-id=\"d4b769c\" data-element_type=\"container\" data-e-type=\"container\">\n\t\t\t\t\t<div class=\"e-con-inner\">\n\t\t\t\t<div class=\"elementor-element elementor-element-857e5c7 elementor-widget elementor-widget-copyright\" data-id=\"857e5c7\" data-element_type=\"widget\" data-e-type=\"widget\" data-widget_type=\"copyright.default\">\n\t\t\t\t<div class=\"elementor-widget-container\">\n\t\t\t\t\t\t\t<div class=\"hfe-copyright-wrapper\">\n\t\t\t\t\t\t\t<span>Copyright \u00a9Adam Maloungila<\/span>\n\t\t\t\t\t<\/div>\n\t\t\t\t\t\t<\/div>\n\t\t\t\t<\/div>\n\t\t\t\t\t<\/div>\n\t\t\t\t<\/div>\n\t\t<div class=\"elementor-element elementor-element-492a6c8 e-flex e-con-boxed wpr-particle-no wpr-jarallax-no wpr-parallax-no wpr-sticky-section-no wpr-equal-height-no e-con e-parent\" data-id=\"492a6c8\" data-element_type=\"container\" data-e-type=\"container\">\n\t\t\t\t\t<div class=\"e-con-inner\">\n\t\t\t\t<div class=\"elementor-element elementor-element-77bab1b elementor-cta--skin-cover elementor-animated-content elementor-widget elementor-widget-call-to-action\" data-id=\"77bab1b\" data-element_type=\"widget\" data-e-type=\"widget\" data-widget_type=\"call-to-action.default\">\n\t\t\t\t\t\t\t<div class=\"elementor-cta\">\n\t\t\t\t\t<div class=\"elementor-cta__bg-wrapper\">\n\t\t\t\t<div class=\"elementor-cta__bg elementor-bg\" style=\"background-image: url(https:\/\/mmi-tarbes.fr\/TP_STRAT-2025-2026\/Maloungila-Adam\/Site\/wp-content\/uploads\/2026\/02\/Spiral-Galaxy-in-Black-and-White_-Cosmic-Space-Beauty-559x1024.jpg);\" role=\"img\" aria-label=\"Spiral Galaxy in Black and White_ Cosmic Space Beauty\"><\/div>\n\t\t\t\t<div class=\"elementor-cta__bg-overlay\"><\/div>\n\t\t\t<\/div>\n\t\t\t\t\t\t\t<div class=\"elementor-cta__content\">\n\t\t\t\t\n\t\t\t\t\t\t\t\t\t<h2 class=\"elementor-cta__title elementor-cta__content-item elementor-content-item elementor-animated-item--grow\">\n\t\t\t\t\t\tMon Cv\t\t\t\t\t<\/h2>\n\t\t\t\t\n\t\t\t\t\t\t\t\t\t<div class=\"elementor-cta__description elementor-cta__content-item elementor-content-item elementor-animated-item--grow\">\n\t\t\t\t\t\tCurieux ? Mon CV vous attend !\t\t\t\t\t<\/div>\n\t\t\t\t\n\t\t\t\t\t\t\t\t\t<div class=\"elementor-cta__button-wrapper elementor-cta__content-item elementor-content-item elementor-animated-item--grow\">\n\t\t\t\t\t<a class=\"elementor-cta__button elementor-button elementor-size-\" href=\"https:\/\/drive.google.com\/file\/d\/1mBeNm_AdVYkV30jONlkvmCc_bMoQtITm\/view?usp=sharing\">\n\t\t\t\t\t\tClique ici\t\t\t\t\t<\/a>\n\t\t\t\t\t<\/div>\n\t\t\t\t\t\t\t<\/div>\n\t\t\t\t\t\t<\/div>\n\t\t\t\t\t\t<\/div>\n\t\t\t\t\t<\/div>\n\t\t\t\t<\/div>\n\t\t<div class=\"elementor-element elementor-element-00cf32b e-flex e-con-boxed wpr-particle-no wpr-jarallax-no wpr-parallax-no wpr-sticky-section-no wpr-equal-height-no e-con e-parent\" data-id=\"00cf32b\" data-element_type=\"container\" data-e-type=\"container\">\n\t\t\t\t\t<div class=\"e-con-inner\">\n\t\t\t\t<div class=\"elementor-element elementor-element-e242bcf elementor-post-navigation-borders-yes elementor-widget elementor-widget-post-navigation\" data-id=\"e242bcf\" data-element_type=\"widget\" data-e-type=\"widget\" data-widget_type=\"post-navigation.default\">\n\t\t\t\t\t\t\t<div class=\"elementor-post-navigation\" role=\"navigation\" aria-label=\"Post Navigation\">\n\t\t\t<div class=\"elementor-post-navigation__prev elementor-post-navigation__link\">\n\t\t\t\t<a href=\"https:\/\/mmi-tarbes.fr\/TP_STRAT-2025-2026\/Maloungila-Adam\/Site\/\" rel=\"prev\"><span class=\"post-navigation__arrow-wrapper post-navigation__arrow-prev\"><svg aria-hidden=\"true\" class=\"e-font-icon-svg e-fas-angle-left\" viewBox=\"0 0 256 512\" xmlns=\"http:\/\/www.w3.org\/2000\/svg\"><path d=\"M31.7 239l136-136c9.4-9.4 24.6-9.4 33.9 0l22.6 22.6c9.4 9.4 9.4 24.6 0 33.9L127.9 256l96.4 96.4c9.4 9.4 9.4 24.6 0 33.9L201.7 409c-9.4 9.4-24.6 9.4-33.9 0l-136-136c-9.5-9.4-9.5-24.6-.1-34z\"><\/path><\/svg><span class=\"elementor-screen-only\">Prev<\/span><\/span><span class=\"elementor-post-navigation__link__prev\"><span class=\"post-navigation__prev--label\">Pr\u00e9c\u00e9dent<\/span><span class=\"post-navigation__prev--title\">Accueil<\/span><\/span><\/a>\t\t\t<\/div>\n\t\t\t\t\t\t\t<div class=\"elementor-post-navigation__separator-wrapper\">\n\t\t\t\t\t<div class=\"elementor-post-navigation__separator\"><\/div>\n\t\t\t\t<\/div>\n\t\t\t\t\t\t<div class=\"elementor-post-navigation__next elementor-post-navigation__link\">\n\t\t\t\t<a href=\"https:\/\/mmi-tarbes.fr\/TP_STRAT-2025-2026\/Maloungila-Adam\/Site\/mes-realisations\/\" rel=\"next\"><span class=\"elementor-post-navigation__link__next\"><span class=\"post-navigation__next--label\">Suivant<\/span><span class=\"post-navigation__next--title\">Mes r\u00e9alisations<\/span><\/span><span class=\"post-navigation__arrow-wrapper post-navigation__arrow-next\"><svg aria-hidden=\"true\" class=\"e-font-icon-svg e-fas-angle-right\" viewBox=\"0 0 256 512\" xmlns=\"http:\/\/www.w3.org\/2000\/svg\"><path d=\"M224.3 273l-136 136c-9.4 9.4-24.6 9.4-33.9 0l-22.6-22.6c-9.4-9.4-9.4-24.6 0-33.9l96.4-96.4-96.4-96.4c-9.4-9.4-9.4-24.6 0-33.9L54.3 103c9.4-9.4 24.6-9.4 33.9 0l136 136c9.5 9.4 9.5 24.6.1 34z\"><\/path><\/svg><span class=\"elementor-screen-only\">Next<\/span><\/span><\/a>\t\t\t<\/div>\n\t\t<\/div>\n\t\t\t\t\t\t<\/div>\n\t\t\t\t\t<\/div>\n\t\t\t\t<\/div>\n\t\t\t\t<\/div>\n\t\t","protected":false},"excerpt":{"rendered":"<p>Je suis Adam, \u00e9tudiant en 3\u1d49 ann\u00e9e de MMI, sp\u00e9cialis\u00e9 en strat\u00e9gie de communication. Passionn\u00e9 par les m\u00e9dias num\u00e9riques et le marketing digital, je cherche \u00e0 renforcer continuellement mes comp\u00e9tences dans ces domaines. J\u2019aime exp\u00e9rimenter et d\u00e9couvrir de nouvelles techniques afin de perfectionner mes capacit\u00e9s professionnelles et rester \u00e0 la pointe des tendances de communication. Copyright \u00a9Adam Maloungila Mon Cv Curieux ? Mon CV vous attend ! Clique ici<\/p>\n","protected":false},"author":1,"featured_media":0,"parent":0,"menu_order":0,"comment_status":"closed","ping_status":"closed","template":"","meta":{"_vp_format_video_url":"","_vp_image_focal_point":[],"footnotes":""},"class_list":["post-46","page","type-page","status-publish","hentry"],"_links":{"self":[{"href":"https:\/\/mmi-tarbes.fr\/TP_STRAT-2025-2026\/Maloungila-Adam\/Site\/wp-json\/wp\/v2\/pages\/46","targetHints":{"allow":["GET"]}}],"collection":[{"href":"https:\/\/mmi-tarbes.fr\/TP_STRAT-2025-2026\/Maloungila-Adam\/Site\/wp-json\/wp\/v2\/pages"}],"about":[{"href":"https:\/\/mmi-tarbes.fr\/TP_STRAT-2025-2026\/Maloungila-Adam\/Site\/wp-json\/wp\/v2\/types\/page"}],"author":[{"embeddable":true,"href":"https:\/\/mmi-tarbes.fr\/TP_STRAT-2025-2026\/Maloungila-Adam\/Site\/wp-json\/wp\/v2\/users\/1"}],"replies":[{"embeddable":true,"href":"https:\/\/mmi-tarbes.fr\/TP_STRAT-2025-2026\/Maloungila-Adam\/Site\/wp-json\/wp\/v2\/comments?post=46"}],"version-history":[{"count":52,"href":"https:\/\/mmi-tarbes.fr\/TP_STRAT-2025-2026\/Maloungila-Adam\/Site\/wp-json\/wp\/v2\/pages\/46\/revisions"}],"predecessor-version":[{"id":1190,"href":"https:\/\/mmi-tarbes.fr\/TP_STRAT-2025-2026\/Maloungila-Adam\/Site\/wp-json\/wp\/v2\/pages\/46\/revisions\/1190"}],"wp:attachment":[{"href":"https:\/\/mmi-tarbes.fr\/TP_STRAT-2025-2026\/Maloungila-Adam\/Site\/wp-json\/wp\/v2\/media?parent=46"}],"curies":[{"name":"wp","href":"https:\/\/api.w.org\/{rel}","templated":true}]}}