{"id":1153,"date":"2026-03-14T13:59:37","date_gmt":"2026-03-14T12:59:37","guid":{"rendered":"https:\/\/mmi-tarbes.fr\/TP_STRAT-2025-2026\/Maloungila-Adam\/Site\/?page_id=1153"},"modified":"2026-03-14T15:08:10","modified_gmt":"2026-03-14T14:08:10","slug":"projet-freelance","status":"publish","type":"page","link":"https:\/\/mmi-tarbes.fr\/TP_STRAT-2025-2026\/Maloungila-Adam\/Site\/projet-freelance\/","title":{"rendered":"Projet Freelance"},"content":{"rendered":"\t\t<div data-elementor-type=\"wp-page\" data-elementor-id=\"1153\" class=\"elementor elementor-1153\" data-elementor-post-type=\"page\">\n\t\t\t\t<div class=\"elementor-element elementor-element-a44d38b e-flex e-con-boxed wpr-particle-no wpr-jarallax-no wpr-parallax-no wpr-sticky-section-no wpr-equal-height-no e-con e-parent\" data-id=\"a44d38b\" data-element_type=\"container\" data-e-type=\"container\">\n\t\t\t\t\t<div class=\"e-con-inner\">\n\t\t\t\t<div class=\"elementor-element elementor-element-64ffbb0 elementor-widget elementor-widget-text-editor\" data-id=\"64ffbb0\" data-element_type=\"widget\" data-e-type=\"widget\" data-widget_type=\"text-editor.default\">\n\t\t\t\t\t\t\t\t\t<p><strong><em><span class=\"BZ_Pyq_fadeIn\">Ce <\/span><span class=\"BZ_Pyq_fadeIn\">projet, <\/span><span class=\"BZ_Pyq_fadeIn\">que <\/span><span class=\"BZ_Pyq_fadeIn\">j\u2019ai <\/span><span class=\"BZ_Pyq_fadeIn\">initi\u00e9 <\/span><span class=\"BZ_Pyq_fadeIn\">moi-<\/span><span class=\"BZ_Pyq_fadeIn\">m\u00eame, <\/span><span class=\"BZ_Pyq_fadeIn\">est <\/span><span class=\"BZ_Pyq_fadeIn\">n\u00e9 <\/span><span class=\"BZ_Pyq_fadeIn\">de <\/span><span class=\"BZ_Pyq_fadeIn\">ma <\/span><span class=\"BZ_Pyq_fadeIn\">volont\u00e9 <\/span><span class=\"BZ_Pyq_fadeIn\">d\u2019exp\u00e9rimenter <\/span><span class=\"BZ_Pyq_fadeIn\">l\u2019activit\u00e9 <\/span><span class=\"BZ_Pyq_fadeIn\">de <\/span><span class=\"BZ_Pyq_fadeIn\">freelance. <\/span><span class=\"BZ_Pyq_fadeIn\">Bien <\/span><span class=\"BZ_Pyq_fadeIn\">que <\/span><span class=\"BZ_Pyq_fadeIn\">je <\/span><span class=\"BZ_Pyq_fadeIn\">ne <\/span><span class=\"BZ_Pyq_fadeIn\">sois <\/span><span class=\"BZ_Pyq_fadeIn\">pas <\/span><span class=\"BZ_Pyq_fadeIn\">encore <\/span><span class=\"BZ_Pyq_fadeIn\">arriv\u00e9 <\/span><span class=\"BZ_Pyq_fadeIn\">\u00e0 <\/span><span class=\"BZ_Pyq_fadeIn\">sa <\/span><span class=\"BZ_Pyq_fadeIn\">concr\u00e9tisation, <\/span><span class=\"BZ_Pyq_fadeIn\">j\u2019ai <\/span><span class=\"BZ_Pyq_fadeIn\">commenc\u00e9 <\/span><span class=\"BZ_Pyq_fadeIn\">\u00e0 <\/span><span class=\"BZ_Pyq_fadeIn\">r\u00e9fl\u00e9chir <\/span><span class=\"BZ_Pyq_fadeIn\">\u00e0 <\/span><span class=\"BZ_Pyq_fadeIn\">une <\/span><span class=\"BZ_Pyq_fadeIn\">niche : <\/span><span class=\"BZ_Pyq_fadeIn\">ici, <\/span><span class=\"BZ_Pyq_fadeIn\">le <\/span><span class=\"BZ_Pyq_fadeIn\">montage <\/span><span class=\"BZ_Pyq_fadeIn\">vid\u00e9o <\/span><span class=\"BZ_Pyq_fadeIn\">sp\u00e9cialis\u00e9 <\/span><span class=\"BZ_Pyq_fadeIn\">pour <\/span><span class=\"BZ_Pyq_fadeIn\">les <\/span><span class=\"BZ_Pyq_fadeIn\">formats <\/span><span class=\"BZ_Pyq_fadeIn\">courts <\/span><span class=\"BZ_Pyq_fadeIn\">destin\u00e9s <\/span><span class=\"BZ_Pyq_fadeIn\">aux <\/span><span class=\"BZ_Pyq_fadeIn\">influenceurs <\/span><span class=\"BZ_Pyq_fadeIn\">sur <\/span><span class=\"BZ_Pyq_fadeIn\">les <\/span><span class=\"BZ_Pyq_fadeIn\">r\u00e9seaux <\/span><span class=\"BZ_Pyq_fadeIn\">sociaux. <\/span><span class=\"BZ_Pyq_fadeIn\">Les <\/span><span class=\"BZ_Pyq_fadeIn\">vid\u00e9os <\/span><span class=\"BZ_Pyq_fadeIn\">pr\u00e9sent\u00e9es <\/span><span class=\"BZ_Pyq_fadeIn\">ci-<\/span><span class=\"BZ_Pyq_fadeIn\">dessous <\/span><span class=\"BZ_Pyq_fadeIn\">ont <\/span><span class=\"BZ_Pyq_fadeIn\">\u00e9t\u00e9 <\/span><span class=\"BZ_Pyq_fadeIn\">con\u00e7ues <\/span><span class=\"BZ_Pyq_fadeIn\">comme <\/span><span class=\"BZ_Pyq_fadeIn\">des <\/span><span class=\"BZ_Pyq_fadeIn\">vid\u00e9os <\/span><span class=\"BZ_Pyq_fadeIn\">vitrines<\/span><span class=\"BZ_Pyq_fadeIn\">, <\/span><span class=\"BZ_Pyq_fadeIn\">permettant <\/span><span class=\"BZ_Pyq_fadeIn\">de <\/span><span class=\"BZ_Pyq_fadeIn\">montrer <\/span><span class=\"BZ_Pyq_fadeIn\">mes <\/span><span class=\"BZ_Pyq_fadeIn\">comp\u00e9tences <\/span><span class=\"BZ_Pyq_fadeIn\">et <\/span><span class=\"BZ_Pyq_fadeIn\">mon <\/span><span class=\"BZ_Pyq_fadeIn\">savoir-<\/span><span class=\"BZ_Pyq_fadeIn\">faire <\/span><span class=\"BZ_Pyq_fadeIn\">dans <\/span><span class=\"BZ_Pyq_fadeIn\">ce <\/span><span class=\"BZ_Pyq_fadeIn\">domaine<\/span><\/em><\/strong><\/p>\t\t\t\t\t\t\t\t<\/div>\n\t\t\t\t\t<\/div>\n\t\t\t\t<\/div>\n\t\t<div class=\"elementor-element elementor-element-034356e e-flex e-con-boxed wpr-particle-no wpr-jarallax-no wpr-parallax-no wpr-sticky-section-no wpr-equal-height-no e-con e-parent\" data-id=\"034356e\" data-element_type=\"container\" data-e-type=\"container\">\n\t\t\t\t\t<div class=\"e-con-inner\">\n\t\t\t\t<div class=\"elementor-element elementor-element-c0fa069 elementor-widget elementor-widget-video\" data-id=\"c0fa069\" data-element_type=\"widget\" data-e-type=\"widget\" data-settings=\"{&quot;youtube_url&quot;:&quot;https:\\\/\\\/youtu.be\\\/y2qjHDrQafY&quot;,&quot;video_type&quot;:&quot;youtube&quot;,&quot;controls&quot;:&quot;yes&quot;}\" data-widget_type=\"video.default\">\n\t\t\t\t\t\t\t<div class=\"elementor-wrapper elementor-open-inline\">\n\t\t\t<div class=\"elementor-video\"><\/div>\t\t<\/div>\n\t\t\t\t\t\t<\/div>\n\t\t\t\t\t<\/div>\n\t\t\t\t<\/div>\n\t\t<div class=\"elementor-element elementor-element-64e8d82 e-flex e-con-boxed wpr-particle-no wpr-jarallax-no wpr-parallax-no wpr-sticky-section-no wpr-equal-height-no e-con e-parent\" data-id=\"64e8d82\" data-element_type=\"container\" data-e-type=\"container\">\n\t\t\t\t\t<div class=\"e-con-inner\">\n\t\t\t\t<div class=\"elementor-element elementor-element-753cc35 elementor-widget elementor-widget-video\" data-id=\"753cc35\" data-element_type=\"widget\" data-e-type=\"widget\" data-settings=\"{&quot;youtube_url&quot;:&quot;https:\\\/\\\/youtu.be\\\/q94zydkN6N4&quot;,&quot;video_type&quot;:&quot;youtube&quot;,&quot;controls&quot;:&quot;yes&quot;}\" data-widget_type=\"video.default\">\n\t\t\t\t\t\t\t<div class=\"elementor-wrapper elementor-open-inline\">\n\t\t\t<div class=\"elementor-video\"><\/div>\t\t<\/div>\n\t\t\t\t\t\t<\/div>\n\t\t\t\t\t<\/div>\n\t\t\t\t<\/div>\n\t\t<div class=\"elementor-element elementor-element-6fa75a9 e-flex e-con-boxed wpr-particle-no wpr-jarallax-no wpr-parallax-no wpr-sticky-section-no wpr-equal-height-no e-con e-parent\" data-id=\"6fa75a9\" data-element_type=\"container\" data-e-type=\"container\">\n\t\t\t\t\t<div class=\"e-con-inner\">\n\t\t\t\t<div class=\"elementor-element elementor-element-aa759c4 elementor-widget elementor-widget-video\" data-id=\"aa759c4\" data-element_type=\"widget\" data-e-type=\"widget\" data-settings=\"{&quot;youtube_url&quot;:&quot;https:\\\/\\\/youtu.be\\\/uheICO25WrU&quot;,&quot;video_type&quot;:&quot;youtube&quot;,&quot;controls&quot;:&quot;yes&quot;}\" data-widget_type=\"video.default\">\n\t\t\t\t\t\t\t<div class=\"elementor-wrapper elementor-open-inline\">\n\t\t\t<div class=\"elementor-video\"><\/div>\t\t<\/div>\n\t\t\t\t\t\t<\/div>\n\t\t\t\t\t<\/div>\n\t\t\t\t<\/div>\n\t\t\t\t<\/div>\n\t\t","protected":false},"excerpt":{"rendered":"<p>Ce projet, que j\u2019ai initi\u00e9 moi-m\u00eame, est n\u00e9 de ma volont\u00e9 d\u2019exp\u00e9rimenter l\u2019activit\u00e9 de freelance. Bien que je ne sois pas encore arriv\u00e9 \u00e0 sa concr\u00e9tisation, j\u2019ai commenc\u00e9 \u00e0 r\u00e9fl\u00e9chir \u00e0 une niche : ici, le montage vid\u00e9o sp\u00e9cialis\u00e9 pour les formats courts destin\u00e9s aux influenceurs sur les r\u00e9seaux sociaux. Les vid\u00e9os pr\u00e9sent\u00e9es ci-dessous ont \u00e9t\u00e9 con\u00e7ues comme des vid\u00e9os vitrines, permettant de montrer mes comp\u00e9tences et mon savoir-faire dans ce domaine https:\/\/youtu.be\/y2qjHDrQafYhttps:\/\/youtu.be\/q94zydkN6N4https:\/\/youtu.be\/uheICO25WrU<\/p>\n","protected":false},"author":1,"featured_media":0,"parent":0,"menu_order":0,"comment_status":"closed","ping_status":"closed","template":"","meta":{"_vp_format_video_url":"","_vp_image_focal_point":[],"footnotes":""},"class_list":["post-1153","page","type-page","status-publish","hentry"],"_links":{"self":[{"href":"https:\/\/mmi-tarbes.fr\/TP_STRAT-2025-2026\/Maloungila-Adam\/Site\/wp-json\/wp\/v2\/pages\/1153","targetHints":{"allow":["GET"]}}],"collection":[{"href":"https:\/\/mmi-tarbes.fr\/TP_STRAT-2025-2026\/Maloungila-Adam\/Site\/wp-json\/wp\/v2\/pages"}],"about":[{"href":"https:\/\/mmi-tarbes.fr\/TP_STRAT-2025-2026\/Maloungila-Adam\/Site\/wp-json\/wp\/v2\/types\/page"}],"author":[{"embeddable":true,"href":"https:\/\/mmi-tarbes.fr\/TP_STRAT-2025-2026\/Maloungila-Adam\/Site\/wp-json\/wp\/v2\/users\/1"}],"replies":[{"embeddable":true,"href":"https:\/\/mmi-tarbes.fr\/TP_STRAT-2025-2026\/Maloungila-Adam\/Site\/wp-json\/wp\/v2\/comments?post=1153"}],"version-history":[{"count":16,"href":"https:\/\/mmi-tarbes.fr\/TP_STRAT-2025-2026\/Maloungila-Adam\/Site\/wp-json\/wp\/v2\/pages\/1153\/revisions"}],"predecessor-version":[{"id":1178,"href":"https:\/\/mmi-tarbes.fr\/TP_STRAT-2025-2026\/Maloungila-Adam\/Site\/wp-json\/wp\/v2\/pages\/1153\/revisions\/1178"}],"wp:attachment":[{"href":"https:\/\/mmi-tarbes.fr\/TP_STRAT-2025-2026\/Maloungila-Adam\/Site\/wp-json\/wp\/v2\/media?parent=1153"}],"curies":[{"name":"wp","href":"https:\/\/api.w.org\/{rel}","templated":true}]}}