{"id":54,"date":"2025-10-15T17:32:03","date_gmt":"2025-10-15T15:32:03","guid":{"rendered":"https:\/\/mmi-tarbes.fr\/TP_STRAT-2025-2026\/MARIE-Kylian\/wordpress\/?page_id=54"},"modified":"2026-01-06T11:13:57","modified_gmt":"2026-01-06T10:13:57","slug":"accueil","status":"publish","type":"page","link":"https:\/\/mmi-tarbes.fr\/TP_STRAT-2025-2026\/MARIE-Kylian\/wordpress\/","title":{"rendered":"Accueil"},"content":{"rendered":"\t\t<div data-elementor-type=\"wp-page\" data-elementor-id=\"54\" class=\"elementor elementor-54\" data-elementor-post-type=\"page\">\n\t\t\t\t<div class=\"elementor-element elementor-element-29c0d10 e-con-full e-flex e-con e-parent\" data-id=\"29c0d10\" data-element_type=\"container\" data-settings=\"{&quot;background_background&quot;:&quot;classic&quot;}\">\n\t\t<div class=\"elementor-element elementor-element-4b24aa3 e-con-full e-flex e-con e-child\" data-id=\"4b24aa3\" data-element_type=\"container\">\n\t\t\t\t<div class=\"elementor-element elementor-element-d5bd104 elementor-widget elementor-widget-image\" data-id=\"d5bd104\" data-element_type=\"widget\" data-widget_type=\"image.default\">\n\t\t\t\t\t\t\t\t\t\t\t\t\t\t\t<img fetchpriority=\"high\" decoding=\"async\" width=\"300\" height=\"222\" src=\"https:\/\/mmi-tarbes.fr\/TP_STRAT-2025-2026\/MARIE-Kylian\/wordpress\/wp-content\/uploads\/2025\/12\/logo-octofocus-comp-300x222.png\" class=\"attachment-medium size-medium wp-image-136\" alt=\"octofocus, logo, videaste\" srcset=\"https:\/\/mmi-tarbes.fr\/TP_STRAT-2025-2026\/MARIE-Kylian\/wordpress\/wp-content\/uploads\/2025\/12\/logo-octofocus-comp-300x222.png 300w, https:\/\/mmi-tarbes.fr\/TP_STRAT-2025-2026\/MARIE-Kylian\/wordpress\/wp-content\/uploads\/2025\/12\/logo-octofocus-comp-1024x757.png 1024w, https:\/\/mmi-tarbes.fr\/TP_STRAT-2025-2026\/MARIE-Kylian\/wordpress\/wp-content\/uploads\/2025\/12\/logo-octofocus-comp-768x568.png 768w, https:\/\/mmi-tarbes.fr\/TP_STRAT-2025-2026\/MARIE-Kylian\/wordpress\/wp-content\/uploads\/2025\/12\/logo-octofocus-comp-1536x1136.png 1536w, https:\/\/mmi-tarbes.fr\/TP_STRAT-2025-2026\/MARIE-Kylian\/wordpress\/wp-content\/uploads\/2025\/12\/logo-octofocus-comp-2048x1514.png 2048w, https:\/\/mmi-tarbes.fr\/TP_STRAT-2025-2026\/MARIE-Kylian\/wordpress\/wp-content\/uploads\/2025\/12\/logo-octofocus-comp-scaled-e1766436979154.png 700w\" sizes=\"(max-width: 300px) 100vw, 300px\" \/>\t\t\t\t\t\t\t\t\t\t\t\t\t\t\t<\/div>\n\t\t\t\t<\/div>\n\t\t<div class=\"elementor-element elementor-element-beca29b e-flex e-con-boxed e-con e-child\" data-id=\"beca29b\" data-element_type=\"container\">\n\t\t\t\t\t<div class=\"e-con-inner\">\n\t\t\t\t<div class=\"elementor-element elementor-element-3b1d87e elementor-widget elementor-widget-heading\" data-id=\"3b1d87e\" data-element_type=\"widget\" data-widget_type=\"heading.default\">\n\t\t\t\t\t<h1 class=\"elementor-heading-title elementor-size-default\">OCTOFOCUS<\/h1>\t\t\t\t<\/div>\n\t\t\t\t\t<\/div>\n\t\t\t\t<\/div>\n\t\t\t\t<div class=\"elementor-element elementor-element-e9e7472 elementor-widget elementor-widget-heading\" data-id=\"e9e7472\" data-element_type=\"widget\" data-widget_type=\"heading.default\">\n\t\t\t\t\t<h3 class=\"elementor-heading-title elementor-size-default\">\"Souriez vous n'\u00eates pas film\u00e9s\"<\/h3>\t\t\t\t<\/div>\n\t\t\t\t<\/div>\n\t\t<div class=\"elementor-element elementor-element-5773a6c e-con-full e-flex e-con e-parent\" data-id=\"5773a6c\" data-element_type=\"container\">\n\t\t<div class=\"elementor-element elementor-element-d815cdd e-con-full e-flex e-con e-child\" data-id=\"d815cdd\" data-element_type=\"container\">\n\t\t<div class=\"elementor-element elementor-element-607d06e e-flex e-con-boxed e-con e-child\" data-id=\"607d06e\" data-element_type=\"container\">\n\t\t\t\t\t<div class=\"e-con-inner\">\n\t\t<div class=\"elementor-element elementor-element-d80000c e-con-full e-flex e-con e-child\" data-id=\"d80000c\" data-element_type=\"container\">\n\t\t\t\t<div class=\"elementor-element elementor-element-b1266e1 elementor-widget elementor-widget-heading\" data-id=\"b1266e1\" data-element_type=\"widget\" data-widget_type=\"heading.default\">\n\t\t\t\t\t<h2 class=\"elementor-heading-title elementor-size-default\">Une production de qualit\u00e9 pour tous vos projets<\/h2>\t\t\t\t<\/div>\n\t\t\t\t<\/div>\n\t\t<div class=\"elementor-element elementor-element-ee902f0 e-con-full e-flex e-con e-child\" data-id=\"ee902f0\" data-element_type=\"container\">\n\t\t\t\t<div class=\"elementor-element elementor-element-d7c8151 elementor-widget elementor-widget-text-editor\" data-id=\"d7c8151\" data-element_type=\"widget\" data-widget_type=\"text-editor.default\">\n\t\t\t\t\t\t\t\t\t<div id=\"qui\" class=\"explication\"><div class=\"bloc-text\"><p class=\"text\">Avant tout des\u00a0<span class=\"rouge\">passionn\u00e9s<\/span>\u00a0d&rsquo;audiovisuel,\u00a0<span class=\"rouge\">Octofocus<\/span>\u00a0met un point d\u2019honneur \u00e0 cr\u00e9er des images captivantes qui raconteront au mieux\u00a0<span class=\"rouge\">votre histoire<\/span>. En combinant savoir-faire et\u00a0<span class=\"rouge\">imagination sans bornes<\/span>, Nous vous proposons des prestations\u00a0<span class=\"rouge\">vid\u00e9o<\/span>\u00a0et\u00a0<span class=\"rouge\">photo<\/span>\u00a0sur mesure, adapt\u00e9es \u00e0 vos besoins. Chaque projet est trait\u00e9 avec attention pour mettre au mieux vos id\u00e9es et\u00a0<span class=\"rouge\">votre message<\/span>\u00a0en valeur.<\/p><\/div><\/div><div id=\"que\" class=\"explication\"><div class=\"bloc-text\">\u00a0<\/div><\/div>\t\t\t\t\t\t\t\t<\/div>\n\t\t\t\t<\/div>\n\t\t\t\t\t<\/div>\n\t\t\t\t<\/div>\n\t\t\t\t<div class=\"elementor-element elementor-element-53497c4 elementor-widget elementor-widget-image\" data-id=\"53497c4\" data-element_type=\"widget\" data-widget_type=\"image.default\">\n\t\t\t\t\t\t\t\t\t\t\t\t\t\t\t<img decoding=\"async\" src=\"https:\/\/mmi-tarbes.fr\/TP_STRAT-2025-2026\/MARIE-Kylian\/wordpress\/wp-content\/uploads\/elementor\/thumbs\/DSC07035_3-2-scaled-e1766436996630-rgjr9nutzan7y310mdqwvbpncsdkewhaprdgdnjrgy.jpg\" title=\"DSC07035_3-2\" alt=\"materiel, rode videomic, dji mic, photo, lowerpro, video\" loading=\"lazy\" \/>\t\t\t\t\t\t\t\t\t\t\t\t\t\t\t<\/div>\n\t\t\t\t<\/div>\n\t\t\t\t<\/div>\n\t\t<div class=\"elementor-element elementor-element-044c34f e-flex e-con-boxed e-con e-parent\" data-id=\"044c34f\" data-element_type=\"container\">\n\t\t\t\t\t<div class=\"e-con-inner\">\n\t\t<div class=\"elementor-element elementor-element-2f1effc e-con-full e-flex e-con e-child\" data-id=\"2f1effc\" data-element_type=\"container\">\n\t\t<div class=\"elementor-element elementor-element-4c7cdec e-flex e-con-boxed e-con e-child\" data-id=\"4c7cdec\" data-element_type=\"container\">\n\t\t\t\t\t<div class=\"e-con-inner\">\n\t\t<div class=\"elementor-element elementor-element-67c4cc0 e-con-full e-flex e-con e-child\" data-id=\"67c4cc0\" data-element_type=\"container\">\n\t\t\t\t<div class=\"elementor-element elementor-element-4a22c2c elementor-widget elementor-widget-heading\" data-id=\"4a22c2c\" data-element_type=\"widget\" data-widget_type=\"heading.default\">\n\t\t\t\t\t<h2 class=\"elementor-heading-title elementor-size-default\">Des images sur tout, pour toutes les id\u00e9es<\/h2>\t\t\t\t<\/div>\n\t\t\t\t<\/div>\n\t\t<div class=\"elementor-element elementor-element-dee393e e-con-full e-flex e-con e-child\" data-id=\"dee393e\" data-element_type=\"container\">\n\t\t\t\t<div class=\"elementor-element elementor-element-54ccfb8 elementor-widget elementor-widget-text-editor\" data-id=\"54ccfb8\" data-element_type=\"widget\" data-widget_type=\"text-editor.default\">\n\t\t\t\t\t\t\t\t\t<p>Que ce soit une interview d&rsquo;auteur, une vid\u00e9o promotionnelle pour votre association ou votre entreprise, un shooting photo de votre voiture ou tout ce qui pourrait vous passer par la t\u00eate, contactez-nous et nous discuterons de ce projet avec grand plaisir !<\/p>\t\t\t\t\t\t\t\t<\/div>\n\t\t\t\t<\/div>\n\t\t\t\t\t<\/div>\n\t\t\t\t<\/div>\n\t\t\t\t<div class=\"elementor-element elementor-element-892c800 elementor-widget elementor-widget-image\" data-id=\"892c800\" data-element_type=\"widget\" data-widget_type=\"image.default\">\n\t\t\t\t\t\t\t\t\t\t\t\t\t\t\t<img decoding=\"async\" width=\"768\" height=\"512\" src=\"https:\/\/mmi-tarbes.fr\/TP_STRAT-2025-2026\/MARIE-Kylian\/wordpress\/wp-content\/uploads\/2025\/12\/DSC07029_3-2-768x512.jpg\" class=\"attachment-medium_large size-medium_large wp-image-220\" alt=\"madi, phares, feux de route\" srcset=\"https:\/\/mmi-tarbes.fr\/TP_STRAT-2025-2026\/MARIE-Kylian\/wordpress\/wp-content\/uploads\/2025\/12\/DSC07029_3-2-768x512.jpg 768w, https:\/\/mmi-tarbes.fr\/TP_STRAT-2025-2026\/MARIE-Kylian\/wordpress\/wp-content\/uploads\/2025\/12\/DSC07029_3-2-300x200.jpg 300w, https:\/\/mmi-tarbes.fr\/TP_STRAT-2025-2026\/MARIE-Kylian\/wordpress\/wp-content\/uploads\/2025\/12\/DSC07029_3-2-1024x683.jpg 1024w, https:\/\/mmi-tarbes.fr\/TP_STRAT-2025-2026\/MARIE-Kylian\/wordpress\/wp-content\/uploads\/2025\/12\/DSC07029_3-2-e1767046203127.jpg 800w\" sizes=\"(max-width: 768px) 100vw, 768px\" \/>\t\t\t\t\t\t\t\t\t\t\t\t\t\t\t<\/div>\n\t\t\t\t<\/div>\n\t\t\t\t\t<\/div>\n\t\t\t\t<\/div>\n\t\t<div class=\"elementor-element elementor-element-3fb8450 e-flex e-con-boxed e-con e-parent\" data-id=\"3fb8450\" data-element_type=\"container\">\n\t\t\t\t\t<div class=\"e-con-inner\">\n\t\t<div class=\"elementor-element elementor-element-c644519 e-con-full e-flex e-con e-child\" data-id=\"c644519\" data-element_type=\"container\">\n\t\t<div class=\"elementor-element elementor-element-8c8e3ce e-flex e-con-boxed e-con e-child\" data-id=\"8c8e3ce\" data-element_type=\"container\">\n\t\t\t\t\t<div class=\"e-con-inner\">\n\t\t<div class=\"elementor-element elementor-element-6e2d9a4 e-con-full e-flex e-con e-child\" data-id=\"6e2d9a4\" data-element_type=\"container\">\n\t\t\t\t<div class=\"elementor-element elementor-element-f916d83 elementor-widget elementor-widget-heading\" data-id=\"f916d83\" data-element_type=\"widget\" data-widget_type=\"heading.default\">\n\t\t\t\t\t<h2 class=\"elementor-heading-title elementor-size-default\">Mais surtout, des images pour tous<\/h2>\t\t\t\t<\/div>\n\t\t\t\t<\/div>\n\t\t<div class=\"elementor-element elementor-element-8644f82 e-con-full e-flex e-con e-child\" data-id=\"8644f82\" data-element_type=\"container\">\n\t\t\t\t<div class=\"elementor-element elementor-element-824499f elementor-widget elementor-widget-text-editor\" data-id=\"824499f\" data-element_type=\"widget\" data-widget_type=\"text-editor.default\">\n\t\t\t\t\t\t\t\t\t<p>Vous avez une id\u00e9e mais vous ne savez pas comment vous y prendre ? Votre projet est d\u00e9j\u00e0 bien \u00e9tabli mais il vous manque un cadreur ? Un monteur ? Qui que vous soyez et quelque soit le besoin, n&rsquo;h\u00e9sitez plus et venez trouver votre besoin chez Octofocus<\/p>\t\t\t\t\t\t\t\t<\/div>\n\t\t\t\t<\/div>\n\t\t\t\t\t<\/div>\n\t\t\t\t<\/div>\n\t\t\t\t<div class=\"elementor-element elementor-element-a583b94 elementor-widget elementor-widget-image\" data-id=\"a583b94\" data-element_type=\"widget\" data-widget_type=\"image.default\">\n\t\t\t\t\t\t\t\t\t\t\t\t\t\t\t<img decoding=\"async\" src=\"https:\/\/mmi-tarbes.fr\/TP_STRAT-2025-2026\/MARIE-Kylian\/wordpress\/wp-content\/uploads\/elementor\/thumbs\/DSC07105_3-2-rgw13orcg4slcan0lujydhtxn1lqiyapl9wgqjiz0y.jpg\" title=\"DSC07105_3-2\" alt=\"DSC07105_3-2\" loading=\"lazy\" \/>\t\t\t\t\t\t\t\t\t\t\t\t\t\t\t<\/div>\n\t\t\t\t<\/div>\n\t\t\t\t\t<\/div>\n\t\t\t\t<\/div>\n\t\t<div class=\"elementor-element elementor-element-9da0474 e-flex e-con-boxed e-con e-parent\" data-id=\"9da0474\" data-element_type=\"container\" data-settings=\"{&quot;background_background&quot;:&quot;gradient&quot;}\">\n\t\t\t\t\t<div class=\"e-con-inner\">\n\t\t\t\t<div class=\"elementor-element elementor-element-7384262 elementor-widget elementor-widget-heading\" data-id=\"7384262\" data-element_type=\"widget\" data-widget_type=\"heading.default\">\n\t\t\t\t\t<h2 class=\"elementor-heading-title elementor-size-default\">AUX DERNI\u00c8RES NOUVELLES...<\/h2>\t\t\t\t<\/div>\n\t\t<div class=\"elementor-element elementor-element-a1c70f3 e-grid e-con-full e-con e-child\" data-id=\"a1c70f3\" data-element_type=\"container\">\n\t\t<div class=\"elementor-element elementor-element-e4528b5 e-con-full icone-video e-flex e-con e-child\" data-id=\"e4528b5\" data-element_type=\"container\" data-settings=\"{&quot;background_background&quot;:&quot;classic&quot;}\">\n\t\t\t\t<div class=\"elementor-element elementor-element-7e45e00 elementor-widget elementor-widget-heading\" data-id=\"7e45e00\" data-element_type=\"widget\" id=\"titre-icone\" data-widget_type=\"heading.default\">\n\t\t\t\t\t<h2 class=\"elementor-heading-title elementor-size-default\">DRIFTSPAIN ROUND 2<\/h2>\t\t\t\t<\/div>\n\t\t\t\t<div class=\"elementor-element elementor-element-603bbd1 elementor-widget elementor-widget-heading\" data-id=\"603bbd1\" data-element_type=\"widget\" data-widget_type=\"heading.default\">\n\t\t\t\t\t<h3 class=\"elementor-heading-title elementor-size-default\">Le drift en slow-motion<\/h3>\t\t\t\t<\/div>\n\t\t\t\t<\/div>\n\t\t<div class=\"elementor-element elementor-element-dd26843 e-con-full icone-video e-flex e-con e-child\" data-id=\"dd26843\" data-element_type=\"container\" data-settings=\"{&quot;background_background&quot;:&quot;classic&quot;}\">\n\t\t\t\t<div class=\"elementor-element elementor-element-a3a658a elementor-widget elementor-widget-heading\" data-id=\"a3a658a\" data-element_type=\"widget\" data-widget_type=\"heading.default\">\n\t\t\t\t\t<h2 class=\"elementor-heading-title elementor-size-default\">DRIFTSPAIN ROUND 2<\/h2>\t\t\t\t<\/div>\n\t\t\t\t<div class=\"elementor-element elementor-element-958ed9d elementor-widget elementor-widget-heading\" data-id=\"958ed9d\" data-element_type=\"widget\" data-widget_type=\"heading.default\">\n\t\t\t\t\t<h3 class=\"elementor-heading-title elementor-size-default\">Le drift en slow-motion<\/h3>\t\t\t\t<\/div>\n\t\t\t\t<\/div>\n\t\t<div class=\"elementor-element elementor-element-dfb85c4 e-con-full icone-video e-flex e-con e-child\" data-id=\"dfb85c4\" data-element_type=\"container\" data-settings=\"{&quot;background_background&quot;:&quot;classic&quot;}\">\n\t\t\t\t<div class=\"elementor-element elementor-element-61ea9da elementor-widget elementor-widget-heading\" data-id=\"61ea9da\" data-element_type=\"widget\" data-widget_type=\"heading.default\">\n\t\t\t\t\t<h2 class=\"elementor-heading-title elementor-size-default\">DRIFTSPAIN ROUND 2<\/h2>\t\t\t\t<\/div>\n\t\t\t\t<div class=\"elementor-element elementor-element-9672da5 elementor-widget elementor-widget-heading\" data-id=\"9672da5\" data-element_type=\"widget\" data-widget_type=\"heading.default\">\n\t\t\t\t\t<h3 class=\"elementor-heading-title elementor-size-default\">Le drift en slow-motion<\/h3>\t\t\t\t<\/div>\n\t\t\t\t<\/div>\n\t\t<div class=\"elementor-element elementor-element-7ca0440 e-con-full icone-video e-flex e-con e-child\" data-id=\"7ca0440\" data-element_type=\"container\" data-settings=\"{&quot;background_background&quot;:&quot;classic&quot;}\">\n\t\t\t\t<div class=\"elementor-element elementor-element-44f6cda elementor-widget elementor-widget-heading\" data-id=\"44f6cda\" data-element_type=\"widget\" data-widget_type=\"heading.default\">\n\t\t\t\t\t<h2 class=\"elementor-heading-title elementor-size-default\">DRIFTSPAIN ROUND 2<\/h2>\t\t\t\t<\/div>\n\t\t\t\t<div class=\"elementor-element elementor-element-9be7494 elementor-widget elementor-widget-heading\" data-id=\"9be7494\" data-element_type=\"widget\" data-widget_type=\"heading.default\">\n\t\t\t\t\t<h3 class=\"elementor-heading-title elementor-size-default\">Le drift en slow-motion<\/h3>\t\t\t\t<\/div>\n\t\t\t\t<\/div>\n\t\t\t\t<\/div>\n\t\t\t\t\t<\/div>\n\t\t\t\t<\/div>\n\t\t\t\t<\/div>\n\t\t","protected":false},"excerpt":{"rendered":"<p>OCTOFOCUS \u00ab\u00a0Souriez vous n&rsquo;\u00eates pas film\u00e9s\u00a0\u00bb Une production de qualit\u00e9 pour tous vos projets Avant tout des\u00a0passionn\u00e9s\u00a0d&rsquo;audiovisuel,\u00a0Octofocus\u00a0met un point d\u2019honneur \u00e0 cr\u00e9er des images captivantes qui raconteront au mieux\u00a0votre histoire. En combinant savoir-faire et\u00a0imagination sans bornes, Nous vous proposons des prestations\u00a0vid\u00e9o\u00a0et\u00a0photo\u00a0sur mesure, adapt\u00e9es \u00e0 vos besoins. Chaque projet est trait\u00e9 avec attention pour mettre au [&hellip;]<\/p>\n","protected":false},"author":1,"featured_media":0,"parent":0,"menu_order":0,"comment_status":"closed","ping_status":"closed","template":"","meta":{"footnotes":""},"class_list":["post-54","page","type-page","status-publish","hentry"],"_links":{"self":[{"href":"https:\/\/mmi-tarbes.fr\/TP_STRAT-2025-2026\/MARIE-Kylian\/wordpress\/wp-json\/wp\/v2\/pages\/54","targetHints":{"allow":["GET"]}}],"collection":[{"href":"https:\/\/mmi-tarbes.fr\/TP_STRAT-2025-2026\/MARIE-Kylian\/wordpress\/wp-json\/wp\/v2\/pages"}],"about":[{"href":"https:\/\/mmi-tarbes.fr\/TP_STRAT-2025-2026\/MARIE-Kylian\/wordpress\/wp-json\/wp\/v2\/types\/page"}],"author":[{"embeddable":true,"href":"https:\/\/mmi-tarbes.fr\/TP_STRAT-2025-2026\/MARIE-Kylian\/wordpress\/wp-json\/wp\/v2\/users\/1"}],"replies":[{"embeddable":true,"href":"https:\/\/mmi-tarbes.fr\/TP_STRAT-2025-2026\/MARIE-Kylian\/wordpress\/wp-json\/wp\/v2\/comments?post=54"}],"version-history":[{"count":67,"href":"https:\/\/mmi-tarbes.fr\/TP_STRAT-2025-2026\/MARIE-Kylian\/wordpress\/wp-json\/wp\/v2\/pages\/54\/revisions"}],"predecessor-version":[{"id":234,"href":"https:\/\/mmi-tarbes.fr\/TP_STRAT-2025-2026\/MARIE-Kylian\/wordpress\/wp-json\/wp\/v2\/pages\/54\/revisions\/234"}],"wp:attachment":[{"href":"https:\/\/mmi-tarbes.fr\/TP_STRAT-2025-2026\/MARIE-Kylian\/wordpress\/wp-json\/wp\/v2\/media?parent=54"}],"curies":[{"name":"wp","href":"https:\/\/api.w.org\/{rel}","templated":true}]}}