{"id":71,"date":"2025-10-15T16:13:33","date_gmt":"2025-10-15T14:13:33","guid":{"rendered":"https:\/\/mmi-tarbes.fr\/TP_STRAT-2025-2026\/LAHOUZE%20Elo%C3%AFse\/wordpress\/?page_id=71"},"modified":"2026-02-12T12:09:54","modified_gmt":"2026-02-12T11:09:54","slug":"a-propos","status":"publish","type":"page","link":"https:\/\/mmi-tarbes.fr\/TP_STRAT-2025-2026\/LAHOUZE%20Elo%C3%AFse\/wordpress\/index.php\/a-propos\/","title":{"rendered":"\u00c0 propos"},"content":{"rendered":"\t\t<div data-elementor-type=\"wp-page\" data-elementor-id=\"71\" class=\"elementor elementor-71\">\n\t\t\t\t<div class=\"elementor-element elementor-element-fa2b012 e-flex e-con-boxed e-con e-parent\" data-id=\"fa2b012\" data-element_type=\"container\">\n\t\t\t\t\t<div class=\"e-con-inner\">\n\t\t<div class=\"elementor-element elementor-element-26af9c6 e-con-full e-flex elementor-invisible e-con e-child\" data-id=\"26af9c6\" data-element_type=\"container\" data-settings=\"{&quot;background_background&quot;:&quot;classic&quot;,&quot;animation&quot;:&quot;fadeInLeft&quot;,&quot;animation_delay&quot;:1000}\">\n\t\t<div class=\"elementor-element elementor-element-6ea5903 e-con-full e-flex e-con e-child\" data-id=\"6ea5903\" data-element_type=\"container\" data-settings=\"{&quot;background_background&quot;:&quot;classic&quot;}\">\n\t\t\t\t<\/div>\n\t\t<div class=\"elementor-element elementor-element-d7e7d5c e-con-full e-flex e-con e-child\" data-id=\"d7e7d5c\" data-element_type=\"container\">\n\t\t\t\t<div class=\"elementor-element elementor-element-eb7a160 elementor-widget elementor-widget-text-editor\" data-id=\"eb7a160\" data-element_type=\"widget\" data-widget_type=\"text-editor.default\">\n\t\t\t\t\t\t\t\t\t<p>Je m\u2019appelle <b>\u00c9lo\u00efse Lahouze<\/b>, je suis photographe et <b>\u00e9tudiante en 3eme ann\u00e9e de MMI<\/b>, parcours communication. J\u2019ai choisis ce parcours afin d\u2019apprendre \u00e0 d\u00e9velopper la <b>communication digitale de mon entreprise<\/b>.\u00a0<\/p>\t\t\t\t\t\t\t\t<\/div>\n\t\t\t\t<div class=\"elementor-element elementor-element-80cce5b elementor-widget elementor-widget-heading\" data-id=\"80cce5b\" data-element_type=\"widget\" data-widget_type=\"heading.default\">\n\t\t\t\t\t<h1 class=\"elementor-heading-title elementor-size-default\">PRESENTATION<\/h1>\t\t\t\t<\/div>\n\t\t\t\t<\/div>\n\t\t\t\t<\/div>\n\t\t<div class=\"elementor-element elementor-element-0e149d8 e-con-full e-flex elementor-invisible e-con e-child\" data-id=\"0e149d8\" data-element_type=\"container\" data-settings=\"{&quot;background_background&quot;:&quot;classic&quot;,&quot;animation&quot;:&quot;fadeInRight&quot;,&quot;animation_delay&quot;:1000}\">\n\t\t<div class=\"elementor-element elementor-element-4b09fae e-con-full e-flex e-con e-child\" data-id=\"4b09fae\" data-element_type=\"container\">\n\t\t\t\t<div class=\"elementor-element elementor-element-601a290 elementor-widget elementor-widget-text-editor\" data-id=\"601a290\" data-element_type=\"widget\" data-widget_type=\"text-editor.default\">\n\t\t\t\t\t\t\t\t\t<p>Je travaille principalement autour du <b>concert<\/b>, du <b>portrait<\/b> et du <b>mariage<\/b>, avec une approche spontan\u00e9e et authentique. J\u2019aime capter l\u2019\u00e9nergie, les \u00e9motions et les moments vrais.<\/p>\t\t\t\t\t\t\t\t<\/div>\n\t\t\t\t<div class=\"elementor-element elementor-element-a334d49 elementor-widget elementor-widget-heading\" data-id=\"a334d49\" data-element_type=\"widget\" data-widget_type=\"heading.default\">\n\t\t\t\t\t<h1 class=\"elementor-heading-title elementor-size-default\">PHOTOGRAPHE<\/h1>\t\t\t\t<\/div>\n\t\t\t\t<\/div>\n\t\t<div class=\"elementor-element elementor-element-c6fbb04 e-con-full e-flex e-con e-child\" data-id=\"c6fbb04\" data-element_type=\"container\" data-settings=\"{&quot;background_background&quot;:&quot;classic&quot;}\">\n\t\t\t\t<\/div>\n\t\t\t\t<\/div>\n\t\t<div class=\"elementor-element elementor-element-48d448a e-con-full e-flex elementor-invisible e-con e-child\" data-id=\"48d448a\" data-element_type=\"container\" data-settings=\"{&quot;background_background&quot;:&quot;classic&quot;,&quot;animation&quot;:&quot;fadeInLeft&quot;,&quot;animation_delay&quot;:1000}\">\n\t\t<div class=\"elementor-element elementor-element-28c09c2 e-con-full e-flex e-con e-child\" data-id=\"28c09c2\" data-element_type=\"container\">\n\t\t\t\t<div class=\"elementor-element elementor-element-81148b4 elementor-widget elementor-widget-text-editor\" data-id=\"81148b4\" data-element_type=\"widget\" data-widget_type=\"text-editor.default\">\n\t\t\t\t\t\t\t\t\t<p>Je d\u00e9veloppe \u00e9galement la <b>vid\u00e9o depuis quelques temps<\/b>, notamment sur des formats courts et dynamiques lors de concerts. Mon dernier projet vid\u00e9o est un r\u00e9el instagram du concert de La Fouine \u00e0 Bordeaux en partenariat avec un m\u00e9dia de rap fran\u00e7ais.\u00a0<\/p>\t\t\t\t\t\t\t\t<\/div>\n\t\t\t\t<div class=\"elementor-element elementor-element-08bbca0 elementor-widget elementor-widget-heading\" data-id=\"08bbca0\" data-element_type=\"widget\" data-widget_type=\"heading.default\">\n\t\t\t\t\t<h1 class=\"elementor-heading-title elementor-size-default\">vid\u00e9aste<\/h1>\t\t\t\t<\/div>\n\t\t\t\t<\/div>\n\t\t<div class=\"elementor-element elementor-element-29038e3 e-con-full e-flex e-con e-child\" data-id=\"29038e3\" data-element_type=\"container\" data-settings=\"{&quot;background_background&quot;:&quot;classic&quot;}\">\n\t\t\t\t<\/div>\n\t\t\t\t<\/div>\n\t\t<div class=\"elementor-element elementor-element-345fa42 e-con-full e-flex elementor-invisible e-con e-child\" data-id=\"345fa42\" data-element_type=\"container\" data-settings=\"{&quot;background_background&quot;:&quot;classic&quot;,&quot;animation&quot;:&quot;fadeInRight&quot;,&quot;animation_delay&quot;:1000}\">\n\t\t<div class=\"elementor-element elementor-element-9c058a1 e-con-full e-flex e-con e-child\" data-id=\"9c058a1\" data-element_type=\"container\">\n\t\t\t\t<div class=\"elementor-element elementor-element-790461a elementor-widget elementor-widget-text-editor\" data-id=\"790461a\" data-element_type=\"widget\" data-widget_type=\"text-editor.default\">\n\t\t\t\t\t\t\t\t\t<p>Durant les vacances scolaires et les week-ends je suis r\u00e9serviste \u00e0 l&rsquo;arm\u00e9e de l&rsquo;Air \u00e0 la Base Arienne de Mont de Marsan. J&rsquo;ai \u00e9t\u00e9 affect\u00e9 dans la section protection d\u00e9fense de la base. Notre travail est de prot\u00e9ger la base en effectuant des patrouilles r\u00e9guli\u00e8res et de s&rsquo;entrainer aux exercices de tir.\u00a0<\/p>\t\t\t\t\t\t\t\t<\/div>\n\t\t\t\t<div class=\"elementor-element elementor-element-e34f860 elementor-widget elementor-widget-heading\" data-id=\"e34f860\" data-element_type=\"widget\" data-widget_type=\"heading.default\">\n\t\t\t\t\t<h1 class=\"elementor-heading-title elementor-size-default\">arm\u00e9e de l'air<\/h1>\t\t\t\t<\/div>\n\t\t\t\t<\/div>\n\t\t<div class=\"elementor-element elementor-element-62c2e05 e-con-full e-flex e-con e-child\" data-id=\"62c2e05\" data-element_type=\"container\" data-settings=\"{&quot;background_background&quot;:&quot;classic&quot;}\">\n\t\t\t\t<\/div>\n\t\t\t\t<\/div>\n\t\t<div class=\"elementor-element elementor-element-75c32cd e-con-full e-flex elementor-invisible e-con e-child\" data-id=\"75c32cd\" data-element_type=\"container\" data-settings=\"{&quot;background_background&quot;:&quot;classic&quot;,&quot;animation&quot;:&quot;fadeInLeft&quot;,&quot;animation_delay&quot;:1000}\">\n\t\t<div class=\"elementor-element elementor-element-361bff1 e-con-full e-flex e-con e-child\" data-id=\"361bff1\" data-element_type=\"container\">\n\t\t\t\t<div class=\"elementor-element elementor-element-bde906c elementor-widget elementor-widget-text-editor\" data-id=\"bde906c\" data-element_type=\"widget\" data-widget_type=\"text-editor.default\">\n\t\t\t\t\t\t\t\t\t<p>C\u00f4t\u00e9 sport, je joue au rugby avec l&rsquo;\u00e9quipe f\u00e9minine de Tarbes et je pratique la course \u00e0 pied depuis mes 13 ans.\u00a0<\/p>\t\t\t\t\t\t\t\t<\/div>\n\t\t\t\t<div class=\"elementor-element elementor-element-131ba77 elementor-widget elementor-widget-heading\" data-id=\"131ba77\" data-element_type=\"widget\" data-widget_type=\"heading.default\">\n\t\t\t\t\t<h1 class=\"elementor-heading-title elementor-size-default\">sport<\/h1>\t\t\t\t<\/div>\n\t\t\t\t<\/div>\n\t\t<div class=\"elementor-element elementor-element-f653cce e-con-full e-flex e-con e-child\" data-id=\"f653cce\" data-element_type=\"container\" data-settings=\"{&quot;background_background&quot;:&quot;classic&quot;}\">\n\t\t\t\t<\/div>\n\t\t\t\t<\/div>\n\t\t\t\t\t<\/div>\n\t\t\t\t<\/div>\n\t\t\t\t<\/div>\n\t\t\n    <div class=\"xs_social_share_widget xs_share_url after_content \t\tmain_content  wslu-style-1 wslu-share-box-shaped wslu-fill-colored wslu-none wslu-share-horizontal wslu-theme-font-no wslu-main_content\">\n\n\t\t\n        <ul>\n\t\t\t        <\/ul>\n    <\/div> \n","protected":false},"excerpt":{"rendered":"<p>Je m\u2019appelle \u00c9lo\u00efse Lahouze, je suis photographe et \u00e9tudiante en 3eme ann\u00e9e de MMI, parcours communication. J\u2019ai choisis ce parcours afin d\u2019apprendre \u00e0 d\u00e9velopper la communication digitale de mon entreprise.\u00a0 PRESENTATION Je travaille principalement autour du concert, du portrait et du mariage, avec une approche spontan\u00e9e et authentique. J\u2019aime capter l\u2019\u00e9nergie, les \u00e9motions et les [&hellip;]<\/p>\n","protected":false},"author":1,"featured_media":0,"parent":0,"menu_order":0,"comment_status":"closed","ping_status":"closed","template":"","meta":{"postBodyCss":"","postBodyMargin":[],"postBodyPadding":[],"postBodyBackground":{"backgroundType":"classic","gradient":""},"footnotes":""},"class_list":["post-71","page","type-page","status-publish","hentry"],"_links":{"self":[{"href":"https:\/\/mmi-tarbes.fr\/TP_STRAT-2025-2026\/LAHOUZE%20Elo%C3%AFse\/wordpress\/index.php\/wp-json\/wp\/v2\/pages\/71","targetHints":{"allow":["GET"]}}],"collection":[{"href":"https:\/\/mmi-tarbes.fr\/TP_STRAT-2025-2026\/LAHOUZE%20Elo%C3%AFse\/wordpress\/index.php\/wp-json\/wp\/v2\/pages"}],"about":[{"href":"https:\/\/mmi-tarbes.fr\/TP_STRAT-2025-2026\/LAHOUZE%20Elo%C3%AFse\/wordpress\/index.php\/wp-json\/wp\/v2\/types\/page"}],"author":[{"embeddable":true,"href":"https:\/\/mmi-tarbes.fr\/TP_STRAT-2025-2026\/LAHOUZE%20Elo%C3%AFse\/wordpress\/index.php\/wp-json\/wp\/v2\/users\/1"}],"replies":[{"embeddable":true,"href":"https:\/\/mmi-tarbes.fr\/TP_STRAT-2025-2026\/LAHOUZE%20Elo%C3%AFse\/wordpress\/index.php\/wp-json\/wp\/v2\/comments?post=71"}],"version-history":[{"count":123,"href":"https:\/\/mmi-tarbes.fr\/TP_STRAT-2025-2026\/LAHOUZE%20Elo%C3%AFse\/wordpress\/index.php\/wp-json\/wp\/v2\/pages\/71\/revisions"}],"predecessor-version":[{"id":437,"href":"https:\/\/mmi-tarbes.fr\/TP_STRAT-2025-2026\/LAHOUZE%20Elo%C3%AFse\/wordpress\/index.php\/wp-json\/wp\/v2\/pages\/71\/revisions\/437"}],"wp:attachment":[{"href":"https:\/\/mmi-tarbes.fr\/TP_STRAT-2025-2026\/LAHOUZE%20Elo%C3%AFse\/wordpress\/index.php\/wp-json\/wp\/v2\/media?parent=71"}],"curies":[{"name":"wp","href":"https:\/\/api.w.org\/{rel}","templated":true}]}}