{"id":46,"date":"2025-10-13T10:38:49","date_gmt":"2025-10-13T08:38:49","guid":{"rendered":"https:\/\/mmi-tarbes.fr\/TP_STRAT-2025-2026\/LAHOUZE%20Elo%C3%AFse\/wordpress\/?page_id=46"},"modified":"2026-02-13T12:49:34","modified_gmt":"2026-02-13T11:49:34","slug":"portfolio","status":"publish","type":"page","link":"https:\/\/mmi-tarbes.fr\/TP_STRAT-2025-2026\/LAHOUZE%20Elo%C3%AFse\/wordpress\/index.php\/portfolio\/","title":{"rendered":"Portfolio"},"content":{"rendered":"\t\t<div data-elementor-type=\"wp-page\" data-elementor-id=\"46\" class=\"elementor elementor-46\">\n\t\t\t\t<div class=\"elementor-element elementor-element-c48d331 e-flex e-con-boxed e-con e-parent\" data-id=\"c48d331\" data-element_type=\"container\">\n\t\t\t\t\t<div class=\"e-con-inner\">\n\t\t\t\t<div class=\"elementor-element elementor-element-e24dfd3 elementor-widget elementor-widget-heading\" data-id=\"e24dfd3\" data-element_type=\"widget\" data-widget_type=\"heading.default\">\n\t\t\t\t\t<h1 class=\"elementor-heading-title elementor-size-default\">GALERIES PHOTOS<\/h1>\t\t\t\t<\/div>\n\t\t\t\t\t<\/div>\n\t\t\t\t<\/div>\n\t\t<div class=\"elementor-element elementor-element-94d06b3 e-flex e-con-boxed e-con e-parent\" data-id=\"94d06b3\" data-element_type=\"container\">\n\t\t\t\t\t<div class=\"e-con-inner\">\n\t\t<div class=\"elementor-element elementor-element-d5c0244 e-con-full e-flex e-con e-child\" data-id=\"d5c0244\" data-element_type=\"container\" data-settings=\"{&quot;background_background&quot;:&quot;classic&quot;}\">\n\t\t<div class=\"elementor-element elementor-element-f0c95c2 e-con-full e-flex e-con e-child\" data-id=\"f0c95c2\" data-element_type=\"container\" data-settings=\"{&quot;background_background&quot;:&quot;classic&quot;}\">\n\t\t\t\t<\/div>\n\t\t<div class=\"elementor-element elementor-element-560c339 e-con-full e-flex e-con e-child\" data-id=\"560c339\" data-element_type=\"container\">\n\t\t\t\t<div class=\"elementor-element elementor-element-c73ac09 elementor-widget elementor-widget-heading\" data-id=\"c73ac09\" data-element_type=\"widget\" data-widget_type=\"heading.default\">\n\t\t\t\t\t<h1 class=\"elementor-heading-title elementor-size-default\">CONCERT<\/h1>\t\t\t\t<\/div>\n\t\t\t\t<div class=\"elementor-element elementor-element-99186ce elementor-widget elementor-widget-text-editor\" data-id=\"99186ce\" data-element_type=\"widget\" data-widget_type=\"text-editor.default\">\n\t\t\t\t\t\t\t\t\t<p data-start=\"169\" data-end=\"468\">La photo de concert fait aussi partie de mon univers. J\u2019aime capturer l\u2019\u00e9nergie du live, les jeux de lumi\u00e8re, les expressions et l\u2019ambiance sur sc\u00e8ne comme dans le public.<\/p><p data-start=\"169\" data-end=\"468\">L\u2019objectif est de cr\u00e9er des images dynamiques et authentiques, qui refl\u00e8tent l\u2019identit\u00e9 de l\u2019artiste et l\u2019atmosph\u00e8re du moment.<\/p>\t\t\t\t\t\t\t\t<\/div>\n\t\t\t\t<div class=\"elementor-element elementor-element-4bfd0bb elementor-align-justify elementor-widget elementor-widget-button\" data-id=\"4bfd0bb\" data-element_type=\"widget\" data-widget_type=\"button.default\">\n\t\t\t\t\t\t\t\t\t\t<a class=\"elementor-button elementor-button-link elementor-size-sm\" href=\"\">\n\t\t\t\t\t\t<span class=\"elementor-button-content-wrapper\">\n\t\t\t\t\t\t\t\t\t<span class=\"elementor-button-text\">PLUS D'IMAGES ICI<\/span>\n\t\t\t\t\t<\/span>\n\t\t\t\t\t<\/a>\n\t\t\t\t\t\t\t\t<\/div>\n\t\t\t\t<\/div>\n\t\t\t\t<\/div>\n\t\t\t\t\t<\/div>\n\t\t\t\t<\/div>\n\t\t<div class=\"elementor-element elementor-element-01c6d87 e-flex e-con-boxed e-con e-parent\" data-id=\"01c6d87\" data-element_type=\"container\">\n\t\t\t\t\t<div class=\"e-con-inner\">\n\t\t<div class=\"elementor-element elementor-element-317641f e-con-full e-flex e-con e-child\" data-id=\"317641f\" data-element_type=\"container\" data-settings=\"{&quot;background_background&quot;:&quot;classic&quot;}\">\n\t\t<div class=\"elementor-element elementor-element-babf4a7 e-con-full e-flex e-con e-child\" data-id=\"babf4a7\" data-element_type=\"container\" data-settings=\"{&quot;background_background&quot;:&quot;classic&quot;}\">\n\t\t\t\t<\/div>\n\t\t<div class=\"elementor-element elementor-element-8f4664f e-con-full e-flex e-con e-child\" data-id=\"8f4664f\" data-element_type=\"container\">\n\t\t\t\t<div class=\"elementor-element elementor-element-8de7292 elementor-widget elementor-widget-heading\" data-id=\"8de7292\" data-element_type=\"widget\" data-widget_type=\"heading.default\">\n\t\t\t\t\t<h1 class=\"elementor-heading-title elementor-size-default\">MARIAGE<\/h1>\t\t\t\t<\/div>\n\t\t\t\t<div class=\"elementor-element elementor-element-7d9df97 elementor-widget elementor-widget-text-editor\" data-id=\"7d9df97\" data-element_type=\"widget\" data-widget_type=\"text-editor.default\">\n\t\t\t\t\t\t\t\t\t<p><strong data-start=\"156\" data-end=\"172\">Un mariage ?<\/strong><br data-start=\"172\" data-end=\"175\">Des \u00e9motions, des rires, des moments qui passent vite et qu\u2019on n\u2019a pas envie d\u2019oublier. Mon r\u00f4le, c\u2019est d\u2019\u00eatre l\u00e0 au bon moment, sans m\u2019imposer, pour capturer ce qui se vit vraiment.&nbsp;<\/p><p>Des photos naturelles, spontan\u00e9es, qui racontent votre journ\u00e9e telle qu\u2019elle est, pour que vous puissiez la revivre encore longtemps apr\u00e8s.<\/p>\t\t\t\t\t\t\t\t<\/div>\n\t\t\t\t<div class=\"elementor-element elementor-element-4b538ab elementor-align-justify elementor-widget elementor-widget-button\" data-id=\"4b538ab\" data-element_type=\"widget\" data-widget_type=\"button.default\">\n\t\t\t\t\t\t\t\t\t\t<a class=\"elementor-button elementor-button-link elementor-size-sm\" href=\"#\">\n\t\t\t\t\t\t<span class=\"elementor-button-content-wrapper\">\n\t\t\t\t\t\t\t\t\t<span class=\"elementor-button-text\">PLUS D'IMAGES ICI<\/span>\n\t\t\t\t\t<\/span>\n\t\t\t\t\t<\/a>\n\t\t\t\t\t\t\t\t<\/div>\n\t\t\t\t<\/div>\n\t\t\t\t<\/div>\n\t\t\t\t\t<\/div>\n\t\t\t\t<\/div>\n\t\t<div class=\"elementor-element elementor-element-cf31aff e-flex e-con-boxed e-con e-parent\" data-id=\"cf31aff\" data-element_type=\"container\">\n\t\t\t\t\t<div class=\"e-con-inner\">\n\t\t<div class=\"elementor-element elementor-element-e094c53 e-con-full e-flex e-con e-child\" data-id=\"e094c53\" data-element_type=\"container\" data-settings=\"{&quot;background_background&quot;:&quot;classic&quot;}\">\n\t\t<div class=\"elementor-element elementor-element-fd62576 e-con-full e-flex e-con e-child\" data-id=\"fd62576\" data-element_type=\"container\" data-settings=\"{&quot;background_background&quot;:&quot;classic&quot;}\">\n\t\t\t\t<\/div>\n\t\t<div class=\"elementor-element elementor-element-8723417 e-con-full e-flex e-con e-child\" data-id=\"8723417\" data-element_type=\"container\">\n\t\t\t\t<div class=\"elementor-element elementor-element-6c92c52 elementor-widget elementor-widget-heading\" data-id=\"6c92c52\" data-element_type=\"widget\" data-widget_type=\"heading.default\">\n\t\t\t\t\t<h1 class=\"elementor-heading-title elementor-size-default\">STUDIO<\/h1>\t\t\t\t<\/div>\n\t\t\t\t<div class=\"elementor-element elementor-element-363c5ad elementor-widget elementor-widget-text-editor\" data-id=\"363c5ad\" data-element_type=\"widget\" data-widget_type=\"text-editor.default\">\n\t\t\t\t\t\t\t\t\t<p>En studio, tout est pens\u00e9 pour que vous vous sentiez \u00e0 l\u2019aise, sans pression. Que ce soit pour un portrait, un projet personnel ou professionnel, l\u2019objectif est de cr\u00e9er des images simples et qui vous ressemblent.<\/p><p>J\u2019aime prendre le temps, \u00e9changer, guider en douceur pour capturer des expressions sinc\u00e8res dans une ambiance d\u00e9tendue et bienveillante.<\/p>\t\t\t\t\t\t\t\t<\/div>\n\t\t\t\t<div class=\"elementor-element elementor-element-6bb69cd elementor-align-justify elementor-widget elementor-widget-button\" data-id=\"6bb69cd\" data-element_type=\"widget\" data-widget_type=\"button.default\">\n\t\t\t\t\t\t\t\t\t\t<a class=\"elementor-button elementor-button-link elementor-size-sm\" href=\"#\">\n\t\t\t\t\t\t<span class=\"elementor-button-content-wrapper\">\n\t\t\t\t\t\t\t\t\t<span class=\"elementor-button-text\">PLUS D'IMAGES ICI<\/span>\n\t\t\t\t\t<\/span>\n\t\t\t\t\t<\/a>\n\t\t\t\t\t\t\t\t<\/div>\n\t\t\t\t<\/div>\n\t\t\t\t<\/div>\n\t\t\t\t\t<\/div>\n\t\t\t\t<\/div>\n\t\t\t\t<\/div>\n\t\t\n    <div class=\"xs_social_share_widget xs_share_url after_content \t\tmain_content  wslu-style-1 wslu-share-box-shaped wslu-fill-colored wslu-none wslu-share-horizontal wslu-theme-font-no wslu-main_content\">\n\n\t\t\n        <ul>\n\t\t\t        <\/ul>\n    <\/div> \n","protected":false},"excerpt":{"rendered":"<p>GALERIES PHOTOS CONCERT La photo de concert fait aussi partie de mon univers. J\u2019aime capturer l\u2019\u00e9nergie du live, les jeux de lumi\u00e8re, les expressions et l\u2019ambiance sur sc\u00e8ne comme dans le public. L\u2019objectif est de cr\u00e9er des images dynamiques et authentiques, qui refl\u00e8tent l\u2019identit\u00e9 de l\u2019artiste et l\u2019atmosph\u00e8re du moment. PLUS D&rsquo;IMAGES ICI MARIAGE Un [&hellip;]<\/p>\n","protected":false},"author":1,"featured_media":0,"parent":0,"menu_order":0,"comment_status":"closed","ping_status":"closed","template":"","meta":{"postBodyCss":"","postBodyMargin":[],"postBodyPadding":[],"postBodyBackground":{"backgroundType":"classic","gradient":""},"footnotes":""},"class_list":["post-46","page","type-page","status-publish","hentry"],"_links":{"self":[{"href":"https:\/\/mmi-tarbes.fr\/TP_STRAT-2025-2026\/LAHOUZE%20Elo%C3%AFse\/wordpress\/index.php\/wp-json\/wp\/v2\/pages\/46","targetHints":{"allow":["GET"]}}],"collection":[{"href":"https:\/\/mmi-tarbes.fr\/TP_STRAT-2025-2026\/LAHOUZE%20Elo%C3%AFse\/wordpress\/index.php\/wp-json\/wp\/v2\/pages"}],"about":[{"href":"https:\/\/mmi-tarbes.fr\/TP_STRAT-2025-2026\/LAHOUZE%20Elo%C3%AFse\/wordpress\/index.php\/wp-json\/wp\/v2\/types\/page"}],"author":[{"embeddable":true,"href":"https:\/\/mmi-tarbes.fr\/TP_STRAT-2025-2026\/LAHOUZE%20Elo%C3%AFse\/wordpress\/index.php\/wp-json\/wp\/v2\/users\/1"}],"replies":[{"embeddable":true,"href":"https:\/\/mmi-tarbes.fr\/TP_STRAT-2025-2026\/LAHOUZE%20Elo%C3%AFse\/wordpress\/index.php\/wp-json\/wp\/v2\/comments?post=46"}],"version-history":[{"count":41,"href":"https:\/\/mmi-tarbes.fr\/TP_STRAT-2025-2026\/LAHOUZE%20Elo%C3%AFse\/wordpress\/index.php\/wp-json\/wp\/v2\/pages\/46\/revisions"}],"predecessor-version":[{"id":440,"href":"https:\/\/mmi-tarbes.fr\/TP_STRAT-2025-2026\/LAHOUZE%20Elo%C3%AFse\/wordpress\/index.php\/wp-json\/wp\/v2\/pages\/46\/revisions\/440"}],"wp:attachment":[{"href":"https:\/\/mmi-tarbes.fr\/TP_STRAT-2025-2026\/LAHOUZE%20Elo%C3%AFse\/wordpress\/index.php\/wp-json\/wp\/v2\/media?parent=46"}],"curies":[{"name":"wp","href":"https:\/\/api.w.org\/{rel}","templated":true}]}}