{"id":2987,"date":"2026-02-16T10:57:20","date_gmt":"2026-02-16T09:57:20","guid":{"rendered":"https:\/\/mmi-tarbes.fr\/TP_STRAT-2025-2026\/FERNANDEZ_Lea\/Site\/?page_id=2987"},"modified":"2026-03-16T18:58:40","modified_gmt":"2026-03-16T17:58:40","slug":"affiche-interactive","status":"publish","type":"page","link":"https:\/\/mmi-tarbes.fr\/TP_STRAT-2025-2026\/FERNANDEZ_Lea\/Site\/projets\/affiche-interactive\/","title":{"rendered":"Affiche interactive"},"content":{"rendered":"\t\t<div data-elementor-type=\"wp-page\" data-elementor-id=\"2987\" class=\"elementor elementor-2987\" data-elementor-post-type=\"page\">\n\t\t\t\t<div class=\"elementor-element elementor-element-6734496 e-flex e-con-boxed wpr-particle-no wpr-jarallax-no wpr-parallax-no wpr-sticky-section-no e-con e-parent\" data-id=\"6734496\" data-element_type=\"container\" data-e-type=\"container\">\n\t\t\t\t\t<div class=\"e-con-inner\">\n\t\t\t\t<div class=\"elementor-element elementor-element-087bd4d elementor-widget elementor-widget-heading\" data-id=\"087bd4d\" data-element_type=\"widget\" data-e-type=\"widget\" data-widget_type=\"heading.default\">\n\t\t\t\t\t<h2 class=\"elementor-heading-title elementor-size-default\">\u00b7 AFFICHE INTERACTIVE \u00b7<\/h2>\t\t\t\t<\/div>\n\t\t\t\t\t<\/div>\n\t\t\t\t<\/div>\n\t\t<div class=\"elementor-element elementor-element-ea5649a e-flex e-con-boxed wpr-particle-no wpr-jarallax-no wpr-parallax-no wpr-sticky-section-no e-con e-parent\" data-id=\"ea5649a\" data-element_type=\"container\" data-e-type=\"container\">\n\t\t\t\t\t<div class=\"e-con-inner\">\n\t\t<div class=\"elementor-element elementor-element-2dff0e1 e-flex e-con-boxed wpr-particle-no wpr-jarallax-no wpr-parallax-no wpr-sticky-section-no e-con e-child\" data-id=\"2dff0e1\" data-element_type=\"container\" data-e-type=\"container\">\n\t\t\t\t\t<div class=\"e-con-inner\">\n\t\t\t\t<div class=\"elementor-element elementor-element-bcd7225 elementor-widget elementor-widget-image\" data-id=\"bcd7225\" data-element_type=\"widget\" data-e-type=\"widget\" data-widget_type=\"image.default\">\n\t\t\t\t\t\t\t\t\t\t\t\t\t\t\t<img decoding=\"async\" width=\"153\" height=\"300\" src=\"https:\/\/mmi-tarbes.fr\/TP_STRAT-2025-2026\/FERNANDEZ_Lea\/Site\/wp-content\/uploads\/2026\/02\/affiche-SAE-finis.pdf-e1771236325759-153x300.png\" class=\"attachment-medium size-medium wp-image-2993\" alt=\"affiche festival tara en canta\" srcset=\"https:\/\/mmi-tarbes.fr\/TP_STRAT-2025-2026\/FERNANDEZ_Lea\/Site\/wp-content\/uploads\/2026\/02\/affiche-SAE-finis.pdf-e1771236325759-153x300.png 153w, https:\/\/mmi-tarbes.fr\/TP_STRAT-2025-2026\/FERNANDEZ_Lea\/Site\/wp-content\/uploads\/2026\/02\/affiche-SAE-finis.pdf-e1771236325759-522x1024.png 522w, https:\/\/mmi-tarbes.fr\/TP_STRAT-2025-2026\/FERNANDEZ_Lea\/Site\/wp-content\/uploads\/2026\/02\/affiche-SAE-finis.pdf-e1771236325759-768x1507.png 768w, https:\/\/mmi-tarbes.fr\/TP_STRAT-2025-2026\/FERNANDEZ_Lea\/Site\/wp-content\/uploads\/2026\/02\/affiche-SAE-finis.pdf-e1771236325759-783x1536.png 783w, https:\/\/mmi-tarbes.fr\/TP_STRAT-2025-2026\/FERNANDEZ_Lea\/Site\/wp-content\/uploads\/2026\/02\/affiche-SAE-finis.pdf-e1771236325759.png 977w\" sizes=\"(max-width: 153px) 100vw, 153px\" \/>\t\t\t\t\t\t\t\t\t\t\t\t\t\t\t<\/div>\n\t\t\t\t\t<\/div>\n\t\t\t\t<\/div>\n\t\t<div class=\"elementor-element elementor-element-a47d9ce e-flex e-con-boxed wpr-particle-no wpr-jarallax-no wpr-parallax-no wpr-sticky-section-no e-con e-child\" data-id=\"a47d9ce\" data-element_type=\"container\" data-e-type=\"container\">\n\t\t\t\t\t<div class=\"e-con-inner\">\n\t\t\t\t<div class=\"elementor-element elementor-element-6bbee04 elementor-widget elementor-widget-text-editor\" data-id=\"6bbee04\" data-element_type=\"widget\" data-e-type=\"widget\" data-widget_type=\"text-editor.default\">\n\t\t\t\t\t\t\t\t\t<p><span style=\"font-weight: 400;\"><span style=\"text-decoration: underline;\">ATTENDUS :\u00a0<\/span><br \/>Nous devions r\u00e9aliser une affiche sur un th\u00e8me impos\u00e9. J\u2019ai fait partie du groupe qui devait r\u00e9aliser l\u2019affiche de Tarba Encanta. Cette affiche en plus d\u2019avoir une version statique, devait \u00e9galement \u00eatre disponible en version num\u00e9rique anim\u00e9e. Pour cela, nous devions coder en javascript via la librairie <\/span><a href=\"http:\/\/p5.js\/\"><span style=\"font-weight: 400;\">p5.js<\/span><\/a><span style=\"font-weight: 400;\">.<\/span><\/p>\t\t\t\t\t\t\t\t<\/div>\n\t\t\t\t<div class=\"elementor-element elementor-element-fa7d01e elementor-widget elementor-widget-text-editor\" data-id=\"fa7d01e\" data-element_type=\"widget\" data-e-type=\"widget\" data-widget_type=\"text-editor.default\">\n\t\t\t\t\t\t\t\t\t<p><span style=\"text-decoration: underline;\"><span style=\"font-weight: 400;\">COMP\u00c9TENCES :\u00a0<\/span><\/span><\/p><p>Concevoir :\u00a0<\/p><p><span style=\"font-weight: 400;\">\u2192 Concevoir une affiche en respectant les contraintes d\u2019un \u00e9v\u00e9nement culturel r\u00e9el, en prenant en compte son identit\u00e9 et ses besoins.<\/span><\/p><p><span style=\"font-weight: 400;\">\u2192 Concevoir une identit\u00e9 visuelle et sonore.<\/span><\/p><p>D\u00e9velopper :\u00a0<\/p><p><span style=\"font-weight: 400;\">\u2192 D\u00e9velopper une version num\u00e9rique anim\u00e9e de l\u2019affiche \u00e0 l\u2019aide de JavaScript et de la librairie p5.js, afin d\u2019enrichir l\u2019affiche statique par le mouvement.<\/span><\/p>\t\t\t\t\t\t\t\t<\/div>\n\t\t\t\t<div class=\"elementor-element elementor-element-7295cd9 elementor-widget elementor-widget-text-editor\" data-id=\"7295cd9\" data-element_type=\"widget\" data-e-type=\"widget\" data-widget_type=\"text-editor.default\">\n\t\t\t\t\t\t\t\t\t<p><span style=\"text-decoration: underline;\"><span style=\"font-weight: 400;\">NOTES :\u00a0<\/span><\/span><\/p><p><span style=\"font-weight: 400;\">Ce projet m\u2019a permis de faire se rencontrer l&rsquo;univers de la cr\u00e9ation graphique et du num\u00e9rique sous une nouvelle forme. J\u2019ai trouv\u00e9 int\u00e9ressant de prolonger l&rsquo;exp\u00e9rience visuelle d\u2019un affichage statique via l\u2019animation.<\/span><\/p><p><span style=\"font-weight: 400;\">J\u2019ai \u00e9t\u00e9 charg\u00e9e de r\u00e9aliser les animations visuelles. Travailler avec p5.js m\u2019a demand\u00e9 de sortir de ma zone de confort, mais cela a \u00e9t\u00e9 tr\u00e8s formateur, et j\u2019ai pris du plaisir \u00e0 voir l\u2019affiche prendre une autre dimension.<\/span><\/p>\t\t\t\t\t\t\t\t<\/div>\n\t\t\t\t<div class=\"elementor-element elementor-element-390d0b7 elementor-align-center elementor-widget elementor-widget-button\" data-id=\"390d0b7\" data-element_type=\"widget\" data-e-type=\"widget\" data-widget_type=\"button.default\">\n\t\t\t\t\t\t\t\t\t\t<a class=\"elementor-button elementor-button-link elementor-size-sm\" href=\"https:\/\/editor.p5js.org\/leafernandez32000\/sketches\/x_o__mxYc\">\n\t\t\t\t\t\t<span class=\"elementor-button-content-wrapper\">\n\t\t\t\t\t\t\t\t\t<span class=\"elementor-button-text\">Le code complet<\/span>\n\t\t\t\t\t<\/span>\n\t\t\t\t\t<\/a>\n\t\t\t\t\t\t\t\t<\/div>\n\t\t\t\t\t<\/div>\n\t\t\t\t<\/div>\n\t\t\t\t\t<\/div>\n\t\t\t\t<\/div>\n\t\t\t\t<\/div>\n\t\t","protected":false},"excerpt":{"rendered":"<p>\u00b7 AFFICHE INTERACTIVE \u00b7 ATTENDUS :\u00a0Nous devions r\u00e9aliser une affiche sur un th\u00e8me impos\u00e9. J\u2019ai fait partie du groupe qui devait r\u00e9aliser l\u2019affiche de Tarba Encanta. Cette affiche en plus d\u2019avoir une version statique, devait \u00e9galement \u00eatre disponible en version num\u00e9rique anim\u00e9e. Pour cela, nous devions coder en javascript via la librairie p5.js. COMP\u00c9TENCES :\u00a0 Concevoir :\u00a0 \u2192 Concevoir une affiche en respectant les contraintes d\u2019un \u00e9v\u00e9nement culturel r\u00e9el, en prenant en compte son identit\u00e9 et ses besoins. \u2192 Concevoir une identit\u00e9 visuelle et sonore. D\u00e9velopper :\u00a0 \u2192 D\u00e9velopper une version num\u00e9rique anim\u00e9e de l\u2019affiche \u00e0 l\u2019aide de JavaScript et de la librairie p5.js, afin d\u2019enrichir l\u2019affiche statique par le mouvement. NOTES :\u00a0 Ce projet m\u2019a permis de faire se rencontrer l&rsquo;univers de la cr\u00e9ation graphique et du num\u00e9rique sous une nouvelle forme. J\u2019ai trouv\u00e9 int\u00e9ressant de prolonger l&rsquo;exp\u00e9rience visuelle d\u2019un affichage statique via l\u2019animation. J\u2019ai \u00e9t\u00e9 charg\u00e9e de r\u00e9aliser les animations visuelles. Travailler avec p5.js m\u2019a demand\u00e9 de sortir de ma zone de confort, mais cela a \u00e9t\u00e9 tr\u00e8s formateur, et j\u2019ai pris du plaisir \u00e0 voir l\u2019affiche prendre une autre dimension. Le code complet<\/p>\n","protected":false},"author":1,"featured_media":0,"parent":115,"menu_order":0,"comment_status":"closed","ping_status":"closed","template":"","meta":{"footnotes":""},"class_list":["post-2987","page","type-page","status-publish","hentry"],"yoast_head":"<!-- This site is optimized with the Yoast SEO plugin v27.3 - https:\/\/yoast.com\/product\/yoast-seo-wordpress\/ -->\n<title>Affiche interactive - L\u00e9a Fernandez<\/title>\n<meta name=\"description\" content=\"Cr\u00e9ation d&#039;une affiche au format print et web interactive cod\u00e9e en javascript gr\u00e2ce \u00e0 la biblioth\u00e8que p5.js .\" \/>\n<meta name=\"robots\" content=\"index, follow, max-snippet:-1, max-image-preview:large, max-video-preview:-1\" \/>\n<link rel=\"canonical\" href=\"https:\/\/mmi-tarbes.fr\/TP_STRAT-2025-2026\/FERNANDEZ_Lea\/Site\/projets\/affiche-interactive\/\" \/>\n<meta property=\"og:locale\" content=\"fr_FR\" \/>\n<meta property=\"og:type\" content=\"article\" \/>\n<meta property=\"og:title\" content=\"Affiche interactive - L\u00e9a Fernandez\" \/>\n<meta property=\"og:description\" content=\"Cr\u00e9ation d&#039;une affiche au format print et web interactive cod\u00e9e en javascript gr\u00e2ce \u00e0 la biblioth\u00e8que p5.js .\" \/>\n<meta property=\"og:url\" content=\"https:\/\/mmi-tarbes.fr\/TP_STRAT-2025-2026\/FERNANDEZ_Lea\/Site\/projets\/affiche-interactive\/\" \/>\n<meta property=\"og:site_name\" content=\"L\u00e9a Fernandez\" \/>\n<meta property=\"article:modified_time\" content=\"2026-03-16T17:58:40+00:00\" \/>\n<meta property=\"og:image\" content=\"https:\/\/mmi-tarbes.fr\/TP_STRAT-2025-2026\/FERNANDEZ_Lea\/Site\/wp-content\/uploads\/2026\/02\/affiche-SAE-finis.pdf-e1771236325759-522x1024.png\" \/>\n\t<meta property=\"og:image:width\" content=\"522\" \/>\n\t<meta property=\"og:image:height\" content=\"1024\" \/>\n\t<meta property=\"og:image:type\" content=\"image\/png\" \/>\n<meta name=\"twitter:card\" content=\"summary_large_image\" \/>\n<meta name=\"twitter:label1\" content=\"Dur\u00e9e de lecture estim\u00e9e\" \/>\n\t<meta name=\"twitter:data1\" content=\"1 minute\" \/>\n<script type=\"application\/ld+json\" class=\"yoast-schema-graph\">{\"@context\":\"https:\\\/\\\/schema.org\",\"@graph\":[{\"@type\":\"WebPage\",\"@id\":\"https:\\\/\\\/mmi-tarbes.fr\\\/TP_STRAT-2025-2026\\\/FERNANDEZ_Lea\\\/Site\\\/projets\\\/affiche-interactive\\\/\",\"url\":\"https:\\\/\\\/mmi-tarbes.fr\\\/TP_STRAT-2025-2026\\\/FERNANDEZ_Lea\\\/Site\\\/projets\\\/affiche-interactive\\\/\",\"name\":\"Affiche interactive - L\u00e9a Fernandez\",\"isPartOf\":{\"@id\":\"https:\\\/\\\/mmi-tarbes.fr\\\/TP_STRAT-2025-2026\\\/FERNANDEZ_Lea\\\/Site\\\/#website\"},\"primaryImageOfPage\":{\"@id\":\"https:\\\/\\\/mmi-tarbes.fr\\\/TP_STRAT-2025-2026\\\/FERNANDEZ_Lea\\\/Site\\\/projets\\\/affiche-interactive\\\/#primaryimage\"},\"image\":{\"@id\":\"https:\\\/\\\/mmi-tarbes.fr\\\/TP_STRAT-2025-2026\\\/FERNANDEZ_Lea\\\/Site\\\/projets\\\/affiche-interactive\\\/#primaryimage\"},\"thumbnailUrl\":\"https:\\\/\\\/mmi-tarbes.fr\\\/TP_STRAT-2025-2026\\\/FERNANDEZ_Lea\\\/Site\\\/wp-content\\\/uploads\\\/2026\\\/02\\\/affiche-SAE-finis.pdf-e1771236325759-153x300.png\",\"datePublished\":\"2026-02-16T09:57:20+00:00\",\"dateModified\":\"2026-03-16T17:58:40+00:00\",\"description\":\"Cr\u00e9ation d'une affiche au format print et web interactive cod\u00e9e en javascript gr\u00e2ce \u00e0 la biblioth\u00e8que p5.js .\",\"breadcrumb\":{\"@id\":\"https:\\\/\\\/mmi-tarbes.fr\\\/TP_STRAT-2025-2026\\\/FERNANDEZ_Lea\\\/Site\\\/projets\\\/affiche-interactive\\\/#breadcrumb\"},\"inLanguage\":\"fr-FR\",\"potentialAction\":[{\"@type\":\"ReadAction\",\"target\":[\"https:\\\/\\\/mmi-tarbes.fr\\\/TP_STRAT-2025-2026\\\/FERNANDEZ_Lea\\\/Site\\\/projets\\\/affiche-interactive\\\/\"]}]},{\"@type\":\"ImageObject\",\"inLanguage\":\"fr-FR\",\"@id\":\"https:\\\/\\\/mmi-tarbes.fr\\\/TP_STRAT-2025-2026\\\/FERNANDEZ_Lea\\\/Site\\\/projets\\\/affiche-interactive\\\/#primaryimage\",\"url\":\"https:\\\/\\\/mmi-tarbes.fr\\\/TP_STRAT-2025-2026\\\/FERNANDEZ_Lea\\\/Site\\\/wp-content\\\/uploads\\\/2026\\\/02\\\/affiche-SAE-finis.pdf-e1771236325759.png\",\"contentUrl\":\"https:\\\/\\\/mmi-tarbes.fr\\\/TP_STRAT-2025-2026\\\/FERNANDEZ_Lea\\\/Site\\\/wp-content\\\/uploads\\\/2026\\\/02\\\/affiche-SAE-finis.pdf-e1771236325759.png\",\"width\":977,\"height\":1917,\"caption\":\"affiche festival tara en canta\"},{\"@type\":\"BreadcrumbList\",\"@id\":\"https:\\\/\\\/mmi-tarbes.fr\\\/TP_STRAT-2025-2026\\\/FERNANDEZ_Lea\\\/Site\\\/projets\\\/affiche-interactive\\\/#breadcrumb\",\"itemListElement\":[{\"@type\":\"ListItem\",\"position\":1,\"name\":\"Accueil\",\"item\":\"https:\\\/\\\/mmi-tarbes.fr\\\/TP_STRAT-2025-2026\\\/FERNANDEZ_Lea\\\/Site\\\/\"},{\"@type\":\"ListItem\",\"position\":2,\"name\":\"PROJETS\",\"item\":\"https:\\\/\\\/mmi-tarbes.fr\\\/TP_STRAT-2025-2026\\\/FERNANDEZ_Lea\\\/Site\\\/projets\\\/\"},{\"@type\":\"ListItem\",\"position\":3,\"name\":\"Affiche interactive\"}]},{\"@type\":\"WebSite\",\"@id\":\"https:\\\/\\\/mmi-tarbes.fr\\\/TP_STRAT-2025-2026\\\/FERNANDEZ_Lea\\\/Site\\\/#website\",\"url\":\"https:\\\/\\\/mmi-tarbes.fr\\\/TP_STRAT-2025-2026\\\/FERNANDEZ_Lea\\\/Site\\\/\",\"name\":\"L\u00e9a Fernandez\",\"description\":\"\",\"potentialAction\":[{\"@type\":\"SearchAction\",\"target\":{\"@type\":\"EntryPoint\",\"urlTemplate\":\"https:\\\/\\\/mmi-tarbes.fr\\\/TP_STRAT-2025-2026\\\/FERNANDEZ_Lea\\\/Site\\\/?s={search_term_string}\"},\"query-input\":{\"@type\":\"PropertyValueSpecification\",\"valueRequired\":true,\"valueName\":\"search_term_string\"}}],\"inLanguage\":\"fr-FR\"}]}<\/script>\n<!-- \/ Yoast SEO plugin. -->","yoast_head_json":{"title":"Affiche interactive - L\u00e9a Fernandez","description":"Cr\u00e9ation d'une affiche au format print et web interactive cod\u00e9e en javascript gr\u00e2ce \u00e0 la biblioth\u00e8que p5.js .","robots":{"index":"index","follow":"follow","max-snippet":"max-snippet:-1","max-image-preview":"max-image-preview:large","max-video-preview":"max-video-preview:-1"},"canonical":"https:\/\/mmi-tarbes.fr\/TP_STRAT-2025-2026\/FERNANDEZ_Lea\/Site\/projets\/affiche-interactive\/","og_locale":"fr_FR","og_type":"article","og_title":"Affiche interactive - L\u00e9a Fernandez","og_description":"Cr\u00e9ation d'une affiche au format print et web interactive cod\u00e9e en javascript gr\u00e2ce \u00e0 la biblioth\u00e8que p5.js .","og_url":"https:\/\/mmi-tarbes.fr\/TP_STRAT-2025-2026\/FERNANDEZ_Lea\/Site\/projets\/affiche-interactive\/","og_site_name":"L\u00e9a Fernandez","article_modified_time":"2026-03-16T17:58:40+00:00","og_image":[{"width":522,"height":1024,"url":"https:\/\/mmi-tarbes.fr\/TP_STRAT-2025-2026\/FERNANDEZ_Lea\/Site\/wp-content\/uploads\/2026\/02\/affiche-SAE-finis.pdf-e1771236325759-522x1024.png","type":"image\/png"}],"twitter_card":"summary_large_image","twitter_misc":{"Dur\u00e9e de lecture estim\u00e9e":"1 minute"},"schema":{"@context":"https:\/\/schema.org","@graph":[{"@type":"WebPage","@id":"https:\/\/mmi-tarbes.fr\/TP_STRAT-2025-2026\/FERNANDEZ_Lea\/Site\/projets\/affiche-interactive\/","url":"https:\/\/mmi-tarbes.fr\/TP_STRAT-2025-2026\/FERNANDEZ_Lea\/Site\/projets\/affiche-interactive\/","name":"Affiche interactive - L\u00e9a Fernandez","isPartOf":{"@id":"https:\/\/mmi-tarbes.fr\/TP_STRAT-2025-2026\/FERNANDEZ_Lea\/Site\/#website"},"primaryImageOfPage":{"@id":"https:\/\/mmi-tarbes.fr\/TP_STRAT-2025-2026\/FERNANDEZ_Lea\/Site\/projets\/affiche-interactive\/#primaryimage"},"image":{"@id":"https:\/\/mmi-tarbes.fr\/TP_STRAT-2025-2026\/FERNANDEZ_Lea\/Site\/projets\/affiche-interactive\/#primaryimage"},"thumbnailUrl":"https:\/\/mmi-tarbes.fr\/TP_STRAT-2025-2026\/FERNANDEZ_Lea\/Site\/wp-content\/uploads\/2026\/02\/affiche-SAE-finis.pdf-e1771236325759-153x300.png","datePublished":"2026-02-16T09:57:20+00:00","dateModified":"2026-03-16T17:58:40+00:00","description":"Cr\u00e9ation d'une affiche au format print et web interactive cod\u00e9e en javascript gr\u00e2ce \u00e0 la biblioth\u00e8que p5.js .","breadcrumb":{"@id":"https:\/\/mmi-tarbes.fr\/TP_STRAT-2025-2026\/FERNANDEZ_Lea\/Site\/projets\/affiche-interactive\/#breadcrumb"},"inLanguage":"fr-FR","potentialAction":[{"@type":"ReadAction","target":["https:\/\/mmi-tarbes.fr\/TP_STRAT-2025-2026\/FERNANDEZ_Lea\/Site\/projets\/affiche-interactive\/"]}]},{"@type":"ImageObject","inLanguage":"fr-FR","@id":"https:\/\/mmi-tarbes.fr\/TP_STRAT-2025-2026\/FERNANDEZ_Lea\/Site\/projets\/affiche-interactive\/#primaryimage","url":"https:\/\/mmi-tarbes.fr\/TP_STRAT-2025-2026\/FERNANDEZ_Lea\/Site\/wp-content\/uploads\/2026\/02\/affiche-SAE-finis.pdf-e1771236325759.png","contentUrl":"https:\/\/mmi-tarbes.fr\/TP_STRAT-2025-2026\/FERNANDEZ_Lea\/Site\/wp-content\/uploads\/2026\/02\/affiche-SAE-finis.pdf-e1771236325759.png","width":977,"height":1917,"caption":"affiche festival tara en canta"},{"@type":"BreadcrumbList","@id":"https:\/\/mmi-tarbes.fr\/TP_STRAT-2025-2026\/FERNANDEZ_Lea\/Site\/projets\/affiche-interactive\/#breadcrumb","itemListElement":[{"@type":"ListItem","position":1,"name":"Accueil","item":"https:\/\/mmi-tarbes.fr\/TP_STRAT-2025-2026\/FERNANDEZ_Lea\/Site\/"},{"@type":"ListItem","position":2,"name":"PROJETS","item":"https:\/\/mmi-tarbes.fr\/TP_STRAT-2025-2026\/FERNANDEZ_Lea\/Site\/projets\/"},{"@type":"ListItem","position":3,"name":"Affiche interactive"}]},{"@type":"WebSite","@id":"https:\/\/mmi-tarbes.fr\/TP_STRAT-2025-2026\/FERNANDEZ_Lea\/Site\/#website","url":"https:\/\/mmi-tarbes.fr\/TP_STRAT-2025-2026\/FERNANDEZ_Lea\/Site\/","name":"L\u00e9a Fernandez","description":"","potentialAction":[{"@type":"SearchAction","target":{"@type":"EntryPoint","urlTemplate":"https:\/\/mmi-tarbes.fr\/TP_STRAT-2025-2026\/FERNANDEZ_Lea\/Site\/?s={search_term_string}"},"query-input":{"@type":"PropertyValueSpecification","valueRequired":true,"valueName":"search_term_string"}}],"inLanguage":"fr-FR"}]}},"_links":{"self":[{"href":"https:\/\/mmi-tarbes.fr\/TP_STRAT-2025-2026\/FERNANDEZ_Lea\/Site\/wp-json\/wp\/v2\/pages\/2987","targetHints":{"allow":["GET"]}}],"collection":[{"href":"https:\/\/mmi-tarbes.fr\/TP_STRAT-2025-2026\/FERNANDEZ_Lea\/Site\/wp-json\/wp\/v2\/pages"}],"about":[{"href":"https:\/\/mmi-tarbes.fr\/TP_STRAT-2025-2026\/FERNANDEZ_Lea\/Site\/wp-json\/wp\/v2\/types\/page"}],"author":[{"embeddable":true,"href":"https:\/\/mmi-tarbes.fr\/TP_STRAT-2025-2026\/FERNANDEZ_Lea\/Site\/wp-json\/wp\/v2\/users\/1"}],"replies":[{"embeddable":true,"href":"https:\/\/mmi-tarbes.fr\/TP_STRAT-2025-2026\/FERNANDEZ_Lea\/Site\/wp-json\/wp\/v2\/comments?post=2987"}],"version-history":[{"count":55,"href":"https:\/\/mmi-tarbes.fr\/TP_STRAT-2025-2026\/FERNANDEZ_Lea\/Site\/wp-json\/wp\/v2\/pages\/2987\/revisions"}],"predecessor-version":[{"id":4894,"href":"https:\/\/mmi-tarbes.fr\/TP_STRAT-2025-2026\/FERNANDEZ_Lea\/Site\/wp-json\/wp\/v2\/pages\/2987\/revisions\/4894"}],"up":[{"embeddable":true,"href":"https:\/\/mmi-tarbes.fr\/TP_STRAT-2025-2026\/FERNANDEZ_Lea\/Site\/wp-json\/wp\/v2\/pages\/115"}],"wp:attachment":[{"href":"https:\/\/mmi-tarbes.fr\/TP_STRAT-2025-2026\/FERNANDEZ_Lea\/Site\/wp-json\/wp\/v2\/media?parent=2987"}],"curies":[{"name":"wp","href":"https:\/\/api.w.org\/{rel}","templated":true}]}}