{"id":2800,"date":"2026-02-16T09:45:41","date_gmt":"2026-02-16T08:45:41","guid":{"rendered":"https:\/\/mmi-tarbes.fr\/TP_STRAT-2025-2026\/FERNANDEZ_Lea\/Site\/?page_id=2800"},"modified":"2026-03-16T18:50:34","modified_gmt":"2026-03-16T17:50:34","slug":"fanzine-amy-winehouse","status":"publish","type":"page","link":"https:\/\/mmi-tarbes.fr\/TP_STRAT-2025-2026\/FERNANDEZ_Lea\/Site\/projets\/fanzine-amy-winehouse\/","title":{"rendered":"Fanzine &#8211; Amy Winehouse"},"content":{"rendered":"\t\t<div data-elementor-type=\"wp-page\" data-elementor-id=\"2800\" class=\"elementor elementor-2800\" data-elementor-post-type=\"page\">\n\t\t\t\t<div class=\"elementor-element elementor-element-07d36e3 e-flex e-con-boxed wpr-particle-no wpr-jarallax-no wpr-parallax-no wpr-sticky-section-no e-con e-parent\" data-id=\"07d36e3\" data-element_type=\"container\" data-e-type=\"container\">\n\t\t\t\t\t<div class=\"e-con-inner\">\n\t\t\t\t<div class=\"elementor-element elementor-element-a3c2351 elementor-widget-mobile__width-initial elementor-widget elementor-widget-image\" data-id=\"a3c2351\" data-element_type=\"widget\" data-e-type=\"widget\" data-widget_type=\"image.default\">\n\t\t\t\t\t\t\t\t\t\t\t\t\t\t\t<img fetchpriority=\"high\" decoding=\"async\" width=\"768\" height=\"232\" src=\"https:\/\/mmi-tarbes.fr\/TP_STRAT-2025-2026\/FERNANDEZ_Lea\/Site\/wp-content\/uploads\/2026\/02\/fanzime_amy-1-768x232.png\" class=\"attachment-medium_large size-medium_large wp-image-3211\" alt=\"fanzime Amy Winehouse\" srcset=\"https:\/\/mmi-tarbes.fr\/TP_STRAT-2025-2026\/FERNANDEZ_Lea\/Site\/wp-content\/uploads\/2026\/02\/fanzime_amy-1-768x232.png 768w, https:\/\/mmi-tarbes.fr\/TP_STRAT-2025-2026\/FERNANDEZ_Lea\/Site\/wp-content\/uploads\/2026\/02\/fanzime_amy-1-300x91.png 300w, https:\/\/mmi-tarbes.fr\/TP_STRAT-2025-2026\/FERNANDEZ_Lea\/Site\/wp-content\/uploads\/2026\/02\/fanzime_amy-1-1024x309.png 1024w, https:\/\/mmi-tarbes.fr\/TP_STRAT-2025-2026\/FERNANDEZ_Lea\/Site\/wp-content\/uploads\/2026\/02\/fanzime_amy-1-1536x464.png 1536w, https:\/\/mmi-tarbes.fr\/TP_STRAT-2025-2026\/FERNANDEZ_Lea\/Site\/wp-content\/uploads\/2026\/02\/fanzime_amy-1.png 1647w\" sizes=\"(max-width: 768px) 100vw, 768px\" \/>\t\t\t\t\t\t\t\t\t\t\t\t\t\t\t<\/div>\n\t\t\t\t\t<\/div>\n\t\t\t\t<\/div>\n\t\t<div class=\"elementor-element elementor-element-cf87848 e-flex e-con-boxed wpr-particle-no wpr-jarallax-no wpr-parallax-no wpr-sticky-section-no e-con e-parent\" data-id=\"cf87848\" data-element_type=\"container\" data-e-type=\"container\">\n\t\t\t\t\t<div class=\"e-con-inner\">\n\t\t\t\t<div class=\"elementor-element elementor-element-ffa44c3 elementor-widget elementor-widget-text-editor\" data-id=\"ffa44c3\" data-element_type=\"widget\" data-e-type=\"widget\" data-widget_type=\"text-editor.default\">\n\t\t\t\t\t\t\t\t\t<p><span style=\"text-decoration: underline;\">ATTENDUS :\u00a0<\/span><\/p><p>Nous avons d\u00e9couvert le concept du fanzine puis par groupe de 4 nous avons du en r\u00e9aliser un sur un th\u00e8me de notre choix.<\/p>\t\t\t\t\t\t\t\t<\/div>\n\t\t\t\t\t<\/div>\n\t\t\t\t<\/div>\n\t\t<div class=\"elementor-element elementor-element-a0e3d7b e-flex e-con-boxed wpr-particle-no wpr-jarallax-no wpr-parallax-no wpr-sticky-section-no e-con e-parent\" data-id=\"a0e3d7b\" data-element_type=\"container\" data-e-type=\"container\">\n\t\t\t\t\t<div class=\"e-con-inner\">\n\t\t<div class=\"elementor-element elementor-element-67dffc5 e-con-full e-flex wpr-particle-no wpr-jarallax-no wpr-parallax-no wpr-sticky-section-no e-con e-child\" data-id=\"67dffc5\" data-element_type=\"container\" data-e-type=\"container\">\n\t\t\t\t<div class=\"elementor-element elementor-element-a088bdd elementor-widget elementor-widget-image\" data-id=\"a088bdd\" data-element_type=\"widget\" data-e-type=\"widget\" data-widget_type=\"image.default\">\n\t\t\t\t\t\t\t\t\t\t\t\t\t\t\t<img decoding=\"async\" width=\"420\" height=\"595\" src=\"https:\/\/mmi-tarbes.fr\/TP_STRAT-2025-2026\/FERNANDEZ_Lea\/Site\/wp-content\/uploads\/2026\/02\/Amy.jpg\" class=\"attachment-large size-large wp-image-2840\" alt=\"Fanzine Amy page 6\" srcset=\"https:\/\/mmi-tarbes.fr\/TP_STRAT-2025-2026\/FERNANDEZ_Lea\/Site\/wp-content\/uploads\/2026\/02\/Amy.jpg 420w, https:\/\/mmi-tarbes.fr\/TP_STRAT-2025-2026\/FERNANDEZ_Lea\/Site\/wp-content\/uploads\/2026\/02\/Amy-212x300.jpg 212w\" sizes=\"(max-width: 420px) 100vw, 420px\" \/>\t\t\t\t\t\t\t\t\t\t\t\t\t\t\t<\/div>\n\t\t\t\t<div class=\"elementor-element elementor-element-91a9828 elementor-widget elementor-widget-image\" data-id=\"91a9828\" data-element_type=\"widget\" data-e-type=\"widget\" data-widget_type=\"image.default\">\n\t\t\t\t\t\t\t\t\t\t\t\t\t\t\t<img decoding=\"async\" width=\"420\" height=\"595\" src=\"https:\/\/mmi-tarbes.fr\/TP_STRAT-2025-2026\/FERNANDEZ_Lea\/Site\/wp-content\/uploads\/2026\/02\/Amy2.jpg\" class=\"attachment-large size-large wp-image-2841\" alt=\"Fanzine Amy page 7\" srcset=\"https:\/\/mmi-tarbes.fr\/TP_STRAT-2025-2026\/FERNANDEZ_Lea\/Site\/wp-content\/uploads\/2026\/02\/Amy2.jpg 420w, https:\/\/mmi-tarbes.fr\/TP_STRAT-2025-2026\/FERNANDEZ_Lea\/Site\/wp-content\/uploads\/2026\/02\/Amy2-212x300.jpg 212w\" sizes=\"(max-width: 420px) 100vw, 420px\" \/>\t\t\t\t\t\t\t\t\t\t\t\t\t\t\t<\/div>\n\t\t\t\t<\/div>\n\t\t<div class=\"elementor-element elementor-element-39eddca e-con-full elementor-hidden-mobile e-flex wpr-particle-no wpr-jarallax-no wpr-parallax-no wpr-sticky-section-no e-con e-child\" data-id=\"39eddca\" data-element_type=\"container\" data-e-type=\"container\">\n\t\t\t\t<div class=\"elementor-element elementor-element-bfc6d40 elementor-widget elementor-widget-image\" data-id=\"bfc6d40\" data-element_type=\"widget\" data-e-type=\"widget\" data-widget_type=\"image.default\">\n\t\t\t\t\t\t\t\t\t\t\t\t\t\t\t<img loading=\"lazy\" decoding=\"async\" width=\"150\" height=\"150\" src=\"https:\/\/mmi-tarbes.fr\/TP_STRAT-2025-2026\/FERNANDEZ_Lea\/Site\/wp-content\/uploads\/2026\/02\/C-e1771232485354-150x150.jpg\" class=\"attachment-thumbnail size-thumbnail wp-image-2824\" alt=\"C\" \/>\t\t\t\t\t\t\t\t\t\t\t\t\t\t\t<\/div>\n\t\t\t\t<div class=\"elementor-element elementor-element-438d822 elementor-widget elementor-widget-image\" data-id=\"438d822\" data-element_type=\"widget\" data-e-type=\"widget\" data-widget_type=\"image.default\">\n\t\t\t\t\t\t\t\t\t\t\t\t\t\t\t<img loading=\"lazy\" decoding=\"async\" width=\"150\" height=\"150\" src=\"https:\/\/mmi-tarbes.fr\/TP_STRAT-2025-2026\/FERNANDEZ_Lea\/Site\/wp-content\/uploads\/2026\/02\/L-e1771232511951-150x150.jpg\" class=\"attachment-thumbnail size-thumbnail wp-image-2825\" alt=\"L\" \/>\t\t\t\t\t\t\t\t\t\t\t\t\t\t\t<\/div>\n\t\t\t\t<div class=\"elementor-element elementor-element-04c60df elementor-widget elementor-widget-image\" data-id=\"04c60df\" data-element_type=\"widget\" data-e-type=\"widget\" data-widget_type=\"image.default\">\n\t\t\t\t\t\t\t\t\t\t\t\t\t\t\t<img loading=\"lazy\" decoding=\"async\" width=\"150\" height=\"150\" src=\"https:\/\/mmi-tarbes.fr\/TP_STRAT-2025-2026\/FERNANDEZ_Lea\/Site\/wp-content\/uploads\/2026\/02\/U-e1771232563738-150x150.jpg\" class=\"attachment-thumbnail size-thumbnail wp-image-2826\" alt=\"U\" \/>\t\t\t\t\t\t\t\t\t\t\t\t\t\t\t<\/div>\n\t\t\t\t<div class=\"elementor-element elementor-element-a053a28 elementor-widget elementor-widget-image\" data-id=\"a053a28\" data-element_type=\"widget\" data-e-type=\"widget\" data-widget_type=\"image.default\">\n\t\t\t\t\t\t\t\t\t\t\t\t\t\t\t<img loading=\"lazy\" decoding=\"async\" width=\"150\" height=\"150\" src=\"https:\/\/mmi-tarbes.fr\/TP_STRAT-2025-2026\/FERNANDEZ_Lea\/Site\/wp-content\/uploads\/2026\/02\/B-e1771232540313-150x150.jpg\" class=\"attachment-thumbnail size-thumbnail wp-image-2823\" alt=\"B\" \/>\t\t\t\t\t\t\t\t\t\t\t\t\t\t\t<\/div>\n\t\t\t\t<div class=\"elementor-element elementor-element-e13ab9c elementor-widget elementor-widget-image\" data-id=\"e13ab9c\" data-element_type=\"widget\" data-e-type=\"widget\" data-widget_type=\"image.default\">\n\t\t\t\t\t\t\t\t\t\t\t\t\t\t\t<img loading=\"lazy\" decoding=\"async\" width=\"226\" height=\"300\" src=\"https:\/\/mmi-tarbes.fr\/TP_STRAT-2025-2026\/FERNANDEZ_Lea\/Site\/wp-content\/uploads\/2026\/02\/2-e1771232626650-226x300.jpg\" class=\"attachment-medium size-medium wp-image-2821\" alt=\"2\" srcset=\"https:\/\/mmi-tarbes.fr\/TP_STRAT-2025-2026\/FERNANDEZ_Lea\/Site\/wp-content\/uploads\/2026\/02\/2-e1771232626650-226x300.jpg 226w, https:\/\/mmi-tarbes.fr\/TP_STRAT-2025-2026\/FERNANDEZ_Lea\/Site\/wp-content\/uploads\/2026\/02\/2-e1771232626650.jpg 433w\" sizes=\"(max-width: 226px) 100vw, 226px\" \/>\t\t\t\t\t\t\t\t\t\t\t\t\t\t\t<\/div>\n\t\t\t\t<div class=\"elementor-element elementor-element-bca59b1 elementor-widget elementor-widget-image\" data-id=\"bca59b1\" data-element_type=\"widget\" data-e-type=\"widget\" data-widget_type=\"image.default\">\n\t\t\t\t\t\t\t\t\t\t\t\t\t\t\t<img loading=\"lazy\" decoding=\"async\" width=\"226\" height=\"300\" src=\"https:\/\/mmi-tarbes.fr\/TP_STRAT-2025-2026\/FERNANDEZ_Lea\/Site\/wp-content\/uploads\/2026\/02\/7-e1771232598252-226x300.jpg\" class=\"attachment-medium size-medium wp-image-2822\" alt=\"7\" srcset=\"https:\/\/mmi-tarbes.fr\/TP_STRAT-2025-2026\/FERNANDEZ_Lea\/Site\/wp-content\/uploads\/2026\/02\/7-e1771232598252-226x300.jpg 226w, https:\/\/mmi-tarbes.fr\/TP_STRAT-2025-2026\/FERNANDEZ_Lea\/Site\/wp-content\/uploads\/2026\/02\/7-e1771232598252.jpg 421w\" sizes=\"(max-width: 226px) 100vw, 226px\" \/>\t\t\t\t\t\t\t\t\t\t\t\t\t\t\t<\/div>\n\t\t\t\t<\/div>\n\t\t\t\t\t<\/div>\n\t\t\t\t<\/div>\n\t\t<div class=\"elementor-element elementor-element-84fe172 e-flex e-con-boxed wpr-particle-no wpr-jarallax-no wpr-parallax-no wpr-sticky-section-no e-con e-parent\" data-id=\"84fe172\" data-element_type=\"container\" data-e-type=\"container\">\n\t\t\t\t\t<div class=\"e-con-inner\">\n\t\t\t\t<div class=\"elementor-element elementor-element-0901f0e elementor-widget elementor-widget-text-editor\" data-id=\"0901f0e\" data-element_type=\"widget\" data-e-type=\"widget\" data-widget_type=\"text-editor.default\">\n\t\t\t\t\t\t\t\t\t<p><span style=\"text-decoration: underline;\">COMP\u00c9TENCES : Concevoir<\/span><\/p><p>&gt; Un support papier respectant des normes d&rsquo;impression\u00a0<\/p><p>&gt; un ensemble coh\u00e9rent en s&rsquo;adaptant aux codes du fanzine<\/p><p>&gt; en utilisant un logiciel de mise en page professionnel : Indesign<\/p>\t\t\t\t\t\t\t\t<\/div>\n\t\t\t\t<div class=\"elementor-element elementor-element-dfc2080 elementor-widget elementor-widget-text-editor\" data-id=\"dfc2080\" data-element_type=\"widget\" data-e-type=\"widget\" data-widget_type=\"text-editor.default\">\n\t\t\t\t\t\t\t\t\t<p><span style=\"text-decoration: underline;\">NOTES :\u00a0<\/span><\/p><p>J&rsquo;ai ador\u00e9 mettre en pratique mes comp\u00e9tences cr\u00e9atives et technique via ce projet. La double page que j&rsquo;ai r\u00e9alis\u00e9 portait sur tout ce et ceux qui ont \u00e9t\u00e9 inspir\u00e9s par Amy Winehouse.<\/p>\t\t\t\t\t\t\t\t<\/div>\n\t\t\t\t\t<\/div>\n\t\t\t\t<\/div>\n\t\t\t\t<\/div>\n\t\t","protected":false},"excerpt":{"rendered":"<p>ATTENDUS :\u00a0 Nous avons d\u00e9couvert le concept du fanzine puis par groupe de 4 nous avons du en r\u00e9aliser un sur un th\u00e8me de notre choix. COMP\u00c9TENCES : Concevoir &gt; Un support papier respectant des normes d&rsquo;impression\u00a0 &gt; un ensemble coh\u00e9rent en s&rsquo;adaptant aux codes du fanzine &gt; en utilisant un logiciel de mise en page professionnel : Indesign NOTES :\u00a0 J&rsquo;ai ador\u00e9 mettre en pratique mes comp\u00e9tences cr\u00e9atives et technique via ce projet. La double page que j&rsquo;ai r\u00e9alis\u00e9 portait sur tout ce et ceux qui ont \u00e9t\u00e9 inspir\u00e9s par Amy Winehouse.<\/p>\n","protected":false},"author":1,"featured_media":0,"parent":115,"menu_order":0,"comment_status":"closed","ping_status":"closed","template":"","meta":{"footnotes":""},"class_list":["post-2800","page","type-page","status-publish","hentry"],"yoast_head":"<!-- This site is optimized with the Yoast SEO plugin v27.3 - https:\/\/yoast.com\/product\/yoast-seo-wordpress\/ -->\n<title>Fanzine - Amy Winehouse - L\u00e9a Fernandez<\/title>\n<meta name=\"description\" content=\"Cr\u00e9ation d&#039;un fanzine sur un sujet libre : club des 27, Amy Winehouse. Respecter les codes propre au support.\" \/>\n<meta name=\"robots\" content=\"index, follow, max-snippet:-1, max-image-preview:large, max-video-preview:-1\" \/>\n<link rel=\"canonical\" href=\"https:\/\/mmi-tarbes.fr\/TP_STRAT-2025-2026\/FERNANDEZ_Lea\/Site\/projets\/fanzine-amy-winehouse\/\" \/>\n<meta property=\"og:locale\" content=\"fr_FR\" \/>\n<meta property=\"og:type\" content=\"article\" \/>\n<meta property=\"og:title\" content=\"Fanzine - Amy Winehouse - L\u00e9a Fernandez\" \/>\n<meta property=\"og:description\" content=\"Cr\u00e9ation d&#039;un fanzine sur un sujet libre : club des 27, Amy Winehouse. Respecter les codes propre au support.\" \/>\n<meta property=\"og:url\" content=\"https:\/\/mmi-tarbes.fr\/TP_STRAT-2025-2026\/FERNANDEZ_Lea\/Site\/projets\/fanzine-amy-winehouse\/\" \/>\n<meta property=\"og:site_name\" content=\"L\u00e9a Fernandez\" \/>\n<meta property=\"article:modified_time\" content=\"2026-03-16T17:50:34+00:00\" \/>\n<meta property=\"og:image\" content=\"https:\/\/mmi-tarbes.fr\/TP_STRAT-2025-2026\/FERNANDEZ_Lea\/Site\/wp-content\/uploads\/2026\/02\/fanzime_amy-1.png\" \/>\n\t<meta property=\"og:image:width\" content=\"1647\" \/>\n\t<meta property=\"og:image:height\" content=\"497\" \/>\n\t<meta property=\"og:image:type\" content=\"image\/png\" \/>\n<meta name=\"twitter:card\" content=\"summary_large_image\" \/>\n<meta name=\"twitter:label1\" content=\"Dur\u00e9e de lecture estim\u00e9e\" \/>\n\t<meta name=\"twitter:data1\" content=\"1 minute\" \/>\n<script type=\"application\/ld+json\" class=\"yoast-schema-graph\">{\"@context\":\"https:\\\/\\\/schema.org\",\"@graph\":[{\"@type\":\"WebPage\",\"@id\":\"https:\\\/\\\/mmi-tarbes.fr\\\/TP_STRAT-2025-2026\\\/FERNANDEZ_Lea\\\/Site\\\/projets\\\/fanzine-amy-winehouse\\\/\",\"url\":\"https:\\\/\\\/mmi-tarbes.fr\\\/TP_STRAT-2025-2026\\\/FERNANDEZ_Lea\\\/Site\\\/projets\\\/fanzine-amy-winehouse\\\/\",\"name\":\"Fanzine - Amy Winehouse - L\u00e9a Fernandez\",\"isPartOf\":{\"@id\":\"https:\\\/\\\/mmi-tarbes.fr\\\/TP_STRAT-2025-2026\\\/FERNANDEZ_Lea\\\/Site\\\/#website\"},\"primaryImageOfPage\":{\"@id\":\"https:\\\/\\\/mmi-tarbes.fr\\\/TP_STRAT-2025-2026\\\/FERNANDEZ_Lea\\\/Site\\\/projets\\\/fanzine-amy-winehouse\\\/#primaryimage\"},\"image\":{\"@id\":\"https:\\\/\\\/mmi-tarbes.fr\\\/TP_STRAT-2025-2026\\\/FERNANDEZ_Lea\\\/Site\\\/projets\\\/fanzine-amy-winehouse\\\/#primaryimage\"},\"thumbnailUrl\":\"https:\\\/\\\/mmi-tarbes.fr\\\/TP_STRAT-2025-2026\\\/FERNANDEZ_Lea\\\/Site\\\/wp-content\\\/uploads\\\/2026\\\/02\\\/fanzime_amy-1-768x232.png\",\"datePublished\":\"2026-02-16T08:45:41+00:00\",\"dateModified\":\"2026-03-16T17:50:34+00:00\",\"description\":\"Cr\u00e9ation d'un fanzine sur un sujet libre : club des 27, Amy Winehouse. Respecter les codes propre au support.\",\"breadcrumb\":{\"@id\":\"https:\\\/\\\/mmi-tarbes.fr\\\/TP_STRAT-2025-2026\\\/FERNANDEZ_Lea\\\/Site\\\/projets\\\/fanzine-amy-winehouse\\\/#breadcrumb\"},\"inLanguage\":\"fr-FR\",\"potentialAction\":[{\"@type\":\"ReadAction\",\"target\":[\"https:\\\/\\\/mmi-tarbes.fr\\\/TP_STRAT-2025-2026\\\/FERNANDEZ_Lea\\\/Site\\\/projets\\\/fanzine-amy-winehouse\\\/\"]}]},{\"@type\":\"ImageObject\",\"inLanguage\":\"fr-FR\",\"@id\":\"https:\\\/\\\/mmi-tarbes.fr\\\/TP_STRAT-2025-2026\\\/FERNANDEZ_Lea\\\/Site\\\/projets\\\/fanzine-amy-winehouse\\\/#primaryimage\",\"url\":\"https:\\\/\\\/mmi-tarbes.fr\\\/TP_STRAT-2025-2026\\\/FERNANDEZ_Lea\\\/Site\\\/wp-content\\\/uploads\\\/2026\\\/02\\\/fanzime_amy-1.png\",\"contentUrl\":\"https:\\\/\\\/mmi-tarbes.fr\\\/TP_STRAT-2025-2026\\\/FERNANDEZ_Lea\\\/Site\\\/wp-content\\\/uploads\\\/2026\\\/02\\\/fanzime_amy-1.png\",\"width\":1647,\"height\":497,\"caption\":\"fanzime Amy Winehouse\"},{\"@type\":\"BreadcrumbList\",\"@id\":\"https:\\\/\\\/mmi-tarbes.fr\\\/TP_STRAT-2025-2026\\\/FERNANDEZ_Lea\\\/Site\\\/projets\\\/fanzine-amy-winehouse\\\/#breadcrumb\",\"itemListElement\":[{\"@type\":\"ListItem\",\"position\":1,\"name\":\"Accueil\",\"item\":\"https:\\\/\\\/mmi-tarbes.fr\\\/TP_STRAT-2025-2026\\\/FERNANDEZ_Lea\\\/Site\\\/\"},{\"@type\":\"ListItem\",\"position\":2,\"name\":\"PROJETS\",\"item\":\"https:\\\/\\\/mmi-tarbes.fr\\\/TP_STRAT-2025-2026\\\/FERNANDEZ_Lea\\\/Site\\\/projets\\\/\"},{\"@type\":\"ListItem\",\"position\":3,\"name\":\"Fanzine &#8211; Amy Winehouse\"}]},{\"@type\":\"WebSite\",\"@id\":\"https:\\\/\\\/mmi-tarbes.fr\\\/TP_STRAT-2025-2026\\\/FERNANDEZ_Lea\\\/Site\\\/#website\",\"url\":\"https:\\\/\\\/mmi-tarbes.fr\\\/TP_STRAT-2025-2026\\\/FERNANDEZ_Lea\\\/Site\\\/\",\"name\":\"L\u00e9a Fernandez\",\"description\":\"\",\"potentialAction\":[{\"@type\":\"SearchAction\",\"target\":{\"@type\":\"EntryPoint\",\"urlTemplate\":\"https:\\\/\\\/mmi-tarbes.fr\\\/TP_STRAT-2025-2026\\\/FERNANDEZ_Lea\\\/Site\\\/?s={search_term_string}\"},\"query-input\":{\"@type\":\"PropertyValueSpecification\",\"valueRequired\":true,\"valueName\":\"search_term_string\"}}],\"inLanguage\":\"fr-FR\"}]}<\/script>\n<!-- \/ Yoast SEO plugin. -->","yoast_head_json":{"title":"Fanzine - Amy Winehouse - L\u00e9a Fernandez","description":"Cr\u00e9ation d'un fanzine sur un sujet libre : club des 27, Amy Winehouse. Respecter les codes propre au support.","robots":{"index":"index","follow":"follow","max-snippet":"max-snippet:-1","max-image-preview":"max-image-preview:large","max-video-preview":"max-video-preview:-1"},"canonical":"https:\/\/mmi-tarbes.fr\/TP_STRAT-2025-2026\/FERNANDEZ_Lea\/Site\/projets\/fanzine-amy-winehouse\/","og_locale":"fr_FR","og_type":"article","og_title":"Fanzine - Amy Winehouse - L\u00e9a Fernandez","og_description":"Cr\u00e9ation d'un fanzine sur un sujet libre : club des 27, Amy Winehouse. Respecter les codes propre au support.","og_url":"https:\/\/mmi-tarbes.fr\/TP_STRAT-2025-2026\/FERNANDEZ_Lea\/Site\/projets\/fanzine-amy-winehouse\/","og_site_name":"L\u00e9a Fernandez","article_modified_time":"2026-03-16T17:50:34+00:00","og_image":[{"width":1647,"height":497,"url":"https:\/\/mmi-tarbes.fr\/TP_STRAT-2025-2026\/FERNANDEZ_Lea\/Site\/wp-content\/uploads\/2026\/02\/fanzime_amy-1.png","type":"image\/png"}],"twitter_card":"summary_large_image","twitter_misc":{"Dur\u00e9e de lecture estim\u00e9e":"1 minute"},"schema":{"@context":"https:\/\/schema.org","@graph":[{"@type":"WebPage","@id":"https:\/\/mmi-tarbes.fr\/TP_STRAT-2025-2026\/FERNANDEZ_Lea\/Site\/projets\/fanzine-amy-winehouse\/","url":"https:\/\/mmi-tarbes.fr\/TP_STRAT-2025-2026\/FERNANDEZ_Lea\/Site\/projets\/fanzine-amy-winehouse\/","name":"Fanzine - Amy Winehouse - L\u00e9a Fernandez","isPartOf":{"@id":"https:\/\/mmi-tarbes.fr\/TP_STRAT-2025-2026\/FERNANDEZ_Lea\/Site\/#website"},"primaryImageOfPage":{"@id":"https:\/\/mmi-tarbes.fr\/TP_STRAT-2025-2026\/FERNANDEZ_Lea\/Site\/projets\/fanzine-amy-winehouse\/#primaryimage"},"image":{"@id":"https:\/\/mmi-tarbes.fr\/TP_STRAT-2025-2026\/FERNANDEZ_Lea\/Site\/projets\/fanzine-amy-winehouse\/#primaryimage"},"thumbnailUrl":"https:\/\/mmi-tarbes.fr\/TP_STRAT-2025-2026\/FERNANDEZ_Lea\/Site\/wp-content\/uploads\/2026\/02\/fanzime_amy-1-768x232.png","datePublished":"2026-02-16T08:45:41+00:00","dateModified":"2026-03-16T17:50:34+00:00","description":"Cr\u00e9ation d'un fanzine sur un sujet libre : club des 27, Amy Winehouse. Respecter les codes propre au support.","breadcrumb":{"@id":"https:\/\/mmi-tarbes.fr\/TP_STRAT-2025-2026\/FERNANDEZ_Lea\/Site\/projets\/fanzine-amy-winehouse\/#breadcrumb"},"inLanguage":"fr-FR","potentialAction":[{"@type":"ReadAction","target":["https:\/\/mmi-tarbes.fr\/TP_STRAT-2025-2026\/FERNANDEZ_Lea\/Site\/projets\/fanzine-amy-winehouse\/"]}]},{"@type":"ImageObject","inLanguage":"fr-FR","@id":"https:\/\/mmi-tarbes.fr\/TP_STRAT-2025-2026\/FERNANDEZ_Lea\/Site\/projets\/fanzine-amy-winehouse\/#primaryimage","url":"https:\/\/mmi-tarbes.fr\/TP_STRAT-2025-2026\/FERNANDEZ_Lea\/Site\/wp-content\/uploads\/2026\/02\/fanzime_amy-1.png","contentUrl":"https:\/\/mmi-tarbes.fr\/TP_STRAT-2025-2026\/FERNANDEZ_Lea\/Site\/wp-content\/uploads\/2026\/02\/fanzime_amy-1.png","width":1647,"height":497,"caption":"fanzime Amy Winehouse"},{"@type":"BreadcrumbList","@id":"https:\/\/mmi-tarbes.fr\/TP_STRAT-2025-2026\/FERNANDEZ_Lea\/Site\/projets\/fanzine-amy-winehouse\/#breadcrumb","itemListElement":[{"@type":"ListItem","position":1,"name":"Accueil","item":"https:\/\/mmi-tarbes.fr\/TP_STRAT-2025-2026\/FERNANDEZ_Lea\/Site\/"},{"@type":"ListItem","position":2,"name":"PROJETS","item":"https:\/\/mmi-tarbes.fr\/TP_STRAT-2025-2026\/FERNANDEZ_Lea\/Site\/projets\/"},{"@type":"ListItem","position":3,"name":"Fanzine &#8211; Amy Winehouse"}]},{"@type":"WebSite","@id":"https:\/\/mmi-tarbes.fr\/TP_STRAT-2025-2026\/FERNANDEZ_Lea\/Site\/#website","url":"https:\/\/mmi-tarbes.fr\/TP_STRAT-2025-2026\/FERNANDEZ_Lea\/Site\/","name":"L\u00e9a Fernandez","description":"","potentialAction":[{"@type":"SearchAction","target":{"@type":"EntryPoint","urlTemplate":"https:\/\/mmi-tarbes.fr\/TP_STRAT-2025-2026\/FERNANDEZ_Lea\/Site\/?s={search_term_string}"},"query-input":{"@type":"PropertyValueSpecification","valueRequired":true,"valueName":"search_term_string"}}],"inLanguage":"fr-FR"}]}},"_links":{"self":[{"href":"https:\/\/mmi-tarbes.fr\/TP_STRAT-2025-2026\/FERNANDEZ_Lea\/Site\/wp-json\/wp\/v2\/pages\/2800","targetHints":{"allow":["GET"]}}],"collection":[{"href":"https:\/\/mmi-tarbes.fr\/TP_STRAT-2025-2026\/FERNANDEZ_Lea\/Site\/wp-json\/wp\/v2\/pages"}],"about":[{"href":"https:\/\/mmi-tarbes.fr\/TP_STRAT-2025-2026\/FERNANDEZ_Lea\/Site\/wp-json\/wp\/v2\/types\/page"}],"author":[{"embeddable":true,"href":"https:\/\/mmi-tarbes.fr\/TP_STRAT-2025-2026\/FERNANDEZ_Lea\/Site\/wp-json\/wp\/v2\/users\/1"}],"replies":[{"embeddable":true,"href":"https:\/\/mmi-tarbes.fr\/TP_STRAT-2025-2026\/FERNANDEZ_Lea\/Site\/wp-json\/wp\/v2\/comments?post=2800"}],"version-history":[{"count":184,"href":"https:\/\/mmi-tarbes.fr\/TP_STRAT-2025-2026\/FERNANDEZ_Lea\/Site\/wp-json\/wp\/v2\/pages\/2800\/revisions"}],"predecessor-version":[{"id":4884,"href":"https:\/\/mmi-tarbes.fr\/TP_STRAT-2025-2026\/FERNANDEZ_Lea\/Site\/wp-json\/wp\/v2\/pages\/2800\/revisions\/4884"}],"up":[{"embeddable":true,"href":"https:\/\/mmi-tarbes.fr\/TP_STRAT-2025-2026\/FERNANDEZ_Lea\/Site\/wp-json\/wp\/v2\/pages\/115"}],"wp:attachment":[{"href":"https:\/\/mmi-tarbes.fr\/TP_STRAT-2025-2026\/FERNANDEZ_Lea\/Site\/wp-json\/wp\/v2\/media?parent=2800"}],"curies":[{"name":"wp","href":"https:\/\/api.w.org\/{rel}","templated":true}]}}