{"id":1334,"date":"2026-01-08T18:11:58","date_gmt":"2026-01-08T17:11:58","guid":{"rendered":"https:\/\/mmi-tarbes.fr\/TP_STRAT-2025-2026\/FERNANDEZ_Lea\/Site\/?page_id=1334"},"modified":"2026-02-04T15:39:37","modified_gmt":"2026-02-04T14:39:37","slug":"gestion-de-projet-et-production-dun-site-web","status":"publish","type":"page","link":"https:\/\/mmi-tarbes.fr\/TP_STRAT-2025-2026\/FERNANDEZ_Lea\/Site\/projets\/gestion-de-projet-et-production-dun-site-web\/","title":{"rendered":"Gestion de projet et production d&rsquo;un site web"},"content":{"rendered":"\t\t<div data-elementor-type=\"wp-page\" data-elementor-id=\"1334\" class=\"elementor elementor-1334\" data-elementor-post-type=\"page\">\n\t\t\t\t<div class=\"elementor-element elementor-element-946909e e-flex e-con-boxed wpr-particle-no wpr-jarallax-no wpr-parallax-no wpr-sticky-section-no e-con e-parent\" data-id=\"946909e\" data-element_type=\"container\" data-e-type=\"container\">\n\t\t\t\t\t<div class=\"e-con-inner\">\n\t\t<div class=\"elementor-element elementor-element-47b372a e-con-full e-flex wpr-particle-no wpr-jarallax-no wpr-parallax-no wpr-sticky-section-no e-con e-child\" data-id=\"47b372a\" data-element_type=\"container\" data-e-type=\"container\">\n\t\t\t\t<div class=\"elementor-element elementor-element-ca07711 elementor-widget elementor-widget-heading\" data-id=\"ca07711\" data-element_type=\"widget\" data-e-type=\"widget\" data-widget_type=\"heading.default\">\n\t\t\t\t\t<h2 class=\"elementor-heading-title elementor-size-default\">&lt;div id=\"SAE105\"&gt; <i>Gestion de projet pour une recommandation de communication<\/i> num\u00e9rique &lt;\/div&gt;\n<br>\n&lt;div id=\"SAE106\"&gt; <i>Produire un site web <\/i>&lt;\/div&gt;<\/h2>\t\t\t\t<\/div>\n\t\t\t\t<div class=\"elementor-element elementor-element-28f94d2 elementor-widget elementor-widget-image\" data-id=\"28f94d2\" data-element_type=\"widget\" data-e-type=\"widget\" data-widget_type=\"image.default\">\n\t\t\t\t\t\t\t\t\t\t\t\t\t\t\t<img decoding=\"async\" width=\"800\" height=\"26\" src=\"https:\/\/mmi-tarbes.fr\/TP_STRAT-2025-2026\/FERNANDEZ_Lea\/Site\/wp-content\/uploads\/2026\/01\/bande-rose-et-orange-e1767898159990-1024x33.png\" class=\"attachment-large size-large wp-image-1373\" alt=\"bande masking tape rose et orange\" srcset=\"https:\/\/mmi-tarbes.fr\/TP_STRAT-2025-2026\/FERNANDEZ_Lea\/Site\/wp-content\/uploads\/2026\/01\/bande-rose-et-orange-e1767898159990-1024x33.png 1024w, https:\/\/mmi-tarbes.fr\/TP_STRAT-2025-2026\/FERNANDEZ_Lea\/Site\/wp-content\/uploads\/2026\/01\/bande-rose-et-orange-e1767898159990-300x10.png 300w, https:\/\/mmi-tarbes.fr\/TP_STRAT-2025-2026\/FERNANDEZ_Lea\/Site\/wp-content\/uploads\/2026\/01\/bande-rose-et-orange-e1767898159990-768x25.png 768w, https:\/\/mmi-tarbes.fr\/TP_STRAT-2025-2026\/FERNANDEZ_Lea\/Site\/wp-content\/uploads\/2026\/01\/bande-rose-et-orange-e1767898159990-1536x49.png 1536w, https:\/\/mmi-tarbes.fr\/TP_STRAT-2025-2026\/FERNANDEZ_Lea\/Site\/wp-content\/uploads\/2026\/01\/bande-rose-et-orange-e1767898159990-2048x65.png 2048w\" sizes=\"(max-width: 800px) 100vw, 800px\" \/>\t\t\t\t\t\t\t\t\t\t\t\t\t\t\t<\/div>\n\t\t\t\t<\/div>\n\t\t\t\t<div class=\"elementor-element elementor-element-f0a369a elementor-absolute elementor-widget elementor-widget-image\" data-id=\"f0a369a\" data-element_type=\"widget\" data-e-type=\"widget\" data-settings=\"{&quot;_position&quot;:&quot;absolute&quot;}\" data-widget_type=\"image.default\">\n\t\t\t\t\t\t\t\t\t\t\t\t\t\t\t<img fetchpriority=\"high\" decoding=\"async\" width=\"800\" height=\"559\" src=\"https:\/\/mmi-tarbes.fr\/TP_STRAT-2025-2026\/FERNANDEZ_Lea\/Site\/wp-content\/uploads\/2026\/01\/sac_a_dos_carre-1024x715.png\" class=\"attachment-large size-large wp-image-1323\" alt=\"sticker sac \u00e0 dos jaune et rectangle \u00e0 carreaux\" srcset=\"https:\/\/mmi-tarbes.fr\/TP_STRAT-2025-2026\/FERNANDEZ_Lea\/Site\/wp-content\/uploads\/2026\/01\/sac_a_dos_carre-1024x715.png 1024w, https:\/\/mmi-tarbes.fr\/TP_STRAT-2025-2026\/FERNANDEZ_Lea\/Site\/wp-content\/uploads\/2026\/01\/sac_a_dos_carre-300x209.png 300w, https:\/\/mmi-tarbes.fr\/TP_STRAT-2025-2026\/FERNANDEZ_Lea\/Site\/wp-content\/uploads\/2026\/01\/sac_a_dos_carre-768x536.png 768w, https:\/\/mmi-tarbes.fr\/TP_STRAT-2025-2026\/FERNANDEZ_Lea\/Site\/wp-content\/uploads\/2026\/01\/sac_a_dos_carre.png 1082w\" sizes=\"(max-width: 800px) 100vw, 800px\" \/>\t\t\t\t\t\t\t\t\t\t\t\t\t\t\t<\/div>\n\t\t\t\t<div class=\"elementor-element elementor-element-9bfd426 elementor-widget elementor-widget-heading\" data-id=\"9bfd426\" data-element_type=\"widget\" data-e-type=\"widget\" data-widget_type=\"heading.default\">\n\t\t\t\t\t<h2 class=\"elementor-heading-title elementor-size-default\"><u>ATTENDUS<\/u><\/h2>\t\t\t\t<\/div>\n\t\t\t\t<div class=\"elementor-element elementor-element-de5d45c elementor-widget elementor-widget-text-editor\" data-id=\"de5d45c\" data-element_type=\"widget\" data-e-type=\"widget\" data-widget_type=\"text-editor.default\">\n\t\t\t\t\t\t\t\t\t<p>Il s&rsquo;agissait de r\u00e9aliser un site web op\u00e9rationnel pour un \u00e9tablissement scolaire fictif ou r\u00e9el, accompagn\u00e9 d&rsquo;un dossier de projet explicatif.<br \/>Le dossier devait comprendre:<\/p><p>\u2022 Une pr\u00e9sentation du contexte<br \/>\u2022 Une \u00e9tude d&rsquo;opportunit\u00e9<br \/>\u2022 Une \u00e9tude de faisabilit\u00e9<br \/>\u2022 Une phase de conception<\/p><p>Le site internet devait comprendre:<br \/>\u2022 Au niveau technique:<br \/>\u00a0 \u00a0 &#8211; une partie statique avec des pages HTML\/CSS<br \/>\u00a0 \u00a0 &#8211; une partie dynamique avec stockage des donn\u00e9es: PHP et JSON<\/p><p>\u2022 Au niveau contenu:<br \/>\u00a0 \u00a0 &#8211; les modules enseign\u00e9s par l&rsquo;\u00e9tablissement<br \/>\u00a0 \u00a0 &#8211; les dates de d\u00e9but et de fin des enseignements avec le semestre concern\u00e9<br \/>un intitul\u00e9 et une description pour chaque enseignement.<br \/>\u00a0 \u00a0 &#8211; une page de pr\u00e9sentation de l&rsquo;\u00e9tablissement et son histoire<br \/>\u00a0 \u00a0 &#8211; une pr\u00e9sentation des diff\u00e9rents enseignants qui interviennent<br \/>\u00a0 \u00a0 &#8211; un formulaire de contact<\/p><p>L&rsquo;enjeu \u00e9tait de comprendre par groupe de quatre l&rsquo;enjeu<br \/>de la gestion de projet et d&rsquo;obtenir un code de qualit\u00e9. Le graphisme (cr\u00e9ation du logo de l&rsquo;\u00e9tablissement) \u00e9tait secondaire.<\/p>\t\t\t\t\t\t\t\t<\/div>\n\t\t\t\t<div class=\"elementor-element elementor-element-208bc87 elementor-widget elementor-widget-heading\" data-id=\"208bc87\" data-element_type=\"widget\" data-e-type=\"widget\" data-widget_type=\"heading.default\">\n\t\t\t\t\t<h2 class=\"elementor-heading-title elementor-size-default\"><u>Comp\u00e9tence : COMPRENDRE<\/u><\/h2>\t\t\t\t<\/div>\n\t\t\t\t<div class=\"elementor-element elementor-element-dcbc566 elementor-widget elementor-widget-text-editor\" data-id=\"dcbc566\" data-element_type=\"widget\" data-e-type=\"widget\" data-widget_type=\"text-editor.default\">\n\t\t\t\t\t\t\t\t\t<p>En se servant de nos acquis de cours de gestion de projet, nous avons cr\u00e9\u00e9, conceptualis\u00e9, planifi\u00e9, analys\u00e9 et structur\u00e9 le projet. Nous avons \u00e9t\u00e9 efficace concernant cette partie du travail, car c&rsquo;est celle que nous maitrisions le mieux.<br \/>Nous avons d\u00e9cid\u00e9 de r\u00e9aliser le site internet d&rsquo;un lyc\u00e9e en s&rsquo;inspirant du lyc\u00e9e F\u00e9bus d&rsquo;Orthez. Avant de commencer un diagramme de Gantt ainsi qu&rsquo;une maquette avec l&rsquo;arborescence du site internet ont \u00e9t\u00e9 r\u00e9alis\u00e9s.<\/p>\t\t\t\t\t\t\t\t<\/div>\n\t\t\t\t<div class=\"elementor-element elementor-element-f6d95df elementor-widget elementor-widget-heading\" data-id=\"f6d95df\" data-element_type=\"widget\" data-e-type=\"widget\" data-widget_type=\"heading.default\">\n\t\t\t\t\t<h2 class=\"elementor-heading-title elementor-size-default\"><u><span data-elementor-setting-key=\"title\" data-pen-placeholder=\"\u00c9crivez ici...\" style=\"font-size: 2rem\">Comp\u00e9tence : D\u00c9VELOPPER<\/span><\/u><\/h2>\t\t\t\t<\/div>\n\t\t\t\t<div class=\"elementor-element elementor-element-c2e125e elementor-widget elementor-widget-text-editor\" data-id=\"c2e125e\" data-element_type=\"widget\" data-e-type=\"widget\" data-widget_type=\"text-editor.default\">\n\t\t\t\t\t\t\t\t\t<p>Pour la partie d\u00e9veloppement, une r\u00e9elle coordination de groupe pour garantir un code-clair a du s&rsquo;op\u00e9rer. La maquette a \u00e9galement \u00e9t\u00e9 un support pr\u00e9cieux pour s&rsquo;harmonises au niveau du visuel.<\/p><p>L&rsquo;utilisation d&rsquo;HTML et de CSS pour la partie statique nous a demand\u00e9 de faire appel \u00e0 nos pr\u00e9c\u00e9dents acquis. Cependant, la partie dynamique a fait l&rsquo;objet d&rsquo;enseignement durant le projet sur PHP et JSON.<\/p>\t\t\t\t\t\t\t\t<\/div>\n\t\t\t\t<div class=\"elementor-element elementor-element-3a8330b elementor-widget elementor-widget-image\" data-id=\"3a8330b\" data-element_type=\"widget\" data-e-type=\"widget\" data-widget_type=\"image.default\">\n\t\t\t\t\t\t\t\t\t\t\t\t\t\t\t<img decoding=\"async\" width=\"800\" height=\"26\" src=\"https:\/\/mmi-tarbes.fr\/TP_STRAT-2025-2026\/FERNANDEZ_Lea\/Site\/wp-content\/uploads\/2026\/01\/bande-rose-et-orange-e1767898159990-1024x33.png\" class=\"attachment-large size-large wp-image-1373\" alt=\"bande masking tape rose et orange\" srcset=\"https:\/\/mmi-tarbes.fr\/TP_STRAT-2025-2026\/FERNANDEZ_Lea\/Site\/wp-content\/uploads\/2026\/01\/bande-rose-et-orange-e1767898159990-1024x33.png 1024w, https:\/\/mmi-tarbes.fr\/TP_STRAT-2025-2026\/FERNANDEZ_Lea\/Site\/wp-content\/uploads\/2026\/01\/bande-rose-et-orange-e1767898159990-300x10.png 300w, https:\/\/mmi-tarbes.fr\/TP_STRAT-2025-2026\/FERNANDEZ_Lea\/Site\/wp-content\/uploads\/2026\/01\/bande-rose-et-orange-e1767898159990-768x25.png 768w, https:\/\/mmi-tarbes.fr\/TP_STRAT-2025-2026\/FERNANDEZ_Lea\/Site\/wp-content\/uploads\/2026\/01\/bande-rose-et-orange-e1767898159990-1536x49.png 1536w, https:\/\/mmi-tarbes.fr\/TP_STRAT-2025-2026\/FERNANDEZ_Lea\/Site\/wp-content\/uploads\/2026\/01\/bande-rose-et-orange-e1767898159990-2048x65.png 2048w\" sizes=\"(max-width: 800px) 100vw, 800px\" \/>\t\t\t\t\t\t\t\t\t\t\t\t\t\t\t<\/div>\n\t\t\t\t<div class=\"elementor-element elementor-element-133ab91 elementor-widget elementor-widget-text-editor\" data-id=\"133ab91\" data-element_type=\"widget\" data-e-type=\"widget\" data-widget_type=\"text-editor.default\">\n\t\t\t\t\t\t\t\t\t<p>\/*Le projet m&rsquo;a permis de r\u00e9v\u00e9ler chez moi une r\u00e9elle app\u00e9tence pour le travail de gestion d e projet.<br \/>Concernant la partie \u00ab\u00a0d\u00e9velopper le site internet\u00a0\u00bb, j&rsquo;ai pu vraiment approfondir mes comp\u00e9tences et ma compr\u00e9hension l&rsquo;HTML et du CSS ainsi qu&rsquo;entrevoir les bases du PHP et du JSON.*\/<\/p>\t\t\t\t\t\t\t\t<\/div>\n\t\t\t\t<div class=\"elementor-element elementor-element-2576fc3 elementor-absolute elementor-widget elementor-widget-image\" data-id=\"2576fc3\" data-element_type=\"widget\" data-e-type=\"widget\" data-settings=\"{&quot;_position&quot;:&quot;absolute&quot;}\" data-widget_type=\"image.default\">\n\t\t\t\t\t\t\t\t\t\t\t\t\t\t\t<img decoding=\"async\" width=\"337\" height=\"455\" src=\"https:\/\/mmi-tarbes.fr\/TP_STRAT-2025-2026\/FERNANDEZ_Lea\/Site\/wp-content\/uploads\/2026\/01\/point.png\" class=\"attachment-large size-large wp-image-1414\" alt=\"sticker violet et bleu point d&#039;exclamation\" srcset=\"https:\/\/mmi-tarbes.fr\/TP_STRAT-2025-2026\/FERNANDEZ_Lea\/Site\/wp-content\/uploads\/2026\/01\/point.png 337w, https:\/\/mmi-tarbes.fr\/TP_STRAT-2025-2026\/FERNANDEZ_Lea\/Site\/wp-content\/uploads\/2026\/01\/point-222x300.png 222w\" sizes=\"(max-width: 337px) 100vw, 337px\" \/>\t\t\t\t\t\t\t\t\t\t\t\t\t\t\t<\/div>\n\t\t\t\t\t<\/div>\n\t\t\t\t<\/div>\n\t\t\t\t<\/div>\n\t\t","protected":false},"excerpt":{"rendered":"<p>&lt;div id=\u00a0\u00bbSAE105&Prime;&gt; Gestion de projet pour une recommandation de communication num\u00e9rique &lt;\/div&gt; &lt;div id=\u00a0\u00bbSAE106&Prime;&gt; Produire un site web &lt;\/div&gt; ATTENDUS Il s&rsquo;agissait de r\u00e9aliser un site web op\u00e9rationnel pour un \u00e9tablissement scolaire fictif ou r\u00e9el, accompagn\u00e9 d&rsquo;un dossier de projet explicatif.Le dossier devait comprendre: \u2022 Une pr\u00e9sentation du contexte\u2022 Une \u00e9tude d&rsquo;opportunit\u00e9\u2022 Une \u00e9tude de faisabilit\u00e9\u2022 Une phase de conception Le site internet devait comprendre:\u2022 Au niveau technique:\u00a0 \u00a0 &#8211; une partie statique avec des pages HTML\/CSS\u00a0 \u00a0 &#8211; une partie dynamique avec stockage des donn\u00e9es: PHP et JSON \u2022 Au niveau contenu:\u00a0 \u00a0 &#8211; les modules enseign\u00e9s par l&rsquo;\u00e9tablissement\u00a0 \u00a0 &#8211; les dates de d\u00e9but et de fin des enseignements avec le semestre concern\u00e9un intitul\u00e9 et une description pour chaque enseignement.\u00a0 \u00a0 &#8211; une page de pr\u00e9sentation de l&rsquo;\u00e9tablissement et son histoire\u00a0 \u00a0 &#8211; une pr\u00e9sentation des diff\u00e9rents enseignants qui interviennent\u00a0 \u00a0 &#8211; un formulaire de contact L&rsquo;enjeu \u00e9tait de comprendre par groupe de quatre l&rsquo;enjeude la gestion de projet et d&rsquo;obtenir un code de qualit\u00e9. Le graphisme (cr\u00e9ation du logo de l&rsquo;\u00e9tablissement) \u00e9tait secondaire. Comp\u00e9tence : COMPRENDRE En se servant de nos acquis de cours de gestion de projet, nous avons cr\u00e9\u00e9, conceptualis\u00e9, planifi\u00e9, analys\u00e9 et structur\u00e9 le projet. Nous avons \u00e9t\u00e9 efficace concernant cette partie du travail, car c&rsquo;est celle que nous maitrisions le mieux.Nous avons d\u00e9cid\u00e9 de r\u00e9aliser le site internet d&rsquo;un lyc\u00e9e en s&rsquo;inspirant du lyc\u00e9e F\u00e9bus d&rsquo;Orthez. Avant de commencer un diagramme de Gantt ainsi qu&rsquo;une maquette avec l&rsquo;arborescence du site internet ont \u00e9t\u00e9 r\u00e9alis\u00e9s. Comp\u00e9tence : D\u00c9VELOPPER Pour la partie d\u00e9veloppement, une r\u00e9elle coordination de groupe pour garantir un code-clair a du s&rsquo;op\u00e9rer. La maquette a \u00e9galement \u00e9t\u00e9 un support pr\u00e9cieux pour s&rsquo;harmonises au niveau du visuel. L&rsquo;utilisation d&rsquo;HTML et de CSS pour la partie statique nous a demand\u00e9 de faire appel \u00e0 nos pr\u00e9c\u00e9dents acquis. Cependant, la partie dynamique a fait l&rsquo;objet d&rsquo;enseignement durant le projet sur PHP et JSON. \/*Le projet m&rsquo;a permis de r\u00e9v\u00e9ler chez moi une r\u00e9elle app\u00e9tence pour le travail de gestion d e projet.Concernant la partie \u00ab\u00a0d\u00e9velopper le site internet\u00a0\u00bb, j&rsquo;ai pu vraiment approfondir mes comp\u00e9tences et ma compr\u00e9hension l&rsquo;HTML et du CSS ainsi qu&rsquo;entrevoir les bases du PHP et du JSON.*\/<\/p>\n","protected":false},"author":1,"featured_media":1324,"parent":115,"menu_order":0,"comment_status":"closed","ping_status":"closed","template":"","meta":{"footnotes":""},"class_list":["post-1334","page","type-page","status-publish","has-post-thumbnail","hentry"],"yoast_head":"<!-- This site is optimized with the Yoast SEO plugin v27.3 - https:\/\/yoast.com\/product\/yoast-seo-wordpress\/ -->\n<title>Gestion de projet et production d&#039;un site web - L\u00e9a Fernandez<\/title>\n<meta name=\"description\" content=\"Produire un site web pour un \u00e9tablissement scolaire tout en r\u00e9alisant une gestion de projet propre et organis\u00e9e.\" \/>\n<meta name=\"robots\" content=\"index, follow, max-snippet:-1, max-image-preview:large, max-video-preview:-1\" \/>\n<link rel=\"canonical\" href=\"https:\/\/mmi-tarbes.fr\/TP_STRAT-2025-2026\/FERNANDEZ_Lea\/Site\/projets\/gestion-de-projet-et-production-dun-site-web\/\" \/>\n<meta property=\"og:locale\" content=\"fr_FR\" \/>\n<meta property=\"og:type\" content=\"article\" \/>\n<meta property=\"og:title\" content=\"Gestion de projet et production d&#039;un site web - L\u00e9a Fernandez\" \/>\n<meta property=\"og:description\" content=\"Produire un site web pour un \u00e9tablissement scolaire tout en r\u00e9alisant une gestion de projet propre et organis\u00e9e.\" \/>\n<meta property=\"og:url\" content=\"https:\/\/mmi-tarbes.fr\/TP_STRAT-2025-2026\/FERNANDEZ_Lea\/Site\/projets\/gestion-de-projet-et-production-dun-site-web\/\" \/>\n<meta property=\"og:site_name\" content=\"L\u00e9a Fernandez\" \/>\n<meta property=\"article:modified_time\" content=\"2026-02-04T14:39:37+00:00\" \/>\n<meta property=\"og:image\" content=\"https:\/\/mmi-tarbes.fr\/TP_STRAT-2025-2026\/FERNANDEZ_Lea\/Site\/wp-content\/uploads\/2026\/01\/sac_a_dos.png\" \/>\n\t<meta property=\"og:image:width\" content=\"556\" \/>\n\t<meta property=\"og:image:height\" content=\"659\" \/>\n\t<meta property=\"og:image:type\" content=\"image\/png\" \/>\n<meta name=\"twitter:card\" content=\"summary_large_image\" \/>\n<meta name=\"twitter:label1\" content=\"Dur\u00e9e de lecture estim\u00e9e\" \/>\n\t<meta name=\"twitter:data1\" content=\"2 minutes\" \/>\n<script type=\"application\/ld+json\" class=\"yoast-schema-graph\">{\"@context\":\"https:\\\/\\\/schema.org\",\"@graph\":[{\"@type\":\"WebPage\",\"@id\":\"https:\\\/\\\/mmi-tarbes.fr\\\/TP_STRAT-2025-2026\\\/FERNANDEZ_Lea\\\/Site\\\/projets\\\/gestion-de-projet-et-production-dun-site-web\\\/\",\"url\":\"https:\\\/\\\/mmi-tarbes.fr\\\/TP_STRAT-2025-2026\\\/FERNANDEZ_Lea\\\/Site\\\/projets\\\/gestion-de-projet-et-production-dun-site-web\\\/\",\"name\":\"Gestion de projet et production d'un site web - L\u00e9a Fernandez\",\"isPartOf\":{\"@id\":\"https:\\\/\\\/mmi-tarbes.fr\\\/TP_STRAT-2025-2026\\\/FERNANDEZ_Lea\\\/Site\\\/#website\"},\"primaryImageOfPage\":{\"@id\":\"https:\\\/\\\/mmi-tarbes.fr\\\/TP_STRAT-2025-2026\\\/FERNANDEZ_Lea\\\/Site\\\/projets\\\/gestion-de-projet-et-production-dun-site-web\\\/#primaryimage\"},\"image\":{\"@id\":\"https:\\\/\\\/mmi-tarbes.fr\\\/TP_STRAT-2025-2026\\\/FERNANDEZ_Lea\\\/Site\\\/projets\\\/gestion-de-projet-et-production-dun-site-web\\\/#primaryimage\"},\"thumbnailUrl\":\"https:\\\/\\\/mmi-tarbes.fr\\\/TP_STRAT-2025-2026\\\/FERNANDEZ_Lea\\\/Site\\\/wp-content\\\/uploads\\\/2026\\\/01\\\/sac_a_dos.png\",\"datePublished\":\"2026-01-08T17:11:58+00:00\",\"dateModified\":\"2026-02-04T14:39:37+00:00\",\"description\":\"Produire un site web pour un \u00e9tablissement scolaire tout en r\u00e9alisant une gestion de projet propre et organis\u00e9e.\",\"breadcrumb\":{\"@id\":\"https:\\\/\\\/mmi-tarbes.fr\\\/TP_STRAT-2025-2026\\\/FERNANDEZ_Lea\\\/Site\\\/projets\\\/gestion-de-projet-et-production-dun-site-web\\\/#breadcrumb\"},\"inLanguage\":\"fr-FR\",\"potentialAction\":[{\"@type\":\"ReadAction\",\"target\":[\"https:\\\/\\\/mmi-tarbes.fr\\\/TP_STRAT-2025-2026\\\/FERNANDEZ_Lea\\\/Site\\\/projets\\\/gestion-de-projet-et-production-dun-site-web\\\/\"]}]},{\"@type\":\"ImageObject\",\"inLanguage\":\"fr-FR\",\"@id\":\"https:\\\/\\\/mmi-tarbes.fr\\\/TP_STRAT-2025-2026\\\/FERNANDEZ_Lea\\\/Site\\\/projets\\\/gestion-de-projet-et-production-dun-site-web\\\/#primaryimage\",\"url\":\"https:\\\/\\\/mmi-tarbes.fr\\\/TP_STRAT-2025-2026\\\/FERNANDEZ_Lea\\\/Site\\\/wp-content\\\/uploads\\\/2026\\\/01\\\/sac_a_dos.png\",\"contentUrl\":\"https:\\\/\\\/mmi-tarbes.fr\\\/TP_STRAT-2025-2026\\\/FERNANDEZ_Lea\\\/Site\\\/wp-content\\\/uploads\\\/2026\\\/01\\\/sac_a_dos.png\",\"width\":556,\"height\":659,\"caption\":\"sac a dos orange sticker\"},{\"@type\":\"BreadcrumbList\",\"@id\":\"https:\\\/\\\/mmi-tarbes.fr\\\/TP_STRAT-2025-2026\\\/FERNANDEZ_Lea\\\/Site\\\/projets\\\/gestion-de-projet-et-production-dun-site-web\\\/#breadcrumb\",\"itemListElement\":[{\"@type\":\"ListItem\",\"position\":1,\"name\":\"Accueil\",\"item\":\"https:\\\/\\\/mmi-tarbes.fr\\\/TP_STRAT-2025-2026\\\/FERNANDEZ_Lea\\\/Site\\\/\"},{\"@type\":\"ListItem\",\"position\":2,\"name\":\"PROJETS\",\"item\":\"https:\\\/\\\/mmi-tarbes.fr\\\/TP_STRAT-2025-2026\\\/FERNANDEZ_Lea\\\/Site\\\/projets\\\/\"},{\"@type\":\"ListItem\",\"position\":3,\"name\":\"Gestion de projet et production d&rsquo;un site web\"}]},{\"@type\":\"WebSite\",\"@id\":\"https:\\\/\\\/mmi-tarbes.fr\\\/TP_STRAT-2025-2026\\\/FERNANDEZ_Lea\\\/Site\\\/#website\",\"url\":\"https:\\\/\\\/mmi-tarbes.fr\\\/TP_STRAT-2025-2026\\\/FERNANDEZ_Lea\\\/Site\\\/\",\"name\":\"L\u00e9a Fernandez\",\"description\":\"\",\"potentialAction\":[{\"@type\":\"SearchAction\",\"target\":{\"@type\":\"EntryPoint\",\"urlTemplate\":\"https:\\\/\\\/mmi-tarbes.fr\\\/TP_STRAT-2025-2026\\\/FERNANDEZ_Lea\\\/Site\\\/?s={search_term_string}\"},\"query-input\":{\"@type\":\"PropertyValueSpecification\",\"valueRequired\":true,\"valueName\":\"search_term_string\"}}],\"inLanguage\":\"fr-FR\"}]}<\/script>\n<!-- \/ Yoast SEO plugin. -->","yoast_head_json":{"title":"Gestion de projet et production d'un site web - L\u00e9a Fernandez","description":"Produire un site web pour un \u00e9tablissement scolaire tout en r\u00e9alisant une gestion de projet propre et organis\u00e9e.","robots":{"index":"index","follow":"follow","max-snippet":"max-snippet:-1","max-image-preview":"max-image-preview:large","max-video-preview":"max-video-preview:-1"},"canonical":"https:\/\/mmi-tarbes.fr\/TP_STRAT-2025-2026\/FERNANDEZ_Lea\/Site\/projets\/gestion-de-projet-et-production-dun-site-web\/","og_locale":"fr_FR","og_type":"article","og_title":"Gestion de projet et production d'un site web - L\u00e9a Fernandez","og_description":"Produire un site web pour un \u00e9tablissement scolaire tout en r\u00e9alisant une gestion de projet propre et organis\u00e9e.","og_url":"https:\/\/mmi-tarbes.fr\/TP_STRAT-2025-2026\/FERNANDEZ_Lea\/Site\/projets\/gestion-de-projet-et-production-dun-site-web\/","og_site_name":"L\u00e9a Fernandez","article_modified_time":"2026-02-04T14:39:37+00:00","og_image":[{"width":556,"height":659,"url":"https:\/\/mmi-tarbes.fr\/TP_STRAT-2025-2026\/FERNANDEZ_Lea\/Site\/wp-content\/uploads\/2026\/01\/sac_a_dos.png","type":"image\/png"}],"twitter_card":"summary_large_image","twitter_misc":{"Dur\u00e9e de lecture estim\u00e9e":"2 minutes"},"schema":{"@context":"https:\/\/schema.org","@graph":[{"@type":"WebPage","@id":"https:\/\/mmi-tarbes.fr\/TP_STRAT-2025-2026\/FERNANDEZ_Lea\/Site\/projets\/gestion-de-projet-et-production-dun-site-web\/","url":"https:\/\/mmi-tarbes.fr\/TP_STRAT-2025-2026\/FERNANDEZ_Lea\/Site\/projets\/gestion-de-projet-et-production-dun-site-web\/","name":"Gestion de projet et production d'un site web - L\u00e9a Fernandez","isPartOf":{"@id":"https:\/\/mmi-tarbes.fr\/TP_STRAT-2025-2026\/FERNANDEZ_Lea\/Site\/#website"},"primaryImageOfPage":{"@id":"https:\/\/mmi-tarbes.fr\/TP_STRAT-2025-2026\/FERNANDEZ_Lea\/Site\/projets\/gestion-de-projet-et-production-dun-site-web\/#primaryimage"},"image":{"@id":"https:\/\/mmi-tarbes.fr\/TP_STRAT-2025-2026\/FERNANDEZ_Lea\/Site\/projets\/gestion-de-projet-et-production-dun-site-web\/#primaryimage"},"thumbnailUrl":"https:\/\/mmi-tarbes.fr\/TP_STRAT-2025-2026\/FERNANDEZ_Lea\/Site\/wp-content\/uploads\/2026\/01\/sac_a_dos.png","datePublished":"2026-01-08T17:11:58+00:00","dateModified":"2026-02-04T14:39:37+00:00","description":"Produire un site web pour un \u00e9tablissement scolaire tout en r\u00e9alisant une gestion de projet propre et organis\u00e9e.","breadcrumb":{"@id":"https:\/\/mmi-tarbes.fr\/TP_STRAT-2025-2026\/FERNANDEZ_Lea\/Site\/projets\/gestion-de-projet-et-production-dun-site-web\/#breadcrumb"},"inLanguage":"fr-FR","potentialAction":[{"@type":"ReadAction","target":["https:\/\/mmi-tarbes.fr\/TP_STRAT-2025-2026\/FERNANDEZ_Lea\/Site\/projets\/gestion-de-projet-et-production-dun-site-web\/"]}]},{"@type":"ImageObject","inLanguage":"fr-FR","@id":"https:\/\/mmi-tarbes.fr\/TP_STRAT-2025-2026\/FERNANDEZ_Lea\/Site\/projets\/gestion-de-projet-et-production-dun-site-web\/#primaryimage","url":"https:\/\/mmi-tarbes.fr\/TP_STRAT-2025-2026\/FERNANDEZ_Lea\/Site\/wp-content\/uploads\/2026\/01\/sac_a_dos.png","contentUrl":"https:\/\/mmi-tarbes.fr\/TP_STRAT-2025-2026\/FERNANDEZ_Lea\/Site\/wp-content\/uploads\/2026\/01\/sac_a_dos.png","width":556,"height":659,"caption":"sac a dos orange sticker"},{"@type":"BreadcrumbList","@id":"https:\/\/mmi-tarbes.fr\/TP_STRAT-2025-2026\/FERNANDEZ_Lea\/Site\/projets\/gestion-de-projet-et-production-dun-site-web\/#breadcrumb","itemListElement":[{"@type":"ListItem","position":1,"name":"Accueil","item":"https:\/\/mmi-tarbes.fr\/TP_STRAT-2025-2026\/FERNANDEZ_Lea\/Site\/"},{"@type":"ListItem","position":2,"name":"PROJETS","item":"https:\/\/mmi-tarbes.fr\/TP_STRAT-2025-2026\/FERNANDEZ_Lea\/Site\/projets\/"},{"@type":"ListItem","position":3,"name":"Gestion de projet et production d&rsquo;un site web"}]},{"@type":"WebSite","@id":"https:\/\/mmi-tarbes.fr\/TP_STRAT-2025-2026\/FERNANDEZ_Lea\/Site\/#website","url":"https:\/\/mmi-tarbes.fr\/TP_STRAT-2025-2026\/FERNANDEZ_Lea\/Site\/","name":"L\u00e9a Fernandez","description":"","potentialAction":[{"@type":"SearchAction","target":{"@type":"EntryPoint","urlTemplate":"https:\/\/mmi-tarbes.fr\/TP_STRAT-2025-2026\/FERNANDEZ_Lea\/Site\/?s={search_term_string}"},"query-input":{"@type":"PropertyValueSpecification","valueRequired":true,"valueName":"search_term_string"}}],"inLanguage":"fr-FR"}]}},"_links":{"self":[{"href":"https:\/\/mmi-tarbes.fr\/TP_STRAT-2025-2026\/FERNANDEZ_Lea\/Site\/wp-json\/wp\/v2\/pages\/1334","targetHints":{"allow":["GET"]}}],"collection":[{"href":"https:\/\/mmi-tarbes.fr\/TP_STRAT-2025-2026\/FERNANDEZ_Lea\/Site\/wp-json\/wp\/v2\/pages"}],"about":[{"href":"https:\/\/mmi-tarbes.fr\/TP_STRAT-2025-2026\/FERNANDEZ_Lea\/Site\/wp-json\/wp\/v2\/types\/page"}],"author":[{"embeddable":true,"href":"https:\/\/mmi-tarbes.fr\/TP_STRAT-2025-2026\/FERNANDEZ_Lea\/Site\/wp-json\/wp\/v2\/users\/1"}],"replies":[{"embeddable":true,"href":"https:\/\/mmi-tarbes.fr\/TP_STRAT-2025-2026\/FERNANDEZ_Lea\/Site\/wp-json\/wp\/v2\/comments?post=1334"}],"version-history":[{"count":127,"href":"https:\/\/mmi-tarbes.fr\/TP_STRAT-2025-2026\/FERNANDEZ_Lea\/Site\/wp-json\/wp\/v2\/pages\/1334\/revisions"}],"predecessor-version":[{"id":2291,"href":"https:\/\/mmi-tarbes.fr\/TP_STRAT-2025-2026\/FERNANDEZ_Lea\/Site\/wp-json\/wp\/v2\/pages\/1334\/revisions\/2291"}],"up":[{"embeddable":true,"href":"https:\/\/mmi-tarbes.fr\/TP_STRAT-2025-2026\/FERNANDEZ_Lea\/Site\/wp-json\/wp\/v2\/pages\/115"}],"wp:featuredmedia":[{"embeddable":true,"href":"https:\/\/mmi-tarbes.fr\/TP_STRAT-2025-2026\/FERNANDEZ_Lea\/Site\/wp-json\/wp\/v2\/media\/1324"}],"wp:attachment":[{"href":"https:\/\/mmi-tarbes.fr\/TP_STRAT-2025-2026\/FERNANDEZ_Lea\/Site\/wp-json\/wp\/v2\/media?parent=1334"}],"curies":[{"name":"wp","href":"https:\/\/api.w.org\/{rel}","templated":true}]}}