{"id":117,"date":"2025-11-24T18:41:47","date_gmt":"2025-11-24T17:41:47","guid":{"rendered":"https:\/\/mmi-tarbes.fr\/TP_STRAT-2025-2026\/FERNANDEZ_Lea\/Site\/?page_id=117"},"modified":"2026-01-23T11:44:43","modified_gmt":"2026-01-23T10:44:43","slug":"contact","status":"publish","type":"page","link":"https:\/\/mmi-tarbes.fr\/TP_STRAT-2025-2026\/FERNANDEZ_Lea\/Site\/contact\/","title":{"rendered":"CONTACT"},"content":{"rendered":"\t\t<div data-elementor-type=\"wp-page\" data-elementor-id=\"117\" class=\"elementor elementor-117\" data-elementor-post-type=\"page\">\n\t\t\t\t<div class=\"elementor-element elementor-element-d481ba9 e-flex e-con-boxed wpr-particle-no wpr-jarallax-no wpr-parallax-no wpr-sticky-section-no e-con e-parent\" data-id=\"d481ba9\" data-element_type=\"container\" data-e-type=\"container\">\n\t\t\t\t\t<div class=\"e-con-inner\">\n\t\t\t\t<div class=\"elementor-element elementor-element-b54928b elementor-widget elementor-widget-heading\" data-id=\"b54928b\" data-element_type=\"widget\" data-e-type=\"widget\" data-widget_type=\"heading.default\">\n\t\t\t\t\t<h2 class=\"elementor-heading-title elementor-size-default\">CONTACT<\/h2>\t\t\t\t<\/div>\n\t\t\t\t\t<\/div>\n\t\t\t\t<\/div>\n\t\t<div class=\"elementor-element elementor-element-08ab47e e-flex e-con-boxed wpr-particle-no wpr-jarallax-no wpr-parallax-no wpr-sticky-section-no e-con e-parent\" data-id=\"08ab47e\" data-element_type=\"container\" data-e-type=\"container\">\n\t\t\t\t\t<div class=\"e-con-inner\">\n\t\t\t\t<div class=\"elementor-element elementor-element-5f1f314 elementor-widget elementor-widget-text-editor\" data-id=\"5f1f314\" data-element_type=\"widget\" data-e-type=\"widget\" data-widget_type=\"text-editor.default\">\n\t\t\t\t\t\t\t\t\t<p>N&rsquo;h\u00e9sitez pas \u00e0 venir vers moi si besoin, je serai ravie de vous r\u00e9pondre !\u00a0<\/p><p>Obtenir mon contact :<\/p>\t\t\t\t\t\t\t\t<\/div>\n\t\t\t\t<div class=\"elementor-element elementor-element-a8dc055 elementor-widget elementor-widget-image\" data-id=\"a8dc055\" data-element_type=\"widget\" data-e-type=\"widget\" data-widget_type=\"image.default\">\n\t\t\t\t\t\t\t\t\t\t\t\t\t\t\t\t<a href=\"mailto:leafernandez32000@gmail.com\">\n\t\t\t\t\t\t\t<img decoding=\"async\" width=\"181\" height=\"133\" src=\"https:\/\/mmi-tarbes.fr\/TP_STRAT-2025-2026\/FERNANDEZ_Lea\/Site\/wp-content\/uploads\/2025\/12\/enveloppe.png\" class=\"attachment-medium size-medium wp-image-558\" alt=\"enveloppe en papier pour contact\" \/>\t\t\t\t\t\t\t\t<\/a>\n\t\t\t\t\t\t\t\t\t\t\t\t\t\t\t<\/div>\n\t\t\t\t\t<\/div>\n\t\t\t\t<\/div>\n\t\t\t\t<\/div>\n\t\t","protected":false},"excerpt":{"rendered":"<p>CONTACT Pour toutes informations n&rsquo;h\u00e9sitez pas \u00e0 m&rsquo;envoyer un mail !<\/p>\n","protected":false},"author":1,"featured_media":558,"parent":0,"menu_order":0,"comment_status":"closed","ping_status":"closed","template":"","meta":{"footnotes":""},"class_list":["post-117","page","type-page","status-publish","has-post-thumbnail","hentry"],"yoast_head":"<!-- This site is optimized with the Yoast SEO plugin v27.3 - https:\/\/yoast.com\/product\/yoast-seo-wordpress\/ -->\n<title>CONTACT - L\u00e9a Fernandez<\/title>\n<meta name=\"description\" content=\"N&#039;h\u00e9sitez pas \u00e0 venir vers moi si besoin, je serai ravie de vous r\u00e9pondre ! Cliquez sur l&#039;enveloppe pour obtenir mon contact (mail) !\" \/>\n<meta name=\"robots\" content=\"index, follow, max-snippet:-1, max-image-preview:large, max-video-preview:-1\" \/>\n<link rel=\"canonical\" href=\"https:\/\/mmi-tarbes.fr\/TP_STRAT-2025-2026\/FERNANDEZ_Lea\/Site\/contact\/\" \/>\n<meta property=\"og:locale\" content=\"fr_FR\" \/>\n<meta property=\"og:type\" content=\"article\" \/>\n<meta property=\"og:title\" content=\"CONTACT - L\u00e9a Fernandez\" \/>\n<meta property=\"og:description\" content=\"N&#039;h\u00e9sitez pas \u00e0 venir vers moi si besoin, je serai ravie de vous r\u00e9pondre ! Cliquez sur l&#039;enveloppe pour obtenir mon contact (mail) !\" \/>\n<meta property=\"og:url\" content=\"https:\/\/mmi-tarbes.fr\/TP_STRAT-2025-2026\/FERNANDEZ_Lea\/Site\/contact\/\" \/>\n<meta property=\"og:site_name\" content=\"L\u00e9a Fernandez\" \/>\n<meta property=\"article:modified_time\" content=\"2026-01-23T10:44:43+00:00\" \/>\n<meta property=\"og:image\" content=\"https:\/\/mmi-tarbes.fr\/TP_STRAT-2025-2026\/FERNANDEZ_Lea\/Site\/wp-content\/uploads\/2025\/12\/enveloppe.png\" \/>\n\t<meta property=\"og:image:width\" content=\"181\" \/>\n\t<meta property=\"og:image:height\" content=\"133\" \/>\n\t<meta property=\"og:image:type\" content=\"image\/png\" \/>\n<meta name=\"twitter:card\" content=\"summary_large_image\" \/>\n<meta name=\"twitter:label1\" content=\"Dur\u00e9e de lecture estim\u00e9e\" \/>\n\t<meta name=\"twitter:data1\" content=\"1 minute\" \/>\n<script type=\"application\/ld+json\" class=\"yoast-schema-graph\">{\"@context\":\"https:\\\/\\\/schema.org\",\"@graph\":[{\"@type\":\"WebPage\",\"@id\":\"https:\\\/\\\/mmi-tarbes.fr\\\/TP_STRAT-2025-2026\\\/FERNANDEZ_Lea\\\/Site\\\/contact\\\/\",\"url\":\"https:\\\/\\\/mmi-tarbes.fr\\\/TP_STRAT-2025-2026\\\/FERNANDEZ_Lea\\\/Site\\\/contact\\\/\",\"name\":\"CONTACT - L\u00e9a Fernandez\",\"isPartOf\":{\"@id\":\"https:\\\/\\\/mmi-tarbes.fr\\\/TP_STRAT-2025-2026\\\/FERNANDEZ_Lea\\\/Site\\\/#website\"},\"primaryImageOfPage\":{\"@id\":\"https:\\\/\\\/mmi-tarbes.fr\\\/TP_STRAT-2025-2026\\\/FERNANDEZ_Lea\\\/Site\\\/contact\\\/#primaryimage\"},\"image\":{\"@id\":\"https:\\\/\\\/mmi-tarbes.fr\\\/TP_STRAT-2025-2026\\\/FERNANDEZ_Lea\\\/Site\\\/contact\\\/#primaryimage\"},\"thumbnailUrl\":\"https:\\\/\\\/mmi-tarbes.fr\\\/TP_STRAT-2025-2026\\\/FERNANDEZ_Lea\\\/Site\\\/wp-content\\\/uploads\\\/2025\\\/12\\\/enveloppe.png\",\"datePublished\":\"2025-11-24T17:41:47+00:00\",\"dateModified\":\"2026-01-23T10:44:43+00:00\",\"description\":\"N'h\u00e9sitez pas \u00e0 venir vers moi si besoin, je serai ravie de vous r\u00e9pondre ! Cliquez sur l'enveloppe pour obtenir mon contact (mail) !\",\"breadcrumb\":{\"@id\":\"https:\\\/\\\/mmi-tarbes.fr\\\/TP_STRAT-2025-2026\\\/FERNANDEZ_Lea\\\/Site\\\/contact\\\/#breadcrumb\"},\"inLanguage\":\"fr-FR\",\"potentialAction\":[{\"@type\":\"ReadAction\",\"target\":[\"https:\\\/\\\/mmi-tarbes.fr\\\/TP_STRAT-2025-2026\\\/FERNANDEZ_Lea\\\/Site\\\/contact\\\/\"]}]},{\"@type\":\"ImageObject\",\"inLanguage\":\"fr-FR\",\"@id\":\"https:\\\/\\\/mmi-tarbes.fr\\\/TP_STRAT-2025-2026\\\/FERNANDEZ_Lea\\\/Site\\\/contact\\\/#primaryimage\",\"url\":\"https:\\\/\\\/mmi-tarbes.fr\\\/TP_STRAT-2025-2026\\\/FERNANDEZ_Lea\\\/Site\\\/wp-content\\\/uploads\\\/2025\\\/12\\\/enveloppe.png\",\"contentUrl\":\"https:\\\/\\\/mmi-tarbes.fr\\\/TP_STRAT-2025-2026\\\/FERNANDEZ_Lea\\\/Site\\\/wp-content\\\/uploads\\\/2025\\\/12\\\/enveloppe.png\",\"width\":181,\"height\":133,\"caption\":\"enveloppe en papier\"},{\"@type\":\"BreadcrumbList\",\"@id\":\"https:\\\/\\\/mmi-tarbes.fr\\\/TP_STRAT-2025-2026\\\/FERNANDEZ_Lea\\\/Site\\\/contact\\\/#breadcrumb\",\"itemListElement\":[{\"@type\":\"ListItem\",\"position\":1,\"name\":\"Accueil\",\"item\":\"https:\\\/\\\/mmi-tarbes.fr\\\/TP_STRAT-2025-2026\\\/FERNANDEZ_Lea\\\/Site\\\/\"},{\"@type\":\"ListItem\",\"position\":2,\"name\":\"CONTACT\"}]},{\"@type\":\"WebSite\",\"@id\":\"https:\\\/\\\/mmi-tarbes.fr\\\/TP_STRAT-2025-2026\\\/FERNANDEZ_Lea\\\/Site\\\/#website\",\"url\":\"https:\\\/\\\/mmi-tarbes.fr\\\/TP_STRAT-2025-2026\\\/FERNANDEZ_Lea\\\/Site\\\/\",\"name\":\"L\u00e9a Fernandez\",\"description\":\"\",\"potentialAction\":[{\"@type\":\"SearchAction\",\"target\":{\"@type\":\"EntryPoint\",\"urlTemplate\":\"https:\\\/\\\/mmi-tarbes.fr\\\/TP_STRAT-2025-2026\\\/FERNANDEZ_Lea\\\/Site\\\/?s={search_term_string}\"},\"query-input\":{\"@type\":\"PropertyValueSpecification\",\"valueRequired\":true,\"valueName\":\"search_term_string\"}}],\"inLanguage\":\"fr-FR\"}]}<\/script>\n<!-- \/ Yoast SEO plugin. -->","yoast_head_json":{"title":"CONTACT - L\u00e9a Fernandez","description":"N'h\u00e9sitez pas \u00e0 venir vers moi si besoin, je serai ravie de vous r\u00e9pondre ! Cliquez sur l'enveloppe pour obtenir mon contact (mail) !","robots":{"index":"index","follow":"follow","max-snippet":"max-snippet:-1","max-image-preview":"max-image-preview:large","max-video-preview":"max-video-preview:-1"},"canonical":"https:\/\/mmi-tarbes.fr\/TP_STRAT-2025-2026\/FERNANDEZ_Lea\/Site\/contact\/","og_locale":"fr_FR","og_type":"article","og_title":"CONTACT - L\u00e9a Fernandez","og_description":"N'h\u00e9sitez pas \u00e0 venir vers moi si besoin, je serai ravie de vous r\u00e9pondre ! Cliquez sur l'enveloppe pour obtenir mon contact (mail) !","og_url":"https:\/\/mmi-tarbes.fr\/TP_STRAT-2025-2026\/FERNANDEZ_Lea\/Site\/contact\/","og_site_name":"L\u00e9a Fernandez","article_modified_time":"2026-01-23T10:44:43+00:00","og_image":[{"width":181,"height":133,"url":"https:\/\/mmi-tarbes.fr\/TP_STRAT-2025-2026\/FERNANDEZ_Lea\/Site\/wp-content\/uploads\/2025\/12\/enveloppe.png","type":"image\/png"}],"twitter_card":"summary_large_image","twitter_misc":{"Dur\u00e9e de lecture estim\u00e9e":"1 minute"},"schema":{"@context":"https:\/\/schema.org","@graph":[{"@type":"WebPage","@id":"https:\/\/mmi-tarbes.fr\/TP_STRAT-2025-2026\/FERNANDEZ_Lea\/Site\/contact\/","url":"https:\/\/mmi-tarbes.fr\/TP_STRAT-2025-2026\/FERNANDEZ_Lea\/Site\/contact\/","name":"CONTACT - L\u00e9a Fernandez","isPartOf":{"@id":"https:\/\/mmi-tarbes.fr\/TP_STRAT-2025-2026\/FERNANDEZ_Lea\/Site\/#website"},"primaryImageOfPage":{"@id":"https:\/\/mmi-tarbes.fr\/TP_STRAT-2025-2026\/FERNANDEZ_Lea\/Site\/contact\/#primaryimage"},"image":{"@id":"https:\/\/mmi-tarbes.fr\/TP_STRAT-2025-2026\/FERNANDEZ_Lea\/Site\/contact\/#primaryimage"},"thumbnailUrl":"https:\/\/mmi-tarbes.fr\/TP_STRAT-2025-2026\/FERNANDEZ_Lea\/Site\/wp-content\/uploads\/2025\/12\/enveloppe.png","datePublished":"2025-11-24T17:41:47+00:00","dateModified":"2026-01-23T10:44:43+00:00","description":"N'h\u00e9sitez pas \u00e0 venir vers moi si besoin, je serai ravie de vous r\u00e9pondre ! Cliquez sur l'enveloppe pour obtenir mon contact (mail) !","breadcrumb":{"@id":"https:\/\/mmi-tarbes.fr\/TP_STRAT-2025-2026\/FERNANDEZ_Lea\/Site\/contact\/#breadcrumb"},"inLanguage":"fr-FR","potentialAction":[{"@type":"ReadAction","target":["https:\/\/mmi-tarbes.fr\/TP_STRAT-2025-2026\/FERNANDEZ_Lea\/Site\/contact\/"]}]},{"@type":"ImageObject","inLanguage":"fr-FR","@id":"https:\/\/mmi-tarbes.fr\/TP_STRAT-2025-2026\/FERNANDEZ_Lea\/Site\/contact\/#primaryimage","url":"https:\/\/mmi-tarbes.fr\/TP_STRAT-2025-2026\/FERNANDEZ_Lea\/Site\/wp-content\/uploads\/2025\/12\/enveloppe.png","contentUrl":"https:\/\/mmi-tarbes.fr\/TP_STRAT-2025-2026\/FERNANDEZ_Lea\/Site\/wp-content\/uploads\/2025\/12\/enveloppe.png","width":181,"height":133,"caption":"enveloppe en papier"},{"@type":"BreadcrumbList","@id":"https:\/\/mmi-tarbes.fr\/TP_STRAT-2025-2026\/FERNANDEZ_Lea\/Site\/contact\/#breadcrumb","itemListElement":[{"@type":"ListItem","position":1,"name":"Accueil","item":"https:\/\/mmi-tarbes.fr\/TP_STRAT-2025-2026\/FERNANDEZ_Lea\/Site\/"},{"@type":"ListItem","position":2,"name":"CONTACT"}]},{"@type":"WebSite","@id":"https:\/\/mmi-tarbes.fr\/TP_STRAT-2025-2026\/FERNANDEZ_Lea\/Site\/#website","url":"https:\/\/mmi-tarbes.fr\/TP_STRAT-2025-2026\/FERNANDEZ_Lea\/Site\/","name":"L\u00e9a Fernandez","description":"","potentialAction":[{"@type":"SearchAction","target":{"@type":"EntryPoint","urlTemplate":"https:\/\/mmi-tarbes.fr\/TP_STRAT-2025-2026\/FERNANDEZ_Lea\/Site\/?s={search_term_string}"},"query-input":{"@type":"PropertyValueSpecification","valueRequired":true,"valueName":"search_term_string"}}],"inLanguage":"fr-FR"}]}},"_links":{"self":[{"href":"https:\/\/mmi-tarbes.fr\/TP_STRAT-2025-2026\/FERNANDEZ_Lea\/Site\/wp-json\/wp\/v2\/pages\/117","targetHints":{"allow":["GET"]}}],"collection":[{"href":"https:\/\/mmi-tarbes.fr\/TP_STRAT-2025-2026\/FERNANDEZ_Lea\/Site\/wp-json\/wp\/v2\/pages"}],"about":[{"href":"https:\/\/mmi-tarbes.fr\/TP_STRAT-2025-2026\/FERNANDEZ_Lea\/Site\/wp-json\/wp\/v2\/types\/page"}],"author":[{"embeddable":true,"href":"https:\/\/mmi-tarbes.fr\/TP_STRAT-2025-2026\/FERNANDEZ_Lea\/Site\/wp-json\/wp\/v2\/users\/1"}],"replies":[{"embeddable":true,"href":"https:\/\/mmi-tarbes.fr\/TP_STRAT-2025-2026\/FERNANDEZ_Lea\/Site\/wp-json\/wp\/v2\/comments?post=117"}],"version-history":[{"count":53,"href":"https:\/\/mmi-tarbes.fr\/TP_STRAT-2025-2026\/FERNANDEZ_Lea\/Site\/wp-json\/wp\/v2\/pages\/117\/revisions"}],"predecessor-version":[{"id":2185,"href":"https:\/\/mmi-tarbes.fr\/TP_STRAT-2025-2026\/FERNANDEZ_Lea\/Site\/wp-json\/wp\/v2\/pages\/117\/revisions\/2185"}],"wp:featuredmedia":[{"embeddable":true,"href":"https:\/\/mmi-tarbes.fr\/TP_STRAT-2025-2026\/FERNANDEZ_Lea\/Site\/wp-json\/wp\/v2\/media\/558"}],"wp:attachment":[{"href":"https:\/\/mmi-tarbes.fr\/TP_STRAT-2025-2026\/FERNANDEZ_Lea\/Site\/wp-json\/wp\/v2\/media?parent=117"}],"curies":[{"name":"wp","href":"https:\/\/api.w.org\/{rel}","templated":true}]}}