{"id":1167,"date":"2026-01-08T10:59:17","date_gmt":"2026-01-08T09:59:17","guid":{"rendered":"https:\/\/mmi-tarbes.fr\/TP_STRAT-2025-2026\/FERNANDEZ_Lea\/Site\/?page_id=1167"},"modified":"2026-03-16T18:08:05","modified_gmt":"2026-03-16T17:08:05","slug":"graphisme","status":"publish","type":"page","link":"https:\/\/mmi-tarbes.fr\/TP_STRAT-2025-2026\/FERNANDEZ_Lea\/Site\/projets\/graphisme\/","title":{"rendered":"Graphisme"},"content":{"rendered":"\t\t<div data-elementor-type=\"wp-page\" data-elementor-id=\"1167\" class=\"elementor elementor-1167\" data-elementor-post-type=\"page\">\n\t\t\t\t<div class=\"elementor-element elementor-element-697dbc3 e-flex e-con-boxed wpr-particle-no wpr-jarallax-no wpr-parallax-no wpr-sticky-section-no e-con e-parent\" data-id=\"697dbc3\" data-element_type=\"container\" data-e-type=\"container\">\n\t\t\t\t\t<div class=\"e-con-inner\">\n\t\t<div class=\"elementor-element elementor-element-029010b e-con-full e-flex wpr-particle-no wpr-jarallax-no wpr-parallax-no wpr-sticky-section-no e-con e-child\" data-id=\"029010b\" data-element_type=\"container\" data-e-type=\"container\">\n\t\t\t\t<div class=\"elementor-element elementor-element-93daa86 elementor-widget-tablet__width-initial elementor-widget elementor-widget-heading\" data-id=\"93daa86\" data-element_type=\"widget\" data-e-type=\"widget\" data-widget_type=\"heading.default\">\n\t\t\t\t\t<h2 class=\"elementor-heading-title elementor-size-default\">Graphisme<\/h2>\t\t\t\t<\/div>\n\t\t\t\t<div class=\"elementor-element elementor-element-2ee0480 elementor-widget elementor-widget-image\" data-id=\"2ee0480\" data-element_type=\"widget\" data-e-type=\"widget\" data-widget_type=\"image.default\">\n\t\t\t\t\t\t\t\t\t\t\t\t\t\t\t<img decoding=\"async\" width=\"150\" height=\"150\" src=\"https:\/\/mmi-tarbes.fr\/TP_STRAT-2025-2026\/FERNANDEZ_Lea\/Site\/wp-content\/uploads\/2026\/01\/champigon-150x150.png\" class=\"attachment-thumbnail size-thumbnail wp-image-1193\" alt=\"champigon vert Mario\" srcset=\"https:\/\/mmi-tarbes.fr\/TP_STRAT-2025-2026\/FERNANDEZ_Lea\/Site\/wp-content\/uploads\/2026\/01\/champigon-150x150.png 150w, https:\/\/mmi-tarbes.fr\/TP_STRAT-2025-2026\/FERNANDEZ_Lea\/Site\/wp-content\/uploads\/2026\/01\/elementor\/thumbs\/champigon-rhclhv64e0jpvwfl1jrfbidoeh4h1qx0b4pca3viv8.png 250w, https:\/\/mmi-tarbes.fr\/TP_STRAT-2025-2026\/FERNANDEZ_Lea\/Site\/wp-content\/uploads\/2026\/01\/elementor\/thumbs\/champigon-rhclhv63s35i2wcpu3bu9gyhvt0npvb5d8er7emwuo.png 200w, https:\/\/mmi-tarbes.fr\/TP_STRAT-2025-2026\/FERNANDEZ_Lea\/Site\/wp-content\/uploads\/2026\/01\/elementor\/thumbs\/champigon-rhclhv61yayunw447q133coybsp7q8hkjjizzax2t0.png 50w, https:\/\/mmi-tarbes.fr\/TP_STRAT-2025-2026\/FERNANDEZ_Lea\/Site\/wp-content\/uploads\/2026\/01\/elementor\/thumbs\/champigon-rhclhv6272q4zhqv3i7bikgmj9jjgl4ppwg17l0it8.png 70w\" sizes=\"(max-width: 150px) 100vw, 150px\" \/>\t\t\t\t\t\t\t\t\t\t\t\t\t\t\t<\/div>\n\t\t\t\t<\/div>\n\t\t<div class=\"elementor-element elementor-element-6ecf147 e-con-full e-flex wpr-particle-no wpr-jarallax-no wpr-parallax-no wpr-sticky-section-no e-con e-child\" data-id=\"6ecf147\" data-element_type=\"container\" data-e-type=\"container\">\n\t\t\t\t<div class=\"elementor-element elementor-element-e3146d1 elementor-widget elementor-widget-heading\" data-id=\"e3146d1\" data-element_type=\"widget\" data-e-type=\"widget\" data-widget_type=\"heading.default\">\n\t\t\t\t\t<h2 class=\"elementor-heading-title elementor-size-default\"><u>ATTENDUS :<\/u><\/h2>\t\t\t\t<\/div>\n\t\t\t\t<div class=\"elementor-element elementor-element-2dff186 elementor-widget elementor-widget-text-editor\" data-id=\"2dff186\" data-element_type=\"widget\" data-e-type=\"widget\" data-widget_type=\"text-editor.default\">\n\t\t\t\t\t\t\t\t\t<p>L&rsquo;objectif \u00e9tait de r\u00e9ussir \u00e0 conserver les atouts du champignon du jeu Mario tout en repr\u00e9sentant un personnage fictif.<\/p>\t\t\t\t\t\t\t\t<\/div>\n\t\t\t\t<\/div>\n\t\t<div class=\"elementor-element elementor-element-1a1bca5 e-grid e-con-full wpr-particle-no wpr-jarallax-no wpr-parallax-no wpr-sticky-section-no e-con e-child\" data-id=\"1a1bca5\" data-element_type=\"container\" data-e-type=\"container\">\n\t\t\t\t<div class=\"elementor-element elementor-element-53e2cde elementor-widget elementor-widget-image\" data-id=\"53e2cde\" data-element_type=\"widget\" data-e-type=\"widget\" data-widget_type=\"image.default\">\n\t\t\t\t\t\t\t\t\t\t\t\t\t\t\t<img fetchpriority=\"high\" decoding=\"async\" width=\"800\" height=\"566\" src=\"https:\/\/mmi-tarbes.fr\/TP_STRAT-2025-2026\/FERNANDEZ_Lea\/Site\/wp-content\/uploads\/2026\/01\/genie-de-la-lampe.png\" class=\"attachment-large size-large wp-image-876\" alt=\"g\u00e9nie de la lampe\" srcset=\"https:\/\/mmi-tarbes.fr\/TP_STRAT-2025-2026\/FERNANDEZ_Lea\/Site\/wp-content\/uploads\/2026\/01\/genie-de-la-lampe.png 843w, https:\/\/mmi-tarbes.fr\/TP_STRAT-2025-2026\/FERNANDEZ_Lea\/Site\/wp-content\/uploads\/2026\/01\/genie-de-la-lampe-300x212.png 300w, https:\/\/mmi-tarbes.fr\/TP_STRAT-2025-2026\/FERNANDEZ_Lea\/Site\/wp-content\/uploads\/2026\/01\/genie-de-la-lampe-768x543.png 768w\" sizes=\"(max-width: 800px) 100vw, 800px\" \/>\t\t\t\t\t\t\t\t\t\t\t\t\t\t\t<\/div>\n\t\t\t\t<div class=\"elementor-element elementor-element-a3dc812 elementor-widget elementor-widget-image\" data-id=\"a3dc812\" data-element_type=\"widget\" data-e-type=\"widget\" data-widget_type=\"image.default\">\n\t\t\t\t\t\t\t\t\t\t\t\t\t\t\t<img decoding=\"async\" width=\"800\" height=\"566\" src=\"https:\/\/mmi-tarbes.fr\/TP_STRAT-2025-2026\/FERNANDEZ_Lea\/Site\/wp-content\/uploads\/2026\/01\/Black-panther.png\" class=\"attachment-large size-large wp-image-875\" alt=\"Black panther\" srcset=\"https:\/\/mmi-tarbes.fr\/TP_STRAT-2025-2026\/FERNANDEZ_Lea\/Site\/wp-content\/uploads\/2026\/01\/Black-panther.png 843w, https:\/\/mmi-tarbes.fr\/TP_STRAT-2025-2026\/FERNANDEZ_Lea\/Site\/wp-content\/uploads\/2026\/01\/Black-panther-300x212.png 300w, https:\/\/mmi-tarbes.fr\/TP_STRAT-2025-2026\/FERNANDEZ_Lea\/Site\/wp-content\/uploads\/2026\/01\/Black-panther-768x543.png 768w\" sizes=\"(max-width: 800px) 100vw, 800px\" \/>\t\t\t\t\t\t\t\t\t\t\t\t\t\t\t<\/div>\n\t\t\t\t<div class=\"elementor-element elementor-element-1670126 elementor-widget elementor-widget-image\" data-id=\"1670126\" data-element_type=\"widget\" data-e-type=\"widget\" data-widget_type=\"image.default\">\n\t\t\t\t\t\t\t\t\t\t\t\t\t\t\t<img loading=\"lazy\" decoding=\"async\" width=\"800\" height=\"566\" src=\"https:\/\/mmi-tarbes.fr\/TP_STRAT-2025-2026\/FERNANDEZ_Lea\/Site\/wp-content\/uploads\/2026\/01\/mickey.png\" class=\"attachment-large size-large wp-image-877\" alt=\"mickey\" srcset=\"https:\/\/mmi-tarbes.fr\/TP_STRAT-2025-2026\/FERNANDEZ_Lea\/Site\/wp-content\/uploads\/2026\/01\/mickey.png 843w, https:\/\/mmi-tarbes.fr\/TP_STRAT-2025-2026\/FERNANDEZ_Lea\/Site\/wp-content\/uploads\/2026\/01\/mickey-300x212.png 300w, https:\/\/mmi-tarbes.fr\/TP_STRAT-2025-2026\/FERNANDEZ_Lea\/Site\/wp-content\/uploads\/2026\/01\/mickey-768x543.png 768w\" sizes=\"(max-width: 800px) 100vw, 800px\" \/>\t\t\t\t\t\t\t\t\t\t\t\t\t\t\t<\/div>\n\t\t<div class=\"elementor-element elementor-element-20a485d e-con-full e-flex wpr-particle-no wpr-jarallax-no wpr-parallax-no wpr-sticky-section-no e-con e-child\" data-id=\"20a485d\" data-element_type=\"container\" data-e-type=\"container\">\n\t\t\t\t<div class=\"elementor-element elementor-element-d0a818b elementor-widget elementor-widget-heading\" data-id=\"d0a818b\" data-element_type=\"widget\" data-e-type=\"widget\" data-widget_type=\"heading.default\">\n\t\t\t\t\t<h2 class=\"elementor-heading-title elementor-size-default\"><u>NOTE :<\/u><\/h2>\t\t\t\t<\/div>\n\t\t\t\t<div class=\"elementor-element elementor-element-a3dbeeb elementor-widget elementor-widget-text-editor\" data-id=\"a3dbeeb\" data-element_type=\"widget\" data-e-type=\"widget\" data-widget_type=\"text-editor.default\">\n\t\t\t\t\t\t\t\t\t<p>Avant de r\u00e9aliser ce travail, \u00a0je n&rsquo;avais pratiquement jamais utilis\u00e9 Illustrator. C&rsquo;est en pratiquant que l&rsquo;on apprend le mieux, j&rsquo;ai donc beaucoup appris techniquement en r\u00e9alisant ce projet.\u00a0<\/p>\t\t\t\t\t\t\t\t<\/div>\n\t\t\t\t<\/div>\n\t\t\t\t<\/div>\n\t\t\t\t\t<\/div>\n\t\t\t\t<\/div>\n\t\t\t\t<\/div>\n\t\t","protected":false},"excerpt":{"rendered":"<p>Graphisme ATTENDUS : L&rsquo;objectif \u00e9tait de r\u00e9ussir \u00e0 conserver les atouts du champignon du jeu Mario tout en repr\u00e9sentant un personnage fictif. NOTE : Avant de r\u00e9aliser ce travail, \u00a0je n&rsquo;avais pratiquement jamais utilis\u00e9 Illustrator. C&rsquo;est en pratiquant que l&rsquo;on apprend le mieux, j&rsquo;ai donc beaucoup appris techniquement en r\u00e9alisant ce projet.\u00a0<\/p>\n","protected":false},"author":1,"featured_media":1193,"parent":115,"menu_order":0,"comment_status":"closed","ping_status":"closed","template":"","meta":{"footnotes":""},"class_list":["post-1167","page","type-page","status-publish","has-post-thumbnail","hentry"],"yoast_head":"<!-- This site is optimized with the Yoast SEO plugin v27.3 - https:\/\/yoast.com\/product\/yoast-seo-wordpress\/ -->\n<title>Graphisme - L\u00e9a Fernandez<\/title>\n<meta name=\"description\" content=\"Projet de graphisme : r\u00e9aliser en vectoriel sur Illustrator des personnages tout en conservant les atouts du champignon du jeu Mario.\" \/>\n<meta name=\"robots\" content=\"index, follow, max-snippet:-1, max-image-preview:large, max-video-preview:-1\" \/>\n<link rel=\"canonical\" href=\"https:\/\/mmi-tarbes.fr\/TP_STRAT-2025-2026\/FERNANDEZ_Lea\/Site\/projets\/graphisme\/\" \/>\n<meta property=\"og:locale\" content=\"fr_FR\" \/>\n<meta property=\"og:type\" content=\"article\" \/>\n<meta property=\"og:title\" content=\"Graphisme - L\u00e9a Fernandez\" \/>\n<meta property=\"og:description\" content=\"Projet de graphisme : r\u00e9aliser en vectoriel sur Illustrator des personnages tout en conservant les atouts du champignon du jeu Mario.\" \/>\n<meta property=\"og:url\" content=\"https:\/\/mmi-tarbes.fr\/TP_STRAT-2025-2026\/FERNANDEZ_Lea\/Site\/projets\/graphisme\/\" \/>\n<meta property=\"og:site_name\" content=\"L\u00e9a Fernandez\" \/>\n<meta property=\"article:modified_time\" content=\"2026-03-16T17:08:05+00:00\" \/>\n<meta property=\"og:image\" content=\"https:\/\/mmi-tarbes.fr\/TP_STRAT-2025-2026\/FERNANDEZ_Lea\/Site\/wp-content\/uploads\/2026\/01\/champigon.png\" \/>\n\t<meta property=\"og:image:width\" content=\"1486\" \/>\n\t<meta property=\"og:image:height\" content=\"1333\" \/>\n\t<meta property=\"og:image:type\" content=\"image\/png\" \/>\n<meta name=\"twitter:card\" content=\"summary_large_image\" \/>\n<meta name=\"twitter:label1\" content=\"Dur\u00e9e de lecture estim\u00e9e\" \/>\n\t<meta name=\"twitter:data1\" content=\"1 minute\" \/>\n<script type=\"application\/ld+json\" class=\"yoast-schema-graph\">{\"@context\":\"https:\\\/\\\/schema.org\",\"@graph\":[{\"@type\":\"WebPage\",\"@id\":\"https:\\\/\\\/mmi-tarbes.fr\\\/TP_STRAT-2025-2026\\\/FERNANDEZ_Lea\\\/Site\\\/projets\\\/graphisme\\\/\",\"url\":\"https:\\\/\\\/mmi-tarbes.fr\\\/TP_STRAT-2025-2026\\\/FERNANDEZ_Lea\\\/Site\\\/projets\\\/graphisme\\\/\",\"name\":\"Graphisme - L\u00e9a Fernandez\",\"isPartOf\":{\"@id\":\"https:\\\/\\\/mmi-tarbes.fr\\\/TP_STRAT-2025-2026\\\/FERNANDEZ_Lea\\\/Site\\\/#website\"},\"primaryImageOfPage\":{\"@id\":\"https:\\\/\\\/mmi-tarbes.fr\\\/TP_STRAT-2025-2026\\\/FERNANDEZ_Lea\\\/Site\\\/projets\\\/graphisme\\\/#primaryimage\"},\"image\":{\"@id\":\"https:\\\/\\\/mmi-tarbes.fr\\\/TP_STRAT-2025-2026\\\/FERNANDEZ_Lea\\\/Site\\\/projets\\\/graphisme\\\/#primaryimage\"},\"thumbnailUrl\":\"https:\\\/\\\/mmi-tarbes.fr\\\/TP_STRAT-2025-2026\\\/FERNANDEZ_Lea\\\/Site\\\/wp-content\\\/uploads\\\/2026\\\/01\\\/champigon.png\",\"datePublished\":\"2026-01-08T09:59:17+00:00\",\"dateModified\":\"2026-03-16T17:08:05+00:00\",\"description\":\"Projet de graphisme : r\u00e9aliser en vectoriel sur Illustrator des personnages tout en conservant les atouts du champignon du jeu Mario.\",\"breadcrumb\":{\"@id\":\"https:\\\/\\\/mmi-tarbes.fr\\\/TP_STRAT-2025-2026\\\/FERNANDEZ_Lea\\\/Site\\\/projets\\\/graphisme\\\/#breadcrumb\"},\"inLanguage\":\"fr-FR\",\"potentialAction\":[{\"@type\":\"ReadAction\",\"target\":[\"https:\\\/\\\/mmi-tarbes.fr\\\/TP_STRAT-2025-2026\\\/FERNANDEZ_Lea\\\/Site\\\/projets\\\/graphisme\\\/\"]}]},{\"@type\":\"ImageObject\",\"inLanguage\":\"fr-FR\",\"@id\":\"https:\\\/\\\/mmi-tarbes.fr\\\/TP_STRAT-2025-2026\\\/FERNANDEZ_Lea\\\/Site\\\/projets\\\/graphisme\\\/#primaryimage\",\"url\":\"https:\\\/\\\/mmi-tarbes.fr\\\/TP_STRAT-2025-2026\\\/FERNANDEZ_Lea\\\/Site\\\/wp-content\\\/uploads\\\/2026\\\/01\\\/champigon.png\",\"contentUrl\":\"https:\\\/\\\/mmi-tarbes.fr\\\/TP_STRAT-2025-2026\\\/FERNANDEZ_Lea\\\/Site\\\/wp-content\\\/uploads\\\/2026\\\/01\\\/champigon.png\",\"width\":1486,\"height\":1333,\"caption\":\"champigon vert Mario\"},{\"@type\":\"BreadcrumbList\",\"@id\":\"https:\\\/\\\/mmi-tarbes.fr\\\/TP_STRAT-2025-2026\\\/FERNANDEZ_Lea\\\/Site\\\/projets\\\/graphisme\\\/#breadcrumb\",\"itemListElement\":[{\"@type\":\"ListItem\",\"position\":1,\"name\":\"Accueil\",\"item\":\"https:\\\/\\\/mmi-tarbes.fr\\\/TP_STRAT-2025-2026\\\/FERNANDEZ_Lea\\\/Site\\\/\"},{\"@type\":\"ListItem\",\"position\":2,\"name\":\"PROJETS\",\"item\":\"https:\\\/\\\/mmi-tarbes.fr\\\/TP_STRAT-2025-2026\\\/FERNANDEZ_Lea\\\/Site\\\/projets\\\/\"},{\"@type\":\"ListItem\",\"position\":3,\"name\":\"Graphisme\"}]},{\"@type\":\"WebSite\",\"@id\":\"https:\\\/\\\/mmi-tarbes.fr\\\/TP_STRAT-2025-2026\\\/FERNANDEZ_Lea\\\/Site\\\/#website\",\"url\":\"https:\\\/\\\/mmi-tarbes.fr\\\/TP_STRAT-2025-2026\\\/FERNANDEZ_Lea\\\/Site\\\/\",\"name\":\"L\u00e9a Fernandez\",\"description\":\"\",\"potentialAction\":[{\"@type\":\"SearchAction\",\"target\":{\"@type\":\"EntryPoint\",\"urlTemplate\":\"https:\\\/\\\/mmi-tarbes.fr\\\/TP_STRAT-2025-2026\\\/FERNANDEZ_Lea\\\/Site\\\/?s={search_term_string}\"},\"query-input\":{\"@type\":\"PropertyValueSpecification\",\"valueRequired\":true,\"valueName\":\"search_term_string\"}}],\"inLanguage\":\"fr-FR\"}]}<\/script>\n<!-- \/ Yoast SEO plugin. -->","yoast_head_json":{"title":"Graphisme - L\u00e9a Fernandez","description":"Projet de graphisme : r\u00e9aliser en vectoriel sur Illustrator des personnages tout en conservant les atouts du champignon du jeu Mario.","robots":{"index":"index","follow":"follow","max-snippet":"max-snippet:-1","max-image-preview":"max-image-preview:large","max-video-preview":"max-video-preview:-1"},"canonical":"https:\/\/mmi-tarbes.fr\/TP_STRAT-2025-2026\/FERNANDEZ_Lea\/Site\/projets\/graphisme\/","og_locale":"fr_FR","og_type":"article","og_title":"Graphisme - L\u00e9a Fernandez","og_description":"Projet de graphisme : r\u00e9aliser en vectoriel sur Illustrator des personnages tout en conservant les atouts du champignon du jeu Mario.","og_url":"https:\/\/mmi-tarbes.fr\/TP_STRAT-2025-2026\/FERNANDEZ_Lea\/Site\/projets\/graphisme\/","og_site_name":"L\u00e9a Fernandez","article_modified_time":"2026-03-16T17:08:05+00:00","og_image":[{"width":1486,"height":1333,"url":"https:\/\/mmi-tarbes.fr\/TP_STRAT-2025-2026\/FERNANDEZ_Lea\/Site\/wp-content\/uploads\/2026\/01\/champigon.png","type":"image\/png"}],"twitter_card":"summary_large_image","twitter_misc":{"Dur\u00e9e de lecture estim\u00e9e":"1 minute"},"schema":{"@context":"https:\/\/schema.org","@graph":[{"@type":"WebPage","@id":"https:\/\/mmi-tarbes.fr\/TP_STRAT-2025-2026\/FERNANDEZ_Lea\/Site\/projets\/graphisme\/","url":"https:\/\/mmi-tarbes.fr\/TP_STRAT-2025-2026\/FERNANDEZ_Lea\/Site\/projets\/graphisme\/","name":"Graphisme - L\u00e9a Fernandez","isPartOf":{"@id":"https:\/\/mmi-tarbes.fr\/TP_STRAT-2025-2026\/FERNANDEZ_Lea\/Site\/#website"},"primaryImageOfPage":{"@id":"https:\/\/mmi-tarbes.fr\/TP_STRAT-2025-2026\/FERNANDEZ_Lea\/Site\/projets\/graphisme\/#primaryimage"},"image":{"@id":"https:\/\/mmi-tarbes.fr\/TP_STRAT-2025-2026\/FERNANDEZ_Lea\/Site\/projets\/graphisme\/#primaryimage"},"thumbnailUrl":"https:\/\/mmi-tarbes.fr\/TP_STRAT-2025-2026\/FERNANDEZ_Lea\/Site\/wp-content\/uploads\/2026\/01\/champigon.png","datePublished":"2026-01-08T09:59:17+00:00","dateModified":"2026-03-16T17:08:05+00:00","description":"Projet de graphisme : r\u00e9aliser en vectoriel sur Illustrator des personnages tout en conservant les atouts du champignon du jeu Mario.","breadcrumb":{"@id":"https:\/\/mmi-tarbes.fr\/TP_STRAT-2025-2026\/FERNANDEZ_Lea\/Site\/projets\/graphisme\/#breadcrumb"},"inLanguage":"fr-FR","potentialAction":[{"@type":"ReadAction","target":["https:\/\/mmi-tarbes.fr\/TP_STRAT-2025-2026\/FERNANDEZ_Lea\/Site\/projets\/graphisme\/"]}]},{"@type":"ImageObject","inLanguage":"fr-FR","@id":"https:\/\/mmi-tarbes.fr\/TP_STRAT-2025-2026\/FERNANDEZ_Lea\/Site\/projets\/graphisme\/#primaryimage","url":"https:\/\/mmi-tarbes.fr\/TP_STRAT-2025-2026\/FERNANDEZ_Lea\/Site\/wp-content\/uploads\/2026\/01\/champigon.png","contentUrl":"https:\/\/mmi-tarbes.fr\/TP_STRAT-2025-2026\/FERNANDEZ_Lea\/Site\/wp-content\/uploads\/2026\/01\/champigon.png","width":1486,"height":1333,"caption":"champigon vert Mario"},{"@type":"BreadcrumbList","@id":"https:\/\/mmi-tarbes.fr\/TP_STRAT-2025-2026\/FERNANDEZ_Lea\/Site\/projets\/graphisme\/#breadcrumb","itemListElement":[{"@type":"ListItem","position":1,"name":"Accueil","item":"https:\/\/mmi-tarbes.fr\/TP_STRAT-2025-2026\/FERNANDEZ_Lea\/Site\/"},{"@type":"ListItem","position":2,"name":"PROJETS","item":"https:\/\/mmi-tarbes.fr\/TP_STRAT-2025-2026\/FERNANDEZ_Lea\/Site\/projets\/"},{"@type":"ListItem","position":3,"name":"Graphisme"}]},{"@type":"WebSite","@id":"https:\/\/mmi-tarbes.fr\/TP_STRAT-2025-2026\/FERNANDEZ_Lea\/Site\/#website","url":"https:\/\/mmi-tarbes.fr\/TP_STRAT-2025-2026\/FERNANDEZ_Lea\/Site\/","name":"L\u00e9a Fernandez","description":"","potentialAction":[{"@type":"SearchAction","target":{"@type":"EntryPoint","urlTemplate":"https:\/\/mmi-tarbes.fr\/TP_STRAT-2025-2026\/FERNANDEZ_Lea\/Site\/?s={search_term_string}"},"query-input":{"@type":"PropertyValueSpecification","valueRequired":true,"valueName":"search_term_string"}}],"inLanguage":"fr-FR"}]}},"_links":{"self":[{"href":"https:\/\/mmi-tarbes.fr\/TP_STRAT-2025-2026\/FERNANDEZ_Lea\/Site\/wp-json\/wp\/v2\/pages\/1167","targetHints":{"allow":["GET"]}}],"collection":[{"href":"https:\/\/mmi-tarbes.fr\/TP_STRAT-2025-2026\/FERNANDEZ_Lea\/Site\/wp-json\/wp\/v2\/pages"}],"about":[{"href":"https:\/\/mmi-tarbes.fr\/TP_STRAT-2025-2026\/FERNANDEZ_Lea\/Site\/wp-json\/wp\/v2\/types\/page"}],"author":[{"embeddable":true,"href":"https:\/\/mmi-tarbes.fr\/TP_STRAT-2025-2026\/FERNANDEZ_Lea\/Site\/wp-json\/wp\/v2\/users\/1"}],"replies":[{"embeddable":true,"href":"https:\/\/mmi-tarbes.fr\/TP_STRAT-2025-2026\/FERNANDEZ_Lea\/Site\/wp-json\/wp\/v2\/comments?post=1167"}],"version-history":[{"count":157,"href":"https:\/\/mmi-tarbes.fr\/TP_STRAT-2025-2026\/FERNANDEZ_Lea\/Site\/wp-json\/wp\/v2\/pages\/1167\/revisions"}],"predecessor-version":[{"id":4866,"href":"https:\/\/mmi-tarbes.fr\/TP_STRAT-2025-2026\/FERNANDEZ_Lea\/Site\/wp-json\/wp\/v2\/pages\/1167\/revisions\/4866"}],"up":[{"embeddable":true,"href":"https:\/\/mmi-tarbes.fr\/TP_STRAT-2025-2026\/FERNANDEZ_Lea\/Site\/wp-json\/wp\/v2\/pages\/115"}],"wp:featuredmedia":[{"embeddable":true,"href":"https:\/\/mmi-tarbes.fr\/TP_STRAT-2025-2026\/FERNANDEZ_Lea\/Site\/wp-json\/wp\/v2\/media\/1193"}],"wp:attachment":[{"href":"https:\/\/mmi-tarbes.fr\/TP_STRAT-2025-2026\/FERNANDEZ_Lea\/Site\/wp-json\/wp\/v2\/media?parent=1167"}],"curies":[{"name":"wp","href":"https:\/\/api.w.org\/{rel}","templated":true}]}}