{"id":431,"date":"2026-02-03T16:54:31","date_gmt":"2026-02-03T15:54:31","guid":{"rendered":"https:\/\/mmi-tarbes.fr\/TP_STRAT-2025-2026\/BENAZETH\/wordpress\/?page_id=431"},"modified":"2026-02-05T10:37:37","modified_gmt":"2026-02-05T09:37:37","slug":"packshot-parfum","status":"publish","type":"page","link":"https:\/\/mmi-tarbes.fr\/TP_STRAT-2025-2026\/BENAZETH\/wordpress\/packshot-parfum\/","title":{"rendered":"Packshot Parfum"},"content":{"rendered":"\t\t<div data-elementor-type=\"wp-page\" data-elementor-id=\"431\" class=\"elementor elementor-431\" data-elementor-post-type=\"page\">\n\t\t\t\t<div class=\"elementor-element elementor-element-53a39c6 e-con-full e-flex wpr-particle-no wpr-jarallax-no wpr-parallax-no wpr-sticky-section-no e-con e-parent\" data-id=\"53a39c6\" data-element_type=\"container\" data-settings=\"{&quot;background_background&quot;:&quot;classic&quot;}\">\n\t\t\t\t<div class=\"elementor-element elementor-element-972ee41 elementor-widget elementor-widget-heading\" data-id=\"972ee41\" data-element_type=\"widget\" data-widget_type=\"heading.default\">\n\t\t\t\t\t<h2 class=\"elementor-heading-title elementor-size-default\">PACKSHOT PARFUM<\/h2>\t\t\t\t<\/div>\n\t\t\t\t<div class=\"elementor-element elementor-element-c1bb005 elementor-widget elementor-widget-text-editor\" data-id=\"c1bb005\" data-element_type=\"widget\" data-widget_type=\"text-editor.default\">\n\t\t\t\t\t\t\t\t\t<p>POUR LEOTIE BEAUTY<\/p>\t\t\t\t\t\t\t\t<\/div>\n\t\t\t\t<\/div>\n\t\t<div class=\"elementor-element elementor-element-b3edc98 e-flex e-con-boxed wpr-particle-no wpr-jarallax-no wpr-parallax-no wpr-sticky-section-no e-con e-parent\" data-id=\"b3edc98\" data-element_type=\"container\" data-settings=\"{&quot;background_background&quot;:&quot;classic&quot;}\">\n\t\t\t\t\t<div class=\"e-con-inner\">\n\t\t\t\t<div class=\"elementor-element elementor-element-fbd425c elementor-widget elementor-widget-heading\" data-id=\"fbd425c\" data-element_type=\"widget\" data-widget_type=\"heading.default\">\n\t\t\t\t\t<h2 class=\"elementor-heading-title elementor-size-default\">CONTEXTE<\/h2>\t\t\t\t<\/div>\n\t\t\t\t<div class=\"elementor-element elementor-element-365d78d elementor-widget elementor-widget-text-editor\" data-id=\"365d78d\" data-element_type=\"widget\" data-widget_type=\"text-editor.default\">\n\t\t\t\t\t\t\t\t\t<p>L\u2019institut con\u00e7oit ses propres parfums \u00e0 Grasse, la ville de la fragrance. Puis, les revend sur Tarbes. Ceux-ci sont con\u00e7us avec une exigence de qualit\u00e9 et un grand savoir-faire artisanal.<\/p><p>L\u2019objectif est de proposer une mise en sc\u00e8ne permettant non seulement de pr\u00e9senter le parfum de mani\u00e8re esth\u00e9tique, mais \u00e9galement d\u2019offrir une exp\u00e9rience visuelle qui traduit l\u2019univers sensoriel et l\u2019\u00e9l\u00e9gance que Loetie Beaut\u00e9 souhaite transmettre \u00e0 sa client\u00e8le.<\/p>\t\t\t\t\t\t\t\t<\/div>\n\t\t\t\t<div class=\"elementor-element elementor-element-d4f5037 elementor-widget elementor-widget-heading\" data-id=\"d4f5037\" data-element_type=\"widget\" data-widget_type=\"heading.default\">\n\t\t\t\t\t<h2 class=\"elementor-heading-title elementor-size-default\">OBJECTIFS<\/h2>\t\t\t\t<\/div>\n\t\t\t\t<div class=\"elementor-element elementor-element-b646130 elementor-widget elementor-widget-text-editor\" data-id=\"b646130\" data-element_type=\"widget\" data-widget_type=\"text-editor.default\">\n\t\t\t\t\t\t\t\t\t<p>Cette production a pour objectif de renforcer l\u2019image de marque de l\u2019institut de beaut\u00e9 \u00e0 travers une s\u00e9rie de packshots mettant en valeur une s\u00e9lection de trois parfums aux tons chauds, ambr\u00e9s et sensuels.<br \/>L\u2019importance est de retraduire les tonalit\u00e9s de chaque parfums : profondeur et chaleur.<br \/><br \/>Les images produites sont \u00e9galement destin\u00e9es \u00e0 am\u00e9liorer la qualit\u00e9 et l\u2019homog\u00e9n\u00e9it\u00e9 des visuels utilis\u00e9s sur les supports de communication existants, en particulier le site e-commerce et les supports digitaux. Cette am\u00e9lioration permettra d\u2019am\u00e9liorer le taux d\u2019engagement (taux de clics, ventes, notori\u00e9t\u00e9) L\u2019objectif est d\u2019offrir une meilleure lisibilit\u00e9 des produits, de renforcer leur d\u00e9sid\u00e9rabilit\u00e9 et de professionnaliser la pr\u00e9sentation globale de la marque.<br \/><br \/>\u2028<\/p>\t\t\t\t\t\t\t\t<\/div>\n\t\t\t\t\t<\/div>\n\t\t\t\t<\/div>\n\t\t<div class=\"elementor-element elementor-element-5ef756b e-flex e-con-boxed wpr-particle-no wpr-jarallax-no wpr-parallax-no wpr-sticky-section-no e-con e-parent\" data-id=\"5ef756b\" data-element_type=\"container\">\n\t\t\t\t\t<div class=\"e-con-inner\">\n\t\t\t\t<div class=\"elementor-element elementor-element-1384ad2 elementor-widget elementor-widget-heading\" data-id=\"1384ad2\" data-element_type=\"widget\" data-widget_type=\"heading.default\">\n\t\t\t\t\t<h2 class=\"elementor-heading-title elementor-size-default\">MOODBOARD<\/h2>\t\t\t\t<\/div>\n\t\t\t\t<div class=\"elementor-element elementor-element-4419441 elementor-widget elementor-widget-image\" data-id=\"4419441\" data-element_type=\"widget\" data-widget_type=\"image.default\">\n\t\t\t\t\t\t\t\t\t\t\t\t\t\t\t<img fetchpriority=\"high\" decoding=\"async\" width=\"800\" height=\"517\" src=\"https:\/\/mmi-tarbes.fr\/TP_STRAT-2025-2026\/BENAZETH\/wordpress\/wp-content\/uploads\/2026\/02\/emmy-benazeth_moodboard-leotie-beauty-1024x662.png\" class=\"attachment-large size-large wp-image-472\" alt=\"\" srcset=\"https:\/\/mmi-tarbes.fr\/TP_STRAT-2025-2026\/BENAZETH\/wordpress\/wp-content\/uploads\/2026\/02\/emmy-benazeth_moodboard-leotie-beauty-1024x662.png 1024w, https:\/\/mmi-tarbes.fr\/TP_STRAT-2025-2026\/BENAZETH\/wordpress\/wp-content\/uploads\/2026\/02\/emmy-benazeth_moodboard-leotie-beauty-300x194.png 300w, https:\/\/mmi-tarbes.fr\/TP_STRAT-2025-2026\/BENAZETH\/wordpress\/wp-content\/uploads\/2026\/02\/emmy-benazeth_moodboard-leotie-beauty-768x496.png 768w, https:\/\/mmi-tarbes.fr\/TP_STRAT-2025-2026\/BENAZETH\/wordpress\/wp-content\/uploads\/2026\/02\/emmy-benazeth_moodboard-leotie-beauty-1536x993.png 1536w, https:\/\/mmi-tarbes.fr\/TP_STRAT-2025-2026\/BENAZETH\/wordpress\/wp-content\/uploads\/2026\/02\/emmy-benazeth_moodboard-leotie-beauty.png 1742w\" sizes=\"(max-width: 800px) 100vw, 800px\" \/>\t\t\t\t\t\t\t\t\t\t\t\t\t\t\t<\/div>\n\t\t\t\t\t<\/div>\n\t\t\t\t<\/div>\n\t\t<div class=\"elementor-element elementor-element-00036fc e-flex e-con-boxed wpr-particle-no wpr-jarallax-no wpr-parallax-no wpr-sticky-section-no e-con e-parent\" data-id=\"00036fc\" data-element_type=\"container\" data-settings=\"{&quot;background_background&quot;:&quot;classic&quot;}\">\n\t\t\t\t\t<div class=\"e-con-inner\">\n\t\t\t\t<div class=\"elementor-element elementor-element-1aa154e elementor-widget elementor-widget-heading\" data-id=\"1aa154e\" data-element_type=\"widget\" data-widget_type=\"heading.default\">\n\t\t\t\t\t<h2 class=\"elementor-heading-title elementor-size-default\">PHOTOS<\/h2>\t\t\t\t<\/div>\n\t\t\t\t<div class=\"elementor-element elementor-element-155a39d elementor-widget elementor-widget-gallery\" data-id=\"155a39d\" data-element_type=\"widget\" data-settings=\"{&quot;gallery_layout&quot;:&quot;masonry&quot;,&quot;columns&quot;:3,&quot;gap&quot;:{&quot;unit&quot;:&quot;px&quot;,&quot;size&quot;:20,&quot;sizes&quot;:[]},&quot;lazyload&quot;:&quot;yes&quot;,&quot;columns_tablet&quot;:2,&quot;columns_mobile&quot;:1,&quot;gap_tablet&quot;:{&quot;unit&quot;:&quot;px&quot;,&quot;size&quot;:10,&quot;sizes&quot;:[]},&quot;gap_mobile&quot;:{&quot;unit&quot;:&quot;px&quot;,&quot;size&quot;:10,&quot;sizes&quot;:[]},&quot;link_to&quot;:&quot;file&quot;,&quot;overlay_background&quot;:&quot;yes&quot;,&quot;content_hover_animation&quot;:&quot;fade-in&quot;}\" data-widget_type=\"gallery.default\">\n\t\t\t\t\t\t\t<div class=\"elementor-gallery__container\">\n\t\t\t\t\t\t\t<a class=\"e-gallery-item elementor-gallery-item elementor-animated-content\" href=\"https:\/\/mmi-tarbes.fr\/TP_STRAT-2025-2026\/BENAZETH\/wordpress\/wp-content\/uploads\/2026\/02\/emmy-benazeth_libertine_leotie-beauty.jpg\" data-elementor-open-lightbox=\"yes\" data-elementor-lightbox-slideshow=\"155a39d\" data-e-action-hash=\"#elementor-action%3Aaction%3Dlightbox%26settings%3DeyJpZCI6NDg2LCJ1cmwiOiJodHRwczpcL1wvbW1pLXRhcmJlcy5mclwvVFBfU1RSQVQtMjAyNS0yMDI2XC9CRU5BWkVUSFwvd29yZHByZXNzXC93cC1jb250ZW50XC91cGxvYWRzXC8yMDI2XC8wMlwvZW1teS1iZW5hemV0aF9saWJlcnRpbmVfbGVvdGllLWJlYXV0eS5qcGciLCJzbGlkZXNob3ciOiIxNTVhMzlkIn0%3D\">\n\t\t\t\t\t<div class=\"e-gallery-image elementor-gallery-item__image\" data-thumbnail=\"https:\/\/mmi-tarbes.fr\/TP_STRAT-2025-2026\/BENAZETH\/wordpress\/wp-content\/uploads\/2026\/02\/emmy-benazeth_libertine_leotie-beauty.jpg\" data-width=\"686\" data-height=\"1024\" aria-label=\"\" role=\"img\" ><\/div>\n\t\t\t\t\t\t\t\t\t\t\t<div class=\"elementor-gallery-item__overlay\"><\/div>\n\t\t\t\t\t\t\t\t\t\t\t\t\t\t<\/a>\n\t\t\t\t\t\t\t<a class=\"e-gallery-item elementor-gallery-item elementor-animated-content\" href=\"https:\/\/mmi-tarbes.fr\/TP_STRAT-2025-2026\/BENAZETH\/wordpress\/wp-content\/uploads\/2026\/02\/emmy-benazeth_backstage_leotie-beauty.jpg\" data-elementor-open-lightbox=\"yes\" data-elementor-lightbox-slideshow=\"155a39d\" data-e-action-hash=\"#elementor-action%3Aaction%3Dlightbox%26settings%3DeyJpZCI6NTY0LCJ1cmwiOiJodHRwczpcL1wvbW1pLXRhcmJlcy5mclwvVFBfU1RSQVQtMjAyNS0yMDI2XC9CRU5BWkVUSFwvd29yZHByZXNzXC93cC1jb250ZW50XC91cGxvYWRzXC8yMDI2XC8wMlwvZW1teS1iZW5hemV0aF9iYWNrc3RhZ2VfbGVvdGllLWJlYXV0eS5qcGciLCJzbGlkZXNob3ciOiIxNTVhMzlkIn0%3D\">\n\t\t\t\t\t<div class=\"e-gallery-image elementor-gallery-item__image\" data-thumbnail=\"https:\/\/mmi-tarbes.fr\/TP_STRAT-2025-2026\/BENAZETH\/wordpress\/wp-content\/uploads\/2026\/02\/emmy-benazeth_backstage_leotie-beauty.jpg\" data-width=\"686\" data-height=\"1024\" aria-label=\"\" role=\"img\" ><\/div>\n\t\t\t\t\t\t\t\t\t\t\t<div class=\"elementor-gallery-item__overlay\"><\/div>\n\t\t\t\t\t\t\t\t\t\t\t\t\t\t<\/a>\n\t\t\t\t\t\t\t<a class=\"e-gallery-item elementor-gallery-item elementor-animated-content\" href=\"https:\/\/mmi-tarbes.fr\/TP_STRAT-2025-2026\/BENAZETH\/wordpress\/wp-content\/uploads\/2026\/02\/emmy-benazeth_pavot-noir4_leotie-beauty.jpg\" data-elementor-open-lightbox=\"yes\" data-elementor-lightbox-slideshow=\"155a39d\" data-e-action-hash=\"#elementor-action%3Aaction%3Dlightbox%26settings%3DeyJpZCI6NDg5LCJ1cmwiOiJodHRwczpcL1wvbW1pLXRhcmJlcy5mclwvVFBfU1RSQVQtMjAyNS0yMDI2XC9CRU5BWkVUSFwvd29yZHByZXNzXC93cC1jb250ZW50XC91cGxvYWRzXC8yMDI2XC8wMlwvZW1teS1iZW5hemV0aF9wYXZvdC1ub2lyNF9sZW90aWUtYmVhdXR5LmpwZyIsInNsaWRlc2hvdyI6IjE1NWEzOWQifQ%3D%3D\">\n\t\t\t\t\t<div class=\"e-gallery-image elementor-gallery-item__image\" data-thumbnail=\"https:\/\/mmi-tarbes.fr\/TP_STRAT-2025-2026\/BENAZETH\/wordpress\/wp-content\/uploads\/2026\/02\/emmy-benazeth_pavot-noir4_leotie-beauty.jpg\" data-width=\"686\" data-height=\"1024\" aria-label=\"\" role=\"img\" ><\/div>\n\t\t\t\t\t\t\t\t\t\t\t<div class=\"elementor-gallery-item__overlay\"><\/div>\n\t\t\t\t\t\t\t\t\t\t\t\t\t\t<\/a>\n\t\t\t\t\t\t\t<a class=\"e-gallery-item elementor-gallery-item elementor-animated-content\" href=\"https:\/\/mmi-tarbes.fr\/TP_STRAT-2025-2026\/BENAZETH\/wordpress\/wp-content\/uploads\/2026\/02\/emmy-benazeth_backstages2_leotie-beauty.jpg\" data-elementor-open-lightbox=\"yes\" data-elementor-lightbox-slideshow=\"155a39d\" data-e-action-hash=\"#elementor-action%3Aaction%3Dlightbox%26settings%3DeyJpZCI6NTYzLCJ1cmwiOiJodHRwczpcL1wvbW1pLXRhcmJlcy5mclwvVFBfU1RSQVQtMjAyNS0yMDI2XC9CRU5BWkVUSFwvd29yZHByZXNzXC93cC1jb250ZW50XC91cGxvYWRzXC8yMDI2XC8wMlwvZW1teS1iZW5hemV0aF9iYWNrc3RhZ2VzMl9sZW90aWUtYmVhdXR5LmpwZyIsInNsaWRlc2hvdyI6IjE1NWEzOWQifQ%3D%3D\">\n\t\t\t\t\t<div class=\"e-gallery-image elementor-gallery-item__image\" data-thumbnail=\"https:\/\/mmi-tarbes.fr\/TP_STRAT-2025-2026\/BENAZETH\/wordpress\/wp-content\/uploads\/2026\/02\/emmy-benazeth_backstages2_leotie-beauty.jpg\" data-width=\"686\" data-height=\"1024\" aria-label=\"\" role=\"img\" ><\/div>\n\t\t\t\t\t\t\t\t\t\t\t<div class=\"elementor-gallery-item__overlay\"><\/div>\n\t\t\t\t\t\t\t\t\t\t\t\t\t\t<\/a>\n\t\t\t\t\t\t\t<a class=\"e-gallery-item elementor-gallery-item elementor-animated-content\" href=\"https:\/\/mmi-tarbes.fr\/TP_STRAT-2025-2026\/BENAZETH\/wordpress\/wp-content\/uploads\/2026\/02\/emmy-benazeth_pavot-noir3_leotie-beauty.jpg\" data-elementor-open-lightbox=\"yes\" data-elementor-lightbox-slideshow=\"155a39d\" data-e-action-hash=\"#elementor-action%3Aaction%3Dlightbox%26settings%3DeyJpZCI6NDkwLCJ1cmwiOiJodHRwczpcL1wvbW1pLXRhcmJlcy5mclwvVFBfU1RSQVQtMjAyNS0yMDI2XC9CRU5BWkVUSFwvd29yZHByZXNzXC93cC1jb250ZW50XC91cGxvYWRzXC8yMDI2XC8wMlwvZW1teS1iZW5hemV0aF9wYXZvdC1ub2lyM19sZW90aWUtYmVhdXR5LmpwZyIsInNsaWRlc2hvdyI6IjE1NWEzOWQifQ%3D%3D\">\n\t\t\t\t\t<div class=\"e-gallery-image elementor-gallery-item__image\" data-thumbnail=\"https:\/\/mmi-tarbes.fr\/TP_STRAT-2025-2026\/BENAZETH\/wordpress\/wp-content\/uploads\/2026\/02\/emmy-benazeth_pavot-noir3_leotie-beauty.jpg\" data-width=\"686\" data-height=\"1024\" aria-label=\"\" role=\"img\" ><\/div>\n\t\t\t\t\t\t\t\t\t\t\t<div class=\"elementor-gallery-item__overlay\"><\/div>\n\t\t\t\t\t\t\t\t\t\t\t\t\t\t<\/a>\n\t\t\t\t\t\t\t<a class=\"e-gallery-item elementor-gallery-item elementor-animated-content\" href=\"https:\/\/mmi-tarbes.fr\/TP_STRAT-2025-2026\/BENAZETH\/wordpress\/wp-content\/uploads\/2026\/02\/emmy-benazeth_black-diamond1_leotie-beauty.jpg\" data-elementor-open-lightbox=\"yes\" data-elementor-lightbox-slideshow=\"155a39d\" data-e-action-hash=\"#elementor-action%3Aaction%3Dlightbox%26settings%3DeyJpZCI6NDg4LCJ1cmwiOiJodHRwczpcL1wvbW1pLXRhcmJlcy5mclwvVFBfU1RSQVQtMjAyNS0yMDI2XC9CRU5BWkVUSFwvd29yZHByZXNzXC93cC1jb250ZW50XC91cGxvYWRzXC8yMDI2XC8wMlwvZW1teS1iZW5hemV0aF9ibGFjay1kaWFtb25kMV9sZW90aWUtYmVhdXR5LmpwZyIsInNsaWRlc2hvdyI6IjE1NWEzOWQifQ%3D%3D\">\n\t\t\t\t\t<div class=\"e-gallery-image elementor-gallery-item__image\" data-thumbnail=\"https:\/\/mmi-tarbes.fr\/TP_STRAT-2025-2026\/BENAZETH\/wordpress\/wp-content\/uploads\/2026\/02\/emmy-benazeth_black-diamond1_leotie-beauty.jpg\" data-width=\"686\" data-height=\"1024\" aria-label=\"\" role=\"img\" ><\/div>\n\t\t\t\t\t\t\t\t\t\t\t<div class=\"elementor-gallery-item__overlay\"><\/div>\n\t\t\t\t\t\t\t\t\t\t\t\t\t\t<\/a>\n\t\t\t\t\t\t\t<a class=\"e-gallery-item elementor-gallery-item elementor-animated-content\" href=\"https:\/\/mmi-tarbes.fr\/TP_STRAT-2025-2026\/BENAZETH\/wordpress\/wp-content\/uploads\/2026\/02\/emmy-benazeth_pavot-noir1_leotie-beauty.jpg\" data-elementor-open-lightbox=\"yes\" data-elementor-lightbox-slideshow=\"155a39d\" data-e-action-hash=\"#elementor-action%3Aaction%3Dlightbox%26settings%3DeyJpZCI6NDg3LCJ1cmwiOiJodHRwczpcL1wvbW1pLXRhcmJlcy5mclwvVFBfU1RSQVQtMjAyNS0yMDI2XC9CRU5BWkVUSFwvd29yZHByZXNzXC93cC1jb250ZW50XC91cGxvYWRzXC8yMDI2XC8wMlwvZW1teS1iZW5hemV0aF9wYXZvdC1ub2lyMV9sZW90aWUtYmVhdXR5LmpwZyIsInNsaWRlc2hvdyI6IjE1NWEzOWQifQ%3D%3D\">\n\t\t\t\t\t<div class=\"e-gallery-image elementor-gallery-item__image\" data-thumbnail=\"https:\/\/mmi-tarbes.fr\/TP_STRAT-2025-2026\/BENAZETH\/wordpress\/wp-content\/uploads\/2026\/02\/emmy-benazeth_pavot-noir1_leotie-beauty.jpg\" data-width=\"686\" data-height=\"1024\" aria-label=\"\" role=\"img\" ><\/div>\n\t\t\t\t\t\t\t\t\t\t\t<div class=\"elementor-gallery-item__overlay\"><\/div>\n\t\t\t\t\t\t\t\t\t\t\t\t\t\t<\/a>\n\t\t\t\t\t\t\t<a class=\"e-gallery-item elementor-gallery-item elementor-animated-content\" href=\"https:\/\/mmi-tarbes.fr\/TP_STRAT-2025-2026\/BENAZETH\/wordpress\/wp-content\/uploads\/2026\/02\/emmy-benazeth_pavot-noir5_leotie-beauty.jpg\" data-elementor-open-lightbox=\"yes\" data-elementor-lightbox-slideshow=\"155a39d\" data-e-action-hash=\"#elementor-action%3Aaction%3Dlightbox%26settings%3DeyJpZCI6NDk4LCJ1cmwiOiJodHRwczpcL1wvbW1pLXRhcmJlcy5mclwvVFBfU1RSQVQtMjAyNS0yMDI2XC9CRU5BWkVUSFwvd29yZHByZXNzXC93cC1jb250ZW50XC91cGxvYWRzXC8yMDI2XC8wMlwvZW1teS1iZW5hemV0aF9wYXZvdC1ub2lyNV9sZW90aWUtYmVhdXR5LmpwZyIsInNsaWRlc2hvdyI6IjE1NWEzOWQifQ%3D%3D\">\n\t\t\t\t\t<div class=\"e-gallery-image elementor-gallery-item__image\" data-thumbnail=\"https:\/\/mmi-tarbes.fr\/TP_STRAT-2025-2026\/BENAZETH\/wordpress\/wp-content\/uploads\/2026\/02\/emmy-benazeth_pavot-noir5_leotie-beauty.jpg\" data-width=\"686\" data-height=\"1024\" aria-label=\"\" role=\"img\" ><\/div>\n\t\t\t\t\t\t\t\t\t\t\t<div class=\"elementor-gallery-item__overlay\"><\/div>\n\t\t\t\t\t\t\t\t\t\t\t\t\t\t<\/a>\n\t\t\t\t\t\t\t<a class=\"e-gallery-item elementor-gallery-item elementor-animated-content\" href=\"https:\/\/mmi-tarbes.fr\/TP_STRAT-2025-2026\/BENAZETH\/wordpress\/wp-content\/uploads\/2026\/02\/emmy-benazeth_backstages4_leotie-beauty.jpg\" data-elementor-open-lightbox=\"yes\" data-elementor-lightbox-slideshow=\"155a39d\" data-e-action-hash=\"#elementor-action%3Aaction%3Dlightbox%26settings%3DeyJpZCI6NTc4LCJ1cmwiOiJodHRwczpcL1wvbW1pLXRhcmJlcy5mclwvVFBfU1RSQVQtMjAyNS0yMDI2XC9CRU5BWkVUSFwvd29yZHByZXNzXC93cC1jb250ZW50XC91cGxvYWRzXC8yMDI2XC8wMlwvZW1teS1iZW5hemV0aF9iYWNrc3RhZ2VzNF9sZW90aWUtYmVhdXR5LmpwZyIsInNsaWRlc2hvdyI6IjE1NWEzOWQifQ%3D%3D\">\n\t\t\t\t\t<div class=\"e-gallery-image elementor-gallery-item__image\" data-thumbnail=\"https:\/\/mmi-tarbes.fr\/TP_STRAT-2025-2026\/BENAZETH\/wordpress\/wp-content\/uploads\/2026\/02\/emmy-benazeth_backstages4_leotie-beauty.jpg\" data-width=\"686\" data-height=\"1024\" aria-label=\"\" role=\"img\" ><\/div>\n\t\t\t\t\t\t\t\t\t\t\t<div class=\"elementor-gallery-item__overlay\"><\/div>\n\t\t\t\t\t\t\t\t\t\t\t\t\t\t<\/a>\n\t\t\t\t\t<\/div>\n\t\t\t\t\t<\/div>\n\t\t\t\t\t<\/div>\n\t\t\t\t<\/div>\n\t\t<div class=\"elementor-element elementor-element-0164235 e-flex e-con-boxed wpr-particle-no wpr-jarallax-no wpr-parallax-no wpr-sticky-section-no e-con e-parent\" data-id=\"0164235\" data-element_type=\"container\" data-settings=\"{&quot;background_background&quot;:&quot;classic&quot;}\">\n\t\t\t\t\t<div class=\"e-con-inner\">\n\t\t\t\t<div class=\"elementor-element elementor-element-093cf9c elementor-widget elementor-widget-heading\" data-id=\"093cf9c\" data-element_type=\"widget\" data-widget_type=\"heading.default\">\n\t\t\t\t\t<h2 class=\"elementor-heading-title elementor-size-default\">RENDU FINAL<\/h2>\t\t\t\t<\/div>\n\t\t\t\t<div class=\"elementor-element elementor-element-04b603d elementor-widget elementor-widget-shortcode\" data-id=\"04b603d\" data-element_type=\"widget\" data-widget_type=\"shortcode.default\">\n\t\t\t\t\t\t\t<div class=\"elementor-shortcode\"><a href=\"https:\/\/mmi-tarbes.fr\/TP_STRAT-2025-2026\/BENAZETH\/wordpress\/wp-content\/uploads\/2026\/02\/emmy-benazeth_dossierdeproduction-leotie-beauty.pdf\" class=\"pdfemb-viewer\" style=\"width:546px;height:773px;\" data-width=\"546\" data-height=\"773\" data-toolbar=\"top\" data-toolbar-fixed=\"off\">emmy-benazeth_dossierdeproduction-leotie-beauty<\/a><\/div>\n\t\t\t\t\t\t<\/div>\n\t\t\t\t\t<\/div>\n\t\t\t\t<\/div>\n\t\t\t\t<\/div>\n\t\t","protected":false},"excerpt":{"rendered":"<p>PACKSHOT PARFUM POUR LEOTIE BEAUTY CONTEXTE L\u2019institut con\u00e7oit ses propres parfums \u00e0 Grasse, la ville de la fragrance. Puis, les revend sur Tarbes. Ceux-ci sont con\u00e7us avec une exigence de qualit\u00e9 et un grand savoir-faire artisanal. L\u2019objectif est de proposer une mise en sc\u00e8ne permettant non seulement de pr\u00e9senter le parfum de mani\u00e8re esth\u00e9tique, mais \u00e9galement d\u2019offrir une exp\u00e9rience visuelle qui traduit l\u2019univers sensoriel et l\u2019\u00e9l\u00e9gance que Loetie Beaut\u00e9 souhaite transmettre \u00e0 sa client\u00e8le. OBJECTIFS Cette production a pour objectif de renforcer l\u2019image de marque de l\u2019institut de beaut\u00e9 \u00e0 travers une s\u00e9rie de packshots mettant en valeur une s\u00e9lection de trois parfums aux tons chauds, ambr\u00e9s et sensuels.L\u2019importance est de retraduire les tonalit\u00e9s de chaque parfums : profondeur et chaleur. Les images produites sont \u00e9galement destin\u00e9es \u00e0 am\u00e9liorer la qualit\u00e9 et l\u2019homog\u00e9n\u00e9it\u00e9 des visuels utilis\u00e9s sur les supports de communication existants, en particulier le site e-commerce et les supports digitaux. Cette am\u00e9lioration permettra d\u2019am\u00e9liorer le taux d\u2019engagement (taux de clics, ventes, notori\u00e9t\u00e9) L\u2019objectif est d\u2019offrir une meilleure lisibilit\u00e9 des produits, de renforcer leur d\u00e9sid\u00e9rabilit\u00e9 et de professionnaliser la pr\u00e9sentation globale de la marque. \u2028 MOODBOARD PHOTOS RENDU FINAL<\/p>\n","protected":false},"author":1,"featured_media":0,"parent":0,"menu_order":0,"comment_status":"closed","ping_status":"closed","template":"","meta":{"footnotes":""},"class_list":["post-431","page","type-page","status-publish","hentry"],"_links":{"self":[{"href":"https:\/\/mmi-tarbes.fr\/TP_STRAT-2025-2026\/BENAZETH\/wordpress\/wp-json\/wp\/v2\/pages\/431","targetHints":{"allow":["GET"]}}],"collection":[{"href":"https:\/\/mmi-tarbes.fr\/TP_STRAT-2025-2026\/BENAZETH\/wordpress\/wp-json\/wp\/v2\/pages"}],"about":[{"href":"https:\/\/mmi-tarbes.fr\/TP_STRAT-2025-2026\/BENAZETH\/wordpress\/wp-json\/wp\/v2\/types\/page"}],"author":[{"embeddable":true,"href":"https:\/\/mmi-tarbes.fr\/TP_STRAT-2025-2026\/BENAZETH\/wordpress\/wp-json\/wp\/v2\/users\/1"}],"replies":[{"embeddable":true,"href":"https:\/\/mmi-tarbes.fr\/TP_STRAT-2025-2026\/BENAZETH\/wordpress\/wp-json\/wp\/v2\/comments?post=431"}],"version-history":[{"count":109,"href":"https:\/\/mmi-tarbes.fr\/TP_STRAT-2025-2026\/BENAZETH\/wordpress\/wp-json\/wp\/v2\/pages\/431\/revisions"}],"predecessor-version":[{"id":613,"href":"https:\/\/mmi-tarbes.fr\/TP_STRAT-2025-2026\/BENAZETH\/wordpress\/wp-json\/wp\/v2\/pages\/431\/revisions\/613"}],"wp:attachment":[{"href":"https:\/\/mmi-tarbes.fr\/TP_STRAT-2025-2026\/BENAZETH\/wordpress\/wp-json\/wp\/v2\/media?parent=431"}],"curies":[{"name":"wp","href":"https:\/\/api.w.org\/{rel}","templated":true}]}}