
{"id":348,"date":"2024-01-18T21:12:10","date_gmt":"2024-01-18T21:12:10","guid":{"rendered":"http:\/\/localhost:8888\/gridos\/?page_id=103"},"modified":"2025-03-13T12:33:57","modified_gmt":"2025-03-13T11:33:57","slug":"services","status":"publish","type":"page","link":"https:\/\/mmi-tarbes.fr\/RomainPortfolio\/?page_id=348","title":{"rendered":"Services"},"content":{"rendered":"\t\t<div data-elementor-type=\"wp-page\" data-elementor-id=\"348\" class=\"elementor elementor-348\" data-elementor-post-type=\"page\">\n\t\t\t\t<div class=\"elementor-element elementor-element-c23fba4 e-con-full e-flex e-con e-parent\" data-id=\"c23fba4\" data-element_type=\"container\">\n\t\t\t\t<div class=\"elementor-element elementor-element-4e368d7 elementor-widget elementor-widget-Gridos-Global-Widgets-Services-Block\" data-id=\"4e368d7\" data-element_type=\"widget\" data-widget_type=\"Gridos-Global-Widgets-Services-Block.default\">\n\t\t\t\t<div class=\"elementor-widget-container\">\n\t\t\t\t\t\n        <div class=\"w-layout-layout services-grid wf-layout-layout\">\n\n        \t            <div class=\"w-layout-cell service-item\">\n                <img decoding=\"async\" src=\"https:\/\/nunforest.com\/gridos\/wp-content\/uploads\/2024\/01\/service1.png\" loading=\"lazy\" alt=\"service-icon\" class=\"service-image\" \/>\n                <div class=\"service-infos\">\n                    <h4 class=\"service-item-title\">Graphisme<\/h4>\n                    <p class=\"service-item-paragraph\">Affiches de matchs, post graphique<\/p>\n                <\/div>\n            <\/div>\n                        <div class=\"w-layout-cell service-item\">\n                <img decoding=\"async\" src=\"https:\/\/nunforest.com\/gridos\/wp-content\/uploads\/2024\/01\/service2.png\" loading=\"lazy\" alt=\"service-icon\" class=\"service-image\" \/>\n                <div class=\"service-infos\">\n                    <h4 class=\"service-item-title\">Photographie<\/h4>\n                    <p class=\"service-item-paragraph\">Capture des photos de match \/ entra\u00eenement<\/p>\n                <\/div>\n            <\/div>\n                        <div class=\"w-layout-cell service-item\">\n                <img decoding=\"async\" src=\"https:\/\/nunforest.com\/gridos\/wp-content\/uploads\/2024\/01\/service4.png\" loading=\"lazy\" alt=\"service-icon\" class=\"service-image\" \/>\n                <div class=\"service-infos\">\n                    <h4 class=\"service-item-title\">Audiovisuel<\/h4>\n                    <p class=\"service-item-paragraph\">Cr\u00e9ation de vid\u00e9os pour le contenu audiovisuel<\/p>\n                <\/div>\n            <\/div>\n                        <div class=\"w-layout-cell service-item\">\n                <img decoding=\"async\" src=\"https:\/\/nunforest.com\/gridos\/wp-content\/uploads\/2024\/01\/service5.png\" loading=\"lazy\" alt=\"service-icon\" class=\"service-image\" \/>\n                <div class=\"service-infos\">\n                    <h4 class=\"service-item-title\">Community Management<\/h4>\n                    <p class=\"service-item-paragraph\">G\u00e9r\u00e9r les r\u00e9seaux sociaux, cr\u00e9ations de contenus...<\/p>\n                <\/div>\n            <\/div>\n                        <div class=\"w-layout-cell service-item\">\n                <img decoding=\"async\" src=\"https:\/\/nunforest.com\/gridos\/wp-content\/uploads\/2024\/01\/service3.png\" loading=\"lazy\" alt=\"service-icon\" class=\"service-image\" \/>\n                <div class=\"service-infos\">\n                    <h4 class=\"service-item-title\">d\u00e9veloppement<\/h4>\n                    <p class=\"service-item-paragraph\">Cr\u00e9ation de site internet pour entit\u00e9 sportive, avec formation pour le maintenir \u00e0 jour<\/p>\n                <\/div>\n            <\/div>\n                        <div class=\"w-layout-cell service-item\">\n                <img decoding=\"async\" src=\"https:\/\/nunforest.com\/gridos\/wp-content\/uploads\/2024\/01\/service6.png\" loading=\"lazy\" alt=\"service-icon\" class=\"service-image\" \/>\n                <div class=\"service-infos\">\n                    <h4 class=\"service-item-title\">SEO<\/h4>\n                    <p class=\"service-item-paragraph\">Am\u00e9liorer le r\u00e9f\u00e9rencement de vos sites internet et r\u00e9seaux sociaux<\/p>\n                <\/div>\n            <\/div>\n                        \n        <\/div>\n    \n    \t\t\t\t<\/div>\n\t\t\t\t<\/div>\n\t\t\t\t<\/div>\n\t\t\t\t<\/div>\n\t\t","protected":false},"excerpt":{"rendered":"<p>Graphisme Affiches de matchs, post graphique Photographie Capture des photos de match \/ entra\u00eenement Audiovisuel Cr\u00e9ation de vid\u00e9os pour le contenu audiovisuel Community Management G\u00e9r\u00e9r les r\u00e9seaux sociaux, cr\u00e9ations de contenus&#8230; d\u00e9veloppement Cr\u00e9ation de site internet pour entit\u00e9 sportive, avec formation pour le maintenir \u00e0 jour SEO Am\u00e9liorer le r\u00e9f\u00e9rencement de vos sites internet et <\/p>\n","protected":false},"author":1,"featured_media":0,"parent":0,"menu_order":0,"comment_status":"closed","ping_status":"closed","template":"","meta":{"saved_in_kubio":false,"footnotes":""},"class_list":["post-348","page","type-page","status-publish","hentry"],"kubio_ai_page_context":{"short_desc":"","purpose":"general"},"_links":{"self":[{"href":"https:\/\/mmi-tarbes.fr\/RomainPortfolio\/index.php?rest_route=\/wp\/v2\/pages\/348","targetHints":{"allow":["GET"]}}],"collection":[{"href":"https:\/\/mmi-tarbes.fr\/RomainPortfolio\/index.php?rest_route=\/wp\/v2\/pages"}],"about":[{"href":"https:\/\/mmi-tarbes.fr\/RomainPortfolio\/index.php?rest_route=\/wp\/v2\/types\/page"}],"author":[{"embeddable":true,"href":"https:\/\/mmi-tarbes.fr\/RomainPortfolio\/index.php?rest_route=\/wp\/v2\/users\/1"}],"replies":[{"embeddable":true,"href":"https:\/\/mmi-tarbes.fr\/RomainPortfolio\/index.php?rest_route=%2Fwp%2Fv2%2Fcomments&post=348"}],"version-history":[{"count":3,"href":"https:\/\/mmi-tarbes.fr\/RomainPortfolio\/index.php?rest_route=\/wp\/v2\/pages\/348\/revisions"}],"predecessor-version":[{"id":459,"href":"https:\/\/mmi-tarbes.fr\/RomainPortfolio\/index.php?rest_route=\/wp\/v2\/pages\/348\/revisions\/459"}],"wp:attachment":[{"href":"https:\/\/mmi-tarbes.fr\/RomainPortfolio\/index.php?rest_route=%2Fwp%2Fv2%2Fmedia&parent=348"}],"curies":[{"name":"wp","href":"https:\/\/api.w.org\/{rel}","templated":true}]}}