{"id":220,"date":"2024-10-30T16:56:01","date_gmt":"2024-10-30T15:56:01","guid":{"rendered":"https:\/\/mmi-tarbes.fr\/MaximePortfolio\/?page_id=220"},"modified":"2025-03-04T08:57:39","modified_gmt":"2025-03-04T07:57:39","slug":"men-in-black","status":"publish","type":"page","link":"https:\/\/mmi-tarbes.fr\/MaximePortfolio\/men-in-black\/","title":{"rendered":"Men in Black"},"content":{"rendered":"\t\t<div data-elementor-type=\"wp-page\" data-elementor-id=\"220\" class=\"elementor elementor-220\" data-elementor-post-type=\"page\">\n\t\t\t\t<div class=\"elementor-element elementor-element-dfb7400 e-flex e-con-boxed e-con e-parent\" data-id=\"dfb7400\" data-element_type=\"container\" data-e-type=\"container\" data-settings=\"{&quot;background_background&quot;:&quot;classic&quot;}\">\n\t\t\t\t\t<div class=\"e-con-inner\">\n\t\t<div class=\"elementor-element elementor-element-d20491d e-con-full e-flex e-con e-child\" data-id=\"d20491d\" data-element_type=\"container\" data-e-type=\"container\">\n\t\t<div class=\"elementor-element elementor-element-6aba0c5 e-con-full e-flex e-con e-child\" data-id=\"6aba0c5\" data-element_type=\"container\" data-e-type=\"container\">\n\t\t\t\t<div class=\"elementor-element elementor-element-de933c9 elementor-widget elementor-widget-image\" data-id=\"de933c9\" data-element_type=\"widget\" data-e-type=\"widget\" data-widget_type=\"image.default\">\n\t\t\t\t<div class=\"elementor-widget-container\">\n\t\t\t\t\t\t\t\t\t\t\t\t\t\t\t<img decoding=\"async\" src=\"https:\/\/mmi-tarbes.fr\/MaximePortfolio\/wp-content\/uploads\/elementor\/thumbs\/Adobe_Photoshop_CC_icon.svg_-r2csr5v68pz9gih591mfyj6u6yrkknte361nsxfchw.png\" title=\"Adobe_Photoshop_CC_icon.svg\" alt=\"Adobe_Photoshop_CC_icon.svg\" loading=\"lazy\" \/>\t\t\t\t\t\t\t\t\t\t\t\t\t\t\t<\/div>\n\t\t\t\t<\/div>\n\t\t\t\t<\/div>\n\t\t\t\t<div class=\"elementor-element elementor-element-9df5e83 elementor-widget elementor-widget-image\" data-id=\"9df5e83\" data-element_type=\"widget\" data-e-type=\"widget\" data-widget_type=\"image.default\">\n\t\t\t\t<div class=\"elementor-widget-container\">\n\t\t\t\t\t\t\t\t\t\t\t\t\t\t\t<img fetchpriority=\"high\" decoding=\"async\" width=\"212\" height=\"300\" src=\"https:\/\/mmi-tarbes.fr\/MaximePortfolio\/wp-content\/uploads\/2024\/09\/MIB_Maxime_PETIT-212x300.jpg\" class=\"attachment-medium size-medium wp-image-57\" alt=\"\" srcset=\"https:\/\/mmi-tarbes.fr\/MaximePortfolio\/wp-content\/uploads\/2024\/09\/MIB_Maxime_PETIT-212x300.jpg 212w, https:\/\/mmi-tarbes.fr\/MaximePortfolio\/wp-content\/uploads\/2024\/09\/MIB_Maxime_PETIT-724x1024.jpg 724w, https:\/\/mmi-tarbes.fr\/MaximePortfolio\/wp-content\/uploads\/2024\/09\/MIB_Maxime_PETIT-768x1086.jpg 768w, https:\/\/mmi-tarbes.fr\/MaximePortfolio\/wp-content\/uploads\/2024\/09\/MIB_Maxime_PETIT-1086x1536.jpg 1086w, https:\/\/mmi-tarbes.fr\/MaximePortfolio\/wp-content\/uploads\/2024\/09\/MIB_Maxime_PETIT-1448x2048.jpg 1448w, https:\/\/mmi-tarbes.fr\/MaximePortfolio\/wp-content\/uploads\/2024\/09\/MIB_Maxime_PETIT-scaled.jpg 1810w\" sizes=\"(max-width: 212px) 100vw, 212px\" \/>\t\t\t\t\t\t\t\t\t\t\t\t\t\t\t<\/div>\n\t\t\t\t<\/div>\n\t\t\t\t<\/div>\n\t\t<div class=\"elementor-element elementor-element-2b88184 e-con-full e-flex e-con e-child\" data-id=\"2b88184\" data-element_type=\"container\" data-e-type=\"container\">\n\t\t\t\t<div class=\"elementor-element elementor-element-d4d17f9 elementor-widget elementor-widget-text-editor\" data-id=\"d4d17f9\" data-element_type=\"widget\" data-e-type=\"widget\" data-widget_type=\"text-editor.default\">\n\t\t\t\t<div class=\"elementor-widget-container\">\n\t\t\t\t\t\t\t\t\t<p><strong>Affiche du film Men in Black repr\u00e9sentant l&rsquo;agent J tout en blanc, utilisant un neurolaser (caract\u00e9ris\u00e9 par un flash rouge). Le slogan \u00ab\u00a0Souriez, vous allez tout oublier.\u00a0\u00bb est un jeu de mot entre la phrase \u00ab\u00a0Souriez, vous \u00eates film\u00e9s.\u00a0\u00bb et la fonction du neurolaser, c&rsquo;est-\u00e0-dire \u00e9mettre un flash qui efface la m\u00e9moire de ceux qui le regardent. Cr\u00e9\u00e9e dans le cadre d&rsquo;un exercice sur Photoshop.<\/strong><\/p>\t\t\t\t\t\t\t\t<\/div>\n\t\t\t\t<\/div>\n\t\t\t\t<\/div>\n\t\t\t\t\t<\/div>\n\t\t\t\t<\/div>\n\t\t\t\t<\/div>\n\t\t","protected":false},"excerpt":{"rendered":"<p>Affiche du film Men in Black repr\u00e9sentant l&rsquo;agent J tout en blanc, utilisant un neurolaser (caract\u00e9ris\u00e9 par un flash rouge). Le slogan \u00ab\u00a0Souriez, vous allez tout oublier.\u00a0\u00bb est un jeu de mot entre la phrase \u00ab\u00a0Souriez, vous \u00eates film\u00e9s.\u00a0\u00bb et la fonction du neurolaser, c&rsquo;est-\u00e0-dire \u00e9mettre un flash qui efface la m\u00e9moire de ceux qui [&hellip;]<\/p>\n","protected":false},"author":1,"featured_media":0,"parent":0,"menu_order":0,"comment_status":"closed","ping_status":"closed","template":"","meta":{"footnotes":""},"class_list":["post-220","page","type-page","status-publish","hentry"],"_links":{"self":[{"href":"https:\/\/mmi-tarbes.fr\/MaximePortfolio\/wp-json\/wp\/v2\/pages\/220","targetHints":{"allow":["GET"]}}],"collection":[{"href":"https:\/\/mmi-tarbes.fr\/MaximePortfolio\/wp-json\/wp\/v2\/pages"}],"about":[{"href":"https:\/\/mmi-tarbes.fr\/MaximePortfolio\/wp-json\/wp\/v2\/types\/page"}],"author":[{"embeddable":true,"href":"https:\/\/mmi-tarbes.fr\/MaximePortfolio\/wp-json\/wp\/v2\/users\/1"}],"replies":[{"embeddable":true,"href":"https:\/\/mmi-tarbes.fr\/MaximePortfolio\/wp-json\/wp\/v2\/comments?post=220"}],"version-history":[{"count":16,"href":"https:\/\/mmi-tarbes.fr\/MaximePortfolio\/wp-json\/wp\/v2\/pages\/220\/revisions"}],"predecessor-version":[{"id":633,"href":"https:\/\/mmi-tarbes.fr\/MaximePortfolio\/wp-json\/wp\/v2\/pages\/220\/revisions\/633"}],"wp:attachment":[{"href":"https:\/\/mmi-tarbes.fr\/MaximePortfolio\/wp-json\/wp\/v2\/media?parent=220"}],"curies":[{"name":"wp","href":"https:\/\/api.w.org\/{rel}","templated":true}]}}