{"id":31,"date":"2024-09-07T11:26:44","date_gmt":"2024-09-07T09:26:44","guid":{"rendered":"https:\/\/mmi-tarbes.fr\/Julie\/?page_id=31"},"modified":"2024-11-03T15:04:21","modified_gmt":"2024-11-03T14:04:21","slug":"experience","status":"publish","type":"page","link":"https:\/\/mmi-tarbes.fr\/Julie\/experience\/","title":{"rendered":"Exp\u00e9rience"},"content":{"rendered":"\t\t<div data-elementor-type=\"wp-page\" data-elementor-id=\"31\" class=\"elementor elementor-31\" data-elementor-post-type=\"page\">\n\t\t\t\t<div class=\"elementor-element elementor-element-fe8f882 e-flex e-con-boxed wpr-particle-no wpr-jarallax-no wpr-parallax-no wpr-sticky-section-no e-con e-parent\" data-id=\"fe8f882\" data-element_type=\"container\">\n\t\t\t\t\t<div class=\"e-con-inner\">\n\t\t<div class=\"elementor-element elementor-element-16feb21 e-con-full e-flex wpr-particle-no wpr-jarallax-no wpr-parallax-no wpr-sticky-section-no e-con e-child\" data-id=\"16feb21\" data-element_type=\"container\">\n\t\t\t\t<div class=\"elementor-element elementor-element-37ae74b elementor-widget elementor-widget-image\" data-id=\"37ae74b\" data-element_type=\"widget\" data-widget_type=\"image.default\">\n\t\t\t\t<div class=\"elementor-widget-container\">\n\t\t\t\t\t\t\t\t\t\t\t\t\t\t\t<img fetchpriority=\"high\" decoding=\"async\" width=\"800\" height=\"534\" src=\"https:\/\/mmi-tarbes.fr\/Julie\/wp-content\/uploads\/2024\/10\/5-26-1024x683.jpg\" class=\"attachment-large size-large wp-image-211\" alt=\"\" srcset=\"https:\/\/mmi-tarbes.fr\/Julie\/wp-content\/uploads\/2024\/10\/5-26-1024x683.jpg 1024w, https:\/\/mmi-tarbes.fr\/Julie\/wp-content\/uploads\/2024\/10\/5-26-300x200.jpg 300w, https:\/\/mmi-tarbes.fr\/Julie\/wp-content\/uploads\/2024\/10\/5-26-768x512.jpg 768w, https:\/\/mmi-tarbes.fr\/Julie\/wp-content\/uploads\/2024\/10\/5-26-1536x1024.jpg 1536w, https:\/\/mmi-tarbes.fr\/Julie\/wp-content\/uploads\/2024\/10\/5-26-2048x1365.jpg 2048w\" sizes=\"(max-width: 800px) 100vw, 800px\" \/>\t\t\t\t\t\t\t\t\t\t\t\t\t\t\t<\/div>\n\t\t\t\t<\/div>\n\t\t\t\t<\/div>\n\t\t<div class=\"elementor-element elementor-element-fb91942 e-con-full e-flex wpr-particle-no wpr-jarallax-no wpr-parallax-no wpr-sticky-section-no e-con e-child\" data-id=\"fb91942\" data-element_type=\"container\">\n\t\t\t\t<div class=\"elementor-element elementor-element-e451dfa elementor-widget elementor-widget-text-editor\" data-id=\"e451dfa\" data-element_type=\"widget\" data-widget_type=\"text-editor.default\">\n\t\t\t\t<div class=\"elementor-widget-container\">\n\t\t\t\t\t\t\t\t\t<p>Apr\u00e8s l&rsquo;obtention d&rsquo;un <b>bac Scientifique<\/b>, j&rsquo;ai fait un <b>Service Civique<\/b> dans mon club de football. Ensuite, j&rsquo;ai valid\u00e9 une premi\u00e8re ann\u00e9e de<b> licence LEA<\/b>, puis un <b>BTS Services Informatiques aux Organisations<\/b> option <b>Solutions Logicielles Applications M\u00e9tiers<\/b>. Actuellement, je suis en troisi\u00e8me ann\u00e9e de <b>BUT M\u00e9tiers du Multim\u00e9dia et de l&rsquo;Internet<\/b> parcours <b>strat\u00e9gie de communication num\u00e9rique et design d&rsquo;exp\u00e9rience<\/b>.<\/p>\t\t\t\t\t\t\t\t<\/div>\n\t\t\t\t<\/div>\n\t\t\t\t<\/div>\n\t\t\t\t\t<\/div>\n\t\t\t\t<\/div>\n\t\t<div class=\"elementor-element elementor-element-f1c6211 e-flex e-con-boxed wpr-particle-no wpr-jarallax-no wpr-parallax-no wpr-sticky-section-no e-con e-parent\" data-id=\"f1c6211\" data-element_type=\"container\">\n\t\t\t\t\t<div class=\"e-con-inner\">\n\t\t\t\t<div class=\"elementor-element elementor-element-98a3e7b elementor-widget elementor-widget-text-editor\" data-id=\"98a3e7b\" data-element_type=\"widget\" data-widget_type=\"text-editor.default\">\n\t\t\t\t<div class=\"elementor-widget-container\">\n\t\t\t\t\t\t\t\t\t<p><span style=\"text-align: justify;\">Apr\u00e8s mon BUT MMI, j&rsquo;ai pour objectif de continuer mes \u00e9tudes avec un&nbsp;<\/span><span style=\"font-weight: 700; text-align: justify;\">Master mention Communication des organisations<\/span><span style=\"text-align: justify;\">&nbsp;pour ensuite travailler en tant que&nbsp;<\/span><span style=\"font-weight: 700; text-align: justify;\">charg\u00e9e de communication<\/span><span style=\"text-align: justify;\">.<\/span><br><\/p>\t\t\t\t\t\t\t\t<\/div>\n\t\t\t\t<\/div>\n\t\t\t\t\t<\/div>\n\t\t\t\t<\/div>\n\t\t\t\t<\/div>\n\t\t","protected":false},"excerpt":{"rendered":"<p>Apr\u00e8s l&rsquo;obtention d&rsquo;un bac Scientifique, j&rsquo;ai fait un Service Civique dans mon club de football. Ensuite, j&rsquo;ai valid\u00e9 une premi\u00e8re ann\u00e9e de licence LEA, puis un BTS Services Informatiques aux Organisations option Solutions Logicielles Applications M\u00e9tiers. Actuellement, je suis en troisi\u00e8me ann\u00e9e de BUT M\u00e9tiers du Multim\u00e9dia et de l&rsquo;Internet parcours strat\u00e9gie de communication num\u00e9rique et design d&rsquo;exp\u00e9rience. Apr\u00e8s mon BUT MMI, j&rsquo;ai pour objectif de continuer mes \u00e9tudes avec un&nbsp;Master mention Communication des organisations&nbsp;pour ensuite travailler en tant que&nbsp;charg\u00e9e de communication.<\/p>\n","protected":false},"author":1,"featured_media":0,"parent":0,"menu_order":0,"comment_status":"closed","ping_status":"closed","template":"","meta":{"footnotes":""},"class_list":["post-31","page","type-page","status-publish","hentry"],"yoast_head":"<!-- This site is optimized with the Yoast SEO plugin v24.2 - https:\/\/yoast.com\/wordpress\/plugins\/seo\/ -->\n<title>Exp\u00e9rience - Julie CABANNE<\/title>\n<meta name=\"robots\" content=\"index, follow, max-snippet:-1, max-image-preview:large, max-video-preview:-1\" \/>\n<link rel=\"canonical\" href=\"https:\/\/mmi-tarbes.fr\/Julie\/experience\/\" \/>\n<meta property=\"og:locale\" content=\"fr_FR\" \/>\n<meta property=\"og:type\" content=\"article\" \/>\n<meta property=\"og:title\" content=\"Exp\u00e9rience - Julie CABANNE\" \/>\n<meta property=\"og:description\" content=\"Apr\u00e8s l&rsquo;obtention d&rsquo;un bac Scientifique, j&rsquo;ai fait un Service Civique dans mon club de football. Ensuite, j&rsquo;ai valid\u00e9 une premi\u00e8re ann\u00e9e de licence LEA, puis un BTS Services Informatiques aux Organisations option Solutions Logicielles Applications M\u00e9tiers. Actuellement, je suis en troisi\u00e8me ann\u00e9e de BUT M\u00e9tiers du Multim\u00e9dia et de l&rsquo;Internet parcours strat\u00e9gie de communication num\u00e9rique et design d&rsquo;exp\u00e9rience. Apr\u00e8s mon BUT MMI, j&rsquo;ai pour objectif de continuer mes \u00e9tudes avec un&nbsp;Master mention Communication des organisations&nbsp;pour ensuite travailler en tant que&nbsp;charg\u00e9e de communication.\" \/>\n<meta property=\"og:url\" content=\"https:\/\/mmi-tarbes.fr\/Julie\/experience\/\" \/>\n<meta property=\"og:site_name\" content=\"Julie CABANNE\" \/>\n<meta property=\"article:modified_time\" content=\"2024-11-03T14:04:21+00:00\" \/>\n<meta property=\"og:image\" content=\"https:\/\/mmi-tarbes.fr\/Julie\/wp-content\/uploads\/2024\/10\/5-26-scaled.jpg\" \/>\n\t<meta property=\"og:image:width\" content=\"2560\" \/>\n\t<meta property=\"og:image:height\" content=\"1707\" \/>\n\t<meta property=\"og:image:type\" content=\"image\/jpeg\" \/>\n<meta name=\"twitter:card\" content=\"summary_large_image\" \/>\n<meta name=\"twitter:label1\" content=\"Dur\u00e9e de lecture estim\u00e9e\" \/>\n\t<meta name=\"twitter:data1\" content=\"1 minute\" \/>\n<script type=\"application\/ld+json\" class=\"yoast-schema-graph\">{\"@context\":\"https:\/\/schema.org\",\"@graph\":[{\"@type\":\"WebPage\",\"@id\":\"https:\/\/mmi-tarbes.fr\/Julie\/experience\/\",\"url\":\"https:\/\/mmi-tarbes.fr\/Julie\/experience\/\",\"name\":\"Exp\u00e9rience - Julie CABANNE\",\"isPartOf\":{\"@id\":\"https:\/\/mmi-tarbes.fr\/Julie\/#website\"},\"primaryImageOfPage\":{\"@id\":\"https:\/\/mmi-tarbes.fr\/Julie\/experience\/#primaryimage\"},\"image\":{\"@id\":\"https:\/\/mmi-tarbes.fr\/Julie\/experience\/#primaryimage\"},\"thumbnailUrl\":\"https:\/\/mmi-tarbes.fr\/Julie\/wp-content\/uploads\/2024\/10\/5-26-1024x683.jpg\",\"datePublished\":\"2024-09-07T09:26:44+00:00\",\"dateModified\":\"2024-11-03T14:04:21+00:00\",\"breadcrumb\":{\"@id\":\"https:\/\/mmi-tarbes.fr\/Julie\/experience\/#breadcrumb\"},\"inLanguage\":\"fr-FR\",\"potentialAction\":[{\"@type\":\"ReadAction\",\"target\":[\"https:\/\/mmi-tarbes.fr\/Julie\/experience\/\"]}]},{\"@type\":\"ImageObject\",\"inLanguage\":\"fr-FR\",\"@id\":\"https:\/\/mmi-tarbes.fr\/Julie\/experience\/#primaryimage\",\"url\":\"https:\/\/mmi-tarbes.fr\/Julie\/wp-content\/uploads\/2024\/10\/5-26-scaled.jpg\",\"contentUrl\":\"https:\/\/mmi-tarbes.fr\/Julie\/wp-content\/uploads\/2024\/10\/5-26-scaled.jpg\",\"width\":2560,\"height\":1707},{\"@type\":\"BreadcrumbList\",\"@id\":\"https:\/\/mmi-tarbes.fr\/Julie\/experience\/#breadcrumb\",\"itemListElement\":[{\"@type\":\"ListItem\",\"position\":1,\"name\":\"Accueil\",\"item\":\"https:\/\/mmi-tarbes.fr\/Julie\/\"},{\"@type\":\"ListItem\",\"position\":2,\"name\":\"Exp\u00e9rience\"}]},{\"@type\":\"WebSite\",\"@id\":\"https:\/\/mmi-tarbes.fr\/Julie\/#website\",\"url\":\"https:\/\/mmi-tarbes.fr\/Julie\/\",\"name\":\"Julie CABANNE\",\"description\":\"\",\"publisher\":{\"@id\":\"https:\/\/mmi-tarbes.fr\/Julie\/#organization\"},\"potentialAction\":[{\"@type\":\"SearchAction\",\"target\":{\"@type\":\"EntryPoint\",\"urlTemplate\":\"https:\/\/mmi-tarbes.fr\/Julie\/?s={search_term_string}\"},\"query-input\":{\"@type\":\"PropertyValueSpecification\",\"valueRequired\":true,\"valueName\":\"search_term_string\"}}],\"inLanguage\":\"fr-FR\"},{\"@type\":\"Organization\",\"@id\":\"https:\/\/mmi-tarbes.fr\/Julie\/#organization\",\"name\":\"Julie CABANNE\",\"url\":\"https:\/\/mmi-tarbes.fr\/Julie\/\",\"logo\":{\"@type\":\"ImageObject\",\"inLanguage\":\"fr-FR\",\"@id\":\"https:\/\/mmi-tarbes.fr\/Julie\/#\/schema\/logo\/image\/\",\"url\":\"https:\/\/mmi-tarbes.fr\/Julie\/wp-content\/uploads\/2024\/09\/logo-jc.png\",\"contentUrl\":\"https:\/\/mmi-tarbes.fr\/Julie\/wp-content\/uploads\/2024\/09\/logo-jc.png\",\"width\":222,\"height\":154,\"caption\":\"Julie CABANNE\"},\"image\":{\"@id\":\"https:\/\/mmi-tarbes.fr\/Julie\/#\/schema\/logo\/image\/\"}}]}<\/script>\n<!-- \/ Yoast SEO plugin. -->","yoast_head_json":{"title":"Exp\u00e9rience - Julie CABANNE","robots":{"index":"index","follow":"follow","max-snippet":"max-snippet:-1","max-image-preview":"max-image-preview:large","max-video-preview":"max-video-preview:-1"},"canonical":"https:\/\/mmi-tarbes.fr\/Julie\/experience\/","og_locale":"fr_FR","og_type":"article","og_title":"Exp\u00e9rience - Julie CABANNE","og_description":"Apr\u00e8s l&rsquo;obtention d&rsquo;un bac Scientifique, j&rsquo;ai fait un Service Civique dans mon club de football. Ensuite, j&rsquo;ai valid\u00e9 une premi\u00e8re ann\u00e9e de licence LEA, puis un BTS Services Informatiques aux Organisations option Solutions Logicielles Applications M\u00e9tiers. Actuellement, je suis en troisi\u00e8me ann\u00e9e de BUT M\u00e9tiers du Multim\u00e9dia et de l&rsquo;Internet parcours strat\u00e9gie de communication num\u00e9rique et design d&rsquo;exp\u00e9rience. Apr\u00e8s mon BUT MMI, j&rsquo;ai pour objectif de continuer mes \u00e9tudes avec un&nbsp;Master mention Communication des organisations&nbsp;pour ensuite travailler en tant que&nbsp;charg\u00e9e de communication.","og_url":"https:\/\/mmi-tarbes.fr\/Julie\/experience\/","og_site_name":"Julie CABANNE","article_modified_time":"2024-11-03T14:04:21+00:00","og_image":[{"width":2560,"height":1707,"url":"https:\/\/mmi-tarbes.fr\/Julie\/wp-content\/uploads\/2024\/10\/5-26-scaled.jpg","type":"image\/jpeg"}],"twitter_card":"summary_large_image","twitter_misc":{"Dur\u00e9e de lecture estim\u00e9e":"1 minute"},"schema":{"@context":"https:\/\/schema.org","@graph":[{"@type":"WebPage","@id":"https:\/\/mmi-tarbes.fr\/Julie\/experience\/","url":"https:\/\/mmi-tarbes.fr\/Julie\/experience\/","name":"Exp\u00e9rience - Julie CABANNE","isPartOf":{"@id":"https:\/\/mmi-tarbes.fr\/Julie\/#website"},"primaryImageOfPage":{"@id":"https:\/\/mmi-tarbes.fr\/Julie\/experience\/#primaryimage"},"image":{"@id":"https:\/\/mmi-tarbes.fr\/Julie\/experience\/#primaryimage"},"thumbnailUrl":"https:\/\/mmi-tarbes.fr\/Julie\/wp-content\/uploads\/2024\/10\/5-26-1024x683.jpg","datePublished":"2024-09-07T09:26:44+00:00","dateModified":"2024-11-03T14:04:21+00:00","breadcrumb":{"@id":"https:\/\/mmi-tarbes.fr\/Julie\/experience\/#breadcrumb"},"inLanguage":"fr-FR","potentialAction":[{"@type":"ReadAction","target":["https:\/\/mmi-tarbes.fr\/Julie\/experience\/"]}]},{"@type":"ImageObject","inLanguage":"fr-FR","@id":"https:\/\/mmi-tarbes.fr\/Julie\/experience\/#primaryimage","url":"https:\/\/mmi-tarbes.fr\/Julie\/wp-content\/uploads\/2024\/10\/5-26-scaled.jpg","contentUrl":"https:\/\/mmi-tarbes.fr\/Julie\/wp-content\/uploads\/2024\/10\/5-26-scaled.jpg","width":2560,"height":1707},{"@type":"BreadcrumbList","@id":"https:\/\/mmi-tarbes.fr\/Julie\/experience\/#breadcrumb","itemListElement":[{"@type":"ListItem","position":1,"name":"Accueil","item":"https:\/\/mmi-tarbes.fr\/Julie\/"},{"@type":"ListItem","position":2,"name":"Exp\u00e9rience"}]},{"@type":"WebSite","@id":"https:\/\/mmi-tarbes.fr\/Julie\/#website","url":"https:\/\/mmi-tarbes.fr\/Julie\/","name":"Julie CABANNE","description":"","publisher":{"@id":"https:\/\/mmi-tarbes.fr\/Julie\/#organization"},"potentialAction":[{"@type":"SearchAction","target":{"@type":"EntryPoint","urlTemplate":"https:\/\/mmi-tarbes.fr\/Julie\/?s={search_term_string}"},"query-input":{"@type":"PropertyValueSpecification","valueRequired":true,"valueName":"search_term_string"}}],"inLanguage":"fr-FR"},{"@type":"Organization","@id":"https:\/\/mmi-tarbes.fr\/Julie\/#organization","name":"Julie CABANNE","url":"https:\/\/mmi-tarbes.fr\/Julie\/","logo":{"@type":"ImageObject","inLanguage":"fr-FR","@id":"https:\/\/mmi-tarbes.fr\/Julie\/#\/schema\/logo\/image\/","url":"https:\/\/mmi-tarbes.fr\/Julie\/wp-content\/uploads\/2024\/09\/logo-jc.png","contentUrl":"https:\/\/mmi-tarbes.fr\/Julie\/wp-content\/uploads\/2024\/09\/logo-jc.png","width":222,"height":154,"caption":"Julie CABANNE"},"image":{"@id":"https:\/\/mmi-tarbes.fr\/Julie\/#\/schema\/logo\/image\/"}}]}},"_links":{"self":[{"href":"https:\/\/mmi-tarbes.fr\/Julie\/wp-json\/wp\/v2\/pages\/31","targetHints":{"allow":["GET"]}}],"collection":[{"href":"https:\/\/mmi-tarbes.fr\/Julie\/wp-json\/wp\/v2\/pages"}],"about":[{"href":"https:\/\/mmi-tarbes.fr\/Julie\/wp-json\/wp\/v2\/types\/page"}],"author":[{"embeddable":true,"href":"https:\/\/mmi-tarbes.fr\/Julie\/wp-json\/wp\/v2\/users\/1"}],"replies":[{"embeddable":true,"href":"https:\/\/mmi-tarbes.fr\/Julie\/wp-json\/wp\/v2\/comments?post=31"}],"version-history":[{"count":16,"href":"https:\/\/mmi-tarbes.fr\/Julie\/wp-json\/wp\/v2\/pages\/31\/revisions"}],"predecessor-version":[{"id":345,"href":"https:\/\/mmi-tarbes.fr\/Julie\/wp-json\/wp\/v2\/pages\/31\/revisions\/345"}],"wp:attachment":[{"href":"https:\/\/mmi-tarbes.fr\/Julie\/wp-json\/wp\/v2\/media?parent=31"}],"curies":[{"name":"wp","href":"https:\/\/api.w.org\/{rel}","templated":true}]}}