{"id":15,"date":"2024-09-07T11:14:55","date_gmt":"2024-09-07T09:14:55","guid":{"rendered":"https:\/\/mmi-tarbes.fr\/Julie\/?page_id=15"},"modified":"2025-02-14T12:18:36","modified_gmt":"2025-02-14T11:18:36","slug":"projets","status":"publish","type":"page","link":"https:\/\/mmi-tarbes.fr\/Julie\/projets\/","title":{"rendered":"Projets"},"content":{"rendered":"\t\t<div data-elementor-type=\"wp-page\" data-elementor-id=\"15\" class=\"elementor elementor-15\" data-elementor-post-type=\"page\">\n\t\t\t\t<div class=\"elementor-element elementor-element-196e9e2 e-flex e-con-boxed wpr-particle-no wpr-jarallax-no wpr-parallax-no wpr-sticky-section-no e-con e-parent\" data-id=\"196e9e2\" data-element_type=\"container\">\n\t\t\t\t\t<div class=\"e-con-inner\">\n\t\t\t\t\t<\/div>\n\t\t\t\t<\/div>\n\t\t<div class=\"elementor-element elementor-element-f51ddd8 e-flex e-con-boxed wpr-particle-no wpr-jarallax-no wpr-parallax-no wpr-sticky-section-no e-con e-parent\" data-id=\"f51ddd8\" data-element_type=\"container\">\n\t\t\t\t\t<div class=\"e-con-inner\">\n\t\t\t\t<div class=\"elementor-element elementor-element-13b35bf wpr-grid-columns-3 wpr-grid-columns--tablet2 wpr-grid-columns--mobile1 wpr-grid-pagination-center wpr-item-styles-inner elementor-widget elementor-widget-wpr-grid\" data-id=\"13b35bf\" data-element_type=\"widget\" data-widget_type=\"wpr-grid.default\">\n\t\t\t\t<div class=\"elementor-widget-container\">\n\t\t\t\t\t<ul class=\"wpr-grid-filters elementor-clearfix wpr-grid-filters-sep-right\"><li class=\" wpr-pointer-none wpr-pointer-line-fx wpr-pointer-fx-none\"><span  data-filter=\"*\" class=\"wpr-grid-filters-item wpr-active-filter \">Tout<\/span><em class=\"wpr-grid-filters-sep\"><\/em><\/li><li class=\" wpr-pointer-none wpr-pointer-line-fx wpr-pointer-fx-none\"><span   data-ajax-filter=[\"category\",\"mmi\"]  data-filter=\".category-mmi\">MMI<\/span><em class=\"wpr-grid-filters-sep\"><\/em><\/li><li class=\" wpr-pointer-none wpr-pointer-line-fx wpr-pointer-fx-none\"><span   data-ajax-filter=[\"category\",\"sio\"]  data-filter=\".category-sio\">SIO<\/span><em class=\"wpr-grid-filters-sep\"><\/em><\/li><li class=\" wpr-pointer-none wpr-pointer-line-fx wpr-pointer-fx-none\"><span   data-ajax-filter=[\"category\",\"stage\"]  data-filter=\".category-stage\">Stage<\/span><em class=\"wpr-grid-filters-sep\"><\/em><\/li><\/ul><section class=\"wpr-grid elementor-clearfix\" data-settings=\"{&quot;layout&quot;:&quot;fitRows&quot;,&quot;stick_last_element_to_bottom&quot;:&quot;&quot;,&quot;columns_desktop&quot;:3,&quot;gutter_hr&quot;:15,&quot;gutter_hr_mobile&quot;:15,&quot;gutter_hr_mobile_extra&quot;:15,&quot;gutter_hr_tablet&quot;:15,&quot;gutter_hr_tablet_extra&quot;:15,&quot;gutter_hr_laptop&quot;:15,&quot;gutter_hr_widescreen&quot;:15,&quot;gutter_vr&quot;:15,&quot;gutter_vr_mobile&quot;:15,&quot;gutter_vr_mobile_extra&quot;:15,&quot;gutter_vr_tablet&quot;:15,&quot;gutter_vr_tablet_extra&quot;:15,&quot;gutter_vr_laptop&quot;:15,&quot;gutter_vr_widescreen&quot;:15,&quot;animation&quot;:&quot;default&quot;,&quot;animation_duration&quot;:0.3,&quot;animation_delay&quot;:0.1,&quot;deeplinking&quot;:&quot;&quot;,&quot;filters_linkable&quot;:&quot;no&quot;,&quot;filters_default_filter&quot;:&quot;&quot;,&quot;filters_count&quot;:&quot;&quot;,&quot;filters_hide_empty&quot;:&quot;no&quot;,&quot;filters_animation&quot;:&quot;default&quot;,&quot;filters_animation_duration&quot;:0.3,&quot;filters_animation_delay&quot;:0.1,&quot;pagination_type&quot;:&quot;load-more&quot;,&quot;pagination_max_pages&quot;:1,&quot;lightbox&quot;:{&quot;selector&quot;:&quot;.wpr-grid-image-wrap&quot;,&quot;iframeMaxWidth&quot;:&quot;60%&quot;,&quot;hash&quot;:false,&quot;autoplay&quot;:&quot;true&quot;,&quot;pause&quot;:5000,&quot;progressBar&quot;:&quot;true&quot;,&quot;counter&quot;:&quot;true&quot;,&quot;controls&quot;:&quot;true&quot;,&quot;getCaptionFromTitleOrAlt&quot;:&quot;true&quot;,&quot;thumbnail&quot;:&quot;&quot;,&quot;showThumbByDefault&quot;:&quot;&quot;,&quot;share&quot;:&quot;&quot;,&quot;zoom&quot;:&quot;true&quot;,&quot;fullScreen&quot;:&quot;true&quot;,&quot;download&quot;:&quot;true&quot;}}\"><article class=\"wpr-grid-item elementor-clearfix post-584 post type-post status-publish format-standard hentry category-mmi\"><div class=\"wpr-grid-item-inner\"><div class=\"wpr-grid-item-below-content elementor-clearfix\"><h2 class=\"wpr-grid-item-title elementor-repeater-item-f3ff067 wpr-grid-item-display-block wpr-grid-item-align-left wpr-pointer-none wpr-pointer-line-fx wpr-pointer-fx-fade\"><div class=\"inner-block\"><a target=\"_self\"  href=\"https:\/\/mmi-tarbes.fr\/Julie\/2025\/02\/14\/be-sauvam-la-montanha\/\">Be Sauvam la Montanha<\/a><\/div><\/h2><div class=\"wpr-grid-item-read-more elementor-repeater-item-a81f10b wpr-grid-item-display-block wpr-grid-item-align-left\"><div class=\"inner-block\"><a target=\"_self\" href=\"https:\/\/mmi-tarbes.fr\/Julie\/2025\/02\/14\/be-sauvam-la-montanha\/\" class=\"wpr-button-effect wpr-button-none\"><span>En savoir plus<\/span><\/a><\/div><\/div><\/div><\/div><\/article><article class=\"wpr-grid-item elementor-clearfix post-550 post type-post status-publish format-standard hentry category-mmi\"><div class=\"wpr-grid-item-inner\"><div class=\"wpr-grid-item-below-content elementor-clearfix\"><h2 class=\"wpr-grid-item-title elementor-repeater-item-f3ff067 wpr-grid-item-display-block wpr-grid-item-align-left wpr-pointer-none wpr-pointer-line-fx wpr-pointer-fx-fade\"><div class=\"inner-block\"><a target=\"_self\"  href=\"https:\/\/mmi-tarbes.fr\/Julie\/2025\/02\/14\/packshot\/\">Packshot<\/a><\/div><\/h2><div class=\"wpr-grid-item-excerpt elementor-repeater-item-56c7ea8 wpr-grid-item-display-block wpr-grid-item-align-left\"><div class=\"inner-block\"><p>Description : Nous devions trouver une entreprise locale et lui proposer de r\u00e9aliser un shooting photo<\/p><\/div><\/div><div class=\"wpr-grid-item-read-more elementor-repeater-item-a81f10b wpr-grid-item-display-block wpr-grid-item-align-left\"><div class=\"inner-block\"><a target=\"_self\" href=\"https:\/\/mmi-tarbes.fr\/Julie\/2025\/02\/14\/packshot\/\" class=\"wpr-button-effect wpr-button-none\"><span>En savoir plus<\/span><\/a><\/div><\/div><\/div><\/div><\/article><article class=\"wpr-grid-item elementor-clearfix post-539 post type-post status-publish format-standard hentry category-mmi\"><div class=\"wpr-grid-item-inner\"><div class=\"wpr-grid-item-below-content elementor-clearfix\"><h2 class=\"wpr-grid-item-title elementor-repeater-item-f3ff067 wpr-grid-item-display-block wpr-grid-item-align-left wpr-pointer-none wpr-pointer-line-fx wpr-pointer-fx-fade\"><div class=\"inner-block\"><a target=\"_self\"  href=\"https:\/\/mmi-tarbes.fr\/Julie\/2025\/02\/14\/leau-lautre\/\">L&rsquo;Eau &amp; L&rsquo;Autre<\/a><\/div><\/h2><div class=\"wpr-grid-item-read-more elementor-repeater-item-a81f10b wpr-grid-item-display-block wpr-grid-item-align-left\"><div class=\"inner-block\"><a target=\"_self\" href=\"https:\/\/mmi-tarbes.fr\/Julie\/2025\/02\/14\/leau-lautre\/\" class=\"wpr-button-effect wpr-button-none\"><span>En savoir plus<\/span><\/a><\/div><\/div><\/div><\/div><\/article><article class=\"wpr-grid-item elementor-clearfix post-422 post type-post status-publish format-standard hentry category-stage\"><div class=\"wpr-grid-item-inner\"><div class=\"wpr-grid-item-below-content elementor-clearfix\"><h2 class=\"wpr-grid-item-title elementor-repeater-item-f3ff067 wpr-grid-item-display-block wpr-grid-item-align-left wpr-pointer-none wpr-pointer-line-fx wpr-pointer-fx-fade\"><div class=\"inner-block\"><a target=\"_self\"  href=\"https:\/\/mmi-tarbes.fr\/Julie\/2024\/12\/02\/stage-mairie-de-lourdes\/\">Stage Mairie de Lourdes<\/a><\/div><\/h2><div class=\"wpr-grid-item-excerpt elementor-repeater-item-56c7ea8 wpr-grid-item-display-block wpr-grid-item-align-left\"><div class=\"inner-block\"><p>Projets r\u00e9alis\u00e9s lors de mon stage en premi\u00e8re ann\u00e9e de BTS SIO. J\u2019ai principalement r\u00e9alis\u00e9 des transcriptions et r\u00e9dig\u00e9 des\u2026<\/p><\/div><\/div><div class=\"wpr-grid-item-read-more elementor-repeater-item-a81f10b wpr-grid-item-display-block wpr-grid-item-align-left\"><div class=\"inner-block\"><a target=\"_self\" href=\"https:\/\/mmi-tarbes.fr\/Julie\/2024\/12\/02\/stage-mairie-de-lourdes\/\" class=\"wpr-button-effect wpr-button-none\"><span>En savoir plus<\/span><\/a><\/div><\/div><\/div><\/div><\/article><article class=\"wpr-grid-item elementor-clearfix post-375 post type-post status-publish format-standard hentry category-sio\"><div class=\"wpr-grid-item-inner\"><div class=\"wpr-grid-item-below-content elementor-clearfix\"><h2 class=\"wpr-grid-item-title elementor-repeater-item-f3ff067 wpr-grid-item-display-block wpr-grid-item-align-left wpr-pointer-none wpr-pointer-line-fx wpr-pointer-fx-fade\"><div class=\"inner-block\"><a target=\"_self\"  href=\"https:\/\/mmi-tarbes.fr\/Julie\/2024\/11\/03\/m2l\/\">M2L<\/a><\/div><\/h2><div class=\"wpr-grid-item-excerpt elementor-repeater-item-56c7ea8 wpr-grid-item-display-block wpr-grid-item-align-left\"><div class=\"inner-block\"><p>Travail de groupe r\u00e9alis\u00e9 au cours de ma premi\u00e8re ann\u00e9e de BTS SIO. L\u2019objectif de ce travail de groupe \u00e9tait\u2026<\/p><\/div><\/div><div class=\"wpr-grid-item-read-more elementor-repeater-item-a81f10b wpr-grid-item-display-block wpr-grid-item-align-left\"><div class=\"inner-block\"><a target=\"_self\" href=\"https:\/\/mmi-tarbes.fr\/Julie\/2024\/11\/03\/m2l\/\" class=\"wpr-button-effect wpr-button-none\"><span>En savoir plus<\/span><\/a><\/div><\/div><\/div><\/div><\/article><article class=\"wpr-grid-item elementor-clearfix post-358 post type-post status-publish format-standard hentry category-sio\"><div class=\"wpr-grid-item-inner\"><div class=\"wpr-grid-item-below-content elementor-clearfix\"><h2 class=\"wpr-grid-item-title elementor-repeater-item-f3ff067 wpr-grid-item-display-block wpr-grid-item-align-left wpr-pointer-none wpr-pointer-line-fx wpr-pointer-fx-fade\"><div class=\"inner-block\"><a target=\"_self\"  href=\"https:\/\/mmi-tarbes.fr\/Julie\/2024\/11\/03\/world-tour\/\">World Tour<\/a><\/div><\/h2><div class=\"wpr-grid-item-excerpt elementor-repeater-item-56c7ea8 wpr-grid-item-display-block wpr-grid-item-align-left\"><div class=\"inner-block\"><p>\u00a0 Projet de groupe r\u00e9alis\u00e9 en premi\u00e8re ann\u00e9e de BTS SIO. Cr\u00e9ation d\u2019un site internet avec WordPress pour une agence\u2026<\/p><\/div><\/div><div class=\"wpr-grid-item-read-more elementor-repeater-item-a81f10b wpr-grid-item-display-block wpr-grid-item-align-left\"><div class=\"inner-block\"><a target=\"_self\" href=\"https:\/\/mmi-tarbes.fr\/Julie\/2024\/11\/03\/world-tour\/\" class=\"wpr-button-effect wpr-button-none\"><span>En savoir plus<\/span><\/a><\/div><\/div><\/div><\/div><\/article><article class=\"wpr-grid-item elementor-clearfix post-346 post type-post status-publish format-standard hentry category-mmi\"><div class=\"wpr-grid-item-inner\"><div class=\"wpr-grid-item-below-content elementor-clearfix\"><h2 class=\"wpr-grid-item-title elementor-repeater-item-f3ff067 wpr-grid-item-display-block wpr-grid-item-align-left wpr-pointer-none wpr-pointer-line-fx wpr-pointer-fx-fade\"><div class=\"inner-block\"><a target=\"_self\"  href=\"https:\/\/mmi-tarbes.fr\/Julie\/2024\/11\/03\/big-bagel-club\/\">Big Bagel Club<\/a><\/div><\/h2><div class=\"wpr-grid-item-excerpt elementor-repeater-item-56c7ea8 wpr-grid-item-display-block wpr-grid-item-align-left\"><div class=\"inner-block\"><p>Simulation de cr\u00e9ation d&rsquo;un Food Truck. (La suite des informations arrive bient\u00f4t)<\/p><\/div><\/div><div class=\"wpr-grid-item-read-more elementor-repeater-item-a81f10b wpr-grid-item-display-block wpr-grid-item-align-left\"><div class=\"inner-block\"><a target=\"_self\" href=\"https:\/\/mmi-tarbes.fr\/Julie\/2024\/11\/03\/big-bagel-club\/\" class=\"wpr-button-effect wpr-button-none\"><span>En savoir plus<\/span><\/a><\/div><\/div><\/div><\/div><\/article><article class=\"wpr-grid-item elementor-clearfix post-338 post type-post status-publish format-standard hentry category-stage\"><div class=\"wpr-grid-item-inner\"><div class=\"wpr-grid-item-below-content elementor-clearfix\"><h2 class=\"wpr-grid-item-title elementor-repeater-item-f3ff067 wpr-grid-item-display-block wpr-grid-item-align-left wpr-pointer-none wpr-pointer-line-fx wpr-pointer-fx-fade\"><div class=\"inner-block\"><a target=\"_self\"  href=\"https:\/\/mmi-tarbes.fr\/Julie\/2024\/11\/03\/site-ateliers-informatique\/\">Site Ateliers Informatique<\/a><\/div><\/h2><div class=\"wpr-grid-item-excerpt elementor-repeater-item-56c7ea8 wpr-grid-item-display-block wpr-grid-item-align-left\"><div class=\"inner-block\"><p>Projet r\u00e9alis\u00e9 lors de mon stage en deuxi\u00e8me ann\u00e9e de BTS SIO. Le projet \u00e9tait de cr\u00e9er un site pour\u2026<\/p><\/div><\/div><div class=\"wpr-grid-item-read-more elementor-repeater-item-a81f10b wpr-grid-item-display-block wpr-grid-item-align-left\"><div class=\"inner-block\"><a target=\"_self\" href=\"https:\/\/mmi-tarbes.fr\/Julie\/2024\/11\/03\/site-ateliers-informatique\/\" class=\"wpr-button-effect wpr-button-none\"><span>En savoir plus<\/span><\/a><\/div><\/div><\/div><\/div><\/article><\/section>\t\t\t\t<\/div>\n\t\t\t\t<\/div>\n\t\t\t\t\t<\/div>\n\t\t\t\t<\/div>\n\t\t\t\t<\/div>\n\t\t","protected":false},"excerpt":{"rendered":"<p>Tout MMI SIO Stage Be Sauvam la Montanha En savoir plus Packshot Description : Nous devions trouver une entreprise locale et lui proposer de r\u00e9aliser un shooting photo En savoir plus L&rsquo;Eau &amp; L&rsquo;Autre En savoir plus Stage Mairie de Lourdes Projets r\u00e9alis\u00e9s lors de mon stage en premi\u00e8re ann\u00e9e de BTS SIO. J\u2019ai principalement r\u00e9alis\u00e9 des transcriptions et r\u00e9dig\u00e9 des\u2026 En savoir plus M2L Travail de groupe r\u00e9alis\u00e9 au cours de ma premi\u00e8re ann\u00e9e de BTS SIO. L\u2019objectif de ce travail de groupe \u00e9tait\u2026 En savoir plus World Tour \u00a0 Projet de groupe r\u00e9alis\u00e9 en premi\u00e8re ann\u00e9e de BTS SIO. Cr\u00e9ation d\u2019un site internet avec WordPress pour une agence\u2026 En savoir plus Big Bagel Club Simulation de cr\u00e9ation d&rsquo;un Food Truck. (La suite des informations arrive bient\u00f4t) En savoir plus Site Ateliers Informatique Projet r\u00e9alis\u00e9 lors de mon stage en deuxi\u00e8me ann\u00e9e de BTS SIO. Le projet \u00e9tait de cr\u00e9er un site pour\u2026 En savoir plus<\/p>\n","protected":false},"author":1,"featured_media":0,"parent":0,"menu_order":0,"comment_status":"closed","ping_status":"closed","template":"","meta":{"footnotes":""},"class_list":["post-15","page","type-page","status-publish","hentry"],"yoast_head":"<!-- This site is optimized with the Yoast SEO plugin v24.2 - https:\/\/yoast.com\/wordpress\/plugins\/seo\/ -->\n<title>Projets - Julie CABANNE<\/title>\n<meta name=\"robots\" content=\"index, follow, max-snippet:-1, max-image-preview:large, max-video-preview:-1\" \/>\n<link rel=\"canonical\" href=\"https:\/\/mmi-tarbes.fr\/Julie\/projets\/\" \/>\n<meta property=\"og:locale\" content=\"fr_FR\" \/>\n<meta property=\"og:type\" content=\"article\" \/>\n<meta property=\"og:title\" content=\"Projets - Julie CABANNE\" \/>\n<meta property=\"og:description\" content=\"Tout MMI SIO Stage Be Sauvam la Montanha En savoir plus Packshot Description : Nous devions trouver une entreprise locale et lui proposer de r\u00e9aliser un shooting photo En savoir plus L&rsquo;Eau &amp; L&rsquo;Autre En savoir plus Stage Mairie de Lourdes Projets r\u00e9alis\u00e9s lors de mon stage en premi\u00e8re ann\u00e9e de BTS SIO. J\u2019ai principalement r\u00e9alis\u00e9 des transcriptions et r\u00e9dig\u00e9 des\u2026 En savoir plus M2L Travail de groupe r\u00e9alis\u00e9 au cours de ma premi\u00e8re ann\u00e9e de BTS SIO. L\u2019objectif de ce travail de groupe \u00e9tait\u2026 En savoir plus World Tour \u00a0 Projet de groupe r\u00e9alis\u00e9 en premi\u00e8re ann\u00e9e de BTS SIO. Cr\u00e9ation d\u2019un site internet avec WordPress pour une agence\u2026 En savoir plus Big Bagel Club Simulation de cr\u00e9ation d&rsquo;un Food Truck. (La suite des informations arrive bient\u00f4t) En savoir plus Site Ateliers Informatique Projet r\u00e9alis\u00e9 lors de mon stage en deuxi\u00e8me ann\u00e9e de BTS SIO. Le projet \u00e9tait de cr\u00e9er un site pour\u2026 En savoir plus\" \/>\n<meta property=\"og:url\" content=\"https:\/\/mmi-tarbes.fr\/Julie\/projets\/\" \/>\n<meta property=\"og:site_name\" content=\"Julie CABANNE\" \/>\n<meta property=\"article:modified_time\" content=\"2025-02-14T11:18:36+00:00\" \/>\n<meta name=\"twitter:card\" content=\"summary_large_image\" \/>\n<meta name=\"twitter:label1\" content=\"Dur\u00e9e de lecture estim\u00e9e\" \/>\n\t<meta name=\"twitter:data1\" content=\"1 minute\" \/>\n<script type=\"application\/ld+json\" class=\"yoast-schema-graph\">{\"@context\":\"https:\/\/schema.org\",\"@graph\":[{\"@type\":\"WebPage\",\"@id\":\"https:\/\/mmi-tarbes.fr\/Julie\/projets\/\",\"url\":\"https:\/\/mmi-tarbes.fr\/Julie\/projets\/\",\"name\":\"Projets - Julie CABANNE\",\"isPartOf\":{\"@id\":\"https:\/\/mmi-tarbes.fr\/Julie\/#website\"},\"datePublished\":\"2024-09-07T09:14:55+00:00\",\"dateModified\":\"2025-02-14T11:18:36+00:00\",\"breadcrumb\":{\"@id\":\"https:\/\/mmi-tarbes.fr\/Julie\/projets\/#breadcrumb\"},\"inLanguage\":\"fr-FR\",\"potentialAction\":[{\"@type\":\"ReadAction\",\"target\":[\"https:\/\/mmi-tarbes.fr\/Julie\/projets\/\"]}]},{\"@type\":\"BreadcrumbList\",\"@id\":\"https:\/\/mmi-tarbes.fr\/Julie\/projets\/#breadcrumb\",\"itemListElement\":[{\"@type\":\"ListItem\",\"position\":1,\"name\":\"Accueil\",\"item\":\"https:\/\/mmi-tarbes.fr\/Julie\/\"},{\"@type\":\"ListItem\",\"position\":2,\"name\":\"Projets\"}]},{\"@type\":\"WebSite\",\"@id\":\"https:\/\/mmi-tarbes.fr\/Julie\/#website\",\"url\":\"https:\/\/mmi-tarbes.fr\/Julie\/\",\"name\":\"Julie CABANNE\",\"description\":\"\",\"publisher\":{\"@id\":\"https:\/\/mmi-tarbes.fr\/Julie\/#organization\"},\"potentialAction\":[{\"@type\":\"SearchAction\",\"target\":{\"@type\":\"EntryPoint\",\"urlTemplate\":\"https:\/\/mmi-tarbes.fr\/Julie\/?s={search_term_string}\"},\"query-input\":{\"@type\":\"PropertyValueSpecification\",\"valueRequired\":true,\"valueName\":\"search_term_string\"}}],\"inLanguage\":\"fr-FR\"},{\"@type\":\"Organization\",\"@id\":\"https:\/\/mmi-tarbes.fr\/Julie\/#organization\",\"name\":\"Julie CABANNE\",\"url\":\"https:\/\/mmi-tarbes.fr\/Julie\/\",\"logo\":{\"@type\":\"ImageObject\",\"inLanguage\":\"fr-FR\",\"@id\":\"https:\/\/mmi-tarbes.fr\/Julie\/#\/schema\/logo\/image\/\",\"url\":\"https:\/\/mmi-tarbes.fr\/Julie\/wp-content\/uploads\/2024\/09\/logo-jc.png\",\"contentUrl\":\"https:\/\/mmi-tarbes.fr\/Julie\/wp-content\/uploads\/2024\/09\/logo-jc.png\",\"width\":222,\"height\":154,\"caption\":\"Julie CABANNE\"},\"image\":{\"@id\":\"https:\/\/mmi-tarbes.fr\/Julie\/#\/schema\/logo\/image\/\"}}]}<\/script>\n<!-- \/ Yoast SEO plugin. -->","yoast_head_json":{"title":"Projets - Julie CABANNE","robots":{"index":"index","follow":"follow","max-snippet":"max-snippet:-1","max-image-preview":"max-image-preview:large","max-video-preview":"max-video-preview:-1"},"canonical":"https:\/\/mmi-tarbes.fr\/Julie\/projets\/","og_locale":"fr_FR","og_type":"article","og_title":"Projets - Julie CABANNE","og_description":"Tout MMI SIO Stage Be Sauvam la Montanha En savoir plus Packshot Description : Nous devions trouver une entreprise locale et lui proposer de r\u00e9aliser un shooting photo En savoir plus L&rsquo;Eau &amp; L&rsquo;Autre En savoir plus Stage Mairie de Lourdes Projets r\u00e9alis\u00e9s lors de mon stage en premi\u00e8re ann\u00e9e de BTS SIO. J\u2019ai principalement r\u00e9alis\u00e9 des transcriptions et r\u00e9dig\u00e9 des\u2026 En savoir plus M2L Travail de groupe r\u00e9alis\u00e9 au cours de ma premi\u00e8re ann\u00e9e de BTS SIO. L\u2019objectif de ce travail de groupe \u00e9tait\u2026 En savoir plus World Tour \u00a0 Projet de groupe r\u00e9alis\u00e9 en premi\u00e8re ann\u00e9e de BTS SIO. Cr\u00e9ation d\u2019un site internet avec WordPress pour une agence\u2026 En savoir plus Big Bagel Club Simulation de cr\u00e9ation d&rsquo;un Food Truck. (La suite des informations arrive bient\u00f4t) En savoir plus Site Ateliers Informatique Projet r\u00e9alis\u00e9 lors de mon stage en deuxi\u00e8me ann\u00e9e de BTS SIO. Le projet \u00e9tait de cr\u00e9er un site pour\u2026 En savoir plus","og_url":"https:\/\/mmi-tarbes.fr\/Julie\/projets\/","og_site_name":"Julie CABANNE","article_modified_time":"2025-02-14T11:18:36+00:00","twitter_card":"summary_large_image","twitter_misc":{"Dur\u00e9e de lecture estim\u00e9e":"1 minute"},"schema":{"@context":"https:\/\/schema.org","@graph":[{"@type":"WebPage","@id":"https:\/\/mmi-tarbes.fr\/Julie\/projets\/","url":"https:\/\/mmi-tarbes.fr\/Julie\/projets\/","name":"Projets - Julie CABANNE","isPartOf":{"@id":"https:\/\/mmi-tarbes.fr\/Julie\/#website"},"datePublished":"2024-09-07T09:14:55+00:00","dateModified":"2025-02-14T11:18:36+00:00","breadcrumb":{"@id":"https:\/\/mmi-tarbes.fr\/Julie\/projets\/#breadcrumb"},"inLanguage":"fr-FR","potentialAction":[{"@type":"ReadAction","target":["https:\/\/mmi-tarbes.fr\/Julie\/projets\/"]}]},{"@type":"BreadcrumbList","@id":"https:\/\/mmi-tarbes.fr\/Julie\/projets\/#breadcrumb","itemListElement":[{"@type":"ListItem","position":1,"name":"Accueil","item":"https:\/\/mmi-tarbes.fr\/Julie\/"},{"@type":"ListItem","position":2,"name":"Projets"}]},{"@type":"WebSite","@id":"https:\/\/mmi-tarbes.fr\/Julie\/#website","url":"https:\/\/mmi-tarbes.fr\/Julie\/","name":"Julie CABANNE","description":"","publisher":{"@id":"https:\/\/mmi-tarbes.fr\/Julie\/#organization"},"potentialAction":[{"@type":"SearchAction","target":{"@type":"EntryPoint","urlTemplate":"https:\/\/mmi-tarbes.fr\/Julie\/?s={search_term_string}"},"query-input":{"@type":"PropertyValueSpecification","valueRequired":true,"valueName":"search_term_string"}}],"inLanguage":"fr-FR"},{"@type":"Organization","@id":"https:\/\/mmi-tarbes.fr\/Julie\/#organization","name":"Julie CABANNE","url":"https:\/\/mmi-tarbes.fr\/Julie\/","logo":{"@type":"ImageObject","inLanguage":"fr-FR","@id":"https:\/\/mmi-tarbes.fr\/Julie\/#\/schema\/logo\/image\/","url":"https:\/\/mmi-tarbes.fr\/Julie\/wp-content\/uploads\/2024\/09\/logo-jc.png","contentUrl":"https:\/\/mmi-tarbes.fr\/Julie\/wp-content\/uploads\/2024\/09\/logo-jc.png","width":222,"height":154,"caption":"Julie CABANNE"},"image":{"@id":"https:\/\/mmi-tarbes.fr\/Julie\/#\/schema\/logo\/image\/"}}]}},"_links":{"self":[{"href":"https:\/\/mmi-tarbes.fr\/Julie\/wp-json\/wp\/v2\/pages\/15","targetHints":{"allow":["GET"]}}],"collection":[{"href":"https:\/\/mmi-tarbes.fr\/Julie\/wp-json\/wp\/v2\/pages"}],"about":[{"href":"https:\/\/mmi-tarbes.fr\/Julie\/wp-json\/wp\/v2\/types\/page"}],"author":[{"embeddable":true,"href":"https:\/\/mmi-tarbes.fr\/Julie\/wp-json\/wp\/v2\/users\/1"}],"replies":[{"embeddable":true,"href":"https:\/\/mmi-tarbes.fr\/Julie\/wp-json\/wp\/v2\/comments?post=15"}],"version-history":[{"count":56,"href":"https:\/\/mmi-tarbes.fr\/Julie\/wp-json\/wp\/v2\/pages\/15\/revisions"}],"predecessor-version":[{"id":598,"href":"https:\/\/mmi-tarbes.fr\/Julie\/wp-json\/wp\/v2\/pages\/15\/revisions\/598"}],"wp:attachment":[{"href":"https:\/\/mmi-tarbes.fr\/Julie\/wp-json\/wp\/v2\/media?parent=15"}],"curies":[{"name":"wp","href":"https:\/\/api.w.org\/{rel}","templated":true}]}}