{"id":131,"date":"2024-09-13T15:29:59","date_gmt":"2024-09-13T13:29:59","guid":{"rendered":"https:\/\/mmi-tarbes.fr\/Julie\/?page_id=131"},"modified":"2024-10-31T17:14:47","modified_gmt":"2024-10-31T16:14:47","slug":"mentions-legales","status":"publish","type":"page","link":"https:\/\/mmi-tarbes.fr\/Julie\/mentions-legales\/","title":{"rendered":"mentions l\u00e9gales"},"content":{"rendered":"\t\t<div data-elementor-type=\"wp-page\" data-elementor-id=\"131\" class=\"elementor elementor-131\" data-elementor-post-type=\"page\">\n\t\t\t\t<div class=\"elementor-element elementor-element-baa2e91 e-flex e-con-boxed wpr-particle-no wpr-jarallax-no wpr-parallax-no wpr-sticky-section-no e-con e-parent\" data-id=\"baa2e91\" data-element_type=\"container\">\n\t\t\t\t\t<div class=\"e-con-inner\">\n\t\t\t\t<div class=\"elementor-element elementor-element-2b4936c elementor-widget elementor-widget-heading\" data-id=\"2b4936c\" data-element_type=\"widget\" data-widget_type=\"heading.default\">\n\t\t\t\t<div class=\"elementor-widget-container\">\n\t\t\t\t\t<h2 class=\"elementor-heading-title elementor-size-default\"><h2>Mentions L\u00e9gales<\/h2><h3>1. Informations G\u00e9n\u00e9rales<\/h3><p><strong>Propri\u00e9taire du site :<\/strong><br>Julie CABANNE<br><\/strong><br><\/p><h3>2. Propri\u00e9t\u00e9 Intellectuelle<\/h3><p>Le contenu du site Portfolio Julie (incluant les textes, images, graphiques, vid\u00e9os, logos, etc.) est prot\u00e9g\u00e9 par les droits de propri\u00e9t\u00e9 intellectuelle. Toute reproduction, distribution, modification, adaptation, retransmission ou publication, m\u00eame partielle, est strictement interdite sans l'autorisation pr\u00e9alable de Julie CABANNE.<\/p><h3>3. Responsabilit\u00e9<\/h3><p>Le site Portfolio Julie peut contenir des liens vers d'autres sites internet. Julie CABANNE ne saurait \u00eatre tenue responsable du contenu de ces sites externes ou des \u00e9ventuelles erreurs, omissions, ou pr\u00e9judices qui pourraient en r\u00e9sulter.<\/p><h3>4.  Cookies<\/h3><p>Le site Portfolio Julie utilise des cookies pour am\u00e9liorer votre exp\u00e9rience de navigation. Vous pouvez configurer votre navigateur pour refuser les cookies. Toutefois, cela pourrait limiter certaines fonctionnalit\u00e9s du site.<\/p><h3><\/p><h3>6. Contact<\/h3><p>Pour toute question relative aux mentions l\u00e9gales, vous pouvez nous contacter \u00e0 l'adresse e-mail suivante : julie-contact@gmail.com<\/p><\/h2>\t\t\t\t<\/div>\n\t\t\t\t<\/div>\n\t\t\t\t\t<\/div>\n\t\t\t\t<\/div>\n\t\t\t\t<\/div>\n\t\t","protected":false},"excerpt":{"rendered":"<p>Mentions L\u00e9gales 1. Informations G\u00e9n\u00e9rales Propri\u00e9taire du site :Julie CABANNE 2. Propri\u00e9t\u00e9 Intellectuelle Le contenu du site Portfolio Julie (incluant les textes, images, graphiques, vid\u00e9os, logos, etc.) est prot\u00e9g\u00e9 par les droits de propri\u00e9t\u00e9 intellectuelle. Toute reproduction, distribution, modification, adaptation, retransmission ou publication, m\u00eame partielle, est strictement interdite sans l&rsquo;autorisation pr\u00e9alable de Julie CABANNE. 3. Responsabilit\u00e9 Le site Portfolio Julie peut contenir des liens vers d&rsquo;autres sites internet. Julie CABANNE ne saurait \u00eatre tenue responsable du contenu de ces sites externes ou des \u00e9ventuelles erreurs, omissions, ou pr\u00e9judices qui pourraient en r\u00e9sulter. 4. Cookies Le site Portfolio Julie utilise des cookies pour am\u00e9liorer votre exp\u00e9rience de navigation. Vous pouvez configurer votre navigateur pour refuser les cookies. Toutefois, cela pourrait limiter certaines fonctionnalit\u00e9s du site. 6. Contact Pour toute question relative aux mentions l\u00e9gales, vous pouvez nous contacter \u00e0 l&rsquo;adresse e-mail suivante : julie-contact@gmail.com<\/p>\n","protected":false},"author":1,"featured_media":0,"parent":0,"menu_order":0,"comment_status":"closed","ping_status":"closed","template":"","meta":{"footnotes":""},"class_list":["post-131","page","type-page","status-publish","hentry"],"yoast_head":"<!-- This site is optimized with the Yoast SEO plugin v24.2 - https:\/\/yoast.com\/wordpress\/plugins\/seo\/ -->\n<title>mentions l\u00e9gales - Julie CABANNE<\/title>\n<meta name=\"robots\" content=\"index, follow, max-snippet:-1, max-image-preview:large, max-video-preview:-1\" \/>\n<link rel=\"canonical\" href=\"https:\/\/mmi-tarbes.fr\/Julie\/mentions-legales\/\" \/>\n<meta property=\"og:locale\" content=\"fr_FR\" \/>\n<meta property=\"og:type\" content=\"article\" \/>\n<meta property=\"og:title\" content=\"mentions l\u00e9gales - Julie CABANNE\" \/>\n<meta property=\"og:description\" content=\"Mentions L\u00e9gales 1. Informations G\u00e9n\u00e9rales Propri\u00e9taire du site :Julie CABANNE 2. Propri\u00e9t\u00e9 Intellectuelle Le contenu du site Portfolio Julie (incluant les textes, images, graphiques, vid\u00e9os, logos, etc.) est prot\u00e9g\u00e9 par les droits de propri\u00e9t\u00e9 intellectuelle. Toute reproduction, distribution, modification, adaptation, retransmission ou publication, m\u00eame partielle, est strictement interdite sans l&rsquo;autorisation pr\u00e9alable de Julie CABANNE. 3. Responsabilit\u00e9 Le site Portfolio Julie peut contenir des liens vers d&rsquo;autres sites internet. Julie CABANNE ne saurait \u00eatre tenue responsable du contenu de ces sites externes ou des \u00e9ventuelles erreurs, omissions, ou pr\u00e9judices qui pourraient en r\u00e9sulter. 4. Cookies Le site Portfolio Julie utilise des cookies pour am\u00e9liorer votre exp\u00e9rience de navigation. Vous pouvez configurer votre navigateur pour refuser les cookies. Toutefois, cela pourrait limiter certaines fonctionnalit\u00e9s du site. 6. Contact Pour toute question relative aux mentions l\u00e9gales, vous pouvez nous contacter \u00e0 l&rsquo;adresse e-mail suivante : julie-contact@gmail.com\" \/>\n<meta property=\"og:url\" content=\"https:\/\/mmi-tarbes.fr\/Julie\/mentions-legales\/\" \/>\n<meta property=\"og:site_name\" content=\"Julie CABANNE\" \/>\n<meta property=\"article:modified_time\" content=\"2024-10-31T16:14:47+00:00\" \/>\n<meta name=\"twitter:card\" content=\"summary_large_image\" \/>\n<meta name=\"twitter:label1\" content=\"Dur\u00e9e de lecture estim\u00e9e\" \/>\n\t<meta name=\"twitter:data1\" content=\"1 minute\" \/>\n<script type=\"application\/ld+json\" class=\"yoast-schema-graph\">{\"@context\":\"https:\/\/schema.org\",\"@graph\":[{\"@type\":\"WebPage\",\"@id\":\"https:\/\/mmi-tarbes.fr\/Julie\/mentions-legales\/\",\"url\":\"https:\/\/mmi-tarbes.fr\/Julie\/mentions-legales\/\",\"name\":\"mentions l\u00e9gales - Julie CABANNE\",\"isPartOf\":{\"@id\":\"https:\/\/mmi-tarbes.fr\/Julie\/#website\"},\"datePublished\":\"2024-09-13T13:29:59+00:00\",\"dateModified\":\"2024-10-31T16:14:47+00:00\",\"breadcrumb\":{\"@id\":\"https:\/\/mmi-tarbes.fr\/Julie\/mentions-legales\/#breadcrumb\"},\"inLanguage\":\"fr-FR\",\"potentialAction\":[{\"@type\":\"ReadAction\",\"target\":[\"https:\/\/mmi-tarbes.fr\/Julie\/mentions-legales\/\"]}]},{\"@type\":\"BreadcrumbList\",\"@id\":\"https:\/\/mmi-tarbes.fr\/Julie\/mentions-legales\/#breadcrumb\",\"itemListElement\":[{\"@type\":\"ListItem\",\"position\":1,\"name\":\"Accueil\",\"item\":\"https:\/\/mmi-tarbes.fr\/Julie\/\"},{\"@type\":\"ListItem\",\"position\":2,\"name\":\"mentions l\u00e9gales\"}]},{\"@type\":\"WebSite\",\"@id\":\"https:\/\/mmi-tarbes.fr\/Julie\/#website\",\"url\":\"https:\/\/mmi-tarbes.fr\/Julie\/\",\"name\":\"Julie CABANNE\",\"description\":\"\",\"publisher\":{\"@id\":\"https:\/\/mmi-tarbes.fr\/Julie\/#organization\"},\"potentialAction\":[{\"@type\":\"SearchAction\",\"target\":{\"@type\":\"EntryPoint\",\"urlTemplate\":\"https:\/\/mmi-tarbes.fr\/Julie\/?s={search_term_string}\"},\"query-input\":{\"@type\":\"PropertyValueSpecification\",\"valueRequired\":true,\"valueName\":\"search_term_string\"}}],\"inLanguage\":\"fr-FR\"},{\"@type\":\"Organization\",\"@id\":\"https:\/\/mmi-tarbes.fr\/Julie\/#organization\",\"name\":\"Julie CABANNE\",\"url\":\"https:\/\/mmi-tarbes.fr\/Julie\/\",\"logo\":{\"@type\":\"ImageObject\",\"inLanguage\":\"fr-FR\",\"@id\":\"https:\/\/mmi-tarbes.fr\/Julie\/#\/schema\/logo\/image\/\",\"url\":\"https:\/\/mmi-tarbes.fr\/Julie\/wp-content\/uploads\/2024\/09\/logo-jc.png\",\"contentUrl\":\"https:\/\/mmi-tarbes.fr\/Julie\/wp-content\/uploads\/2024\/09\/logo-jc.png\",\"width\":222,\"height\":154,\"caption\":\"Julie CABANNE\"},\"image\":{\"@id\":\"https:\/\/mmi-tarbes.fr\/Julie\/#\/schema\/logo\/image\/\"}}]}<\/script>\n<!-- \/ Yoast SEO plugin. -->","yoast_head_json":{"title":"mentions l\u00e9gales - Julie CABANNE","robots":{"index":"index","follow":"follow","max-snippet":"max-snippet:-1","max-image-preview":"max-image-preview:large","max-video-preview":"max-video-preview:-1"},"canonical":"https:\/\/mmi-tarbes.fr\/Julie\/mentions-legales\/","og_locale":"fr_FR","og_type":"article","og_title":"mentions l\u00e9gales - Julie CABANNE","og_description":"Mentions L\u00e9gales 1. Informations G\u00e9n\u00e9rales Propri\u00e9taire du site :Julie CABANNE 2. Propri\u00e9t\u00e9 Intellectuelle Le contenu du site Portfolio Julie (incluant les textes, images, graphiques, vid\u00e9os, logos, etc.) est prot\u00e9g\u00e9 par les droits de propri\u00e9t\u00e9 intellectuelle. Toute reproduction, distribution, modification, adaptation, retransmission ou publication, m\u00eame partielle, est strictement interdite sans l&rsquo;autorisation pr\u00e9alable de Julie CABANNE. 3. Responsabilit\u00e9 Le site Portfolio Julie peut contenir des liens vers d&rsquo;autres sites internet. Julie CABANNE ne saurait \u00eatre tenue responsable du contenu de ces sites externes ou des \u00e9ventuelles erreurs, omissions, ou pr\u00e9judices qui pourraient en r\u00e9sulter. 4. Cookies Le site Portfolio Julie utilise des cookies pour am\u00e9liorer votre exp\u00e9rience de navigation. Vous pouvez configurer votre navigateur pour refuser les cookies. Toutefois, cela pourrait limiter certaines fonctionnalit\u00e9s du site. 6. Contact Pour toute question relative aux mentions l\u00e9gales, vous pouvez nous contacter \u00e0 l&rsquo;adresse e-mail suivante : julie-contact@gmail.com","og_url":"https:\/\/mmi-tarbes.fr\/Julie\/mentions-legales\/","og_site_name":"Julie CABANNE","article_modified_time":"2024-10-31T16:14:47+00:00","twitter_card":"summary_large_image","twitter_misc":{"Dur\u00e9e de lecture estim\u00e9e":"1 minute"},"schema":{"@context":"https:\/\/schema.org","@graph":[{"@type":"WebPage","@id":"https:\/\/mmi-tarbes.fr\/Julie\/mentions-legales\/","url":"https:\/\/mmi-tarbes.fr\/Julie\/mentions-legales\/","name":"mentions l\u00e9gales - Julie CABANNE","isPartOf":{"@id":"https:\/\/mmi-tarbes.fr\/Julie\/#website"},"datePublished":"2024-09-13T13:29:59+00:00","dateModified":"2024-10-31T16:14:47+00:00","breadcrumb":{"@id":"https:\/\/mmi-tarbes.fr\/Julie\/mentions-legales\/#breadcrumb"},"inLanguage":"fr-FR","potentialAction":[{"@type":"ReadAction","target":["https:\/\/mmi-tarbes.fr\/Julie\/mentions-legales\/"]}]},{"@type":"BreadcrumbList","@id":"https:\/\/mmi-tarbes.fr\/Julie\/mentions-legales\/#breadcrumb","itemListElement":[{"@type":"ListItem","position":1,"name":"Accueil","item":"https:\/\/mmi-tarbes.fr\/Julie\/"},{"@type":"ListItem","position":2,"name":"mentions l\u00e9gales"}]},{"@type":"WebSite","@id":"https:\/\/mmi-tarbes.fr\/Julie\/#website","url":"https:\/\/mmi-tarbes.fr\/Julie\/","name":"Julie CABANNE","description":"","publisher":{"@id":"https:\/\/mmi-tarbes.fr\/Julie\/#organization"},"potentialAction":[{"@type":"SearchAction","target":{"@type":"EntryPoint","urlTemplate":"https:\/\/mmi-tarbes.fr\/Julie\/?s={search_term_string}"},"query-input":{"@type":"PropertyValueSpecification","valueRequired":true,"valueName":"search_term_string"}}],"inLanguage":"fr-FR"},{"@type":"Organization","@id":"https:\/\/mmi-tarbes.fr\/Julie\/#organization","name":"Julie CABANNE","url":"https:\/\/mmi-tarbes.fr\/Julie\/","logo":{"@type":"ImageObject","inLanguage":"fr-FR","@id":"https:\/\/mmi-tarbes.fr\/Julie\/#\/schema\/logo\/image\/","url":"https:\/\/mmi-tarbes.fr\/Julie\/wp-content\/uploads\/2024\/09\/logo-jc.png","contentUrl":"https:\/\/mmi-tarbes.fr\/Julie\/wp-content\/uploads\/2024\/09\/logo-jc.png","width":222,"height":154,"caption":"Julie CABANNE"},"image":{"@id":"https:\/\/mmi-tarbes.fr\/Julie\/#\/schema\/logo\/image\/"}}]}},"_links":{"self":[{"href":"https:\/\/mmi-tarbes.fr\/Julie\/wp-json\/wp\/v2\/pages\/131","targetHints":{"allow":["GET"]}}],"collection":[{"href":"https:\/\/mmi-tarbes.fr\/Julie\/wp-json\/wp\/v2\/pages"}],"about":[{"href":"https:\/\/mmi-tarbes.fr\/Julie\/wp-json\/wp\/v2\/types\/page"}],"author":[{"embeddable":true,"href":"https:\/\/mmi-tarbes.fr\/Julie\/wp-json\/wp\/v2\/users\/1"}],"replies":[{"embeddable":true,"href":"https:\/\/mmi-tarbes.fr\/Julie\/wp-json\/wp\/v2\/comments?post=131"}],"version-history":[{"count":13,"href":"https:\/\/mmi-tarbes.fr\/Julie\/wp-json\/wp\/v2\/pages\/131\/revisions"}],"predecessor-version":[{"id":333,"href":"https:\/\/mmi-tarbes.fr\/Julie\/wp-json\/wp\/v2\/pages\/131\/revisions\/333"}],"wp:attachment":[{"href":"https:\/\/mmi-tarbes.fr\/Julie\/wp-json\/wp\/v2\/media?parent=131"}],"curies":[{"name":"wp","href":"https:\/\/api.w.org\/{rel}","templated":true}]}}