{"id":13,"date":"2024-09-07T11:13:49","date_gmt":"2024-09-07T09:13:49","guid":{"rendered":"https:\/\/mmi-tarbes.fr\/Julie\/?page_id=13"},"modified":"2025-02-14T10:34:11","modified_gmt":"2025-02-14T09:34:11","slug":"accueil","status":"publish","type":"page","link":"https:\/\/mmi-tarbes.fr\/Julie\/","title":{"rendered":"Accueil"},"content":{"rendered":"\t\t<div data-elementor-type=\"wp-page\" data-elementor-id=\"13\" class=\"elementor elementor-13\" data-elementor-post-type=\"page\">\n\t\t\t\t<div class=\"elementor-element elementor-element-8d42d96 e-flex e-con-boxed wpr-particle-no wpr-jarallax-no wpr-parallax-no wpr-sticky-section-no e-con e-parent\" data-id=\"8d42d96\" data-element_type=\"container\">\n\t\t\t\t\t<div class=\"e-con-inner\">\n\t\t\t\t<div class=\"elementor-element elementor-element-df84e40 elementor-widget elementor-widget-spacer\" data-id=\"df84e40\" data-element_type=\"widget\" data-widget_type=\"spacer.default\">\n\t\t\t\t<div class=\"elementor-widget-container\">\n\t\t\t\t\t\t\t<div class=\"elementor-spacer\">\n\t\t\t<div class=\"elementor-spacer-inner\"><\/div>\n\t\t<\/div>\n\t\t\t\t\t\t<\/div>\n\t\t\t\t<\/div>\n\t\t\t\t\t<\/div>\n\t\t\t\t<\/div>\n\t\t<div class=\"elementor-element elementor-element-835c6b9 e-flex e-con-boxed wpr-particle-no wpr-jarallax-no wpr-parallax-no wpr-sticky-section-no e-con e-parent\" data-id=\"835c6b9\" data-element_type=\"container\">\n\t\t\t\t\t<div class=\"e-con-inner\">\n\t\t<a class=\"elementor-element elementor-element-26ad669 e-con-full e-flex wpr-particle-no wpr-jarallax-no wpr-parallax-no wpr-sticky-section-no e-con e-child\" data-id=\"26ad669\" data-element_type=\"container\" data-settings=\"{&quot;background_background&quot;:&quot;classic&quot;}\" href=\"https:\/\/mmi-tarbes.fr\/Julie\/experience\/\">\n\t\t\t\t<div class=\"elementor-element elementor-element-5cf5071 elementor-widget elementor-widget-heading\" data-id=\"5cf5071\" data-element_type=\"widget\" data-widget_type=\"heading.default\">\n\t\t\t\t<div class=\"elementor-widget-container\">\n\t\t\t\t\t<h2 class=\"elementor-heading-title elementor-size-default\">\u00e0 propos\n<\/h2>\t\t\t\t<\/div>\n\t\t\t\t<\/div>\n\t\t\t\t<\/a>\n\t\t<a class=\"elementor-element elementor-element-4d97578 e-con-full animated-slow e-flex wpr-particle-no wpr-jarallax-no wpr-parallax-no wpr-sticky-section-no e-con e-child\" data-id=\"4d97578\" data-element_type=\"container\" data-settings=\"{&quot;background_background&quot;:&quot;classic&quot;,&quot;animation&quot;:&quot;none&quot;,&quot;animation_delay&quot;:0}\" href=\"https:\/\/mmi-tarbes.fr\/Julie\/projets\/\">\n\t\t\t\t<div class=\"elementor-element elementor-element-6d9baf1 elementor-widget elementor-widget-heading\" data-id=\"6d9baf1\" data-element_type=\"widget\" data-widget_type=\"heading.default\">\n\t\t\t\t<div class=\"elementor-widget-container\">\n\t\t\t\t\t<h2 class=\"elementor-heading-title elementor-size-default\">Portfolio<\/h2>\t\t\t\t<\/div>\n\t\t\t\t<\/div>\n\t\t\t\t<\/a>\n\t\t<a class=\"elementor-element elementor-element-453827d e-con-full e-flex wpr-particle-no wpr-jarallax-no wpr-parallax-no wpr-sticky-section-no e-con e-child\" data-id=\"453827d\" data-element_type=\"container\" data-settings=\"{&quot;background_background&quot;:&quot;classic&quot;}\" href=\"https:\/\/mmi-tarbes.fr\/Julie\/contact\/\">\n\t\t\t\t<div class=\"elementor-element elementor-element-a154c60 elementor-widget elementor-widget-heading\" data-id=\"a154c60\" data-element_type=\"widget\" data-widget_type=\"heading.default\">\n\t\t\t\t<div class=\"elementor-widget-container\">\n\t\t\t\t\t<h2 class=\"elementor-heading-title elementor-size-default\">Contact<\/h2>\t\t\t\t<\/div>\n\t\t\t\t<\/div>\n\t\t\t\t<\/a>\n\t\t\t\t\t<\/div>\n\t\t\t\t<\/div>\n\t\t<div class=\"elementor-element elementor-element-502cf54 e-flex e-con-boxed wpr-particle-no wpr-jarallax-no wpr-parallax-no wpr-sticky-section-no e-con e-parent\" data-id=\"502cf54\" data-element_type=\"container\">\n\t\t\t\t\t<div class=\"e-con-inner\">\n\t\t\t\t<div class=\"elementor-element elementor-element-c2bdb28 elementor-widget elementor-widget-spacer\" data-id=\"c2bdb28\" data-element_type=\"widget\" data-widget_type=\"spacer.default\">\n\t\t\t\t<div class=\"elementor-widget-container\">\n\t\t\t\t\t\t\t<div class=\"elementor-spacer\">\n\t\t\t<div class=\"elementor-spacer-inner\"><\/div>\n\t\t<\/div>\n\t\t\t\t\t\t<\/div>\n\t\t\t\t<\/div>\n\t\t\t\t\t<\/div>\n\t\t\t\t<\/div>\n\t\t<div class=\"elementor-element elementor-element-f4aa4c4 e-flex e-con-boxed wpr-particle-no wpr-jarallax-no wpr-parallax-no wpr-sticky-section-no e-con e-parent\" data-id=\"f4aa4c4\" data-element_type=\"container\">\n\t\t\t\t\t<div class=\"e-con-inner\">\n\t\t\t\t<div class=\"elementor-element elementor-element-df45f1a wpr-grid-columns-3 wpr-grid-columns--tablet2 wpr-grid-columns--mobile1 wpr-grid-pagination-center wpr-item-styles-inner elementor-widget elementor-widget-wpr-grid\" data-id=\"df45f1a\" data-element_type=\"widget\" data-widget_type=\"wpr-grid.default\">\n\t\t\t\t<div class=\"elementor-widget-container\">\n\t\t\t\t\t<ul class=\"wpr-grid-filters elementor-clearfix wpr-grid-filters-sep-right\"><li class=\" wpr-pointer-none wpr-pointer-line-fx wpr-pointer-fx-none\"><span   data-ajax-filter=[\"category\",\"mmi\"]  data-filter=\".category-mmi\">MMI<\/span><em class=\"wpr-grid-filters-sep\"><\/em><\/li><li class=\" wpr-pointer-none wpr-pointer-line-fx wpr-pointer-fx-none\"><span   data-ajax-filter=[\"category\",\"sio\"]  data-filter=\".category-sio\">SIO<\/span><em class=\"wpr-grid-filters-sep\"><\/em><\/li><li class=\" wpr-pointer-none wpr-pointer-line-fx wpr-pointer-fx-none\"><span   data-ajax-filter=[\"category\",\"stage\"]  data-filter=\".category-stage\">Stage<\/span><em class=\"wpr-grid-filters-sep\"><\/em><\/li><\/ul><section class=\"wpr-grid elementor-clearfix\" data-settings=\"{&quot;layout&quot;:&quot;fitRows&quot;,&quot;stick_last_element_to_bottom&quot;:&quot;&quot;,&quot;columns_desktop&quot;:3,&quot;gutter_hr&quot;:15,&quot;gutter_hr_mobile&quot;:15,&quot;gutter_hr_mobile_extra&quot;:15,&quot;gutter_hr_tablet&quot;:15,&quot;gutter_hr_tablet_extra&quot;:15,&quot;gutter_hr_laptop&quot;:15,&quot;gutter_hr_widescreen&quot;:15,&quot;gutter_vr&quot;:15,&quot;gutter_vr_mobile&quot;:15,&quot;gutter_vr_mobile_extra&quot;:15,&quot;gutter_vr_tablet&quot;:15,&quot;gutter_vr_tablet_extra&quot;:15,&quot;gutter_vr_laptop&quot;:15,&quot;gutter_vr_widescreen&quot;:15,&quot;animation&quot;:&quot;default&quot;,&quot;animation_duration&quot;:0.3,&quot;animation_delay&quot;:0.1,&quot;deeplinking&quot;:&quot;&quot;,&quot;filters_linkable&quot;:&quot;no&quot;,&quot;filters_default_filter&quot;:&quot;&quot;,&quot;filters_count&quot;:&quot;&quot;,&quot;filters_hide_empty&quot;:&quot;no&quot;,&quot;filters_animation&quot;:&quot;default&quot;,&quot;filters_animation_duration&quot;:0.3,&quot;filters_animation_delay&quot;:0.1,&quot;pagination_type&quot;:&quot;load-more&quot;,&quot;pagination_max_pages&quot;:3,&quot;lightbox&quot;:{&quot;selector&quot;:&quot;.wpr-grid-image-wrap&quot;,&quot;iframeMaxWidth&quot;:&quot;60%&quot;,&quot;hash&quot;:false,&quot;autoplay&quot;:&quot;true&quot;,&quot;pause&quot;:5000,&quot;progressBar&quot;:&quot;true&quot;,&quot;counter&quot;:&quot;true&quot;,&quot;controls&quot;:&quot;true&quot;,&quot;getCaptionFromTitleOrAlt&quot;:&quot;true&quot;,&quot;thumbnail&quot;:&quot;&quot;,&quot;showThumbByDefault&quot;:&quot;&quot;,&quot;share&quot;:&quot;&quot;,&quot;zoom&quot;:&quot;true&quot;,&quot;fullScreen&quot;:&quot;true&quot;,&quot;download&quot;:&quot;true&quot;}}\"><article class=\"wpr-grid-item elementor-clearfix post-584 post type-post status-publish format-standard hentry category-mmi\"><div class=\"wpr-grid-item-inner\"><div class=\"wpr-grid-item-below-content elementor-clearfix\"><h2 class=\"wpr-grid-item-title elementor-repeater-item-f3ff067 wpr-grid-item-display-block wpr-grid-item-align-left wpr-pointer-none wpr-pointer-line-fx wpr-pointer-fx-fade\"><div class=\"inner-block\"><a target=\"_self\"  href=\"https:\/\/mmi-tarbes.fr\/Julie\/2025\/02\/14\/be-sauvam-la-montanha\/\">Be Sauvam la Montanha<\/a><\/div><\/h2><div class=\"wpr-grid-item-read-more elementor-repeater-item-a81f10b wpr-grid-item-display-block wpr-grid-item-align-left\"><div class=\"inner-block\"><a target=\"_self\" href=\"https:\/\/mmi-tarbes.fr\/Julie\/2025\/02\/14\/be-sauvam-la-montanha\/\" class=\"wpr-button-effect wpr-button-none\"><span>En savoir plus<\/span><\/a><\/div><\/div><\/div><\/div><\/article><article class=\"wpr-grid-item elementor-clearfix post-550 post type-post status-publish format-standard hentry category-mmi\"><div class=\"wpr-grid-item-inner\"><div class=\"wpr-grid-item-below-content elementor-clearfix\"><h2 class=\"wpr-grid-item-title elementor-repeater-item-f3ff067 wpr-grid-item-display-block wpr-grid-item-align-left wpr-pointer-none wpr-pointer-line-fx wpr-pointer-fx-fade\"><div class=\"inner-block\"><a target=\"_self\"  href=\"https:\/\/mmi-tarbes.fr\/Julie\/2025\/02\/14\/packshot\/\">Packshot<\/a><\/div><\/h2><div class=\"wpr-grid-item-excerpt elementor-repeater-item-56c7ea8 wpr-grid-item-display-block wpr-grid-item-align-left\"><div class=\"inner-block\"><p>Description : Nous devions trouver une entreprise locale et lui proposer de r\u00e9aliser un shooting photo<\/p><\/div><\/div><div class=\"wpr-grid-item-read-more elementor-repeater-item-a81f10b wpr-grid-item-display-block wpr-grid-item-align-left\"><div class=\"inner-block\"><a target=\"_self\" href=\"https:\/\/mmi-tarbes.fr\/Julie\/2025\/02\/14\/packshot\/\" class=\"wpr-button-effect wpr-button-none\"><span>En savoir plus<\/span><\/a><\/div><\/div><\/div><\/div><\/article><article class=\"wpr-grid-item elementor-clearfix post-539 post type-post status-publish format-standard hentry category-mmi\"><div class=\"wpr-grid-item-inner\"><div class=\"wpr-grid-item-below-content elementor-clearfix\"><h2 class=\"wpr-grid-item-title elementor-repeater-item-f3ff067 wpr-grid-item-display-block wpr-grid-item-align-left wpr-pointer-none wpr-pointer-line-fx wpr-pointer-fx-fade\"><div class=\"inner-block\"><a target=\"_self\"  href=\"https:\/\/mmi-tarbes.fr\/Julie\/2025\/02\/14\/leau-lautre\/\">L&rsquo;Eau &amp; L&rsquo;Autre<\/a><\/div><\/h2><div class=\"wpr-grid-item-read-more elementor-repeater-item-a81f10b wpr-grid-item-display-block wpr-grid-item-align-left\"><div class=\"inner-block\"><a target=\"_self\" href=\"https:\/\/mmi-tarbes.fr\/Julie\/2025\/02\/14\/leau-lautre\/\" class=\"wpr-button-effect wpr-button-none\"><span>En savoir plus<\/span><\/a><\/div><\/div><\/div><\/div><\/article><\/section><div class=\"wpr-grid-pagination elementor-clearfix wpr-grid-pagination-load-more\"><a href=\"https:\/\/mmi-tarbes.fr\/Julie\/wp-json\/wp\/v2\/pages\/13\/page\/2\/\" class=\"wpr-load-more-btn\" data-e-disable-page-transition >En savoir plus<\/a><div class=\"wpr-pagination-loading\"><div class=\"wpr-double-bounce\"><div class=\"wpr-child wpr-double-bounce1\"><\/div><div class=\"wpr-child wpr-double-bounce2\"><\/div><\/div><\/div><p class=\"wpr-pagination-finish\">End of Content.<\/p><\/div>\t\t\t\t<\/div>\n\t\t\t\t<\/div>\n\t\t\t\t\t<\/div>\n\t\t\t\t<\/div>\n\t\t\t\t<\/div>\n\t\t","protected":false},"excerpt":{"rendered":"<p>\u00e0 propos Portfolio Contact MMI Non class\u00e9 SIO Stage Packshot Description : Nous devions trouver une entreprise locale et lui proposer de r\u00e9aliser un shooting photo En savoir plus L&rsquo;Eau &amp; L&rsquo;Autre En savoir plus Stage Mairie de Lourdes Projets r\u00e9alis\u00e9s lors de mon stage en premi\u00e8re ann\u00e9e de BTS SIO. J\u2019ai principalement r\u00e9alis\u00e9 des transcriptions et r\u00e9dig\u00e9 des\u2026 En savoir plus En savoir plus End of Content.<\/p>\n","protected":false},"author":1,"featured_media":0,"parent":0,"menu_order":0,"comment_status":"closed","ping_status":"closed","template":"","meta":{"footnotes":""},"class_list":["post-13","page","type-page","status-publish","hentry"],"yoast_head":"<!-- This site is optimized with the Yoast SEO plugin v24.2 - https:\/\/yoast.com\/wordpress\/plugins\/seo\/ -->\n<title>Accueil - Julie CABANNE<\/title>\n<meta name=\"robots\" content=\"index, follow, max-snippet:-1, max-image-preview:large, max-video-preview:-1\" \/>\n<link rel=\"canonical\" href=\"https:\/\/mmi-tarbes.fr\/Julie\/\" \/>\n<meta property=\"og:locale\" content=\"fr_FR\" \/>\n<meta property=\"og:type\" content=\"article\" \/>\n<meta property=\"og:title\" content=\"Accueil - Julie CABANNE\" \/>\n<meta property=\"og:description\" content=\"\u00e0 propos Portfolio Contact MMI Non class\u00e9 SIO Stage Packshot Description : Nous devions trouver une entreprise locale et lui proposer de r\u00e9aliser un shooting photo En savoir plus L&rsquo;Eau &amp; L&rsquo;Autre En savoir plus Stage Mairie de Lourdes Projets r\u00e9alis\u00e9s lors de mon stage en premi\u00e8re ann\u00e9e de BTS SIO. J\u2019ai principalement r\u00e9alis\u00e9 des transcriptions et r\u00e9dig\u00e9 des\u2026 En savoir plus En savoir plus End of Content.\" \/>\n<meta property=\"og:url\" content=\"https:\/\/mmi-tarbes.fr\/Julie\/\" \/>\n<meta property=\"og:site_name\" content=\"Julie CABANNE\" \/>\n<meta property=\"article:modified_time\" content=\"2025-02-14T09:34:11+00:00\" \/>\n<meta name=\"twitter:card\" content=\"summary_large_image\" \/>\n<meta name=\"twitter:label1\" content=\"Dur\u00e9e de lecture estim\u00e9e\" \/>\n\t<meta name=\"twitter:data1\" content=\"1 minute\" \/>\n<script type=\"application\/ld+json\" class=\"yoast-schema-graph\">{\"@context\":\"https:\/\/schema.org\",\"@graph\":[{\"@type\":\"WebPage\",\"@id\":\"https:\/\/mmi-tarbes.fr\/Julie\/\",\"url\":\"https:\/\/mmi-tarbes.fr\/Julie\/\",\"name\":\"Accueil - Julie CABANNE\",\"isPartOf\":{\"@id\":\"https:\/\/mmi-tarbes.fr\/Julie\/#website\"},\"datePublished\":\"2024-09-07T09:13:49+00:00\",\"dateModified\":\"2025-02-14T09:34:11+00:00\",\"breadcrumb\":{\"@id\":\"https:\/\/mmi-tarbes.fr\/Julie\/#breadcrumb\"},\"inLanguage\":\"fr-FR\",\"potentialAction\":[{\"@type\":\"ReadAction\",\"target\":[\"https:\/\/mmi-tarbes.fr\/Julie\/\"]}]},{\"@type\":\"BreadcrumbList\",\"@id\":\"https:\/\/mmi-tarbes.fr\/Julie\/#breadcrumb\",\"itemListElement\":[{\"@type\":\"ListItem\",\"position\":1,\"name\":\"Accueil\",\"item\":\"https:\/\/mmi-tarbes.fr\/Julie\/\"},{\"@type\":\"ListItem\",\"position\":2,\"name\":\"Accueil\"}]},{\"@type\":\"WebSite\",\"@id\":\"https:\/\/mmi-tarbes.fr\/Julie\/#website\",\"url\":\"https:\/\/mmi-tarbes.fr\/Julie\/\",\"name\":\"Julie CABANNE\",\"description\":\"\",\"publisher\":{\"@id\":\"https:\/\/mmi-tarbes.fr\/Julie\/#organization\"},\"potentialAction\":[{\"@type\":\"SearchAction\",\"target\":{\"@type\":\"EntryPoint\",\"urlTemplate\":\"https:\/\/mmi-tarbes.fr\/Julie\/?s={search_term_string}\"},\"query-input\":{\"@type\":\"PropertyValueSpecification\",\"valueRequired\":true,\"valueName\":\"search_term_string\"}}],\"inLanguage\":\"fr-FR\"},{\"@type\":\"Organization\",\"@id\":\"https:\/\/mmi-tarbes.fr\/Julie\/#organization\",\"name\":\"Julie CABANNE\",\"url\":\"https:\/\/mmi-tarbes.fr\/Julie\/\",\"logo\":{\"@type\":\"ImageObject\",\"inLanguage\":\"fr-FR\",\"@id\":\"https:\/\/mmi-tarbes.fr\/Julie\/#\/schema\/logo\/image\/\",\"url\":\"https:\/\/mmi-tarbes.fr\/Julie\/wp-content\/uploads\/2024\/09\/logo-jc.png\",\"contentUrl\":\"https:\/\/mmi-tarbes.fr\/Julie\/wp-content\/uploads\/2024\/09\/logo-jc.png\",\"width\":222,\"height\":154,\"caption\":\"Julie CABANNE\"},\"image\":{\"@id\":\"https:\/\/mmi-tarbes.fr\/Julie\/#\/schema\/logo\/image\/\"}}]}<\/script>\n<!-- \/ Yoast SEO plugin. -->","yoast_head_json":{"title":"Accueil - Julie CABANNE","robots":{"index":"index","follow":"follow","max-snippet":"max-snippet:-1","max-image-preview":"max-image-preview:large","max-video-preview":"max-video-preview:-1"},"canonical":"https:\/\/mmi-tarbes.fr\/Julie\/","og_locale":"fr_FR","og_type":"article","og_title":"Accueil - Julie CABANNE","og_description":"\u00e0 propos Portfolio Contact MMI Non class\u00e9 SIO Stage Packshot Description : Nous devions trouver une entreprise locale et lui proposer de r\u00e9aliser un shooting photo En savoir plus L&rsquo;Eau &amp; L&rsquo;Autre En savoir plus Stage Mairie de Lourdes Projets r\u00e9alis\u00e9s lors de mon stage en premi\u00e8re ann\u00e9e de BTS SIO. J\u2019ai principalement r\u00e9alis\u00e9 des transcriptions et r\u00e9dig\u00e9 des\u2026 En savoir plus En savoir plus End of Content.","og_url":"https:\/\/mmi-tarbes.fr\/Julie\/","og_site_name":"Julie CABANNE","article_modified_time":"2025-02-14T09:34:11+00:00","twitter_card":"summary_large_image","twitter_misc":{"Dur\u00e9e de lecture estim\u00e9e":"1 minute"},"schema":{"@context":"https:\/\/schema.org","@graph":[{"@type":"WebPage","@id":"https:\/\/mmi-tarbes.fr\/Julie\/","url":"https:\/\/mmi-tarbes.fr\/Julie\/","name":"Accueil - Julie CABANNE","isPartOf":{"@id":"https:\/\/mmi-tarbes.fr\/Julie\/#website"},"datePublished":"2024-09-07T09:13:49+00:00","dateModified":"2025-02-14T09:34:11+00:00","breadcrumb":{"@id":"https:\/\/mmi-tarbes.fr\/Julie\/#breadcrumb"},"inLanguage":"fr-FR","potentialAction":[{"@type":"ReadAction","target":["https:\/\/mmi-tarbes.fr\/Julie\/"]}]},{"@type":"BreadcrumbList","@id":"https:\/\/mmi-tarbes.fr\/Julie\/#breadcrumb","itemListElement":[{"@type":"ListItem","position":1,"name":"Accueil","item":"https:\/\/mmi-tarbes.fr\/Julie\/"},{"@type":"ListItem","position":2,"name":"Accueil"}]},{"@type":"WebSite","@id":"https:\/\/mmi-tarbes.fr\/Julie\/#website","url":"https:\/\/mmi-tarbes.fr\/Julie\/","name":"Julie CABANNE","description":"","publisher":{"@id":"https:\/\/mmi-tarbes.fr\/Julie\/#organization"},"potentialAction":[{"@type":"SearchAction","target":{"@type":"EntryPoint","urlTemplate":"https:\/\/mmi-tarbes.fr\/Julie\/?s={search_term_string}"},"query-input":{"@type":"PropertyValueSpecification","valueRequired":true,"valueName":"search_term_string"}}],"inLanguage":"fr-FR"},{"@type":"Organization","@id":"https:\/\/mmi-tarbes.fr\/Julie\/#organization","name":"Julie CABANNE","url":"https:\/\/mmi-tarbes.fr\/Julie\/","logo":{"@type":"ImageObject","inLanguage":"fr-FR","@id":"https:\/\/mmi-tarbes.fr\/Julie\/#\/schema\/logo\/image\/","url":"https:\/\/mmi-tarbes.fr\/Julie\/wp-content\/uploads\/2024\/09\/logo-jc.png","contentUrl":"https:\/\/mmi-tarbes.fr\/Julie\/wp-content\/uploads\/2024\/09\/logo-jc.png","width":222,"height":154,"caption":"Julie CABANNE"},"image":{"@id":"https:\/\/mmi-tarbes.fr\/Julie\/#\/schema\/logo\/image\/"}}]}},"_links":{"self":[{"href":"https:\/\/mmi-tarbes.fr\/Julie\/wp-json\/wp\/v2\/pages\/13","targetHints":{"allow":["GET"]}}],"collection":[{"href":"https:\/\/mmi-tarbes.fr\/Julie\/wp-json\/wp\/v2\/pages"}],"about":[{"href":"https:\/\/mmi-tarbes.fr\/Julie\/wp-json\/wp\/v2\/types\/page"}],"author":[{"embeddable":true,"href":"https:\/\/mmi-tarbes.fr\/Julie\/wp-json\/wp\/v2\/users\/1"}],"replies":[{"embeddable":true,"href":"https:\/\/mmi-tarbes.fr\/Julie\/wp-json\/wp\/v2\/comments?post=13"}],"version-history":[{"count":138,"href":"https:\/\/mmi-tarbes.fr\/Julie\/wp-json\/wp\/v2\/pages\/13\/revisions"}],"predecessor-version":[{"id":566,"href":"https:\/\/mmi-tarbes.fr\/Julie\/wp-json\/wp\/v2\/pages\/13\/revisions\/566"}],"wp:attachment":[{"href":"https:\/\/mmi-tarbes.fr\/Julie\/wp-json\/wp\/v2\/media?parent=13"}],"curies":[{"name":"wp","href":"https:\/\/api.w.org\/{rel}","templated":true}]}}