{"id":609,"date":"2025-01-19T02:42:33","date_gmt":"2025-01-19T01:42:33","guid":{"rendered":"https:\/\/mmi-tarbes.fr\/JorgePortfolio\/?page_id=609"},"modified":"2025-03-15T01:31:12","modified_gmt":"2025-03-15T00:31:12","slug":"surtecars","status":"publish","type":"page","link":"https:\/\/mmi-tarbes.fr\/JorgePortfolio\/surtecars\/","title":{"rendered":"SURTECAR\u00b4S"},"content":{"rendered":"\t\t<div data-elementor-type=\"wp-page\" data-elementor-id=\"609\" class=\"elementor elementor-609\" data-elementor-post-type=\"page\">\n\t\t\t\t<div class=\"elementor-element elementor-element-fbe2307 e-flex e-con-boxed e-con e-parent\" data-id=\"fbe2307\" data-element_type=\"container\">\n\t\t\t\t\t<div class=\"e-con-inner\">\n\t\t\t\t<div class=\"elementor-element elementor-element-d7fa4eb elementor-widget elementor-widget-heading\" data-id=\"d7fa4eb\" data-element_type=\"widget\" data-widget_type=\"heading.default\">\n\t\t\t\t<div class=\"elementor-widget-container\">\n\t\t\t<h1 class=\"elementor-heading-title elementor-size-default\">SURTECAR'S (Mars 2024) <\/h1>\t\t<\/div>\n\t\t\t\t<\/div>\n\t\t\t\t<div class=\"elementor-element elementor-element-d1364bf elementor-align-right elementor-widget elementor-widget-button\" data-id=\"d1364bf\" data-element_type=\"widget\" data-widget_type=\"button.default\">\n\t\t\t\t<div class=\"elementor-widget-container\">\n\t\t\t\t\t<div class=\"elementor-button-wrapper\">\n\t\t\t<a class=\"elementor-button elementor-button-link elementor-size-sm\" href=\"\/JorgePortfolio\/portfolio\/identite-visuelle\/\">\n\t\t\t\t\t\t<span class=\"elementor-button-content-wrapper\">\n\t\t\t\t\t\t\t\t\t<span class=\"elementor-button-text\"><<\/span>\n\t\t\t\t\t<\/span>\n\t\t\t\t\t<\/a>\n\t\t<\/div>\n\t\t\t\t<\/div>\n\t\t\t\t<\/div>\n\t\t\t\t\t<\/div>\n\t\t\t\t<\/div>\n\t\t<div class=\"elementor-element elementor-element-08b0054 e-flex e-con-boxed e-con e-parent\" data-id=\"08b0054\" data-element_type=\"container\">\n\t\t\t\t\t<div class=\"e-con-inner\">\n\t\t<div class=\"elementor-element elementor-element-cfb1ac6 e-con-full e-flex e-con e-child\" data-id=\"cfb1ac6\" data-element_type=\"container\">\n\t\t\t\t<div class=\"elementor-element elementor-element-0b1d939 elementor-widget elementor-widget-text-editor\" data-id=\"0b1d939\" data-element_type=\"widget\" data-widget_type=\"text-editor.default\">\n\t\t\t\t<div class=\"elementor-widget-container\">\n\t\t\t\t\t\t\t<p><strong>Description :<\/strong><\/p><p>Le projet a consist\u00e9 en la cr\u00e9ation d\u2019un logo pour un atelier sp\u00e9cialis\u00e9 en \u00e9lectricit\u00e9 automobile, visant \u00e0 capturer l\u2019essence de la pr\u00e9cision et de la technologie du domaine, tout en transmettant confiance et professionnalisme. Inspir\u00e9 par l\u2019univers automobile et \u00e9lectrique, le logo combine des \u00e9l\u00e9ments comme des c\u00e2bles et des circuits, avec un design moderne et robuste.<\/p><p><strong>Probl\u00e9matique :<\/strong><\/p><p>Le d\u00e9fi \u00e9tait de concevoir un logo qui refl\u00e8te efficacement la sp\u00e9cialisation en \u00e9lectricit\u00e9 automobile, tout en v\u00e9hiculant une image de confiance, de professionnalisme et d&rsquo;innovation.<\/p><p><strong>Objectif :<\/strong><\/p><p>Cr\u00e9er un logo visuellement repr\u00e9sentatif du domaine de l\u2019\u00e9lectricit\u00e9 automobile, en utilisant des \u00e9l\u00e9ments graphiques qui symbolisent la rapidit\u00e9, la pr\u00e9cision et l\u2019expertise technique du service.<\/p><p><strong>M\u00e9thodologie et Processus :<\/strong><\/p><ol><li><strong>Recherche visuelle<\/strong> : Exploration d\u2019\u00e9l\u00e9ments li\u00e9s \u00e0 l\u2019\u00e9lectricit\u00e9 et \u00e0 l\u2019automobile.<\/li><li><strong>Conceptualisation<\/strong> : Cr\u00e9ation de croquis avec des formes g\u00e9om\u00e9triques et des lignes sugg\u00e9rant efficacit\u00e9 et mouvement.<\/li><li><strong>S\u00e9lection des couleurs et typographie<\/strong> : Choix de couleurs techniques et d&rsquo;une typographie moderne pour transmettre innovation et solidit\u00e9.<\/li><li><strong>Tests d\u2019adaptabilit\u00e9<\/strong> : V\u00e9rification du logo sur diff\u00e9rents supports pour garantir son efficacit\u00e9.<\/li><\/ol><p><strong>R\u00e9sultats :<\/strong><\/p><p>Le logo final est moderne et robuste, combinant des \u00e9l\u00e9ments visuels repr\u00e9sentatifs de l\u2019\u00e9lectricit\u00e9 et de l\u2019automobile. Il transmet une image professionnelle et fiable, tout en \u00e9tant adaptable \u00e0 diff\u00e9rents supports.<\/p><p><strong>Conclusion :<\/strong><\/p><p>Le logo r\u00e9ussit \u00e0 capturer l\u2019essence du domaine de l\u2019\u00e9lectricit\u00e9 automobile, renfor\u00e7ant l\u2019image de professionnalisme et d\u2019innovation de l\u2019atelier. Il refl\u00e8te parfaitement les valeurs du service, positionnant l\u2019atelier comme un expert de confiance dans son domaine.<\/p>\t\t\t\t\t\t<\/div>\n\t\t\t\t<\/div>\n\t\t\t\t<\/div>\n\t\t<div class=\"elementor-element elementor-element-7b0d177 e-con-full e-flex e-con e-child\" data-id=\"7b0d177\" data-element_type=\"container\" data-settings=\"{&quot;background_background&quot;:&quot;classic&quot;}\">\n\t\t\t\t<div class=\"elementor-element elementor-element-ae74b1b elementor--h-position-center elementor--v-position-middle elementor-arrows-position-inside elementor-pagination-position-inside elementor-widget elementor-widget-slides\" data-id=\"ae74b1b\" data-element_type=\"widget\" data-settings=\"{&quot;navigation&quot;:&quot;both&quot;,&quot;autoplay&quot;:&quot;yes&quot;,&quot;pause_on_hover&quot;:&quot;yes&quot;,&quot;pause_on_interaction&quot;:&quot;yes&quot;,&quot;autoplay_speed&quot;:5000,&quot;infinite&quot;:&quot;yes&quot;,&quot;transition&quot;:&quot;slide&quot;,&quot;transition_speed&quot;:500}\" data-widget_type=\"slides.default\">\n\t\t\t\t<div class=\"elementor-widget-container\">\n\t\t\t\t\t<div class=\"elementor-swiper\">\n\t\t\t<div class=\"elementor-slides-wrapper elementor-main-swiper swiper\" dir=\"ltr\" data-animation=\"fadeInUp\">\n\t\t\t\t<div class=\"swiper-wrapper elementor-slides\">\n\t\t\t\t\t\t\t\t\t\t<div class=\"elementor-repeater-item-d0f3716 swiper-slide\"><div class=\"swiper-slide-bg\" role=\"img\"><\/div><div class=\"swiper-slide-inner\" ><div class=\"swiper-slide-contents\"><\/div><\/div><\/div><div class=\"elementor-repeater-item-f873e15 swiper-slide\"><div class=\"swiper-slide-bg\" role=\"img\"><\/div><div class=\"swiper-slide-inner\" ><div class=\"swiper-slide-contents\"><\/div><\/div><\/div>\t\t\t\t<\/div>\n\t\t\t\t\t\t\t\t\t\t\t\t\t\t\t<div class=\"swiper-pagination\"><\/div>\n\t\t\t\t\t\t\t\t\t\t\t\t\t\t\t\t<div class=\"elementor-swiper-button elementor-swiper-button-prev\" role=\"button\" tabindex=\"0\">\n\t\t\t\t\t\t\t<svg aria-hidden=\"true\" class=\"e-font-icon-svg e-eicon-chevron-left\" viewBox=\"0 0 1000 1000\" xmlns=\"http:\/\/www.w3.org\/2000\/svg\"><path d=\"M646 125C629 125 613 133 604 142L308 442C296 454 292 471 292 487 292 504 296 521 308 533L604 854C617 867 629 875 646 875 663 875 679 871 692 858 704 846 713 829 713 812 713 796 708 779 692 767L438 487 692 225C700 217 708 204 708 187 708 171 704 154 692 142 675 129 663 125 646 125Z\"><\/path><\/svg>\t\t\t\t\t\t\t<span class=\"elementor-screen-only\">Previous slide<\/span>\n\t\t\t\t\t\t<\/div>\n\t\t\t\t\t\t<div class=\"elementor-swiper-button elementor-swiper-button-next\" role=\"button\" tabindex=\"0\">\n\t\t\t\t\t\t\t<svg aria-hidden=\"true\" class=\"e-font-icon-svg e-eicon-chevron-right\" viewBox=\"0 0 1000 1000\" xmlns=\"http:\/\/www.w3.org\/2000\/svg\"><path d=\"M696 533C708 521 713 504 713 487 713 471 708 454 696 446L400 146C388 133 375 125 354 125 338 125 325 129 313 142 300 154 292 171 292 187 292 204 296 221 308 233L563 492 304 771C292 783 288 800 288 817 288 833 296 850 308 863 321 871 338 875 354 875 371 875 388 867 400 854L696 533Z\"><\/path><\/svg>\t\t\t\t\t\t\t<span class=\"elementor-screen-only\">Next slide<\/span>\n\t\t\t\t\t\t<\/div>\n\t\t\t\t\t\t\t\t\t\t\t\t<\/div>\n\t\t<\/div>\n\t\t\t\t<\/div>\n\t\t\t\t<\/div>\n\t\t\t\t<\/div>\n\t\t\t\t\t<\/div>\n\t\t\t\t<\/div>\n\t\t<div class=\"elementor-element elementor-element-e50af2f e-flex e-con-boxed e-con e-parent\" data-id=\"e50af2f\" data-element_type=\"container\">\n\t\t\t\t\t<div class=\"e-con-inner\">\n\t\t\t\t<div class=\"elementor-element elementor-element-f9909bd elementor-widget elementor-widget-heading\" data-id=\"f9909bd\" data-element_type=\"widget\" data-widget_type=\"heading.default\">\n\t\t\t\t<div class=\"elementor-widget-container\">\n\t\t\t<h1 class=\"elementor-heading-title elementor-size-default\">SURTECAR'S (Mars 2024) <\/h1>\t\t<\/div>\n\t\t\t\t<\/div>\n\t\t\t\t<div class=\"elementor-element elementor-element-9cc54f0 elementor-align-right elementor-widget elementor-widget-button\" data-id=\"9cc54f0\" data-element_type=\"widget\" data-widget_type=\"button.default\">\n\t\t\t\t<div class=\"elementor-widget-container\">\n\t\t\t\t\t<div class=\"elementor-button-wrapper\">\n\t\t\t<a class=\"elementor-button elementor-button-link elementor-size-sm\" href=\"\/JorgePortfolio\/portfolio\/identite-visuelle\/\">\n\t\t\t\t\t\t<span class=\"elementor-button-content-wrapper\">\n\t\t\t\t\t\t\t\t\t<span class=\"elementor-button-text\"><<\/span>\n\t\t\t\t\t<\/span>\n\t\t\t\t\t<\/a>\n\t\t<\/div>\n\t\t\t\t<\/div>\n\t\t\t\t<\/div>\n\t\t\t\t\t<\/div>\n\t\t\t\t<\/div>\n\t\t\t\t<\/div>\n\t\t","protected":false},"excerpt":{"rendered":"<p>SURTECAR&rsquo;S (Mars 2024) < Description : Le projet a consist\u00e9 en la cr\u00e9ation d\u2019un logo pour un atelier sp\u00e9cialis\u00e9 en \u00e9lectricit\u00e9 automobile, visant \u00e0 capturer l\u2019essence de la pr\u00e9cision et de la technologie du domaine, tout en transmettant confiance et professionnalisme. Inspir\u00e9 par l\u2019univers automobile et \u00e9lectrique, le logo combine des \u00e9l\u00e9ments comme des c\u00e2bles [&hellip;]\n<\/p>\n","protected":false},"author":1,"featured_media":0,"parent":0,"menu_order":0,"comment_status":"closed","ping_status":"closed","template":"","meta":{"footnotes":""},"class_list":["post-609","page","type-page","status-publish","hentry"],"_links":{"self":[{"href":"https:\/\/mmi-tarbes.fr\/JorgePortfolio\/wp-json\/wp\/v2\/pages\/609","targetHints":{"allow":["GET"]}}],"collection":[{"href":"https:\/\/mmi-tarbes.fr\/JorgePortfolio\/wp-json\/wp\/v2\/pages"}],"about":[{"href":"https:\/\/mmi-tarbes.fr\/JorgePortfolio\/wp-json\/wp\/v2\/types\/page"}],"author":[{"embeddable":true,"href":"https:\/\/mmi-tarbes.fr\/JorgePortfolio\/wp-json\/wp\/v2\/users\/1"}],"replies":[{"embeddable":true,"href":"https:\/\/mmi-tarbes.fr\/JorgePortfolio\/wp-json\/wp\/v2\/comments?post=609"}],"version-history":[{"count":22,"href":"https:\/\/mmi-tarbes.fr\/JorgePortfolio\/wp-json\/wp\/v2\/pages\/609\/revisions"}],"predecessor-version":[{"id":774,"href":"https:\/\/mmi-tarbes.fr\/JorgePortfolio\/wp-json\/wp\/v2\/pages\/609\/revisions\/774"}],"wp:attachment":[{"href":"https:\/\/mmi-tarbes.fr\/JorgePortfolio\/wp-json\/wp\/v2\/media?parent=609"}],"curies":[{"name":"wp","href":"https:\/\/api.w.org\/{rel}","templated":true}]}}