{"id":607,"date":"2025-01-19T02:41:30","date_gmt":"2025-01-19T01:41:30","guid":{"rendered":"https:\/\/mmi-tarbes.fr\/JorgePortfolio\/?page_id=607"},"modified":"2025-03-15T01:25:22","modified_gmt":"2025-03-15T00:25:22","slug":"coro","status":"publish","type":"page","link":"https:\/\/mmi-tarbes.fr\/JorgePortfolio\/coro\/","title":{"rendered":"Coro"},"content":{"rendered":"\t\t<div data-elementor-type=\"wp-page\" data-elementor-id=\"607\" class=\"elementor elementor-607\" data-elementor-post-type=\"page\">\n\t\t\t\t<div class=\"elementor-element elementor-element-1af0f1e e-flex e-con-boxed e-con e-parent\" data-id=\"1af0f1e\" data-element_type=\"container\">\n\t\t\t\t\t<div class=\"e-con-inner\">\n\t\t\t\t<div class=\"elementor-element elementor-element-66c12de elementor-widget elementor-widget-heading\" data-id=\"66c12de\" data-element_type=\"widget\" data-widget_type=\"heading.default\">\n\t\t\t\t<div class=\"elementor-widget-container\">\n\t\t\t<h1 class=\"elementor-heading-title elementor-size-default\">Infographie illustr\u00e9e (Novembre 2023)<\/h1>\t\t<\/div>\n\t\t\t\t<\/div>\n\t\t\t\t<div class=\"elementor-element elementor-element-63074e3 elementor-align-right elementor-widget elementor-widget-button\" data-id=\"63074e3\" data-element_type=\"widget\" data-widget_type=\"button.default\">\n\t\t\t\t<div class=\"elementor-widget-container\">\n\t\t\t\t\t<div class=\"elementor-button-wrapper\">\n\t\t\t<a class=\"elementor-button elementor-button-link elementor-size-sm\" href=\"\/JorgePortfolio\/portfolio\/identite-visuelle\/\">\n\t\t\t\t\t\t<span class=\"elementor-button-content-wrapper\">\n\t\t\t\t\t\t\t\t\t<span class=\"elementor-button-text\"><<\/span>\n\t\t\t\t\t<\/span>\n\t\t\t\t\t<\/a>\n\t\t<\/div>\n\t\t\t\t<\/div>\n\t\t\t\t<\/div>\n\t\t\t\t\t<\/div>\n\t\t\t\t<\/div>\n\t\t<div class=\"elementor-element elementor-element-efe4afa e-flex e-con-boxed e-con e-parent\" data-id=\"efe4afa\" data-element_type=\"container\">\n\t\t\t\t\t<div class=\"e-con-inner\">\n\t\t<div class=\"elementor-element elementor-element-87c8e55 e-con-full e-flex e-con e-child\" data-id=\"87c8e55\" data-element_type=\"container\">\n\t\t\t\t<div class=\"elementor-element elementor-element-172dacf elementor-widget elementor-widget-text-editor\" data-id=\"172dacf\" data-element_type=\"widget\" data-widget_type=\"text-editor.default\">\n\t\t\t\t<div class=\"elementor-widget-container\">\n\t\t\t\t\t\t\t<p><strong>Description<\/strong><br \/>Ce projet consiste en la conception d&rsquo;un logo pour un ch\u0153ur de musique, visant \u00e0 capturer l&rsquo;essence et l&rsquo;harmonie de leurs voix. Le design int\u00e8gre des \u00e9l\u00e9ments \u00e9voquant la fluidit\u00e9 du son et l&rsquo;\u00e9motion de la musique chorale.<\/p><p><strong>Probl\u00e8me<\/strong><br \/>Un ch\u0153ur a besoin d&rsquo;une identit\u00e9 visuelle forte pour refl\u00e9ter son unit\u00e9 et sa passion tout en restant reconnaissable et m\u00e9morable.<\/p><p><strong>Objectif<\/strong><br \/>Cr\u00e9er un logo \u00e9l\u00e9gant et expressif qui symbolise l&rsquo;\u00e9nergie collective et l&rsquo;engagement artistique du ch\u0153ur.<\/p><p><strong>M\u00e9thodologie et Processus<\/strong><\/p><ol><li><strong>Recherche :<\/strong> Analyse des valeurs et de l&rsquo;esth\u00e9tique du ch\u0153ur.<\/li><li><strong>Exploration graphique :<\/strong> Esquisses bas\u00e9es sur les ondes sonores et les symboles musicaux.<\/li><li><strong>Conception :<\/strong> Choix des couleurs et de la typographie refl\u00e9tant chaleur et professionnalisme.<\/li><li><strong>Finalisation :<\/strong> Ajustements pour assurer un design harmonieux et percutant.<\/li><\/ol><p><strong>R\u00e9sultats<\/strong><br \/>Le logo renforce l&rsquo;identit\u00e9 du ch\u0153ur et sa connexion avec le public, traduisant visuellement l&rsquo;impact de leurs voix en harmonie.<\/p><p><strong>Conclusion<\/strong><br \/>Ce projet illustre l&rsquo;importance d&rsquo;un design soign\u00e9 pour repr\u00e9senter un ensemble musical, combinant esth\u00e9tique et symbolisme pour une identit\u00e9 visuelle forte.<\/p>\t\t\t\t\t\t<\/div>\n\t\t\t\t<\/div>\n\t\t\t\t<\/div>\n\t\t<div class=\"elementor-element elementor-element-df4bc49 e-con-full e-flex e-con e-child\" data-id=\"df4bc49\" data-element_type=\"container\" data-settings=\"{&quot;background_background&quot;:&quot;classic&quot;}\">\n\t\t\t\t<div class=\"elementor-element elementor-element-865301c elementor--h-position-center elementor--v-position-middle elementor-arrows-position-inside elementor-pagination-position-inside elementor-widget elementor-widget-slides\" data-id=\"865301c\" data-element_type=\"widget\" data-settings=\"{&quot;navigation&quot;:&quot;both&quot;,&quot;autoplay&quot;:&quot;yes&quot;,&quot;pause_on_hover&quot;:&quot;yes&quot;,&quot;pause_on_interaction&quot;:&quot;yes&quot;,&quot;autoplay_speed&quot;:5000,&quot;infinite&quot;:&quot;yes&quot;,&quot;transition&quot;:&quot;slide&quot;,&quot;transition_speed&quot;:500}\" data-widget_type=\"slides.default\">\n\t\t\t\t<div class=\"elementor-widget-container\">\n\t\t\t\t\t<div class=\"elementor-swiper\">\n\t\t\t<div class=\"elementor-slides-wrapper elementor-main-swiper swiper\" dir=\"ltr\" data-animation=\"fadeInUp\">\n\t\t\t\t<div class=\"swiper-wrapper elementor-slides\">\n\t\t\t\t\t\t\t\t\t\t<div class=\"elementor-repeater-item-d0f3716 swiper-slide\"><div class=\"swiper-slide-bg\" role=\"img\"><\/div><div class=\"swiper-slide-inner\" ><div class=\"swiper-slide-contents\"><\/div><\/div><\/div><div class=\"elementor-repeater-item-f873e15 swiper-slide\"><div class=\"swiper-slide-bg\" role=\"img\"><\/div><div class=\"swiper-slide-inner\" ><div class=\"swiper-slide-contents\"><\/div><\/div><\/div><div class=\"elementor-repeater-item-8e50634 swiper-slide\"><div class=\"swiper-slide-bg\" role=\"img\"><\/div><div class=\"swiper-slide-inner\" ><div class=\"swiper-slide-contents\"><\/div><\/div><\/div>\t\t\t\t<\/div>\n\t\t\t\t\t\t\t\t\t\t\t\t\t\t\t<div class=\"swiper-pagination\"><\/div>\n\t\t\t\t\t\t\t\t\t\t\t\t\t\t\t\t<div class=\"elementor-swiper-button elementor-swiper-button-prev\" role=\"button\" tabindex=\"0\">\n\t\t\t\t\t\t\t<svg aria-hidden=\"true\" class=\"e-font-icon-svg e-eicon-chevron-left\" viewBox=\"0 0 1000 1000\" xmlns=\"http:\/\/www.w3.org\/2000\/svg\"><path d=\"M646 125C629 125 613 133 604 142L308 442C296 454 292 471 292 487 292 504 296 521 308 533L604 854C617 867 629 875 646 875 663 875 679 871 692 858 704 846 713 829 713 812 713 796 708 779 692 767L438 487 692 225C700 217 708 204 708 187 708 171 704 154 692 142 675 129 663 125 646 125Z\"><\/path><\/svg>\t\t\t\t\t\t\t<span class=\"elementor-screen-only\">Previous slide<\/span>\n\t\t\t\t\t\t<\/div>\n\t\t\t\t\t\t<div class=\"elementor-swiper-button elementor-swiper-button-next\" role=\"button\" tabindex=\"0\">\n\t\t\t\t\t\t\t<svg aria-hidden=\"true\" class=\"e-font-icon-svg e-eicon-chevron-right\" viewBox=\"0 0 1000 1000\" xmlns=\"http:\/\/www.w3.org\/2000\/svg\"><path d=\"M696 533C708 521 713 504 713 487 713 471 708 454 696 446L400 146C388 133 375 125 354 125 338 125 325 129 313 142 300 154 292 171 292 187 292 204 296 221 308 233L563 492 304 771C292 783 288 800 288 817 288 833 296 850 308 863 321 871 338 875 354 875 371 875 388 867 400 854L696 533Z\"><\/path><\/svg>\t\t\t\t\t\t\t<span class=\"elementor-screen-only\">Next slide<\/span>\n\t\t\t\t\t\t<\/div>\n\t\t\t\t\t\t\t\t\t\t\t\t<\/div>\n\t\t<\/div>\n\t\t\t\t<\/div>\n\t\t\t\t<\/div>\n\t\t\t\t<\/div>\n\t\t\t\t\t<\/div>\n\t\t\t\t<\/div>\n\t\t<div class=\"elementor-element elementor-element-2cb1f09 e-flex e-con-boxed e-con e-parent\" data-id=\"2cb1f09\" data-element_type=\"container\">\n\t\t\t\t\t<div class=\"e-con-inner\">\n\t\t\t\t<div class=\"elementor-element elementor-element-118fb0f elementor-widget elementor-widget-heading\" data-id=\"118fb0f\" data-element_type=\"widget\" data-widget_type=\"heading.default\">\n\t\t\t\t<div class=\"elementor-widget-container\">\n\t\t\t<h1 class=\"elementor-heading-title elementor-size-default\">Infographie illustr\u00e9e (Novembre 2023)<\/h1>\t\t<\/div>\n\t\t\t\t<\/div>\n\t\t\t\t<div class=\"elementor-element elementor-element-39e1060 elementor-align-right elementor-widget elementor-widget-button\" data-id=\"39e1060\" data-element_type=\"widget\" data-widget_type=\"button.default\">\n\t\t\t\t<div class=\"elementor-widget-container\">\n\t\t\t\t\t<div class=\"elementor-button-wrapper\">\n\t\t\t<a class=\"elementor-button elementor-button-link elementor-size-sm\" href=\"\/JorgePortfolio\/portfolio\/identite-visuelle\/\">\n\t\t\t\t\t\t<span class=\"elementor-button-content-wrapper\">\n\t\t\t\t\t\t\t\t\t<span class=\"elementor-button-text\"><<\/span>\n\t\t\t\t\t<\/span>\n\t\t\t\t\t<\/a>\n\t\t<\/div>\n\t\t\t\t<\/div>\n\t\t\t\t<\/div>\n\t\t\t\t\t<\/div>\n\t\t\t\t<\/div>\n\t\t\t\t<\/div>\n\t\t","protected":false},"excerpt":{"rendered":"<p>Infographie illustr\u00e9e (Novembre 2023) < DescriptionCe projet consiste en la conception d&rsquo;un logo pour un ch\u0153ur de musique, visant \u00e0 capturer l&rsquo;essence et l&rsquo;harmonie de leurs voix. Le design int\u00e8gre des \u00e9l\u00e9ments \u00e9voquant la fluidit\u00e9 du son et l&rsquo;\u00e9motion de la musique chorale. Probl\u00e8meUn ch\u0153ur a besoin d&rsquo;une identit\u00e9 visuelle forte pour refl\u00e9ter son unit\u00e9 [&hellip;]\n<\/p>\n","protected":false},"author":1,"featured_media":0,"parent":0,"menu_order":0,"comment_status":"closed","ping_status":"closed","template":"","meta":{"footnotes":""},"class_list":["post-607","page","type-page","status-publish","hentry"],"_links":{"self":[{"href":"https:\/\/mmi-tarbes.fr\/JorgePortfolio\/wp-json\/wp\/v2\/pages\/607","targetHints":{"allow":["GET"]}}],"collection":[{"href":"https:\/\/mmi-tarbes.fr\/JorgePortfolio\/wp-json\/wp\/v2\/pages"}],"about":[{"href":"https:\/\/mmi-tarbes.fr\/JorgePortfolio\/wp-json\/wp\/v2\/types\/page"}],"author":[{"embeddable":true,"href":"https:\/\/mmi-tarbes.fr\/JorgePortfolio\/wp-json\/wp\/v2\/users\/1"}],"replies":[{"embeddable":true,"href":"https:\/\/mmi-tarbes.fr\/JorgePortfolio\/wp-json\/wp\/v2\/comments?post=607"}],"version-history":[{"count":25,"href":"https:\/\/mmi-tarbes.fr\/JorgePortfolio\/wp-json\/wp\/v2\/pages\/607\/revisions"}],"predecessor-version":[{"id":762,"href":"https:\/\/mmi-tarbes.fr\/JorgePortfolio\/wp-json\/wp\/v2\/pages\/607\/revisions\/762"}],"wp:attachment":[{"href":"https:\/\/mmi-tarbes.fr\/JorgePortfolio\/wp-json\/wp\/v2\/media?parent=607"}],"curies":[{"name":"wp","href":"https:\/\/api.w.org\/{rel}","templated":true}]}}