{"id":560,"date":"2025-01-19T02:08:09","date_gmt":"2025-01-19T01:08:09","guid":{"rendered":"https:\/\/mmi-tarbes.fr\/JorgePortfolio\/?page_id=560"},"modified":"2025-03-15T01:17:08","modified_gmt":"2025-03-15T00:17:08","slug":"inpographie","status":"publish","type":"page","link":"https:\/\/mmi-tarbes.fr\/JorgePortfolio\/inpographie\/","title":{"rendered":"Inpographie"},"content":{"rendered":"\t\t<div data-elementor-type=\"wp-page\" data-elementor-id=\"560\" class=\"elementor elementor-560\" data-elementor-post-type=\"page\">\n\t\t\t\t<div class=\"elementor-element elementor-element-de2a0ab e-flex e-con-boxed e-con e-parent\" data-id=\"de2a0ab\" data-element_type=\"container\">\n\t\t\t\t\t<div class=\"e-con-inner\">\n\t\t\t\t<div class=\"elementor-element elementor-element-0a7c15b elementor-widget elementor-widget-heading\" data-id=\"0a7c15b\" data-element_type=\"widget\" data-widget_type=\"heading.default\">\n\t\t\t\t<div class=\"elementor-widget-container\">\n\t\t\t<h1 class=\"elementor-heading-title elementor-size-default\">Infographie illustr\u00e9e (Septembre 2023)<\/h1>\t\t<\/div>\n\t\t\t\t<\/div>\n\t\t\t\t<div class=\"elementor-element elementor-element-e818167 elementor-align-right elementor-widget elementor-widget-button\" data-id=\"e818167\" data-element_type=\"widget\" data-widget_type=\"button.default\">\n\t\t\t\t<div class=\"elementor-widget-container\">\n\t\t\t\t\t<div class=\"elementor-button-wrapper\">\n\t\t\t<a class=\"elementor-button elementor-button-link elementor-size-sm\" href=\"\/JorgePortfolio\/portfolio\/design-et-illustration-editorial\/\">\n\t\t\t\t\t\t<span class=\"elementor-button-content-wrapper\">\n\t\t\t\t\t\t\t\t\t<span class=\"elementor-button-text\"><<\/span>\n\t\t\t\t\t<\/span>\n\t\t\t\t\t<\/a>\n\t\t<\/div>\n\t\t\t\t<\/div>\n\t\t\t\t<\/div>\n\t\t\t\t\t<\/div>\n\t\t\t\t<\/div>\n\t\t<div class=\"elementor-element elementor-element-a0f6afb e-flex e-con-boxed e-con e-parent\" data-id=\"a0f6afb\" data-element_type=\"container\">\n\t\t\t\t\t<div class=\"e-con-inner\">\n\t\t<div class=\"elementor-element elementor-element-f48d0f9 e-con-full e-flex e-con e-child\" data-id=\"f48d0f9\" data-element_type=\"container\">\n\t\t\t\t<div class=\"elementor-element elementor-element-58240c1 elementor-widget elementor-widget-text-editor\" data-id=\"58240c1\" data-element_type=\"widget\" data-widget_type=\"text-editor.default\">\n\t\t\t\t<div class=\"elementor-widget-container\">\n\t\t\t\t\t\t\t<p><strong>Description<\/strong><br \/>Ce projet consiste en la r\u00e9alisation d\u2019une illustration pour une infographie sur l\u2019apn\u00e9e, un sport extr\u00eame o\u00f9 le plongeur retient son souffle sous l\u2019eau. L\u2019objectif est d\u2019expliquer visuellement les techniques et \u00e9tapes de cette discipline, en mettant en avant la pr\u00e9paration physique et mentale, ainsi que ses d\u00e9fis et bienfaits.<\/p><p><strong>Probl\u00e8me<\/strong><br \/>L\u2019apn\u00e9e est un sport exigeant qui repose sur des principes physiologiques complexes. Il peut \u00eatre difficile pour les d\u00e9butants de comprendre les adaptations corporelles et les techniques essentielles pour pratiquer en toute s\u00e9curit\u00e9.<\/p><p><strong>Objectif<\/strong><br \/>Concevoir une infographie claire et attrayante qui facilite la compr\u00e9hension de l\u2019apn\u00e9e, en combinant explications techniques et esth\u00e9tique immersive.<\/p><p><strong>M\u00e9thodologie et Processus<\/strong><\/p><ol><li><strong>Recherche :<\/strong> Analyse des concepts cl\u00e9s et des besoins des apn\u00e9istes.<\/li><li><strong>Conception :<\/strong> D\u00e9finition d&rsquo;un style graphique \u00e9pur\u00e9 avec des couleurs froides pour \u00e9voquer le calme sous-marin.<\/li><li><strong>Illustration :<\/strong> Cr\u00e9ation de sch\u00e9mas anatomiques et de graphiques explicatifs.<\/li><li><strong>Finalisation :<\/strong> Int\u00e9gration des \u00e9l\u00e9ments visuels et ajustements pour assurer clart\u00e9 et esth\u00e9tique.<\/li><\/ol><p><strong>R\u00e9sultats<\/strong><br \/>L\u2019infographie offre une repr\u00e9sentation visuelle efficace des principes de l\u2019apn\u00e9e, permettant aux d\u00e9butants et passionn\u00e9s de mieux comprendre les aspects essentiels de ce sport.<\/p><p><strong>Conclusion<\/strong><br \/>Ce projet illustre l&rsquo;importance d&rsquo;un design informatif et attrayant pour rendre accessible un sujet technique. L\u2019alliance entre esth\u00e9tique et clart\u00e9 p\u00e9dagogique renforce la transmission des connaissances sur l\u2019apn\u00e9e.<\/p>\t\t\t\t\t\t<\/div>\n\t\t\t\t<\/div>\n\t\t\t\t<\/div>\n\t\t<div class=\"elementor-element elementor-element-054d1be e-con-full e-flex e-con e-child\" data-id=\"054d1be\" data-element_type=\"container\" data-settings=\"{&quot;background_background&quot;:&quot;classic&quot;}\">\n\t\t\t\t<div class=\"elementor-element elementor-element-7af1783 elementor-widget elementor-widget-image\" data-id=\"7af1783\" data-element_type=\"widget\" data-widget_type=\"image.default\">\n\t\t\t\t<div class=\"elementor-widget-container\">\n\t\t\t\t\t\t\t\t\t\t\t\t\t<img fetchpriority=\"high\" decoding=\"async\" width=\"800\" height=\"534\" src=\"https:\/\/mmi-tarbes.fr\/JorgePortfolio\/wp-content\/uploads\/2025\/01\/7-1024x683.png\" class=\"attachment-large size-large wp-image-567\" alt=\"\" srcset=\"https:\/\/mmi-tarbes.fr\/JorgePortfolio\/wp-content\/uploads\/2025\/01\/7-1024x683.png 1024w, https:\/\/mmi-tarbes.fr\/JorgePortfolio\/wp-content\/uploads\/2025\/01\/7-300x200.png 300w, https:\/\/mmi-tarbes.fr\/JorgePortfolio\/wp-content\/uploads\/2025\/01\/7-768x512.png 768w, https:\/\/mmi-tarbes.fr\/JorgePortfolio\/wp-content\/uploads\/2025\/01\/7-1536x1024.png 1536w, https:\/\/mmi-tarbes.fr\/JorgePortfolio\/wp-content\/uploads\/2025\/01\/7-2048x1365.png 2048w\" sizes=\"(max-width: 800px) 100vw, 800px\" \/>\t\t\t\t\t\t\t\t\t\t\t\t\t<\/div>\n\t\t\t\t<\/div>\n\t\t\t\t<\/div>\n\t\t\t\t\t<\/div>\n\t\t\t\t<\/div>\n\t\t<div class=\"elementor-element elementor-element-862a1df e-flex e-con-boxed e-con e-parent\" data-id=\"862a1df\" data-element_type=\"container\">\n\t\t\t\t\t<div class=\"e-con-inner\">\n\t\t\t\t<div class=\"elementor-element elementor-element-58bed8a elementor-widget elementor-widget-heading\" data-id=\"58bed8a\" data-element_type=\"widget\" data-widget_type=\"heading.default\">\n\t\t\t\t<div class=\"elementor-widget-container\">\n\t\t\t<h1 class=\"elementor-heading-title elementor-size-default\">Infographie illustr\u00e9e (Septembre 2023)<\/h1>\t\t<\/div>\n\t\t\t\t<\/div>\n\t\t\t\t<div class=\"elementor-element elementor-element-54755b1 elementor-align-right elementor-widget elementor-widget-button\" data-id=\"54755b1\" data-element_type=\"widget\" data-widget_type=\"button.default\">\n\t\t\t\t<div class=\"elementor-widget-container\">\n\t\t\t\t\t<div class=\"elementor-button-wrapper\">\n\t\t\t<a class=\"elementor-button elementor-button-link elementor-size-sm\" href=\"\/JorgePortfolio\/portfolio\/design-et-illustration-editorial\/\">\n\t\t\t\t\t\t<span class=\"elementor-button-content-wrapper\">\n\t\t\t\t\t\t\t\t\t<span class=\"elementor-button-text\"><<\/span>\n\t\t\t\t\t<\/span>\n\t\t\t\t\t<\/a>\n\t\t<\/div>\n\t\t\t\t<\/div>\n\t\t\t\t<\/div>\n\t\t\t\t\t<\/div>\n\t\t\t\t<\/div>\n\t\t\t\t<\/div>\n\t\t","protected":false},"excerpt":{"rendered":"<p>Infographie illustr\u00e9e (Septembre 2023) < DescriptionCe projet consiste en la r\u00e9alisation d\u2019une illustration pour une infographie sur l\u2019apn\u00e9e, un sport extr\u00eame o\u00f9 le plongeur retient son souffle sous l\u2019eau. L\u2019objectif est d\u2019expliquer visuellement les techniques et \u00e9tapes de cette discipline, en mettant en avant la pr\u00e9paration physique et mentale, ainsi que ses d\u00e9fis et bienfaits. [&hellip;]\n<\/p>\n","protected":false},"author":1,"featured_media":0,"parent":0,"menu_order":0,"comment_status":"closed","ping_status":"closed","template":"","meta":{"footnotes":""},"class_list":["post-560","page","type-page","status-publish","hentry"],"_links":{"self":[{"href":"https:\/\/mmi-tarbes.fr\/JorgePortfolio\/wp-json\/wp\/v2\/pages\/560","targetHints":{"allow":["GET"]}}],"collection":[{"href":"https:\/\/mmi-tarbes.fr\/JorgePortfolio\/wp-json\/wp\/v2\/pages"}],"about":[{"href":"https:\/\/mmi-tarbes.fr\/JorgePortfolio\/wp-json\/wp\/v2\/types\/page"}],"author":[{"embeddable":true,"href":"https:\/\/mmi-tarbes.fr\/JorgePortfolio\/wp-json\/wp\/v2\/users\/1"}],"replies":[{"embeddable":true,"href":"https:\/\/mmi-tarbes.fr\/JorgePortfolio\/wp-json\/wp\/v2\/comments?post=560"}],"version-history":[{"count":16,"href":"https:\/\/mmi-tarbes.fr\/JorgePortfolio\/wp-json\/wp\/v2\/pages\/560\/revisions"}],"predecessor-version":[{"id":731,"href":"https:\/\/mmi-tarbes.fr\/JorgePortfolio\/wp-json\/wp\/v2\/pages\/560\/revisions\/731"}],"wp:attachment":[{"href":"https:\/\/mmi-tarbes.fr\/JorgePortfolio\/wp-json\/wp\/v2\/media?parent=560"}],"curies":[{"name":"wp","href":"https:\/\/api.w.org\/{rel}","templated":true}]}}