{"id":488,"date":"2025-01-19T00:33:33","date_gmt":"2025-01-18T23:33:33","guid":{"rendered":"https:\/\/mmi-tarbes.fr\/JorgePortfolio\/?page_id=488"},"modified":"2025-03-15T01:19:58","modified_gmt":"2025-03-15T00:19:58","slug":"almacen-ramirito","status":"publish","type":"page","link":"https:\/\/mmi-tarbes.fr\/JorgePortfolio\/almacen-ramirito\/","title":{"rendered":"Almacen Ramirito"},"content":{"rendered":"\t\t<div data-elementor-type=\"wp-page\" data-elementor-id=\"488\" class=\"elementor elementor-488\" data-elementor-post-type=\"page\">\n\t\t\t\t<div class=\"elementor-element elementor-element-7612a49 e-flex e-con-boxed e-con e-parent\" data-id=\"7612a49\" data-element_type=\"container\">\n\t\t\t\t\t<div class=\"e-con-inner\">\n\t\t\t\t<div class=\"elementor-element elementor-element-4f61c91 elementor-widget elementor-widget-heading\" data-id=\"4f61c91\" data-element_type=\"widget\" data-widget_type=\"heading.default\">\n\t\t\t\t<div class=\"elementor-widget-container\">\n\t\t\t<h1 class=\"elementor-heading-title elementor-size-default\">Vid\u00e9o Publicitaire pour un Magasin de Jouets (June 2023)<\/h1>\t\t<\/div>\n\t\t\t\t<\/div>\n\t\t\t\t<div class=\"elementor-element elementor-element-81f7d19 elementor-align-right elementor-widget elementor-widget-button\" data-id=\"81f7d19\" data-element_type=\"widget\" data-widget_type=\"button.default\">\n\t\t\t\t<div class=\"elementor-widget-container\">\n\t\t\t\t\t<div class=\"elementor-button-wrapper\">\n\t\t\t<a class=\"elementor-button elementor-button-link elementor-size-sm\" href=\"\/JorgePortfolio\/portfolio\/production-audiovisuelle\/\">\n\t\t\t\t\t\t<span class=\"elementor-button-content-wrapper\">\n\t\t\t\t\t\t\t\t\t<span class=\"elementor-button-text\"><<\/span>\n\t\t\t\t\t<\/span>\n\t\t\t\t\t<\/a>\n\t\t<\/div>\n\t\t\t\t<\/div>\n\t\t\t\t<\/div>\n\t\t\t\t\t<\/div>\n\t\t\t\t<\/div>\n\t\t<div class=\"elementor-element elementor-element-537b631 e-flex e-con-boxed e-con e-parent\" data-id=\"537b631\" data-element_type=\"container\">\n\t\t\t\t\t<div class=\"e-con-inner\">\n\t\t<div class=\"elementor-element elementor-element-2535a2a e-con-full e-flex e-con e-child\" data-id=\"2535a2a\" data-element_type=\"container\">\n\t\t\t\t<div class=\"elementor-element elementor-element-0a5b144 elementor-widget elementor-widget-text-editor\" data-id=\"0a5b144\" data-element_type=\"widget\" data-widget_type=\"text-editor.default\">\n\t\t\t\t<div class=\"elementor-widget-container\">\n\t\t\t\t\t\t\t<p data-pm-slice=\"1 1 []\"><strong>Description<\/strong><br \/>Ce projet consiste en la cr\u00e9ation d\u2019une vid\u00e9o publicitaire pour un magasin de jouets, capturant la magie et la joie que chaque jouet peut offrir. L&rsquo;objectif est de transmettre l\u2019\u00e9motion des enfants en explorant un univers color\u00e9 et plein d\u2019aventures.<\/p><p><strong>Probl\u00e8me<\/strong><br \/>Dans un march\u00e9 tr\u00e8s concurrentiel, il est difficile de capter l\u2019attention des clients et de cr\u00e9er un lien \u00e9motionnel avec la marque. Il est essentiel de pr\u00e9senter non seulement la diversit\u00e9 des produits, mais aussi l\u2019exp\u00e9rience unique qu\u2019ils offrent.<\/p><p><strong>Objectif<\/strong><br \/>Promouvoir le magasin comme la destination id\u00e9ale pour trouver le cadeau parfait, en \u00e9veillant la nostalgie des adultes et l\u2019enthousiasme des enfants.<\/p><p><strong>M\u00e9thodologie et Processus<\/strong><\/p><ol start=\"1\" data-spread=\"false\"><li><p><strong>Planification :<\/strong> Analyse des vid\u00e9os r\u00e9ussies et d\u00e9finition des \u00e9l\u00e9ments cl\u00e9s.<\/p><\/li><li><p><strong>Sc\u00e9nario :<\/strong> Une histoire mettant en sc\u00e8ne des enfants explorant diff\u00e9rentes sections du magasin.<\/p><\/li><li><p><strong>Production :<\/strong> Utilisation de d\u00e9cors color\u00e9s et d\u2019un casting adapt\u00e9.<\/p><\/li><li><p><strong>Postproduction :<\/strong> Ajout de musique et d\u2019effets visuels dynamiques.<\/p><\/li><\/ol><p><strong>R\u00e9sultats<\/strong><br \/>La vid\u00e9o a suscit\u00e9 une r\u00e9action positive du public, renfor\u00e7ant l&rsquo;image du magasin comme r\u00e9f\u00e9rence dans le secteur.<\/p><p><strong>Conclusion<\/strong><br \/>Ce projet a permis de capturer l\u2019essence de l\u2019enfance et de valoriser la vari\u00e9t\u00e9 des jouets du magasin. Une narration engageante et une production attrayante ont aid\u00e9 \u00e0 positionner la marque sur un march\u00e9 concurrentiel.<\/p>\t\t\t\t\t\t<\/div>\n\t\t\t\t<\/div>\n\t\t\t\t<div class=\"elementor-element elementor-element-3a4c5d8 elementor-widget elementor-widget-button\" data-id=\"3a4c5d8\" data-element_type=\"widget\" data-widget_type=\"button.default\">\n\t\t\t\t<div class=\"elementor-widget-container\">\n\t\t\t\t\t<div class=\"elementor-button-wrapper\">\n\t\t\t<a class=\"elementor-button elementor-button-link elementor-size-sm\" href=\"https:\/\/youtu.be\/C9kJaOAXPKk\">\n\t\t\t\t\t\t<span class=\"elementor-button-content-wrapper\">\n\t\t\t\t\t\t\t\t\t<span class=\"elementor-button-text\">Cliquez ici<\/span>\n\t\t\t\t\t<\/span>\n\t\t\t\t\t<\/a>\n\t\t<\/div>\n\t\t\t\t<\/div>\n\t\t\t\t<\/div>\n\t\t\t\t<\/div>\n\t\t<div class=\"elementor-element elementor-element-fead427 e-con-full e-flex e-con e-child\" data-id=\"fead427\" data-element_type=\"container\" data-settings=\"{&quot;background_background&quot;:&quot;video&quot;,&quot;background_video_link&quot;:&quot;https:\\\/\\\/youtu.be\\\/C9kJaOAXPKk&quot;}\">\n\t\t<div class=\"elementor-background-video-container elementor-hidden-phone\">\n\t\t\t\t\t\t\t<div class=\"elementor-background-video-embed\"><\/div>\n\t\t\t\t\t\t<\/div>\t\t<\/div>\n\t\t\t\t\t<\/div>\n\t\t\t\t<\/div>\n\t\t<div class=\"elementor-element elementor-element-560d16e e-flex e-con-boxed e-con e-parent\" data-id=\"560d16e\" data-element_type=\"container\">\n\t\t\t\t\t<div class=\"e-con-inner\">\n\t\t\t\t<div class=\"elementor-element elementor-element-a63caab elementor-widget elementor-widget-heading\" data-id=\"a63caab\" data-element_type=\"widget\" data-widget_type=\"heading.default\">\n\t\t\t\t<div class=\"elementor-widget-container\">\n\t\t\t<h1 class=\"elementor-heading-title elementor-size-default\">Vid\u00e9o Publicitaire pour un Magasin de Jouets (June 2023)<\/h1>\t\t<\/div>\n\t\t\t\t<\/div>\n\t\t\t\t<div class=\"elementor-element elementor-element-eb7f303 elementor-align-right elementor-widget elementor-widget-button\" data-id=\"eb7f303\" data-element_type=\"widget\" data-widget_type=\"button.default\">\n\t\t\t\t<div class=\"elementor-widget-container\">\n\t\t\t\t\t<div class=\"elementor-button-wrapper\">\n\t\t\t<a class=\"elementor-button elementor-button-link elementor-size-sm\" href=\"\/JorgePortfolio\/portfolio\/production-audiovisuelle\/\">\n\t\t\t\t\t\t<span class=\"elementor-button-content-wrapper\">\n\t\t\t\t\t\t\t\t\t<span class=\"elementor-button-text\"><<\/span>\n\t\t\t\t\t<\/span>\n\t\t\t\t\t<\/a>\n\t\t<\/div>\n\t\t\t\t<\/div>\n\t\t\t\t<\/div>\n\t\t\t\t\t<\/div>\n\t\t\t\t<\/div>\n\t\t\t\t<\/div>\n\t\t","protected":false},"excerpt":{"rendered":"<p>Vid\u00e9o Publicitaire pour un Magasin de Jouets (June 2023) < DescriptionCe projet consiste en la cr\u00e9ation d\u2019une vid\u00e9o publicitaire pour un magasin de jouets, capturant la magie et la joie que chaque jouet peut offrir. L&rsquo;objectif est de transmettre l\u2019\u00e9motion des enfants en explorant un univers color\u00e9 et plein d\u2019aventures. Probl\u00e8meDans un march\u00e9 tr\u00e8s concurrentiel, [&hellip;]\n<\/p>\n","protected":false},"author":1,"featured_media":0,"parent":0,"menu_order":0,"comment_status":"closed","ping_status":"closed","template":"","meta":{"footnotes":""},"class_list":["post-488","page","type-page","status-publish","hentry"],"_links":{"self":[{"href":"https:\/\/mmi-tarbes.fr\/JorgePortfolio\/wp-json\/wp\/v2\/pages\/488","targetHints":{"allow":["GET"]}}],"collection":[{"href":"https:\/\/mmi-tarbes.fr\/JorgePortfolio\/wp-json\/wp\/v2\/pages"}],"about":[{"href":"https:\/\/mmi-tarbes.fr\/JorgePortfolio\/wp-json\/wp\/v2\/types\/page"}],"author":[{"embeddable":true,"href":"https:\/\/mmi-tarbes.fr\/JorgePortfolio\/wp-json\/wp\/v2\/users\/1"}],"replies":[{"embeddable":true,"href":"https:\/\/mmi-tarbes.fr\/JorgePortfolio\/wp-json\/wp\/v2\/comments?post=488"}],"version-history":[{"count":37,"href":"https:\/\/mmi-tarbes.fr\/JorgePortfolio\/wp-json\/wp\/v2\/pages\/488\/revisions"}],"predecessor-version":[{"id":743,"href":"https:\/\/mmi-tarbes.fr\/JorgePortfolio\/wp-json\/wp\/v2\/pages\/488\/revisions\/743"}],"wp:attachment":[{"href":"https:\/\/mmi-tarbes.fr\/JorgePortfolio\/wp-json\/wp\/v2\/media?parent=488"}],"curies":[{"name":"wp","href":"https:\/\/api.w.org\/{rel}","templated":true}]}}