{"id":44,"date":"2024-09-12T11:53:50","date_gmt":"2024-09-12T09:53:50","guid":{"rendered":"https:\/\/mmi-tarbes.fr\/JorgePortfolio\/?page_id=44"},"modified":"2025-03-15T01:48:48","modified_gmt":"2025-03-15T00:48:48","slug":"about","status":"publish","type":"page","link":"https:\/\/mmi-tarbes.fr\/JorgePortfolio\/about\/","title":{"rendered":"\u00c0 propos"},"content":{"rendered":"\t\t<div data-elementor-type=\"wp-page\" data-elementor-id=\"44\" class=\"elementor elementor-44\" data-elementor-post-type=\"page\">\n\t\t\t\t<div class=\"elementor-element elementor-element-83a33d0 e-flex e-con-boxed e-con e-parent\" data-id=\"83a33d0\" data-element_type=\"container\">\n\t\t\t\t\t<div class=\"e-con-inner\">\n\t\t<div class=\"elementor-element elementor-element-2c40f9c e-con-full e-flex e-con e-child\" data-id=\"2c40f9c\" data-element_type=\"container\">\n\t\t\t\t<div class=\"elementor-element elementor-element-a39916f elementor-widget elementor-widget-image\" data-id=\"a39916f\" data-element_type=\"widget\" data-widget_type=\"image.default\">\n\t\t\t\t<div class=\"elementor-widget-container\">\n\t\t\t\t\t\t\t\t\t\t\t\t\t<img fetchpriority=\"high\" decoding=\"async\" width=\"708\" height=\"1024\" src=\"https:\/\/mmi-tarbes.fr\/JorgePortfolio\/wp-content\/uploads\/2024\/11\/Jorge_Enrique_-708x1024.png\" class=\"attachment-large size-large wp-image-310\" alt=\"\" srcset=\"https:\/\/mmi-tarbes.fr\/JorgePortfolio\/wp-content\/uploads\/2024\/11\/Jorge_Enrique_-708x1024.png 708w, https:\/\/mmi-tarbes.fr\/JorgePortfolio\/wp-content\/uploads\/2024\/11\/Jorge_Enrique_-207x300.png 207w, https:\/\/mmi-tarbes.fr\/JorgePortfolio\/wp-content\/uploads\/2024\/11\/Jorge_Enrique_-768x1111.png 768w, https:\/\/mmi-tarbes.fr\/JorgePortfolio\/wp-content\/uploads\/2024\/11\/Jorge_Enrique_-1062x1536.png 1062w, https:\/\/mmi-tarbes.fr\/JorgePortfolio\/wp-content\/uploads\/2024\/11\/Jorge_Enrique_-1416x2048.png 1416w, https:\/\/mmi-tarbes.fr\/JorgePortfolio\/wp-content\/uploads\/2024\/11\/Jorge_Enrique_.png 1792w\" sizes=\"(max-width: 708px) 100vw, 708px\" \/>\t\t\t\t\t\t\t\t\t\t\t\t\t<\/div>\n\t\t\t\t<\/div>\n\t\t\t\t<\/div>\n\t\t<div class=\"elementor-element elementor-element-3a92a12 e-con-full e-flex e-con e-child\" data-id=\"3a92a12\" data-element_type=\"container\">\n\t\t\t\t<div class=\"elementor-element elementor-element-3e66362 elementor-widget__width-initial elementor-widget elementor-widget-text-editor\" data-id=\"3e66362\" data-element_type=\"widget\" data-widget_type=\"text-editor.default\">\n\t\t\t\t<div class=\"elementor-widget-container\">\n\t\t\t\t\t\t\t<p>Salut ! je suis <strong>Jorge ALVAREZ<\/strong> un designer graphique passionn\u00e9 par la curiosit\u00e9 et l&rsquo;apprentissage. Je me sp\u00e9cialise dans la cr\u00e9ation d&rsquo;identit\u00e9s visuelles, le design typographique et la r\u00e9alisation de pr\u00e9sentations. Je ma\u00eetrise des outils tels que Illustrator, Figma, Photoshop et bien d&rsquo;autres, ce qui me permet de livrer des r\u00e9sultats de qualit\u00e9. J&rsquo;ai une grande aisance \u00e0 parler en public et j&rsquo;aime diriger des projets graphiques, en optimisant le temps et en \u00e9valuant constamment mon travail.<\/p><p>Motiv\u00e9 par l&rsquo;envie d&rsquo;aider ma famille et mes amis, mon objectif est de terminer mon programme MMI, de poursuivre un master et de retourner en Colombie. Avec une attitude extravertie et joyeuse, je suis toujours pr\u00eat \u00e0 relever de nouveaux d\u00e9fis cr\u00e9atifs.<\/p>\t\t\t\t\t\t<\/div>\n\t\t\t\t<\/div>\n\t\t\t\t<\/div>\n\t\t\t\t\t<\/div>\n\t\t\t\t<\/div>\n\t\t<div class=\"elementor-element elementor-element-b085352 e-flex e-con-boxed e-con e-parent\" data-id=\"b085352\" data-element_type=\"container\" data-settings=\"{&quot;background_background&quot;:&quot;classic&quot;}\">\n\t\t\t\t\t<div class=\"e-con-inner\">\n\t\t\t\t<div class=\"elementor-element elementor-element-50fd160 elementor-widget elementor-widget-heading\" data-id=\"50fd160\" data-element_type=\"widget\" data-widget_type=\"heading.default\">\n\t\t\t\t<div class=\"elementor-widget-container\">\n\t\t\t<h2 class=\"elementor-heading-title elementor-size-default\">Mes  comp\u00e9tences<\/h2>\t\t<\/div>\n\t\t\t\t<\/div>\n\t\t\t\t<div class=\"elementor-element elementor-element-fec82a3 elementor-widget__width-initial elementor-widget elementor-widget-text-editor\" data-id=\"fec82a3\" data-element_type=\"widget\" data-widget_type=\"text-editor.default\">\n\t\t\t\t<div class=\"elementor-widget-container\">\n\t\t\t\t\t\t\t<p>Cr\u00e9atif et rigoureux, je combine une solide ma\u00eetrise des outils Adobe (Photoshop, Illustrator, InDesign, Premiere Pro, After Effects) et Blender avec des comp\u00e9tences en organisation, adaptabilit\u00e9 et souci du d\u00e9tail. Cette polyvalence me permet de concevoir des projets vari\u00e9s, tels que des identit\u00e9s visuelles, animations et motion design, tout en respectant les d\u00e9lais et en r\u00e9pondant aux attentes des clients. Toujours proactif et en apprentissage constant, je m\u2019efforce d\u2019apporter des solutions efficaces et innovantes.<\/p>\t\t\t\t\t\t<\/div>\n\t\t\t\t<\/div>\n\t\t<div class=\"elementor-element elementor-element-538441f e-con-full e-flex e-con e-child\" data-id=\"538441f\" data-element_type=\"container\">\n\t\t<div class=\"elementor-element elementor-element-7b95fba e-con-full e-flex e-con e-child\" data-id=\"7b95fba\" data-element_type=\"container\">\n\t\t\t\t<div class=\"elementor-element elementor-element-b708ad3 elementor-widget elementor-widget-heading\" data-id=\"b708ad3\" data-element_type=\"widget\" data-widget_type=\"heading.default\">\n\t\t\t\t<div class=\"elementor-widget-container\">\n\t\t\t<h2 class=\"elementor-heading-title elementor-size-default\">Illustraror<\/h2>\t\t<\/div>\n\t\t\t\t<\/div>\n\t\t\t\t<div class=\"elementor-element elementor-element-afa75cc elementor-widget elementor-widget-image\" data-id=\"afa75cc\" data-element_type=\"widget\" data-widget_type=\"image.default\">\n\t\t\t\t<div class=\"elementor-widget-container\">\n\t\t\t\t\t\t\t\t\t\t\t\t\t<img decoding=\"async\" width=\"800\" height=\"618\" src=\"https:\/\/mmi-tarbes.fr\/JorgePortfolio\/wp-content\/uploads\/2025\/01\/Mesa-de-trabajo-1@2x-20-1024x791.jpg\" class=\"attachment-large size-large wp-image-454\" alt=\"\" srcset=\"https:\/\/mmi-tarbes.fr\/JorgePortfolio\/wp-content\/uploads\/2025\/01\/Mesa-de-trabajo-1@2x-20-1024x791.jpg 1024w, https:\/\/mmi-tarbes.fr\/JorgePortfolio\/wp-content\/uploads\/2025\/01\/Mesa-de-trabajo-1@2x-20-300x232.jpg 300w, https:\/\/mmi-tarbes.fr\/JorgePortfolio\/wp-content\/uploads\/2025\/01\/Mesa-de-trabajo-1@2x-20-768x593.jpg 768w, https:\/\/mmi-tarbes.fr\/JorgePortfolio\/wp-content\/uploads\/2025\/01\/Mesa-de-trabajo-1@2x-20-1536x1187.jpg 1536w, https:\/\/mmi-tarbes.fr\/JorgePortfolio\/wp-content\/uploads\/2025\/01\/Mesa-de-trabajo-1@2x-20.jpg 1584w\" sizes=\"(max-width: 800px) 100vw, 800px\" \/>\t\t\t\t\t\t\t\t\t\t\t\t\t<\/div>\n\t\t\t\t<\/div>\n\t\t\t\t<div class=\"elementor-element elementor-element-38e6584 elementor-widget elementor-widget-progress\" data-id=\"38e6584\" data-element_type=\"widget\" data-widget_type=\"progress.default\">\n\t\t\t\t<div class=\"elementor-widget-container\">\n\t\t\t\n\t\t<div class=\"elementor-progress-wrapper\" role=\"progressbar\" aria-valuemin=\"0\" aria-valuemax=\"100\" aria-valuenow=\"89\">\n\t\t\t<div class=\"elementor-progress-bar\" data-max=\"89\">\n\t\t\t\t<span class=\"elementor-progress-text\"><\/span>\n\t\t\t\t\t\t\t\t\t<span class=\"elementor-progress-percentage\">89%<\/span>\n\t\t\t\t\t\t\t<\/div>\n\t\t<\/div>\n\t\t\t\t<\/div>\n\t\t\t\t<\/div>\n\t\t\t\t<\/div>\n\t\t<div class=\"elementor-element elementor-element-717047c e-con-full e-flex e-con e-child\" data-id=\"717047c\" data-element_type=\"container\">\n\t\t\t\t<div class=\"elementor-element elementor-element-7ef8086 elementor-widget elementor-widget-heading\" data-id=\"7ef8086\" data-element_type=\"widget\" data-widget_type=\"heading.default\">\n\t\t\t\t<div class=\"elementor-widget-container\">\n\t\t\t<h2 class=\"elementor-heading-title elementor-size-default\">Photoshop<\/h2>\t\t<\/div>\n\t\t\t\t<\/div>\n\t\t\t\t<div class=\"elementor-element elementor-element-79c52ce elementor-widget elementor-widget-image\" data-id=\"79c52ce\" data-element_type=\"widget\" data-widget_type=\"image.default\">\n\t\t\t\t<div class=\"elementor-widget-container\">\n\t\t\t\t\t\t\t\t\t\t\t\t\t<img decoding=\"async\" width=\"800\" height=\"529\" src=\"https:\/\/mmi-tarbes.fr\/JorgePortfolio\/wp-content\/uploads\/2025\/01\/Recurso-2D-1024x677.png\" class=\"attachment-large size-large wp-image-456\" alt=\"\" srcset=\"https:\/\/mmi-tarbes.fr\/JorgePortfolio\/wp-content\/uploads\/2025\/01\/Recurso-2D-1024x677.png 1024w, https:\/\/mmi-tarbes.fr\/JorgePortfolio\/wp-content\/uploads\/2025\/01\/Recurso-2D-300x198.png 300w, https:\/\/mmi-tarbes.fr\/JorgePortfolio\/wp-content\/uploads\/2025\/01\/Recurso-2D-768x508.png 768w, https:\/\/mmi-tarbes.fr\/JorgePortfolio\/wp-content\/uploads\/2025\/01\/Recurso-2D-1536x1015.png 1536w, https:\/\/mmi-tarbes.fr\/JorgePortfolio\/wp-content\/uploads\/2025\/01\/Recurso-2D-2048x1354.png 2048w\" sizes=\"(max-width: 800px) 100vw, 800px\" \/>\t\t\t\t\t\t\t\t\t\t\t\t\t<\/div>\n\t\t\t\t<\/div>\n\t\t\t\t<div class=\"elementor-element elementor-element-cc43159 elementor-widget elementor-widget-progress\" data-id=\"cc43159\" data-element_type=\"widget\" data-widget_type=\"progress.default\">\n\t\t\t\t<div class=\"elementor-widget-container\">\n\t\t\t\n\t\t<div class=\"elementor-progress-wrapper\" role=\"progressbar\" aria-valuemin=\"0\" aria-valuemax=\"100\" aria-valuenow=\"79\">\n\t\t\t<div class=\"elementor-progress-bar\" data-max=\"79\">\n\t\t\t\t<span class=\"elementor-progress-text\"><\/span>\n\t\t\t\t\t\t\t\t\t<span class=\"elementor-progress-percentage\">79%<\/span>\n\t\t\t\t\t\t\t<\/div>\n\t\t<\/div>\n\t\t\t\t<\/div>\n\t\t\t\t<\/div>\n\t\t\t\t<\/div>\n\t\t<div class=\"elementor-element elementor-element-61ccb5a e-con-full e-flex e-con e-child\" data-id=\"61ccb5a\" data-element_type=\"container\">\n\t\t\t\t<div class=\"elementor-element elementor-element-e081fc9 elementor-widget elementor-widget-heading\" data-id=\"e081fc9\" data-element_type=\"widget\" data-widget_type=\"heading.default\">\n\t\t\t\t<div class=\"elementor-widget-container\">\n\t\t\t<h2 class=\"elementor-heading-title elementor-size-default\">After Effects<\/h2>\t\t<\/div>\n\t\t\t\t<\/div>\n\t\t<div class=\"elementor-element elementor-element-a0b6681 e-con-full e-flex e-con e-child\" data-id=\"a0b6681\" data-element_type=\"container\" data-settings=\"{&quot;background_background&quot;:&quot;video&quot;,&quot;background_video_link&quot;:&quot;https:\\\/\\\/youtu.be\\\/vXZZ8tzdSIA&quot;}\">\n\t\t<div class=\"elementor-background-video-container elementor-hidden-phone\">\n\t\t\t\t\t\t\t<div class=\"elementor-background-video-embed\"><\/div>\n\t\t\t\t\t\t<\/div>\t\t<\/div>\n\t\t\t\t<div class=\"elementor-element elementor-element-0e3d33b elementor-widget elementor-widget-progress\" data-id=\"0e3d33b\" data-element_type=\"widget\" data-widget_type=\"progress.default\">\n\t\t\t\t<div class=\"elementor-widget-container\">\n\t\t\t\n\t\t<div class=\"elementor-progress-wrapper\" role=\"progressbar\" aria-valuemin=\"0\" aria-valuemax=\"100\" aria-valuenow=\"82\">\n\t\t\t<div class=\"elementor-progress-bar\" data-max=\"82\">\n\t\t\t\t<span class=\"elementor-progress-text\"><\/span>\n\t\t\t\t\t\t\t\t\t<span class=\"elementor-progress-percentage\">82%<\/span>\n\t\t\t\t\t\t\t<\/div>\n\t\t<\/div>\n\t\t\t\t<\/div>\n\t\t\t\t<\/div>\n\t\t\t\t<\/div>\n\t\t<div class=\"elementor-element elementor-element-20362c3 e-con-full e-flex e-con e-child\" data-id=\"20362c3\" data-element_type=\"container\">\n\t\t\t\t<div class=\"elementor-element elementor-element-cb4a49c elementor-widget elementor-widget-heading\" data-id=\"cb4a49c\" data-element_type=\"widget\" data-widget_type=\"heading.default\">\n\t\t\t\t<div class=\"elementor-widget-container\">\n\t\t\t<h2 class=\"elementor-heading-title elementor-size-default\">Blender<\/h2>\t\t<\/div>\n\t\t\t\t<\/div>\n\t\t\t\t<div class=\"elementor-element elementor-element-5f72476 elementor-widget elementor-widget-image\" data-id=\"5f72476\" data-element_type=\"widget\" data-widget_type=\"image.default\">\n\t\t\t\t<div class=\"elementor-widget-container\">\n\t\t\t\t\t\t\t\t\t\t\t\t\t<img loading=\"lazy\" decoding=\"async\" width=\"800\" height=\"450\" src=\"https:\/\/mmi-tarbes.fr\/JorgePortfolio\/wp-content\/uploads\/2025\/01\/blender-1.1-1-1024x576.png\" class=\"attachment-large size-large wp-image-450\" alt=\"\" srcset=\"https:\/\/mmi-tarbes.fr\/JorgePortfolio\/wp-content\/uploads\/2025\/01\/blender-1.1-1-1024x576.png 1024w, https:\/\/mmi-tarbes.fr\/JorgePortfolio\/wp-content\/uploads\/2025\/01\/blender-1.1-1-300x169.png 300w, https:\/\/mmi-tarbes.fr\/JorgePortfolio\/wp-content\/uploads\/2025\/01\/blender-1.1-1-768x432.png 768w, https:\/\/mmi-tarbes.fr\/JorgePortfolio\/wp-content\/uploads\/2025\/01\/blender-1.1-1-1536x864.png 1536w, https:\/\/mmi-tarbes.fr\/JorgePortfolio\/wp-content\/uploads\/2025\/01\/blender-1.1-1.png 1920w\" sizes=\"(max-width: 800px) 100vw, 800px\" \/>\t\t\t\t\t\t\t\t\t\t\t\t\t<\/div>\n\t\t\t\t<\/div>\n\t\t\t\t<div class=\"elementor-element elementor-element-b7c0304 elementor-widget elementor-widget-progress\" data-id=\"b7c0304\" data-element_type=\"widget\" data-widget_type=\"progress.default\">\n\t\t\t\t<div class=\"elementor-widget-container\">\n\t\t\t\n\t\t<div class=\"elementor-progress-wrapper\" role=\"progressbar\" aria-valuemin=\"0\" aria-valuemax=\"100\" aria-valuenow=\"65\">\n\t\t\t<div class=\"elementor-progress-bar\" data-max=\"65\">\n\t\t\t\t<span class=\"elementor-progress-text\"><\/span>\n\t\t\t\t\t\t\t\t\t<span class=\"elementor-progress-percentage\">65%<\/span>\n\t\t\t\t\t\t\t<\/div>\n\t\t<\/div>\n\t\t\t\t<\/div>\n\t\t\t\t<\/div>\n\t\t\t\t<\/div>\n\t\t\t\t<\/div>\n\t\t<div class=\"elementor-element elementor-element-4672021 e-con-full e-flex e-con e-child\" data-id=\"4672021\" data-element_type=\"container\">\n\t\t\t\t<div class=\"elementor-element elementor-element-5a6df26 elementor-align-center elementor-widget elementor-widget-button\" data-id=\"5a6df26\" data-element_type=\"widget\" data-widget_type=\"button.default\">\n\t\t\t\t<div class=\"elementor-widget-container\">\n\t\t\t\t\t<div class=\"elementor-button-wrapper\">\n\t\t\t<a class=\"elementor-button elementor-button-link elementor-size-sm\" href=\"https:\/\/mmi-tarbes.fr\/JorgePortfolio\/wp-content\/uploads\/2025\/03\/Curriculum-vitae-Jorge-ALVAREZ.pdf\">\n\t\t\t\t\t\t<span class=\"elementor-button-content-wrapper\">\n\t\t\t\t\t\t\t\t\t<span class=\"elementor-button-text\">T\u00e9l\u00e9charger mon CV<\/span>\n\t\t\t\t\t<\/span>\n\t\t\t\t\t<\/a>\n\t\t<\/div>\n\t\t\t\t<\/div>\n\t\t\t\t<\/div>\n\t\t\t\t<\/div>\n\t\t\t\t\t<\/div>\n\t\t\t\t<\/div>\n\t\t<div class=\"elementor-element elementor-element-a3cb109 e-flex e-con-boxed e-con e-parent\" data-id=\"a3cb109\" data-element_type=\"container\">\n\t\t\t\t\t<div class=\"e-con-inner\">\n\t\t\t\t\t<\/div>\n\t\t\t\t<\/div>\n\t\t\t\t<\/div>\n\t\t","protected":false},"excerpt":{"rendered":"<p>Salut ! je suis Jorge ALVAREZ un designer graphique passionn\u00e9 par la curiosit\u00e9 et l&rsquo;apprentissage. Je me sp\u00e9cialise dans la cr\u00e9ation d&rsquo;identit\u00e9s visuelles, le design typographique et la r\u00e9alisation de pr\u00e9sentations. Je ma\u00eetrise des outils tels que Illustrator, Figma, Photoshop et bien d&rsquo;autres, ce qui me permet de livrer des r\u00e9sultats de qualit\u00e9. J&rsquo;ai une [&hellip;]<\/p>\n","protected":false},"author":1,"featured_media":0,"parent":0,"menu_order":0,"comment_status":"closed","ping_status":"closed","template":"","meta":{"footnotes":""},"class_list":["post-44","page","type-page","status-publish","hentry"],"_links":{"self":[{"href":"https:\/\/mmi-tarbes.fr\/JorgePortfolio\/wp-json\/wp\/v2\/pages\/44","targetHints":{"allow":["GET"]}}],"collection":[{"href":"https:\/\/mmi-tarbes.fr\/JorgePortfolio\/wp-json\/wp\/v2\/pages"}],"about":[{"href":"https:\/\/mmi-tarbes.fr\/JorgePortfolio\/wp-json\/wp\/v2\/types\/page"}],"author":[{"embeddable":true,"href":"https:\/\/mmi-tarbes.fr\/JorgePortfolio\/wp-json\/wp\/v2\/users\/1"}],"replies":[{"embeddable":true,"href":"https:\/\/mmi-tarbes.fr\/JorgePortfolio\/wp-json\/wp\/v2\/comments?post=44"}],"version-history":[{"count":71,"href":"https:\/\/mmi-tarbes.fr\/JorgePortfolio\/wp-json\/wp\/v2\/pages\/44\/revisions"}],"predecessor-version":[{"id":811,"href":"https:\/\/mmi-tarbes.fr\/JorgePortfolio\/wp-json\/wp\/v2\/pages\/44\/revisions\/811"}],"wp:attachment":[{"href":"https:\/\/mmi-tarbes.fr\/JorgePortfolio\/wp-json\/wp\/v2\/media?parent=44"}],"curies":[{"name":"wp","href":"https:\/\/api.w.org\/{rel}","templated":true}]}}