{"id":36,"date":"2024-09-12T11:51:58","date_gmt":"2024-09-12T09:51:58","guid":{"rendered":"https:\/\/mmi-tarbes.fr\/JorgePortfolio\/?page_id=36"},"modified":"2025-03-15T01:45:31","modified_gmt":"2025-03-15T00:45:31","slug":"accueil","status":"publish","type":"page","link":"https:\/\/mmi-tarbes.fr\/JorgePortfolio\/","title":{"rendered":"Accueil"},"content":{"rendered":"\t\t<div data-elementor-type=\"wp-page\" data-elementor-id=\"36\" class=\"elementor elementor-36\" data-elementor-post-type=\"page\">\n\t\t\t\t<div class=\"elementor-element elementor-element-e7371f2 e-con-full e-flex e-con e-parent\" data-id=\"e7371f2\" data-element_type=\"container\" data-settings=\"{&quot;background_background&quot;:&quot;video&quot;,&quot;background_video_link&quot;:&quot;https:\\\/\\\/youtu.be\\\/vXZZ8tzdSIA&quot;,&quot;background_video_start&quot;:0}\">\n\t\t<div class=\"elementor-background-video-container elementor-hidden-phone\">\n\t\t\t\t\t\t\t<div class=\"elementor-background-video-embed\"><\/div>\n\t\t\t\t\t\t<\/div>\t\t<\/div>\n\t\t<div class=\"elementor-element elementor-element-a618c49 e-flex e-con-boxed e-con e-parent\" data-id=\"a618c49\" data-element_type=\"container\">\n\t\t\t\t\t<div class=\"e-con-inner\">\n\t\t<div class=\"elementor-element elementor-element-27ebed8 e-con-full e-flex e-con e-child\" data-id=\"27ebed8\" data-element_type=\"container\">\n\t\t\t\t<div class=\"elementor-element elementor-element-29b1ed2 elementor-widget elementor-widget-image\" data-id=\"29b1ed2\" data-element_type=\"widget\" data-widget_type=\"image.default\">\n\t\t\t\t<div class=\"elementor-widget-container\">\n\t\t\t\t\t\t\t\t\t\t\t\t\t<img fetchpriority=\"high\" decoding=\"async\" width=\"708\" height=\"1024\" src=\"https:\/\/mmi-tarbes.fr\/JorgePortfolio\/wp-content\/uploads\/2024\/11\/Jorge_Enrique_-708x1024.png\" class=\"attachment-large size-large wp-image-310\" alt=\"\" srcset=\"https:\/\/mmi-tarbes.fr\/JorgePortfolio\/wp-content\/uploads\/2024\/11\/Jorge_Enrique_-708x1024.png 708w, https:\/\/mmi-tarbes.fr\/JorgePortfolio\/wp-content\/uploads\/2024\/11\/Jorge_Enrique_-207x300.png 207w, https:\/\/mmi-tarbes.fr\/JorgePortfolio\/wp-content\/uploads\/2024\/11\/Jorge_Enrique_-768x1111.png 768w, https:\/\/mmi-tarbes.fr\/JorgePortfolio\/wp-content\/uploads\/2024\/11\/Jorge_Enrique_-1062x1536.png 1062w, https:\/\/mmi-tarbes.fr\/JorgePortfolio\/wp-content\/uploads\/2024\/11\/Jorge_Enrique_-1416x2048.png 1416w, https:\/\/mmi-tarbes.fr\/JorgePortfolio\/wp-content\/uploads\/2024\/11\/Jorge_Enrique_.png 1792w\" sizes=\"(max-width: 708px) 100vw, 708px\" \/>\t\t\t\t\t\t\t\t\t\t\t\t\t<\/div>\n\t\t\t\t<\/div>\n\t\t\t\t<\/div>\n\t\t<div class=\"elementor-element elementor-element-bbba387 e-con-full e-flex e-con e-child\" data-id=\"bbba387\" data-element_type=\"container\">\n\t\t\t\t<div class=\"elementor-element elementor-element-5f56b0f elementor-widget elementor-widget-text-editor\" data-id=\"5f56b0f\" data-element_type=\"widget\" data-widget_type=\"text-editor.default\">\n\t\t\t\t<div class=\"elementor-widget-container\">\n\t\t\t\t\t\t\t<h4><strong>\u00a0 Bonjour et bienvenue sur mon portfolio<\/strong><\/h4>\t\t\t\t\t\t<\/div>\n\t\t\t\t<\/div>\n\t\t<div class=\"elementor-element elementor-element-a5f35ab e-con-full e-flex e-con e-child\" data-id=\"a5f35ab\" data-element_type=\"container\">\n\t\t\t\t<div class=\"elementor-element elementor-element-faab093 elementor-widget elementor-widget-text-editor\" data-id=\"faab093\" data-element_type=\"widget\" data-widget_type=\"text-editor.default\">\n\t\t\t\t<div class=\"elementor-widget-container\">\n\t\t\t\t\t\t\t<h5>Je suis Jorge ALVAREZ, un designer graphique passionn\u00e9 qui allie cr\u00e9ativit\u00e9, ma\u00eetrise technique et leadership pour donner vie \u00e0 des projets visuels impactants.<\/h5>\t\t\t\t\t\t<\/div>\n\t\t\t\t<\/div>\n\t\t\t\t<div class=\"elementor-element elementor-element-23ff6e3 elementor-widget elementor-widget-button\" data-id=\"23ff6e3\" data-element_type=\"widget\" data-widget_type=\"button.default\">\n\t\t\t\t<div class=\"elementor-widget-container\">\n\t\t\t\t\t<div class=\"elementor-button-wrapper\">\n\t\t\t<a class=\"elementor-button elementor-button-link elementor-size-sm\" href=\"\/JorgePortfolio\/about\/\">\n\t\t\t\t\t\t<span class=\"elementor-button-content-wrapper\">\n\t\t\t\t\t\t\t\t\t<span class=\"elementor-button-text\">En savoir plus<\/span>\n\t\t\t\t\t<\/span>\n\t\t\t\t\t<\/a>\n\t\t<\/div>\n\t\t\t\t<\/div>\n\t\t\t\t<\/div>\n\t\t\t\t<\/div>\n\t\t\t\t<\/div>\n\t\t\t\t\t<\/div>\n\t\t\t\t<\/div>\n\t\t<div class=\"elementor-element elementor-element-9e1c277 e-flex e-con-boxed e-con e-parent\" data-id=\"9e1c277\" data-element_type=\"container\" data-settings=\"{&quot;background_background&quot;:&quot;classic&quot;}\">\n\t\t\t\t\t<div class=\"e-con-inner\">\n\t\t\t\t<div class=\"elementor-element elementor-element-bec43a6 elementor-widget elementor-widget-heading\" data-id=\"bec43a6\" data-element_type=\"widget\" data-widget_type=\"heading.default\">\n\t\t\t\t<div class=\"elementor-widget-container\">\n\t\t\t<h1 class=\"elementor-heading-title elementor-size-default\">Mon dernier travail<\/h1>\t\t<\/div>\n\t\t\t\t<\/div>\n\t\t\t\t<div class=\"elementor-element elementor-element-22425ab elementor-arrows-position-inside elementor-pagination-position-outside elementor-widget elementor-widget-image-carousel\" data-id=\"22425ab\" data-element_type=\"widget\" data-settings=\"{&quot;slides_to_show&quot;:&quot;3&quot;,&quot;slides_to_scroll&quot;:&quot;1&quot;,&quot;image_spacing_custom&quot;:{&quot;unit&quot;:&quot;px&quot;,&quot;size&quot;:45,&quot;sizes&quot;:[]},&quot;navigation&quot;:&quot;both&quot;,&quot;autoplay&quot;:&quot;yes&quot;,&quot;pause_on_hover&quot;:&quot;yes&quot;,&quot;pause_on_interaction&quot;:&quot;yes&quot;,&quot;autoplay_speed&quot;:5000,&quot;infinite&quot;:&quot;yes&quot;,&quot;speed&quot;:500,&quot;image_spacing_custom_tablet&quot;:{&quot;unit&quot;:&quot;px&quot;,&quot;size&quot;:&quot;&quot;,&quot;sizes&quot;:[]},&quot;image_spacing_custom_mobile&quot;:{&quot;unit&quot;:&quot;px&quot;,&quot;size&quot;:&quot;&quot;,&quot;sizes&quot;:[]}}\" data-widget_type=\"image-carousel.default\">\n\t\t\t\t<div class=\"elementor-widget-container\">\n\t\t\t\t\t<div class=\"elementor-image-carousel-wrapper swiper\" dir=\"ltr\">\n\t\t\t<div class=\"elementor-image-carousel swiper-wrapper swiper-image-stretch\" aria-live=\"off\">\n\t\t\t\t\t\t\t\t<div class=\"swiper-slide\" role=\"group\" aria-roledescription=\"slide\" aria-label=\"1 sur 8\"><figure class=\"swiper-slide-inner\"><img decoding=\"async\" class=\"swiper-slide-image\" src=\"https:\/\/mmi-tarbes.fr\/JorgePortfolio\/wp-content\/uploads\/2025\/03\/portada@2x-768x465.png\" alt=\"\" \/><\/figure><\/div><div class=\"swiper-slide\" role=\"group\" aria-roledescription=\"slide\" aria-label=\"2 sur 8\"><figure class=\"swiper-slide-inner\"><img decoding=\"async\" class=\"swiper-slide-image\" src=\"https:\/\/mmi-tarbes.fr\/JorgePortfolio\/wp-content\/uploads\/2025\/03\/mockup-768x427.jpg\" alt=\"mockup\" \/><\/figure><\/div><div class=\"swiper-slide\" role=\"group\" aria-roledescription=\"slide\" aria-label=\"3 sur 8\"><figure class=\"swiper-slide-inner\"><img decoding=\"async\" class=\"swiper-slide-image\" src=\"https:\/\/mmi-tarbes.fr\/JorgePortfolio\/wp-content\/uploads\/2025\/03\/gorra@2x-768x503.png\" alt=\"\" \/><\/figure><\/div><div class=\"swiper-slide\" role=\"group\" aria-roledescription=\"slide\" aria-label=\"4 sur 8\"><figure class=\"swiper-slide-inner\"><img decoding=\"async\" class=\"swiper-slide-image\" src=\"https:\/\/mmi-tarbes.fr\/JorgePortfolio\/wp-content\/uploads\/2024\/11\/6-768x512.png\" alt=\"\" \/><\/figure><\/div><div class=\"swiper-slide\" role=\"group\" aria-roledescription=\"slide\" aria-label=\"5 sur 8\"><figure class=\"swiper-slide-inner\"><img decoding=\"async\" class=\"swiper-slide-image\" src=\"https:\/\/mmi-tarbes.fr\/JorgePortfolio\/wp-content\/uploads\/2024\/11\/tarjeta-2-Mockup12-768x533.jpg\" alt=\"Identite SURTECAR&#039;S\" \/><\/figure><\/div><div class=\"swiper-slide\" role=\"group\" aria-roledescription=\"slide\" aria-label=\"6 sur 8\"><figure class=\"swiper-slide-inner\"><img decoding=\"async\" class=\"swiper-slide-image\" src=\"https:\/\/mmi-tarbes.fr\/JorgePortfolio\/wp-content\/uploads\/2025\/03\/Mesa-de-trabajo-1-copia-4-768x419.jpg\" alt=\"\" \/><\/figure><\/div><div class=\"swiper-slide\" role=\"group\" aria-roledescription=\"slide\" aria-label=\"7 sur 8\"><figure class=\"swiper-slide-inner\"><img decoding=\"async\" class=\"swiper-slide-image\" src=\"https:\/\/mmi-tarbes.fr\/JorgePortfolio\/wp-content\/uploads\/2024\/11\/Editorial_ilustration_-768x768.png\" alt=\"\" \/><\/figure><\/div><div class=\"swiper-slide\" role=\"group\" aria-roledescription=\"slide\" aria-label=\"8 sur 8\"><figure class=\"swiper-slide-inner\"><img decoding=\"async\" class=\"swiper-slide-image\" src=\"https:\/\/mmi-tarbes.fr\/JorgePortfolio\/wp-content\/uploads\/2025\/03\/foto@2x-768x640.jpg\" alt=\"\" \/><\/figure><\/div>\t\t\t<\/div>\n\t\t\t\t\t\t\t\t\t\t\t\t<div class=\"elementor-swiper-button elementor-swiper-button-prev\" role=\"button\" tabindex=\"0\">\n\t\t\t\t\t\t<svg aria-hidden=\"true\" class=\"e-font-icon-svg e-eicon-chevron-left\" viewBox=\"0 0 1000 1000\" xmlns=\"http:\/\/www.w3.org\/2000\/svg\"><path d=\"M646 125C629 125 613 133 604 142L308 442C296 454 292 471 292 487 292 504 296 521 308 533L604 854C617 867 629 875 646 875 663 875 679 871 692 858 704 846 713 829 713 812 713 796 708 779 692 767L438 487 692 225C700 217 708 204 708 187 708 171 704 154 692 142 675 129 663 125 646 125Z\"><\/path><\/svg>\t\t\t\t\t<\/div>\n\t\t\t\t\t<div class=\"elementor-swiper-button elementor-swiper-button-next\" role=\"button\" tabindex=\"0\">\n\t\t\t\t\t\t<svg aria-hidden=\"true\" class=\"e-font-icon-svg e-eicon-chevron-right\" viewBox=\"0 0 1000 1000\" xmlns=\"http:\/\/www.w3.org\/2000\/svg\"><path d=\"M696 533C708 521 713 504 713 487 713 471 708 454 696 446L400 146C388 133 375 125 354 125 338 125 325 129 313 142 300 154 292 171 292 187 292 204 296 221 308 233L563 492 304 771C292 783 288 800 288 817 288 833 296 850 308 863 321 871 338 875 354 875 371 875 388 867 400 854L696 533Z\"><\/path><\/svg>\t\t\t\t\t<\/div>\n\t\t\t\t\n\t\t\t\t\t\t\t\t\t<div class=\"swiper-pagination\"><\/div>\n\t\t\t\t\t\t\t\t\t<\/div>\n\t\t\t\t<\/div>\n\t\t\t\t<\/div>\n\t\t\t\t<div class=\"elementor-element elementor-element-78d52b6 elementor-align-center elementor-widget elementor-widget-button\" data-id=\"78d52b6\" data-element_type=\"widget\" data-widget_type=\"button.default\">\n\t\t\t\t<div class=\"elementor-widget-container\">\n\t\t\t\t\t<div class=\"elementor-button-wrapper\">\n\t\t\t<a class=\"elementor-button elementor-button-link elementor-size-sm\" href=\"\/JorgePortfolio\/projets\/\">\n\t\t\t\t\t\t<span class=\"elementor-button-content-wrapper\">\n\t\t\t\t\t\t\t\t\t<span class=\"elementor-button-text\">Voir plus<\/span>\n\t\t\t\t\t<\/span>\n\t\t\t\t\t<\/a>\n\t\t<\/div>\n\t\t\t\t<\/div>\n\t\t\t\t<\/div>\n\t\t\t\t\t<\/div>\n\t\t\t\t<\/div>\n\t\t\t\t<\/div>\n\t\t","protected":false},"excerpt":{"rendered":"<p>\u00a0 Bonjour et bienvenue sur mon portfolio Je suis Jorge ALVAREZ, un designer graphique passionn\u00e9 qui allie cr\u00e9ativit\u00e9, ma\u00eetrise technique et leadership pour donner vie \u00e0 des projets visuels impactants. En savoir plus Mon dernier travail Voir plus<\/p>\n","protected":false},"author":1,"featured_media":0,"parent":0,"menu_order":0,"comment_status":"closed","ping_status":"closed","template":"","meta":{"footnotes":""},"class_list":["post-36","page","type-page","status-publish","hentry"],"_links":{"self":[{"href":"https:\/\/mmi-tarbes.fr\/JorgePortfolio\/wp-json\/wp\/v2\/pages\/36","targetHints":{"allow":["GET"]}}],"collection":[{"href":"https:\/\/mmi-tarbes.fr\/JorgePortfolio\/wp-json\/wp\/v2\/pages"}],"about":[{"href":"https:\/\/mmi-tarbes.fr\/JorgePortfolio\/wp-json\/wp\/v2\/types\/page"}],"author":[{"embeddable":true,"href":"https:\/\/mmi-tarbes.fr\/JorgePortfolio\/wp-json\/wp\/v2\/users\/1"}],"replies":[{"embeddable":true,"href":"https:\/\/mmi-tarbes.fr\/JorgePortfolio\/wp-json\/wp\/v2\/comments?post=36"}],"version-history":[{"count":135,"href":"https:\/\/mmi-tarbes.fr\/JorgePortfolio\/wp-json\/wp\/v2\/pages\/36\/revisions"}],"predecessor-version":[{"id":808,"href":"https:\/\/mmi-tarbes.fr\/JorgePortfolio\/wp-json\/wp\/v2\/pages\/36\/revisions\/808"}],"wp:attachment":[{"href":"https:\/\/mmi-tarbes.fr\/JorgePortfolio\/wp-json\/wp\/v2\/media?parent=36"}],"curies":[{"name":"wp","href":"https:\/\/api.w.org\/{rel}","templated":true}]}}