{"id":9,"date":"2024-09-12T10:00:09","date_gmt":"2024-09-12T08:00:09","guid":{"rendered":"https:\/\/mmi-tarbes.fr\/Jojo\/?page_id=9"},"modified":"2024-10-08T17:45:11","modified_gmt":"2024-10-08T15:45:11","slug":"le-but-mmi","status":"publish","type":"page","link":"https:\/\/mmi-tarbes.fr\/Jojo\/le-but-mmi\/","title":{"rendered":"Le BUT MMI"},"content":{"rendered":"\t\t<div data-elementor-type=\"wp-page\" data-elementor-id=\"9\" class=\"elementor elementor-9\" data-elementor-post-type=\"page\">\n\t\t\t\t<div class=\"elementor-element elementor-element-1dc9046 e-flex e-con-boxed e-con e-parent\" data-id=\"1dc9046\" data-element_type=\"container\">\n\t\t\t\t\t<div class=\"e-con-inner\">\n\t\t<div class=\"elementor-element elementor-element-f905788 e-con-full e-flex e-con e-child\" data-id=\"f905788\" data-element_type=\"container\">\n\t\t\t\t<div class=\"elementor-element elementor-element-8815b09 elementor-widget elementor-widget-text-editor\" data-id=\"8815b09\" data-element_type=\"widget\" data-widget_type=\"text-editor.default\">\n\t\t\t\t<div class=\"elementor-widget-container\">\n\t\t\t\t\t\t\t<p>Le BUT M\u00e9tiers du Multim\u00e9dia et de l&rsquo;Internet (MMI) \ud83c\udfa8\ud83d\udcbb est une formation pluridisciplinaire qui allie communication, design, audiovisuel et d\u00e9veloppement web. En trois ans, les \u00e9tudiants \ud83e\uddd1\u200d\ud83c\udf93 acqui\u00e8rent des comp\u00e9tences vari\u00e9es, allant de la cr\u00e9ation de sites web interactifs \ud83c\udf10 \u00e0 la gestion de projets de communication digitale \ud83d\udcf1. Ils apprennent aussi \u00e0 ma\u00eetriser les outils de cr\u00e9ation graphique \ud83c\udfa5, \u00e0 produire des contenus audiovisuels \ud83c\udfac, et \u00e0 concevoir des strat\u00e9gies de communication impactantes \ud83d\udca1. C\u2019est un parcours id\u00e9al pour ceux qui aiment la cr\u00e9ativit\u00e9 et la technologie, et qui souhaitent \u00e9voluer dans des m\u00e9tiers en constante \u00e9volution \ud83d\ude80.<\/p>\t\t\t\t\t\t<\/div>\n\t\t\t\t<\/div>\n\t\t\t\t<\/div>\n\t\t<div class=\"elementor-element elementor-element-19159ff e-con-full e-flex e-con e-child\" data-id=\"19159ff\" data-element_type=\"container\">\n\t\t\t\t<div class=\"elementor-element elementor-element-2142e5b elementor-widget elementor-widget-image\" data-id=\"2142e5b\" data-element_type=\"widget\" data-widget_type=\"image.default\">\n\t\t\t\t<div class=\"elementor-widget-container\">\n\t\t\t\t\t\t\t\t\t\t\t\t\t<img fetchpriority=\"high\" decoding=\"async\" width=\"800\" height=\"450\" src=\"https:\/\/mmi-tarbes.fr\/Jojo\/wp-content\/uploads\/2024\/10\/photo_16508-1024x576.webp\" class=\"attachment-large size-large wp-image-95\" alt=\"\" srcset=\"https:\/\/mmi-tarbes.fr\/Jojo\/wp-content\/uploads\/2024\/10\/photo_16508-1024x576.webp 1024w, https:\/\/mmi-tarbes.fr\/Jojo\/wp-content\/uploads\/2024\/10\/photo_16508-300x169.webp 300w, https:\/\/mmi-tarbes.fr\/Jojo\/wp-content\/uploads\/2024\/10\/photo_16508-768x432.webp 768w, https:\/\/mmi-tarbes.fr\/Jojo\/wp-content\/uploads\/2024\/10\/photo_16508.webp 1200w\" sizes=\"(max-width: 800px) 100vw, 800px\" \/>\t\t\t\t\t\t\t\t\t\t\t\t\t<\/div>\n\t\t\t\t<\/div>\n\t\t\t\t<\/div>\n\t\t\t\t\t<\/div>\n\t\t\t\t<\/div>\n\t\t<div class=\"elementor-element elementor-element-4676968 e-flex e-con-boxed e-con e-parent\" data-id=\"4676968\" data-element_type=\"container\">\n\t\t\t\t\t<div class=\"e-con-inner\">\n\t\t<div class=\"elementor-element elementor-element-0f5a82c e-con-full e-flex e-con e-child\" data-id=\"0f5a82c\" data-element_type=\"container\">\n\t\t\t\t<div class=\"elementor-element elementor-element-2a8caa0 elementor-widget elementor-widget-image\" data-id=\"2a8caa0\" data-element_type=\"widget\" data-widget_type=\"image.default\">\n\t\t\t\t<div class=\"elementor-widget-container\">\n\t\t\t\t\t\t\t\t\t\t\t\t\t<img decoding=\"async\" width=\"800\" height=\"421\" src=\"https:\/\/mmi-tarbes.fr\/Jojo\/wp-content\/uploads\/2024\/10\/enit-presentation-2021-1024x539.webp\" class=\"attachment-large size-large wp-image-96\" alt=\"\" srcset=\"https:\/\/mmi-tarbes.fr\/Jojo\/wp-content\/uploads\/2024\/10\/enit-presentation-2021-1024x539.webp 1024w, https:\/\/mmi-tarbes.fr\/Jojo\/wp-content\/uploads\/2024\/10\/enit-presentation-2021-300x158.webp 300w, https:\/\/mmi-tarbes.fr\/Jojo\/wp-content\/uploads\/2024\/10\/enit-presentation-2021-768x404.webp 768w, https:\/\/mmi-tarbes.fr\/Jojo\/wp-content\/uploads\/2024\/10\/enit-presentation-2021.webp 1200w\" sizes=\"(max-width: 800px) 100vw, 800px\" \/>\t\t\t\t\t\t\t\t\t\t\t\t\t<\/div>\n\t\t\t\t<\/div>\n\t\t\t\t<\/div>\n\t\t<div class=\"elementor-element elementor-element-2a7a60a e-con-full e-flex e-con e-child\" data-id=\"2a7a60a\" data-element_type=\"container\">\n\t\t\t\t<div class=\"elementor-element elementor-element-d5c5e53 elementor-widget elementor-widget-text-editor\" data-id=\"d5c5e53\" data-element_type=\"widget\" data-widget_type=\"text-editor.default\">\n\t\t\t\t<div class=\"elementor-widget-container\">\n\t\t\t\t\t\t\t<p>L&rsquo;IUT de Tarbes \ud83c\udfde\ufe0f, situ\u00e9 au c\u0153ur des Pyr\u00e9n\u00e9es, est un \u00e9tablissement d&rsquo;enseignement sup\u00e9rieur qui offre une vari\u00e9t\u00e9 de formations technologiques dans plusieurs domaines \ud83c\udf10. Il est reconnu pour son environnement chaleureux et son cadre agr\u00e9able, entre nature et dynamisme \u00e9tudiant \ud83c\udf33\ud83c\udf93. Parmi les fili\u00e8res propos\u00e9es, on retrouve le BUT M\u00e9tiers du Multim\u00e9dia et de l&rsquo;Internet (MMI) \ud83d\udcf1\ud83d\udca1, qui attire de nombreux \u00e9tudiants d\u00e9sireux d&rsquo;acqu\u00e9rir des comp\u00e9tences dans le num\u00e9rique, l&rsquo;audiovisuel et la communication. Avec des infrastructures modernes \ud83c\udfeb, des enseignants passionn\u00e9s et une forte implication dans le tissu local et professionnel, l&rsquo;IUT de Tarbes est un lieu id\u00e9al pour combiner \u00e9tudes et projets personnels \ud83d\ude80.<\/p>\t\t\t\t\t\t<\/div>\n\t\t\t\t<\/div>\n\t\t\t\t<\/div>\n\t\t\t\t\t<\/div>\n\t\t\t\t<\/div>\n\t\t\t\t<\/div>\n\t\t","protected":false},"excerpt":{"rendered":"<p>Le BUT M\u00e9tiers du Multim\u00e9dia et de l&rsquo;Internet (MMI) \ud83c\udfa8\ud83d\udcbb est une formation pluridisciplinaire qui allie communication, design, audiovisuel et d\u00e9veloppement web. En trois ans, les \u00e9tudiants \ud83e\uddd1\u200d\ud83c\udf93 acqui\u00e8rent des comp\u00e9tences vari\u00e9es, allant de la cr\u00e9ation de sites web interactifs \ud83c\udf10 \u00e0 la gestion de projets de communication digitale \ud83d\udcf1. Ils apprennent aussi \u00e0 ma\u00eetriser [&hellip;]<\/p>\n","protected":false},"author":1,"featured_media":0,"parent":0,"menu_order":0,"comment_status":"closed","ping_status":"closed","template":"","meta":{"footnotes":""},"class_list":["post-9","page","type-page","status-publish","hentry"],"_links":{"self":[{"href":"https:\/\/mmi-tarbes.fr\/Jojo\/wp-json\/wp\/v2\/pages\/9","targetHints":{"allow":["GET"]}}],"collection":[{"href":"https:\/\/mmi-tarbes.fr\/Jojo\/wp-json\/wp\/v2\/pages"}],"about":[{"href":"https:\/\/mmi-tarbes.fr\/Jojo\/wp-json\/wp\/v2\/types\/page"}],"author":[{"embeddable":true,"href":"https:\/\/mmi-tarbes.fr\/Jojo\/wp-json\/wp\/v2\/users\/1"}],"replies":[{"embeddable":true,"href":"https:\/\/mmi-tarbes.fr\/Jojo\/wp-json\/wp\/v2\/comments?post=9"}],"version-history":[{"count":4,"href":"https:\/\/mmi-tarbes.fr\/Jojo\/wp-json\/wp\/v2\/pages\/9\/revisions"}],"predecessor-version":[{"id":99,"href":"https:\/\/mmi-tarbes.fr\/Jojo\/wp-json\/wp\/v2\/pages\/9\/revisions\/99"}],"wp:attachment":[{"href":"https:\/\/mmi-tarbes.fr\/Jojo\/wp-json\/wp\/v2\/media?parent=9"}],"curies":[{"name":"wp","href":"https:\/\/api.w.org\/{rel}","templated":true}]}}