{"id":73,"date":"2024-10-08T17:25:50","date_gmt":"2024-10-08T15:25:50","guid":{"rendered":"https:\/\/mmi-tarbes.fr\/Jojo\/?page_id=73"},"modified":"2024-10-08T17:37:16","modified_gmt":"2024-10-08T15:37:16","slug":"accueil","status":"publish","type":"page","link":"https:\/\/mmi-tarbes.fr\/Jojo\/","title":{"rendered":"Accueil"},"content":{"rendered":"\t\t<div data-elementor-type=\"wp-post\" data-elementor-id=\"73\" class=\"elementor elementor-73\" data-elementor-post-type=\"page\">\n\t\t\t\t<div class=\"elementor-element elementor-element-c8a7268 e-flex e-con-boxed e-con e-parent\" data-id=\"c8a7268\" data-element_type=\"container\">\n\t\t\t\t\t<div class=\"e-con-inner\">\n\t\t<div class=\"elementor-element elementor-element-88d3b86 e-con-full e-flex e-con e-child\" data-id=\"88d3b86\" data-element_type=\"container\">\n\t\t\t\t<div class=\"elementor-element elementor-element-46dec60 elementor-widget elementor-widget-image\" data-id=\"46dec60\" data-element_type=\"widget\" data-widget_type=\"image.default\">\n\t\t\t\t<div class=\"elementor-widget-container\">\n\t\t\t\t\t\t\t\t\t\t\t\t\t<img fetchpriority=\"high\" decoding=\"async\" width=\"223\" height=\"279\" src=\"https:\/\/mmi-tarbes.fr\/Jojo\/wp-content\/uploads\/2024\/09\/fredprat-adh65.webp\" class=\"attachment-full size-full wp-image-64\" alt=\"\" \/>\t\t\t\t\t\t\t\t\t\t\t\t\t<\/div>\n\t\t\t\t<\/div>\n\t\t\t\t<\/div>\n\t\t<div class=\"elementor-element elementor-element-cafacd1 e-con-full e-flex e-con e-child\" data-id=\"cafacd1\" data-element_type=\"container\">\n\t\t\t\t<div class=\"elementor-element elementor-element-b5cfc09 elementor-widget elementor-widget-heading\" data-id=\"b5cfc09\" data-element_type=\"widget\" data-widget_type=\"heading.default\">\n\t\t\t\t<div class=\"elementor-widget-container\">\n\t\t\t<h2 class=\"elementor-heading-title elementor-size-default\">Moi, c'est Jojo !\nJe suis un \u00e9tudiant de 20 (sans eau) ans. Je suis fan d'int\u00e9gration WEB et de rugby, plus sp\u00e9cialement du Stade Toulousain !<br><br>Plus tard j'aimerais devenir entrepreneur, conducteur de train ou chauffeur poids lourd !<br><br><br>&lt;-- C'est moi le bogoss juste l\u00e0<\/h2>\t\t<\/div>\n\t\t\t\t<\/div>\n\t\t\t\t<\/div>\n\t\t\t\t\t<\/div>\n\t\t\t\t<\/div>\n\t\t\t\t<\/div>\n\t\t","protected":false},"excerpt":{"rendered":"<p>Moi, c&rsquo;est Jojo ! Je suis un \u00e9tudiant de 20 (sans eau) ans. Je suis fan d&rsquo;int\u00e9gration WEB et de rugby, plus sp\u00e9cialement du Stade Toulousain ! Plus tard j&rsquo;aimerais devenir entrepreneur, conducteur de train ou chauffeur poids lourd ! &lt;&#8211; C&rsquo;est moi le bogoss juste l\u00e0<\/p>\n","protected":false},"author":1,"featured_media":0,"parent":0,"menu_order":0,"comment_status":"closed","ping_status":"closed","template":"","meta":{"footnotes":""},"class_list":["post-73","page","type-page","status-publish","hentry"],"_links":{"self":[{"href":"https:\/\/mmi-tarbes.fr\/Jojo\/wp-json\/wp\/v2\/pages\/73","targetHints":{"allow":["GET"]}}],"collection":[{"href":"https:\/\/mmi-tarbes.fr\/Jojo\/wp-json\/wp\/v2\/pages"}],"about":[{"href":"https:\/\/mmi-tarbes.fr\/Jojo\/wp-json\/wp\/v2\/types\/page"}],"author":[{"embeddable":true,"href":"https:\/\/mmi-tarbes.fr\/Jojo\/wp-json\/wp\/v2\/users\/1"}],"replies":[{"embeddable":true,"href":"https:\/\/mmi-tarbes.fr\/Jojo\/wp-json\/wp\/v2\/comments?post=73"}],"version-history":[{"count":11,"href":"https:\/\/mmi-tarbes.fr\/Jojo\/wp-json\/wp\/v2\/pages\/73\/revisions"}],"predecessor-version":[{"id":90,"href":"https:\/\/mmi-tarbes.fr\/Jojo\/wp-json\/wp\/v2\/pages\/73\/revisions\/90"}],"wp:attachment":[{"href":"https:\/\/mmi-tarbes.fr\/Jojo\/wp-json\/wp\/v2\/media?parent=73"}],"curies":[{"name":"wp","href":"https:\/\/api.w.org\/{rel}","templated":true}]}}