{"id":86,"date":"2024-09-13T17:08:28","date_gmt":"2024-09-13T15:08:28","guid":{"rendered":"https:\/\/mmi-tarbes.fr\/EstellePortfolio_\/?page_id=86"},"modified":"2025-01-13T10:48:40","modified_gmt":"2025-01-13T09:48:40","slug":"onepage","status":"publish","type":"page","link":"https:\/\/mmi-tarbes.fr\/EstellePortfolio_\/","title":{"rendered":"Onepage"},"content":{"rendered":"\t\t<div data-elementor-type=\"wp-page\" data-elementor-id=\"86\" class=\"elementor elementor-86\" data-elementor-post-type=\"page\">\n\t\t\t\t<div class=\"elementor-element elementor-element-3e4eaa7 e-flex e-con-boxed wpr-particle-no wpr-jarallax-no wpr-parallax-no wpr-sticky-section-no wpr-equal-height-no e-con e-parent\" data-id=\"3e4eaa7\" data-element_type=\"container\" data-e-type=\"container\" data-settings=\"{&quot;background_background&quot;:&quot;classic&quot;}\">\n\t\t\t\t\t<div class=\"e-con-inner\">\n\t\t<div class=\"elementor-element elementor-element-3367ba7 e-con-full e-flex wpr-particle-no wpr-jarallax-no wpr-parallax-no wpr-sticky-section-no wpr-equal-height-no e-con e-child\" data-id=\"3367ba7\" data-element_type=\"container\" data-e-type=\"container\">\n\t\t\t\t<div class=\"elementor-element elementor-element-49055f8 elementor-widget elementor-widget-heading\" data-id=\"49055f8\" data-element_type=\"widget\" data-e-type=\"widget\" data-widget_type=\"heading.default\">\n\t\t\t\t<div class=\"elementor-widget-container\">\n\t\t\t\t\t<h2 class=\"elementor-heading-title elementor-size-default\">ESTELLE   SAUNIER<\/h2>\t\t\t\t<\/div>\n\t\t\t\t<\/div>\n\t\t\t\t<div class=\"elementor-element elementor-element-e92f107 elementor-widget elementor-widget-text-editor\" data-id=\"e92f107\" data-element_type=\"widget\" data-e-type=\"widget\" data-widget_type=\"text-editor.default\">\n\t\t\t\t<div class=\"elementor-widget-container\">\n\t\t\t\t\t\t\t\t\t<p>Charg\u00e9e de communication Junior au sein de la CAPEB Adour-Pyr\u00e9n\u00e9es.\u00a0<\/p><p>Futur dipl\u00f4m\u00e9e du BUT MMI, option communication et design d&rsquo;exp\u00e9rience.\u00a0<\/p>\t\t\t\t\t\t\t\t<\/div>\n\t\t\t\t<\/div>\n\t\t\t\t<div class=\"elementor-element elementor-element-7548881 elementor-widget elementor-widget-button\" data-id=\"7548881\" data-element_type=\"widget\" data-e-type=\"widget\" data-widget_type=\"button.default\">\n\t\t\t\t<div class=\"elementor-widget-container\">\n\t\t\t\t\t\t\t\t\t<div class=\"elementor-button-wrapper\">\n\t\t\t\t\t<a class=\"elementor-button elementor-button-link elementor-size-sm\" href=\"#Apropos\">\n\t\t\t\t\t\t<span class=\"elementor-button-content-wrapper\">\n\t\t\t\t\t\t\t\t\t<span class=\"elementor-button-text\">QUI SUIS-JE ?<\/span>\n\t\t\t\t\t<\/span>\n\t\t\t\t\t<\/a>\n\t\t\t\t<\/div>\n\t\t\t\t\t\t\t\t<\/div>\n\t\t\t\t<\/div>\n\t\t<div class=\"elementor-element elementor-element-34aefa4 e-con-full e-flex wpr-particle-no wpr-jarallax-no wpr-parallax-no wpr-sticky-section-no wpr-equal-height-no e-con e-child\" data-id=\"34aefa4\" data-element_type=\"container\" data-e-type=\"container\">\n\t\t\t\t<div class=\"elementor-element elementor-element-f4d5b5f elementor-widget elementor-widget-image\" data-id=\"f4d5b5f\" data-element_type=\"widget\" data-e-type=\"widget\" data-widget_type=\"image.default\">\n\t\t\t\t<div class=\"elementor-widget-container\">\n\t\t\t\t\t\t\t\t\t\t\t\t\t\t\t<img decoding=\"async\" width=\"150\" height=\"150\" src=\"https:\/\/mmi-tarbes.fr\/EstellePortfolio_\/wp-content\/uploads\/2024\/11\/Animation-1730731848919.gif\" class=\"attachment-thumbnail size-thumbnail wp-image-334\" alt=\"\" srcset=\"https:\/\/mmi-tarbes.fr\/EstellePortfolio_\/wp-content\/uploads\/2024\/11\/Animation-1730731848919.gif 150w, https:\/\/mmi-tarbes.fr\/EstellePortfolio_\/wp-content\/uploads\/2024\/11\/elementor\/thumbs\/Animation-1730731848919-qwkfd1erci7am831jbtckt569prn739ayfqznt8tx0.gif 50w\" sizes=\"(max-width: 150px) 100vw, 150px\" \/>\t\t\t\t\t\t\t\t\t\t\t\t\t\t\t<\/div>\n\t\t\t\t<\/div>\n\t\t\t\t<\/div>\n\t\t\t\t<\/div>\n\t\t\t\t\t<\/div>\n\t\t\t\t<\/div>\n\t\t<div class=\"elementor-element elementor-element-cf8916d e-flex e-con-boxed wpr-particle-no wpr-jarallax-no wpr-parallax-no wpr-sticky-section-no wpr-equal-height-no e-con e-parent\" data-id=\"cf8916d\" data-element_type=\"container\" data-e-type=\"container\">\n\t\t\t\t\t<div class=\"e-con-inner\">\n\t\t\t\t<div class=\"elementor-element elementor-element-8cbf16b elementor-widget elementor-widget-menu-anchor\" data-id=\"8cbf16b\" data-element_type=\"widget\" data-e-type=\"widget\" data-widget_type=\"menu-anchor.default\">\n\t\t\t\t<div class=\"elementor-widget-container\">\n\t\t\t\t\t\t\t<div class=\"elementor-menu-anchor\" id=\"Portfolio\"><\/div>\n\t\t\t\t\t\t<\/div>\n\t\t\t\t<\/div>\n\t\t\t\t<div class=\"elementor-element elementor-element-d46fc2a elementor-grid-3 elementor-grid-tablet-2 elementor-grid-mobile-1 elementor-widget elementor-widget-portfolio\" data-id=\"d46fc2a\" data-element_type=\"widget\" data-e-type=\"widget\" data-settings=\"{&quot;item_ratio&quot;:{&quot;unit&quot;:&quot;px&quot;,&quot;size&quot;:0.9,&quot;sizes&quot;:[]},&quot;columns&quot;:&quot;3&quot;,&quot;columns_tablet&quot;:&quot;2&quot;,&quot;columns_mobile&quot;:&quot;1&quot;,&quot;item_gap&quot;:{&quot;unit&quot;:&quot;px&quot;,&quot;size&quot;:&quot;&quot;,&quot;sizes&quot;:[]},&quot;row_gap&quot;:{&quot;unit&quot;:&quot;px&quot;,&quot;size&quot;:&quot;&quot;,&quot;sizes&quot;:[]}}\" data-widget_type=\"portfolio.default\">\n\t\t\t\t<div class=\"elementor-widget-container\">\n\t\t\t\t\t\t\t<div class=\"elementor-portfolio elementor-grid elementor-posts-container\">\n\t\t\t\t<article class=\"elementor-portfolio-item elementor-post  post-543 post type-post status-publish format-standard hentry category-alternance\">\n\t\t\t<a class=\"elementor-post__thumbnail__link\" href=\"https:\/\/mmi-tarbes.fr\/EstellePortfolio_\/2025\/01\/13\/alternance-2\/\">\n\t\t\t\t<div class=\"elementor-portfolio-item__img elementor-post__thumbnail\">\n\t\t\t\t\t<\/div>\n\t\t\t\t<div class=\"elementor-portfolio-item__overlay\">\n\t\t\t\t<h3 class=\"elementor-portfolio-item__title\">\n\t\tAlternance\t\t<\/h3>\n\t\t\t\t<\/div>\n\t\t\t\t<\/a>\n\t\t<\/article>\n\t\t\t\t<article class=\"elementor-portfolio-item elementor-post  post-306 post type-post status-publish format-standard has-post-thumbnail hentry category-non-classe\">\n\t\t\t<a class=\"elementor-post__thumbnail__link\" href=\"https:\/\/mmi-tarbes.fr\/EstellePortfolio_\/2024\/11\/04\/alternance\/\">\n\t\t\t\t<div class=\"elementor-portfolio-item__img elementor-post__thumbnail\">\n\t\t\t<img fetchpriority=\"high\" decoding=\"async\" width=\"300\" height=\"300\" src=\"https:\/\/mmi-tarbes.fr\/EstellePortfolio_\/wp-content\/uploads\/2024\/11\/capeb_share-300x300.png\" class=\"attachment-medium size-medium wp-image-309\" alt=\"\" srcset=\"https:\/\/mmi-tarbes.fr\/EstellePortfolio_\/wp-content\/uploads\/2024\/11\/capeb_share-300x300.png 300w, https:\/\/mmi-tarbes.fr\/EstellePortfolio_\/wp-content\/uploads\/2024\/11\/capeb_share-1024x1024.png 1024w, https:\/\/mmi-tarbes.fr\/EstellePortfolio_\/wp-content\/uploads\/2024\/11\/capeb_share-150x150.png 150w, https:\/\/mmi-tarbes.fr\/EstellePortfolio_\/wp-content\/uploads\/2024\/11\/capeb_share-768x768.png 768w, https:\/\/mmi-tarbes.fr\/EstellePortfolio_\/wp-content\/uploads\/2024\/11\/capeb_share.png 1200w\" sizes=\"(max-width: 300px) 100vw, 300px\" \/>\t\t<\/div>\n\t\t\t\t<div class=\"elementor-portfolio-item__overlay\">\n\t\t\t\t<h3 class=\"elementor-portfolio-item__title\">\n\t\tALTERNANCE\t\t<\/h3>\n\t\t\t\t<\/div>\n\t\t\t\t<\/a>\n\t\t<\/article>\n\t\t\t\t<article class=\"elementor-portfolio-item elementor-post  post-301 post type-post status-publish format-standard has-post-thumbnail hentry category-non-classe\">\n\t\t\t<a class=\"elementor-post__thumbnail__link\" href=\"https:\/\/mmi-tarbes.fr\/EstellePortfolio_\/2024\/11\/04\/graphisme\/\">\n\t\t\t\t<div class=\"elementor-portfolio-item__img elementor-post__thumbnail\">\n\t\t\t<img decoding=\"async\" width=\"300\" height=\"263\" src=\"https:\/\/mmi-tarbes.fr\/EstellePortfolio_\/wp-content\/uploads\/2024\/11\/E-300x263.png\" class=\"attachment-medium size-medium wp-image-489\" alt=\"\" srcset=\"https:\/\/mmi-tarbes.fr\/EstellePortfolio_\/wp-content\/uploads\/2024\/11\/E-300x263.png 300w, https:\/\/mmi-tarbes.fr\/EstellePortfolio_\/wp-content\/uploads\/2024\/11\/E-1024x897.png 1024w, https:\/\/mmi-tarbes.fr\/EstellePortfolio_\/wp-content\/uploads\/2024\/11\/E-768x673.png 768w, https:\/\/mmi-tarbes.fr\/EstellePortfolio_\/wp-content\/uploads\/2024\/11\/E-1536x1345.png 1536w, https:\/\/mmi-tarbes.fr\/EstellePortfolio_\/wp-content\/uploads\/2024\/11\/E-2048x1793.png 2048w\" sizes=\"(max-width: 300px) 100vw, 300px\" \/>\t\t<\/div>\n\t\t\t\t<div class=\"elementor-portfolio-item__overlay\">\n\t\t\t\t<h3 class=\"elementor-portfolio-item__title\">\n\t\tGRAPHISME\t\t<\/h3>\n\t\t\t\t<\/div>\n\t\t\t\t<\/a>\n\t\t<\/article>\n\t\t\t\t<\/div>\n\t\t\t\t\t\t<\/div>\n\t\t\t\t<\/div>\n\t\t\t\t<div class=\"elementor-element elementor-element-89500d7 elementor-widget elementor-widget-menu-anchor\" data-id=\"89500d7\" data-element_type=\"widget\" data-e-type=\"widget\" data-widget_type=\"menu-anchor.default\">\n\t\t\t\t<div class=\"elementor-widget-container\">\n\t\t\t\t\t\t\t<div class=\"elementor-menu-anchor\" id=\"Apropos\"><\/div>\n\t\t\t\t\t\t<\/div>\n\t\t\t\t<\/div>\n\t\t\t\t\t<\/div>\n\t\t\t\t<\/div>\n\t\t<div class=\"elementor-element elementor-element-452f4f2 e-flex e-con-boxed wpr-particle-no wpr-jarallax-no wpr-parallax-no wpr-sticky-section-no wpr-equal-height-no e-con e-parent\" data-id=\"452f4f2\" data-element_type=\"container\" data-e-type=\"container\">\n\t\t\t\t\t<div class=\"e-con-inner\">\n\t\t\t\t<div class=\"elementor-element elementor-element-b8a4f3a elementor-widget elementor-widget-menu-anchor\" data-id=\"b8a4f3a\" data-element_type=\"widget\" data-e-type=\"widget\" data-widget_type=\"menu-anchor.default\">\n\t\t\t\t<div class=\"elementor-widget-container\">\n\t\t\t\t\t\t\t<div class=\"elementor-menu-anchor\" id=\"contact\"><\/div>\n\t\t\t\t\t\t<\/div>\n\t\t\t\t<\/div>\n\t\t\t\t\t<\/div>\n\t\t\t\t<\/div>\n\t\t\t\t<\/div>\n\t\t","protected":false},"excerpt":{"rendered":"<p>ESTELLE SAUNIER Charg\u00e9e de communication Junior au sein de la CAPEB Adour-Pyr\u00e9n\u00e9es.\u00a0 Futur dipl\u00f4m\u00e9e du BUT MMI, option communication et design d&rsquo;exp\u00e9rience.\u00a0 QUI SUIS-JE ?<\/p>\n","protected":false},"author":1,"featured_media":0,"parent":0,"menu_order":0,"comment_status":"closed","ping_status":"closed","template":"elementor_header_footer","meta":{"footnotes":""},"class_list":["post-86","page","type-page","status-publish","hentry"],"yoast_head":"<!-- This site is optimized with the Yoast SEO plugin v27.5 - https:\/\/yoast.com\/product\/yoast-seo-wordpress\/ -->\n<title>Onepage - Estelle Saunier<\/title>\n<meta name=\"robots\" content=\"index, follow, max-snippet:-1, max-image-preview:large, max-video-preview:-1\" \/>\n<link rel=\"canonical\" href=\"https:\/\/mmi-tarbes.fr\/EstellePortfolio_\/\" \/>\n<meta property=\"og:locale\" content=\"fr_FR\" \/>\n<meta property=\"og:type\" content=\"article\" \/>\n<meta property=\"og:title\" content=\"Onepage - Estelle Saunier\" \/>\n<meta property=\"og:description\" content=\"ESTELLE SAUNIER Charg\u00e9e de communication Junior au sein de la CAPEB Adour-Pyr\u00e9n\u00e9es.\u00a0 Futur dipl\u00f4m\u00e9e du BUT MMI, option communication et design d&rsquo;exp\u00e9rience.\u00a0 QUI SUIS-JE ?\" \/>\n<meta property=\"og:url\" content=\"https:\/\/mmi-tarbes.fr\/EstellePortfolio_\/\" \/>\n<meta property=\"og:site_name\" content=\"Estelle Saunier\" \/>\n<meta property=\"article:modified_time\" content=\"2025-01-13T09:48:40+00:00\" \/>\n<meta property=\"og:image\" content=\"https:\/\/mmi-tarbes.fr\/EstellePortfolio_\/wp-content\/uploads\/2024\/11\/Animation-1730731848919.gif\" \/>\n\t<meta property=\"og:image:width\" content=\"150\" \/>\n\t<meta property=\"og:image:height\" content=\"150\" \/>\n\t<meta property=\"og:image:type\" content=\"image\/gif\" \/>\n<meta name=\"twitter:card\" content=\"summary_large_image\" \/>\n<meta name=\"twitter:label1\" content=\"Dur\u00e9e de lecture estim\u00e9e\" \/>\n\t<meta name=\"twitter:data1\" content=\"1 minute\" \/>\n<script type=\"application\/ld+json\" class=\"yoast-schema-graph\">{\"@context\":\"https:\\\/\\\/schema.org\",\"@graph\":[{\"@type\":\"WebPage\",\"@id\":\"https:\\\/\\\/mmi-tarbes.fr\\\/EstellePortfolio_\\\/\",\"url\":\"https:\\\/\\\/mmi-tarbes.fr\\\/EstellePortfolio_\\\/\",\"name\":\"Onepage - Estelle Saunier\",\"isPartOf\":{\"@id\":\"https:\\\/\\\/mmi-tarbes.fr\\\/EstellePortfolio_\\\/#website\"},\"primaryImageOfPage\":{\"@id\":\"https:\\\/\\\/mmi-tarbes.fr\\\/EstellePortfolio_\\\/#primaryimage\"},\"image\":{\"@id\":\"https:\\\/\\\/mmi-tarbes.fr\\\/EstellePortfolio_\\\/#primaryimage\"},\"thumbnailUrl\":\"https:\\\/\\\/mmi-tarbes.fr\\\/EstellePortfolio_\\\/wp-content\\\/uploads\\\/2024\\\/11\\\/Animation-1730731848919.gif\",\"datePublished\":\"2024-09-13T15:08:28+00:00\",\"dateModified\":\"2025-01-13T09:48:40+00:00\",\"breadcrumb\":{\"@id\":\"https:\\\/\\\/mmi-tarbes.fr\\\/EstellePortfolio_\\\/#breadcrumb\"},\"inLanguage\":\"fr-FR\",\"potentialAction\":[{\"@type\":\"ReadAction\",\"target\":[\"https:\\\/\\\/mmi-tarbes.fr\\\/EstellePortfolio_\\\/\"]}]},{\"@type\":\"ImageObject\",\"inLanguage\":\"fr-FR\",\"@id\":\"https:\\\/\\\/mmi-tarbes.fr\\\/EstellePortfolio_\\\/#primaryimage\",\"url\":\"https:\\\/\\\/mmi-tarbes.fr\\\/EstellePortfolio_\\\/wp-content\\\/uploads\\\/2024\\\/11\\\/Animation-1730731848919.gif\",\"contentUrl\":\"https:\\\/\\\/mmi-tarbes.fr\\\/EstellePortfolio_\\\/wp-content\\\/uploads\\\/2024\\\/11\\\/Animation-1730731848919.gif\",\"width\":150,\"height\":150},{\"@type\":\"BreadcrumbList\",\"@id\":\"https:\\\/\\\/mmi-tarbes.fr\\\/EstellePortfolio_\\\/#breadcrumb\",\"itemListElement\":[{\"@type\":\"ListItem\",\"position\":1,\"name\":\"Accueil\",\"item\":\"https:\\\/\\\/mmi-tarbes.fr\\\/EstellePortfolio_\\\/\"},{\"@type\":\"ListItem\",\"position\":2,\"name\":\"Onepage\"}]},{\"@type\":\"WebSite\",\"@id\":\"https:\\\/\\\/mmi-tarbes.fr\\\/EstellePortfolio_\\\/#website\",\"url\":\"https:\\\/\\\/mmi-tarbes.fr\\\/EstellePortfolio_\\\/\",\"name\":\"Estelle Saunier\",\"description\":\"\",\"publisher\":{\"@id\":\"https:\\\/\\\/mmi-tarbes.fr\\\/EstellePortfolio_\\\/#organization\"},\"potentialAction\":[{\"@type\":\"SearchAction\",\"target\":{\"@type\":\"EntryPoint\",\"urlTemplate\":\"https:\\\/\\\/mmi-tarbes.fr\\\/EstellePortfolio_\\\/?s={search_term_string}\"},\"query-input\":{\"@type\":\"PropertyValueSpecification\",\"valueRequired\":true,\"valueName\":\"search_term_string\"}}],\"inLanguage\":\"fr-FR\"},{\"@type\":\"Organization\",\"@id\":\"https:\\\/\\\/mmi-tarbes.fr\\\/EstellePortfolio_\\\/#organization\",\"name\":\"Estelle Saunier\",\"url\":\"https:\\\/\\\/mmi-tarbes.fr\\\/EstellePortfolio_\\\/\",\"logo\":{\"@type\":\"ImageObject\",\"inLanguage\":\"fr-FR\",\"@id\":\"https:\\\/\\\/mmi-tarbes.fr\\\/EstellePortfolio_\\\/#\\\/schema\\\/logo\\\/image\\\/\",\"url\":\"https:\\\/\\\/mmi-tarbes.fr\\\/EstellePortfolio_\\\/wp-content\\\/uploads\\\/2024\\\/09\\\/Logo-estelle.svg\",\"contentUrl\":\"https:\\\/\\\/mmi-tarbes.fr\\\/EstellePortfolio_\\\/wp-content\\\/uploads\\\/2024\\\/09\\\/Logo-estelle.svg\",\"caption\":\"Estelle Saunier\"},\"image\":{\"@id\":\"https:\\\/\\\/mmi-tarbes.fr\\\/EstellePortfolio_\\\/#\\\/schema\\\/logo\\\/image\\\/\"}}]}<\/script>\n<!-- \/ Yoast SEO plugin. -->","yoast_head_json":{"title":"Onepage - Estelle Saunier","robots":{"index":"index","follow":"follow","max-snippet":"max-snippet:-1","max-image-preview":"max-image-preview:large","max-video-preview":"max-video-preview:-1"},"canonical":"https:\/\/mmi-tarbes.fr\/EstellePortfolio_\/","og_locale":"fr_FR","og_type":"article","og_title":"Onepage - Estelle Saunier","og_description":"ESTELLE SAUNIER Charg\u00e9e de communication Junior au sein de la CAPEB Adour-Pyr\u00e9n\u00e9es.\u00a0 Futur dipl\u00f4m\u00e9e du BUT MMI, option communication et design d&rsquo;exp\u00e9rience.\u00a0 QUI SUIS-JE ?","og_url":"https:\/\/mmi-tarbes.fr\/EstellePortfolio_\/","og_site_name":"Estelle Saunier","article_modified_time":"2025-01-13T09:48:40+00:00","og_image":[{"width":150,"height":150,"url":"https:\/\/mmi-tarbes.fr\/EstellePortfolio_\/wp-content\/uploads\/2024\/11\/Animation-1730731848919.gif","type":"image\/gif"}],"twitter_card":"summary_large_image","twitter_misc":{"Dur\u00e9e de lecture estim\u00e9e":"1 minute"},"schema":{"@context":"https:\/\/schema.org","@graph":[{"@type":"WebPage","@id":"https:\/\/mmi-tarbes.fr\/EstellePortfolio_\/","url":"https:\/\/mmi-tarbes.fr\/EstellePortfolio_\/","name":"Onepage - Estelle Saunier","isPartOf":{"@id":"https:\/\/mmi-tarbes.fr\/EstellePortfolio_\/#website"},"primaryImageOfPage":{"@id":"https:\/\/mmi-tarbes.fr\/EstellePortfolio_\/#primaryimage"},"image":{"@id":"https:\/\/mmi-tarbes.fr\/EstellePortfolio_\/#primaryimage"},"thumbnailUrl":"https:\/\/mmi-tarbes.fr\/EstellePortfolio_\/wp-content\/uploads\/2024\/11\/Animation-1730731848919.gif","datePublished":"2024-09-13T15:08:28+00:00","dateModified":"2025-01-13T09:48:40+00:00","breadcrumb":{"@id":"https:\/\/mmi-tarbes.fr\/EstellePortfolio_\/#breadcrumb"},"inLanguage":"fr-FR","potentialAction":[{"@type":"ReadAction","target":["https:\/\/mmi-tarbes.fr\/EstellePortfolio_\/"]}]},{"@type":"ImageObject","inLanguage":"fr-FR","@id":"https:\/\/mmi-tarbes.fr\/EstellePortfolio_\/#primaryimage","url":"https:\/\/mmi-tarbes.fr\/EstellePortfolio_\/wp-content\/uploads\/2024\/11\/Animation-1730731848919.gif","contentUrl":"https:\/\/mmi-tarbes.fr\/EstellePortfolio_\/wp-content\/uploads\/2024\/11\/Animation-1730731848919.gif","width":150,"height":150},{"@type":"BreadcrumbList","@id":"https:\/\/mmi-tarbes.fr\/EstellePortfolio_\/#breadcrumb","itemListElement":[{"@type":"ListItem","position":1,"name":"Accueil","item":"https:\/\/mmi-tarbes.fr\/EstellePortfolio_\/"},{"@type":"ListItem","position":2,"name":"Onepage"}]},{"@type":"WebSite","@id":"https:\/\/mmi-tarbes.fr\/EstellePortfolio_\/#website","url":"https:\/\/mmi-tarbes.fr\/EstellePortfolio_\/","name":"Estelle Saunier","description":"","publisher":{"@id":"https:\/\/mmi-tarbes.fr\/EstellePortfolio_\/#organization"},"potentialAction":[{"@type":"SearchAction","target":{"@type":"EntryPoint","urlTemplate":"https:\/\/mmi-tarbes.fr\/EstellePortfolio_\/?s={search_term_string}"},"query-input":{"@type":"PropertyValueSpecification","valueRequired":true,"valueName":"search_term_string"}}],"inLanguage":"fr-FR"},{"@type":"Organization","@id":"https:\/\/mmi-tarbes.fr\/EstellePortfolio_\/#organization","name":"Estelle Saunier","url":"https:\/\/mmi-tarbes.fr\/EstellePortfolio_\/","logo":{"@type":"ImageObject","inLanguage":"fr-FR","@id":"https:\/\/mmi-tarbes.fr\/EstellePortfolio_\/#\/schema\/logo\/image\/","url":"https:\/\/mmi-tarbes.fr\/EstellePortfolio_\/wp-content\/uploads\/2024\/09\/Logo-estelle.svg","contentUrl":"https:\/\/mmi-tarbes.fr\/EstellePortfolio_\/wp-content\/uploads\/2024\/09\/Logo-estelle.svg","caption":"Estelle Saunier"},"image":{"@id":"https:\/\/mmi-tarbes.fr\/EstellePortfolio_\/#\/schema\/logo\/image\/"}}]}},"_links":{"self":[{"href":"https:\/\/mmi-tarbes.fr\/EstellePortfolio_\/wp-json\/wp\/v2\/pages\/86","targetHints":{"allow":["GET"]}}],"collection":[{"href":"https:\/\/mmi-tarbes.fr\/EstellePortfolio_\/wp-json\/wp\/v2\/pages"}],"about":[{"href":"https:\/\/mmi-tarbes.fr\/EstellePortfolio_\/wp-json\/wp\/v2\/types\/page"}],"author":[{"embeddable":true,"href":"https:\/\/mmi-tarbes.fr\/EstellePortfolio_\/wp-json\/wp\/v2\/users\/1"}],"replies":[{"embeddable":true,"href":"https:\/\/mmi-tarbes.fr\/EstellePortfolio_\/wp-json\/wp\/v2\/comments?post=86"}],"version-history":[{"count":146,"href":"https:\/\/mmi-tarbes.fr\/EstellePortfolio_\/wp-json\/wp\/v2\/pages\/86\/revisions"}],"predecessor-version":[{"id":538,"href":"https:\/\/mmi-tarbes.fr\/EstellePortfolio_\/wp-json\/wp\/v2\/pages\/86\/revisions\/538"}],"wp:attachment":[{"href":"https:\/\/mmi-tarbes.fr\/EstellePortfolio_\/wp-json\/wp\/v2\/media?parent=86"}],"curies":[{"name":"wp","href":"https:\/\/api.w.org\/{rel}","templated":true}]}}