{"id":17,"date":"2024-09-12T10:57:31","date_gmt":"2024-09-12T08:57:31","guid":{"rendered":"https:\/\/mmi-tarbes.fr\/ChloePortfolio\/?page_id=17"},"modified":"2025-01-16T10:50:01","modified_gmt":"2025-01-16T09:50:01","slug":"a-propos-de-moi","status":"publish","type":"page","link":"https:\/\/mmi-tarbes.fr\/ChloePortfolio\/a-propos-de-moi\/","title":{"rendered":"A propos de moi"},"content":{"rendered":"\t\t<div data-elementor-type=\"wp-page\" data-elementor-id=\"17\" class=\"elementor elementor-17\" data-elementor-post-type=\"page\">\n\t\t\t\t<div class=\"elementor-element elementor-element-7d804de e-flex e-con-boxed wpr-particle-no wpr-jarallax-no wpr-parallax-no wpr-sticky-section-no e-con e-parent\" data-id=\"7d804de\" data-element_type=\"container\" data-settings=\"{&quot;background_background&quot;:&quot;classic&quot;}\">\n\t\t\t\t\t<div class=\"e-con-inner\">\n\t\t<div class=\"elementor-element elementor-element-ef4d2b0 e-con-full e-flex wpr-particle-no wpr-jarallax-no wpr-parallax-no wpr-sticky-section-no e-con e-child\" data-id=\"ef4d2b0\" data-element_type=\"container\">\n\t\t\t\t<div class=\"elementor-element elementor-element-a693e7b elementor-widget elementor-widget-image\" data-id=\"a693e7b\" data-element_type=\"widget\" data-widget_type=\"image.default\">\n\t\t\t\t<div class=\"elementor-widget-container\">\n\t\t\t\t\t\t\t\t\t\t\t\t\t<img fetchpriority=\"high\" decoding=\"async\" width=\"420\" height=\"596\" src=\"https:\/\/mmi-tarbes.fr\/ChloePortfolio\/wp-content\/uploads\/2024\/10\/poulpe.png\" class=\"attachment-large size-large wp-image-61\" alt=\"\" srcset=\"https:\/\/mmi-tarbes.fr\/ChloePortfolio\/wp-content\/uploads\/2024\/10\/poulpe.png 420w, https:\/\/mmi-tarbes.fr\/ChloePortfolio\/wp-content\/uploads\/2024\/10\/poulpe-211x300.png 211w\" sizes=\"(max-width: 420px) 100vw, 420px\" \/>\t\t\t\t\t\t\t\t\t\t\t\t\t<\/div>\n\t\t\t\t<\/div>\n\t\t<div class=\"elementor-element elementor-element-8ded60d e-con-full e-flex wpr-particle-no wpr-jarallax-no wpr-parallax-no wpr-sticky-section-no e-con e-child\" data-id=\"8ded60d\" data-element_type=\"container\">\n\t\t\t\t<div class=\"elementor-element elementor-element-87ca972 elementor-widget elementor-widget-heading\" data-id=\"87ca972\" data-element_type=\"widget\" data-widget_type=\"heading.default\">\n\t\t\t\t<div class=\"elementor-widget-container\">\n\t\t\t<h2 class=\"elementor-heading-title elementor-size-default\">Comp\u00e9tences<\/h2>\t\t<\/div>\n\t\t\t\t<\/div>\n\t\t\t\t<\/div>\n\t\t\t\t<div class=\"elementor-element elementor-element-1ec53ad elementor-widget__width-initial elementor-widget elementor-widget-progress\" data-id=\"1ec53ad\" data-element_type=\"widget\" data-widget_type=\"progress.default\">\n\t\t\t\t<div class=\"elementor-widget-container\">\n\t\t\t\n\t\t<div class=\"elementor-progress-wrapper\" role=\"progressbar\" aria-valuemin=\"0\" aria-valuemax=\"100\" aria-valuenow=\"50\" aria-valuetext=\"50% (Graphisme)\">\n\t\t\t<div class=\"elementor-progress-bar\" data-max=\"50\">\n\t\t\t\t<span class=\"elementor-progress-text\">Graphisme<\/span>\n\t\t\t\t\t\t\t<\/div>\n\t\t<\/div>\n\t\t\t\t<\/div>\n\t\t\t\t<\/div>\n\t\t\t\t<div class=\"elementor-element elementor-element-328865d elementor-widget__width-initial elementor-widget elementor-widget-progress\" data-id=\"328865d\" data-element_type=\"widget\" data-widget_type=\"progress.default\">\n\t\t\t\t<div class=\"elementor-widget-container\">\n\t\t\t\n\t\t<div class=\"elementor-progress-wrapper\" role=\"progressbar\" aria-valuemin=\"0\" aria-valuemax=\"100\" aria-valuenow=\"50\" aria-valuetext=\"50% (Communication)\">\n\t\t\t<div class=\"elementor-progress-bar\" data-max=\"50\">\n\t\t\t\t<span class=\"elementor-progress-text\">Communication<\/span>\n\t\t\t\t\t\t\t<\/div>\n\t\t<\/div>\n\t\t\t\t<\/div>\n\t\t\t\t<\/div>\n\t\t\t\t<div class=\"elementor-element elementor-element-b160d1d elementor-widget__width-initial elementor-widget elementor-widget-progress\" data-id=\"b160d1d\" data-element_type=\"widget\" data-widget_type=\"progress.default\">\n\t\t\t\t<div class=\"elementor-widget-container\">\n\t\t\t\n\t\t<div class=\"elementor-progress-wrapper\" role=\"progressbar\" aria-valuemin=\"0\" aria-valuemax=\"100\" aria-valuenow=\"50\" aria-valuetext=\"50% (Audiovisuel)\">\n\t\t\t<div class=\"elementor-progress-bar\" data-max=\"50\">\n\t\t\t\t<span class=\"elementor-progress-text\">Audiovisuel<\/span>\n\t\t\t\t\t\t\t<\/div>\n\t\t<\/div>\n\t\t\t\t<\/div>\n\t\t\t\t<\/div>\n\t\t<div class=\"elementor-element elementor-element-dadb81e e-con-full e-flex wpr-particle-no wpr-jarallax-no wpr-parallax-no wpr-sticky-section-no e-con e-child\" data-id=\"dadb81e\" data-element_type=\"container\">\n\t\t\t\t<div class=\"elementor-element elementor-element-bc08034 elementor-widget elementor-widget-heading\" data-id=\"bc08034\" data-element_type=\"widget\" data-widget_type=\"heading.default\">\n\t\t\t\t<div class=\"elementor-widget-container\">\n\t\t\t<h2 class=\"elementor-heading-title elementor-size-default\">Mon CV<\/h2>\t\t<\/div>\n\t\t\t\t<\/div>\n\t\t\t\t<\/div>\n\t\t\t\t<\/div>\n\t\t<div class=\"elementor-element elementor-element-a1530c6 e-con-full e-flex wpr-particle-no wpr-jarallax-no wpr-parallax-no wpr-sticky-section-no e-con e-child\" data-id=\"a1530c6\" data-element_type=\"container\">\n\t\t\t\t<div class=\"elementor-element elementor-element-5aa877e elementor-widget elementor-widget-heading\" data-id=\"5aa877e\" data-element_type=\"widget\" data-widget_type=\"heading.default\">\n\t\t\t\t<div class=\"elementor-widget-container\">\n\t\t\t<h2 class=\"elementor-heading-title elementor-size-default\">A propos de moi <\/h2>\t\t<\/div>\n\t\t\t\t<\/div>\n\t\t\t\t<div class=\"elementor-element elementor-element-4a8bef0 elementor-widget elementor-widget-text-editor\" data-id=\"4a8bef0\" data-element_type=\"widget\" data-widget_type=\"text-editor.default\">\n\t\t\t\t<div class=\"elementor-widget-container\">\n\t\t\t\t\t\t\t<p>Bonjour ! Je m\u2019appelle Chlo\u00e9 Baudru, j&rsquo;ai 21 ans, je viens de Toulouse et voici mon portfolio.<\/p><p>Je suis actuellement \u00e9tudiante \u00e0 l&rsquo;IUT de Tarbes, en MMI, o\u00f9 j&rsquo;\u00e9tudie la communication, le graphisme, l&rsquo;audiovisuel, le d\u00e9veloppement web et la gestion de projet. J&rsquo;aimerais travailler dans la communication \u00e9v\u00e8nementielle et faire du dessin en tant qu&rsquo;illustratrice par exemple.<\/p><p>Ce qui me plait le plus dans ce domaine, c&rsquo;est la diversit\u00e9 des missions et des projets sur lesquels il est possible de travailler. De plus j&rsquo;adore les projets \u00e9v\u00e9nementiels, donner une personnalit\u00e9, une vie \u00e0 un futur \u00e9v\u00e8nement et le voir se r\u00e9aliser avec des gens qui viennent, qui y participent et qui sont heureux est vraiment quelque chose que je trouve fascinant.<\/p><p>Aujourd&rsquo;hui, mon objectif est de trouver un<span class=\"OYPEnA font-feature-liga-off font-feature-clig-off font-feature-calt-off text-decoration-none text-strikethrough-none\"> stage en communication du 17 mars 2025 au 6 juin 2024.<\/span><\/p><p>Bonne journ\u00e9e !<\/p>\t\t\t\t\t\t<\/div>\n\t\t\t\t<\/div>\n\t\t<div class=\"elementor-element elementor-element-ba98b7c e-con-full e-flex wpr-particle-no wpr-jarallax-no wpr-parallax-no wpr-sticky-section-no e-con e-child\" data-id=\"ba98b7c\" data-element_type=\"container\">\n\t\t\t\t<div class=\"elementor-element elementor-element-895e827 elementor-widget__width-initial elementor-widget elementor-widget-progress\" data-id=\"895e827\" data-element_type=\"widget\" data-widget_type=\"progress.default\">\n\t\t\t\t<div class=\"elementor-widget-container\">\n\t\t\t\n\t\t<div class=\"elementor-progress-wrapper\" role=\"progressbar\" aria-valuemin=\"0\" aria-valuemax=\"100\" aria-valuenow=\"50\" aria-valuetext=\"50% (Gestion de projet )\">\n\t\t\t<div class=\"elementor-progress-bar\" data-max=\"50\">\n\t\t\t\t<span class=\"elementor-progress-text\">Gestion de projet <\/span>\n\t\t\t\t\t\t\t<\/div>\n\t\t<\/div>\n\t\t\t\t<\/div>\n\t\t\t\t<\/div>\n\t\t\t\t<div class=\"elementor-element elementor-element-78ad0cc elementor-widget__width-initial elementor-widget elementor-widget-progress\" data-id=\"78ad0cc\" data-element_type=\"widget\" data-widget_type=\"progress.default\">\n\t\t\t\t<div class=\"elementor-widget-container\">\n\t\t\t\n\t\t<div class=\"elementor-progress-wrapper\" role=\"progressbar\" aria-valuemin=\"0\" aria-valuemax=\"100\" aria-valuenow=\"50\" aria-valuetext=\"50% (R\u00e9daction)\">\n\t\t\t<div class=\"elementor-progress-bar\" data-max=\"50\">\n\t\t\t\t<span class=\"elementor-progress-text\">R\u00e9daction<\/span>\n\t\t\t\t\t\t\t<\/div>\n\t\t<\/div>\n\t\t\t\t<\/div>\n\t\t\t\t<\/div>\n\t\t\t\t<div class=\"elementor-element elementor-element-33a06b1 elementor-widget__width-initial elementor-widget elementor-widget-progress\" data-id=\"33a06b1\" data-element_type=\"widget\" data-widget_type=\"progress.default\">\n\t\t\t\t<div class=\"elementor-widget-container\">\n\t\t\t\n\t\t<div class=\"elementor-progress-wrapper\" role=\"progressbar\" aria-valuemin=\"0\" aria-valuemax=\"100\" aria-valuenow=\"50\" aria-valuetext=\"50% (Dev Web)\">\n\t\t\t<div class=\"elementor-progress-bar\" data-max=\"50\">\n\t\t\t\t<span class=\"elementor-progress-text\">Dev Web<\/span>\n\t\t\t\t\t\t\t<\/div>\n\t\t<\/div>\n\t\t\t\t<\/div>\n\t\t\t\t<\/div>\n\t\t\t\t<div class=\"elementor-element elementor-element-4af1684 elementor-widget__width-initial elementor-widget elementor-widget-progress\" data-id=\"4af1684\" data-element_type=\"widget\" data-widget_type=\"progress.default\">\n\t\t\t\t<div class=\"elementor-widget-container\">\n\t\t\t\n\t\t<div class=\"elementor-progress-wrapper\" role=\"progressbar\" aria-valuemin=\"0\" aria-valuemax=\"100\" aria-valuenow=\"50\" aria-valuetext=\"50% (Langues \u00e9trang\u00e8res)\">\n\t\t\t<div class=\"elementor-progress-bar\" data-max=\"50\">\n\t\t\t\t<span class=\"elementor-progress-text\">Langues \u00e9trang\u00e8res<\/span>\n\t\t\t\t\t\t\t<\/div>\n\t\t<\/div>\n\t\t\t\t<\/div>\n\t\t\t\t<\/div>\n\t\t\t\t<\/div>\n\t\t\t\t<\/div>\n\t\t\t\t\t<\/div>\n\t\t\t\t<\/div>\n\t\t<div class=\"elementor-element elementor-element-cf074e0 e-flex e-con-boxed wpr-particle-no wpr-jarallax-no wpr-parallax-no wpr-sticky-section-no e-con e-parent\" data-id=\"cf074e0\" data-element_type=\"container\" data-settings=\"{&quot;background_background&quot;:&quot;classic&quot;}\">\n\t\t\t\t\t<div class=\"e-con-inner\">\n\t\t\t\t<div class=\"elementor-element elementor-element-d3728b1 elementor-widget elementor-widget-image\" data-id=\"d3728b1\" data-element_type=\"widget\" data-widget_type=\"image.default\">\n\t\t\t\t<div class=\"elementor-widget-container\">\n\t\t\t\t\t\t\t\t\t\t\t\t\t<img decoding=\"async\" width=\"724\" height=\"1024\" src=\"https:\/\/mmi-tarbes.fr\/ChloePortfolio\/wp-content\/uploads\/2025\/01\/CV-chloe-baudru-2025-724x1024.png\" class=\"attachment-large size-large wp-image-321\" alt=\"\" srcset=\"https:\/\/mmi-tarbes.fr\/ChloePortfolio\/wp-content\/uploads\/2025\/01\/CV-chloe-baudru-2025-724x1024.png 724w, https:\/\/mmi-tarbes.fr\/ChloePortfolio\/wp-content\/uploads\/2025\/01\/CV-chloe-baudru-2025-212x300.png 212w, https:\/\/mmi-tarbes.fr\/ChloePortfolio\/wp-content\/uploads\/2025\/01\/CV-chloe-baudru-2025-768x1086.png 768w, https:\/\/mmi-tarbes.fr\/ChloePortfolio\/wp-content\/uploads\/2025\/01\/CV-chloe-baudru-2025-1086x1536.png 1086w, https:\/\/mmi-tarbes.fr\/ChloePortfolio\/wp-content\/uploads\/2025\/01\/CV-chloe-baudru-2025.png 1414w\" sizes=\"(max-width: 724px) 100vw, 724px\" \/>\t\t\t\t\t\t\t\t\t\t\t\t\t<\/div>\n\t\t\t\t<\/div>\n\t\t\t\t<div class=\"elementor-element elementor-element-b21c212 elementor-align-center elementor-widget elementor-widget-button\" data-id=\"b21c212\" data-element_type=\"widget\" data-widget_type=\"button.default\">\n\t\t\t\t<div class=\"elementor-widget-container\">\n\t\t\t\t\t<div class=\"elementor-button-wrapper\">\n\t\t\t<a class=\"elementor-button elementor-button-link elementor-size-sm\" href=\"\">\n\t\t\t\t\t\t<span class=\"elementor-button-content-wrapper\">\n\t\t\t\t\t\t\t\t\t<span class=\"elementor-button-text\">T\u00e9l\u00e9charger mon CV<\/span>\n\t\t\t\t\t<\/span>\n\t\t\t\t\t<\/a>\n\t\t<\/div>\n\t\t\t\t<\/div>\n\t\t\t\t<\/div>\n\t\t\t\t\t<\/div>\n\t\t\t\t<\/div>\n\t\t\t\t<\/div>\n\t\t","protected":false},"excerpt":{"rendered":"<p>Comp\u00e9tences Graphisme Communication Audiovisuel Mon CV A propos de moi Bonjour ! Je m\u2019appelle Chlo\u00e9 Baudru, j&rsquo;ai 21 ans, je viens de Toulouse et voici mon portfolio. Je suis actuellement \u00e9tudiante \u00e0 l&rsquo;IUT de Tarbes, en MMI, o\u00f9 j&rsquo;\u00e9tudie la communication, le graphisme, l&rsquo;audiovisuel, le d\u00e9veloppement web et la gestion de projet. J&rsquo;aimerais travailler dans la communication \u00e9v\u00e8nementielle et faire du dessin en tant qu&rsquo;illustratrice par exemple. Ce qui me plait le plus dans ce domaine, c&rsquo;est la diversit\u00e9 des missions et des projets sur lesquels il est possible de travailler. De plus j&rsquo;adore les projets \u00e9v\u00e9nementiels, donner une personnalit\u00e9, une vie \u00e0 un futur \u00e9v\u00e8nement et le voir se r\u00e9aliser avec des gens qui viennent, qui y participent et qui sont heureux est vraiment quelque chose que je trouve fascinant. Aujourd&rsquo;hui, mon objectif est de trouver un stage en communication du 17 mars 2025 au 6 juin 2024. Bonne journ\u00e9e ! Gestion de projet R\u00e9daction Dev Web Langues \u00e9trang\u00e8res T\u00e9l\u00e9charger mon CV<\/p>\n","protected":false},"author":1,"featured_media":0,"parent":0,"menu_order":0,"comment_status":"closed","ping_status":"closed","template":"","meta":{"footnotes":""},"class_list":["post-17","page","type-page","status-publish","hentry"],"_links":{"self":[{"href":"https:\/\/mmi-tarbes.fr\/ChloePortfolio\/wp-json\/wp\/v2\/pages\/17","targetHints":{"allow":["GET"]}}],"collection":[{"href":"https:\/\/mmi-tarbes.fr\/ChloePortfolio\/wp-json\/wp\/v2\/pages"}],"about":[{"href":"https:\/\/mmi-tarbes.fr\/ChloePortfolio\/wp-json\/wp\/v2\/types\/page"}],"author":[{"embeddable":true,"href":"https:\/\/mmi-tarbes.fr\/ChloePortfolio\/wp-json\/wp\/v2\/users\/1"}],"replies":[{"embeddable":true,"href":"https:\/\/mmi-tarbes.fr\/ChloePortfolio\/wp-json\/wp\/v2\/comments?post=17"}],"version-history":[{"count":40,"href":"https:\/\/mmi-tarbes.fr\/ChloePortfolio\/wp-json\/wp\/v2\/pages\/17\/revisions"}],"predecessor-version":[{"id":330,"href":"https:\/\/mmi-tarbes.fr\/ChloePortfolio\/wp-json\/wp\/v2\/pages\/17\/revisions\/330"}],"wp:attachment":[{"href":"https:\/\/mmi-tarbes.fr\/ChloePortfolio\/wp-json\/wp\/v2\/media?parent=17"}],"curies":[{"name":"wp","href":"https:\/\/api.w.org\/{rel}","templated":true}]}}