{"id":15,"date":"2024-09-12T10:56:54","date_gmt":"2024-09-12T08:56:54","guid":{"rendered":"https:\/\/mmi-tarbes.fr\/ChloePortfolio\/?page_id=15"},"modified":"2025-01-16T11:59:23","modified_gmt":"2025-01-16T10:59:23","slug":"projets","status":"publish","type":"page","link":"https:\/\/mmi-tarbes.fr\/ChloePortfolio\/projets\/","title":{"rendered":"Projets"},"content":{"rendered":"\t\t<div data-elementor-type=\"wp-page\" data-elementor-id=\"15\" class=\"elementor elementor-15\" data-elementor-post-type=\"page\">\n\t\t\t\t<div class=\"elementor-element elementor-element-f7ff11b e-flex e-con-boxed wpr-particle-no wpr-jarallax-no wpr-parallax-no wpr-sticky-section-no e-con e-parent\" data-id=\"f7ff11b\" data-element_type=\"container\" data-settings=\"{&quot;background_background&quot;:&quot;classic&quot;}\">\n\t\t\t\t\t<div class=\"e-con-inner\">\n\t\t\t\t<div class=\"elementor-element elementor-element-d0cc7d1 elementor-widget elementor-widget-spacer\" data-id=\"d0cc7d1\" data-element_type=\"widget\" data-widget_type=\"spacer.default\">\n\t\t\t\t<div class=\"elementor-widget-container\">\n\t\t\t\t\t<div class=\"elementor-spacer\">\n\t\t\t<div class=\"elementor-spacer-inner\"><\/div>\n\t\t<\/div>\n\t\t\t\t<\/div>\n\t\t\t\t<\/div>\n\t\t\t\t<div class=\"elementor-element elementor-element-3406d03 elementor-widget elementor-widget-heading\" data-id=\"3406d03\" data-element_type=\"widget\" data-widget_type=\"heading.default\">\n\t\t\t\t<div class=\"elementor-widget-container\">\n\t\t\t<h2 class=\"elementor-heading-title elementor-size-default\">Mes projets et cr\u00e9ations<\/h2>\t\t<\/div>\n\t\t\t\t<\/div>\n\t\t\t\t<div class=\"elementor-element elementor-element-0e0ad8a elementor-widget elementor-widget-text-editor\" data-id=\"0e0ad8a\" data-element_type=\"widget\" data-widget_type=\"text-editor.default\">\n\t\t\t\t<div class=\"elementor-widget-container\">\n\t\t\t\t\t\t\t<p>Vous \u00eates bien \u00e0 l&rsquo;endroit le plus int\u00e9ressant de mon portfolio. C&rsquo;est ici que vous trouverez un aper\u00e7u de mes projets et cr\u00e9ations. J&rsquo;esp\u00e8re que vous passerez un moment agr\u00e9able \u00e0 les parcourir !<\/p>\t\t\t\t\t\t<\/div>\n\t\t\t\t<\/div>\n\t\t\t\t<div class=\"elementor-element elementor-element-0b328d8 wpr-item-styles-wrapper wpr-grid-columns-3 wpr-grid-columns--tablet2 wpr-grid-columns--mobile1 wpr-grid-pagination-center elementor-widget elementor-widget-wpr-grid\" data-id=\"0b328d8\" data-element_type=\"widget\" data-widget_type=\"wpr-grid.default\">\n\t\t\t\t<div class=\"elementor-widget-container\">\n\t\t\t<ul class=\"wpr-grid-filters elementor-clearfix wpr-grid-filters-sep-right\"><li class=\" wpr-pointer-none wpr-pointer-line-fx wpr-pointer-fx-none\"><span data-filter=\"*\" class=\"wpr-active-filter \">All Posts<\/span><em class=\"wpr-grid-filters-sep\"><\/em><\/li><li class=\" wpr-pointer-none wpr-pointer-line-fx wpr-pointer-fx-none\"><span  data-filter=\".category-audiovisuel\">Audiovisuel<\/span><em class=\"wpr-grid-filters-sep\"><\/em><\/li><li class=\" wpr-pointer-none wpr-pointer-line-fx wpr-pointer-fx-none\"><span  data-filter=\".category-grands-projets-communication\">Grands projets \/ Communication<\/span><em class=\"wpr-grid-filters-sep\"><\/em><\/li><li class=\" wpr-pointer-none wpr-pointer-line-fx wpr-pointer-fx-none\"><span  data-filter=\".category-graphisme\">Graphisme<\/span><em class=\"wpr-grid-filters-sep\"><\/em><\/li><\/ul><section class=\"wpr-grid elementor-clearfix\" data-settings=\"{&quot;layout&quot;:&quot;fitRows&quot;,&quot;stick_last_element_to_bottom&quot;:&quot;&quot;,&quot;columns_desktop&quot;:3,&quot;gutter_hr&quot;:15,&quot;gutter_hr_mobile&quot;:15,&quot;gutter_hr_mobile_extra&quot;:15,&quot;gutter_hr_tablet&quot;:15,&quot;gutter_hr_tablet_extra&quot;:15,&quot;gutter_hr_laptop&quot;:15,&quot;gutter_hr_widescreen&quot;:15,&quot;gutter_vr&quot;:15,&quot;gutter_vr_mobile&quot;:15,&quot;gutter_vr_mobile_extra&quot;:15,&quot;gutter_vr_tablet&quot;:15,&quot;gutter_vr_tablet_extra&quot;:15,&quot;gutter_vr_laptop&quot;:15,&quot;gutter_vr_widescreen&quot;:15,&quot;animation&quot;:&quot;default&quot;,&quot;animation_duration&quot;:0.3,&quot;animation_delay&quot;:0.1,&quot;deeplinking&quot;:&quot;&quot;,&quot;filters_linkable&quot;:&quot;no&quot;,&quot;filters_default_filter&quot;:&quot;&quot;,&quot;filters_count&quot;:&quot;&quot;,&quot;filters_hide_empty&quot;:&quot;no&quot;,&quot;filters_animation&quot;:&quot;default&quot;,&quot;filters_animation_duration&quot;:0.3,&quot;filters_animation_delay&quot;:0.1,&quot;pagination_type&quot;:&quot;load-more&quot;,&quot;pagination_max_pages&quot;:2,&quot;lightbox&quot;:{&quot;selector&quot;:&quot;.wpr-grid-image-wrap&quot;,&quot;iframeMaxWidth&quot;:&quot;60%&quot;,&quot;hash&quot;:false,&quot;autoplay&quot;:&quot;true&quot;,&quot;pause&quot;:5000,&quot;progressBar&quot;:&quot;true&quot;,&quot;counter&quot;:&quot;true&quot;,&quot;controls&quot;:&quot;true&quot;,&quot;getCaptionFromTitleOrAlt&quot;:&quot;true&quot;,&quot;thumbnail&quot;:&quot;&quot;,&quot;showThumbByDefault&quot;:&quot;&quot;,&quot;share&quot;:&quot;&quot;,&quot;zoom&quot;:&quot;true&quot;,&quot;fullScreen&quot;:&quot;true&quot;,&quot;download&quot;:&quot;true&quot;}}\"><article class=\"wpr-grid-item elementor-clearfix post-262 post type-post status-publish format-standard has-post-thumbnail hentry category-audiovisuel\"><div class=\"wpr-grid-item-inner\"><div class=\"wpr-grid-media-wrap wpr-effect-size-medium \" data-overlay-link=\"yes\"><div class=\"wpr-grid-image-wrap\" data-src=\"https:\/\/mmi-tarbes.fr\/ChloePortfolio\/wp-content\/uploads\/2024\/12\/Capture-decran-2024-12-02-161543.png\" data-img-on-hover=\"\"  data-src-secondary=\"\"><img decoding=\"async\" data-no-lazy=\"1\" src=\"https:\/\/mmi-tarbes.fr\/ChloePortfolio\/wp-content\/uploads\/2024\/12\/Capture-decran-2024-12-02-161543.png\" alt=\"Teaser 2024 Kiwi Production\" class=\"wpr-anim-timing-ease-default\"><\/div><div class=\"wpr-grid-media-hover wpr-animation-wrap\"><div class=\"wpr-grid-media-hover-bg  wpr-overlay-fade-in wpr-anim-size-large wpr-anim-timing-ease-default wpr-anim-transparency\" data-url=\"https:\/\/mmi-tarbes.fr\/ChloePortfolio\/2024\/12\/02\/teaser-2024-kiwi-production\/\"><\/div><\/div><\/div><div class=\"wpr-grid-item-below-content elementor-clearfix\"><h2 class=\"wpr-grid-item-title elementor-repeater-item-ca36c9e wpr-grid-item-display-block wpr-grid-item-align-left wpr-pointer-none wpr-pointer-line-fx wpr-pointer-fx-fade\"><div class=\"inner-block\"><a target=\"_self\"  href=\"https:\/\/mmi-tarbes.fr\/ChloePortfolio\/2024\/12\/02\/teaser-2024-kiwi-production\/\">Teaser 2024 Kiwi Production<\/a><\/div><\/h2><div class=\"wpr-grid-item-excerpt elementor-repeater-item-2e8fb2b wpr-grid-item-display-block wpr-grid-item-align-left\"><div class=\"inner-block\"><p>Dans le cadre de mon stage chez Kiwi Production &#8230;<\/p><\/div><\/div><div class=\"wpr-grid-item-read-more elementor-repeater-item-2534cee wpr-grid-item-display-block wpr-grid-item-align-left\"><div class=\"inner-block\"><a target=\"_self\" href=\"https:\/\/mmi-tarbes.fr\/ChloePortfolio\/2024\/12\/02\/teaser-2024-kiwi-production\/\" class=\"wpr-button-effect wpr-button-none\"><span>Read More<\/span><\/a><\/div><\/div><\/div><\/div><\/article><article class=\"wpr-grid-item elementor-clearfix post-259 post type-post status-publish format-standard has-post-thumbnail hentry category-audiovisuel\"><div class=\"wpr-grid-item-inner\"><div class=\"wpr-grid-media-wrap wpr-effect-size-medium \" data-overlay-link=\"yes\"><div class=\"wpr-grid-image-wrap\" data-src=\"https:\/\/mmi-tarbes.fr\/ChloePortfolio\/wp-content\/uploads\/2024\/12\/Pink-Abstract-Cute-Blank-A4-Document-Landscape-7.png\" data-img-on-hover=\"\"  data-src-secondary=\"\"><img decoding=\"async\" data-no-lazy=\"1\" src=\"https:\/\/mmi-tarbes.fr\/ChloePortfolio\/wp-content\/uploads\/2024\/12\/Pink-Abstract-Cute-Blank-A4-Document-Landscape-7.png\" alt=\"The next episode\" class=\"wpr-anim-timing-ease-default\"><\/div><div class=\"wpr-grid-media-hover wpr-animation-wrap\"><div class=\"wpr-grid-media-hover-bg  wpr-overlay-fade-in wpr-anim-size-large wpr-anim-timing-ease-default wpr-anim-transparency\" data-url=\"https:\/\/mmi-tarbes.fr\/ChloePortfolio\/2024\/12\/02\/the-next-episode\/\"><\/div><\/div><\/div><div class=\"wpr-grid-item-below-content elementor-clearfix\"><h2 class=\"wpr-grid-item-title elementor-repeater-item-ca36c9e wpr-grid-item-display-block wpr-grid-item-align-left wpr-pointer-none wpr-pointer-line-fx wpr-pointer-fx-fade\"><div class=\"inner-block\"><a target=\"_self\"  href=\"https:\/\/mmi-tarbes.fr\/ChloePortfolio\/2024\/12\/02\/the-next-episode\/\">The next episode<\/a><\/div><\/h2><div class=\"wpr-grid-item-read-more elementor-repeater-item-2534cee wpr-grid-item-display-block wpr-grid-item-align-left\"><div class=\"inner-block\"><a target=\"_self\" href=\"https:\/\/mmi-tarbes.fr\/ChloePortfolio\/2024\/12\/02\/the-next-episode\/\" class=\"wpr-button-effect wpr-button-none\"><span>Read More<\/span><\/a><\/div><\/div><\/div><\/div><\/article><article class=\"wpr-grid-item elementor-clearfix post-256 post type-post status-publish format-standard has-post-thumbnail hentry category-audiovisuel\"><div class=\"wpr-grid-item-inner\"><div class=\"wpr-grid-media-wrap wpr-effect-size-medium \" data-overlay-link=\"yes\"><div class=\"wpr-grid-image-wrap\" data-src=\"https:\/\/mmi-tarbes.fr\/ChloePortfolio\/wp-content\/uploads\/2024\/12\/Capture-decran-2024-12-02-160447.png\" data-img-on-hover=\"\"  data-src-secondary=\"\"><img decoding=\"async\" data-no-lazy=\"1\" src=\"https:\/\/mmi-tarbes.fr\/ChloePortfolio\/wp-content\/uploads\/2024\/12\/Capture-decran-2024-12-02-160447.png\" alt=\"Live Archipel\" class=\"wpr-anim-timing-ease-default\"><\/div><div class=\"wpr-grid-media-hover wpr-animation-wrap\"><div class=\"wpr-grid-media-hover-bg  wpr-overlay-fade-in wpr-anim-size-large wpr-anim-timing-ease-default wpr-anim-transparency\" data-url=\"https:\/\/mmi-tarbes.fr\/ChloePortfolio\/2024\/12\/02\/live-archipel\/\"><\/div><\/div><\/div><div class=\"wpr-grid-item-below-content elementor-clearfix\"><h2 class=\"wpr-grid-item-title elementor-repeater-item-ca36c9e wpr-grid-item-display-block wpr-grid-item-align-left wpr-pointer-none wpr-pointer-line-fx wpr-pointer-fx-fade\"><div class=\"inner-block\"><a target=\"_self\"  href=\"https:\/\/mmi-tarbes.fr\/ChloePortfolio\/2024\/12\/02\/live-archipel\/\">Live Archipel<\/a><\/div><\/h2><div class=\"wpr-grid-item-read-more elementor-repeater-item-2534cee wpr-grid-item-display-block wpr-grid-item-align-left\"><div class=\"inner-block\"><a target=\"_self\" href=\"https:\/\/mmi-tarbes.fr\/ChloePortfolio\/2024\/12\/02\/live-archipel\/\" class=\"wpr-button-effect wpr-button-none\"><span>Read More<\/span><\/a><\/div><\/div><\/div><\/div><\/article><article class=\"wpr-grid-item elementor-clearfix post-253 post type-post status-publish format-standard has-post-thumbnail hentry category-grands-projets-communication\"><div class=\"wpr-grid-item-inner\"><div class=\"wpr-grid-media-wrap wpr-effect-size-medium \" data-overlay-link=\"yes\"><div class=\"wpr-grid-image-wrap\" data-src=\"https:\/\/mmi-tarbes.fr\/ChloePortfolio\/wp-content\/uploads\/2024\/12\/doll1.png\" data-img-on-hover=\"\"  data-src-secondary=\"\"><img decoding=\"async\" data-no-lazy=\"1\" src=\"https:\/\/mmi-tarbes.fr\/ChloePortfolio\/wp-content\/uploads\/2024\/12\/doll1.png\" alt=\"Jeu Vid\u00e9o Unity\" class=\"wpr-anim-timing-ease-default\"><\/div><div class=\"wpr-grid-media-hover wpr-animation-wrap\"><div class=\"wpr-grid-media-hover-bg  wpr-overlay-fade-in wpr-anim-size-large wpr-anim-timing-ease-default wpr-anim-transparency\" data-url=\"https:\/\/mmi-tarbes.fr\/ChloePortfolio\/2024\/12\/02\/jeu-video-unity\/\"><\/div><\/div><\/div><div class=\"wpr-grid-item-below-content elementor-clearfix\"><h2 class=\"wpr-grid-item-title elementor-repeater-item-ca36c9e wpr-grid-item-display-block wpr-grid-item-align-left wpr-pointer-none wpr-pointer-line-fx wpr-pointer-fx-fade\"><div class=\"inner-block\"><a target=\"_self\"  href=\"https:\/\/mmi-tarbes.fr\/ChloePortfolio\/2024\/12\/02\/jeu-video-unity\/\">Jeu Vid\u00e9o Unity<\/a><\/div><\/h2><div class=\"wpr-grid-item-read-more elementor-repeater-item-2534cee wpr-grid-item-display-block wpr-grid-item-align-left\"><div class=\"inner-block\"><a target=\"_self\" href=\"https:\/\/mmi-tarbes.fr\/ChloePortfolio\/2024\/12\/02\/jeu-video-unity\/\" class=\"wpr-button-effect wpr-button-none\"><span>Read More<\/span><\/a><\/div><\/div><\/div><\/div><\/article><article class=\"wpr-grid-item elementor-clearfix post-250 post type-post status-publish format-standard has-post-thumbnail hentry category-grands-projets-communication\"><div class=\"wpr-grid-item-inner\"><div class=\"wpr-grid-media-wrap wpr-effect-size-medium \" data-overlay-link=\"yes\"><div class=\"wpr-grid-image-wrap\" data-src=\"https:\/\/mmi-tarbes.fr\/ChloePortfolio\/wp-content\/uploads\/2024\/12\/senti1.png\" data-img-on-hover=\"\"  data-src-secondary=\"\"><img decoding=\"async\" data-no-lazy=\"1\" src=\"https:\/\/mmi-tarbes.fr\/ChloePortfolio\/wp-content\/uploads\/2024\/12\/senti1.png\" alt=\"Les sentinelles de l&rsquo;air\" class=\"wpr-anim-timing-ease-default\"><\/div><div class=\"wpr-grid-media-hover wpr-animation-wrap\"><div class=\"wpr-grid-media-hover-bg  wpr-overlay-fade-in wpr-anim-size-large wpr-anim-timing-ease-default wpr-anim-transparency\" data-url=\"https:\/\/mmi-tarbes.fr\/ChloePortfolio\/2024\/12\/02\/les-sentinelles-de-lair\/\"><\/div><\/div><\/div><div class=\"wpr-grid-item-below-content elementor-clearfix\"><h2 class=\"wpr-grid-item-title elementor-repeater-item-ca36c9e wpr-grid-item-display-block wpr-grid-item-align-left wpr-pointer-none wpr-pointer-line-fx wpr-pointer-fx-fade\"><div class=\"inner-block\"><a target=\"_self\"  href=\"https:\/\/mmi-tarbes.fr\/ChloePortfolio\/2024\/12\/02\/les-sentinelles-de-lair\/\">Les sentinelles de l&rsquo;air<\/a><\/div><\/h2><div class=\"wpr-grid-item-read-more elementor-repeater-item-2534cee wpr-grid-item-display-block wpr-grid-item-align-left\"><div class=\"inner-block\"><a target=\"_self\" href=\"https:\/\/mmi-tarbes.fr\/ChloePortfolio\/2024\/12\/02\/les-sentinelles-de-lair\/\" class=\"wpr-button-effect wpr-button-none\"><span>Read More<\/span><\/a><\/div><\/div><\/div><\/div><\/article><article class=\"wpr-grid-item elementor-clearfix post-247 post type-post status-publish format-standard has-post-thumbnail hentry category-grands-projets-communication\"><div class=\"wpr-grid-item-inner\"><div class=\"wpr-grid-media-wrap wpr-effect-size-medium \" data-overlay-link=\"yes\"><div class=\"wpr-grid-image-wrap\" data-src=\"https:\/\/mmi-tarbes.fr\/ChloePortfolio\/wp-content\/uploads\/2024\/12\/Capture-decran-2024-12-02-154430.png\" data-img-on-hover=\"\"  data-src-secondary=\"\"><img decoding=\"async\" data-no-lazy=\"1\" src=\"https:\/\/mmi-tarbes.fr\/ChloePortfolio\/wp-content\/uploads\/2024\/12\/Capture-decran-2024-12-02-154430.png\" alt=\"Escape Game \u00ab\u00a0L&rsquo;\u00e9chapp\u00e9e belle\u00a0\u00bb\" class=\"wpr-anim-timing-ease-default\"><\/div><div class=\"wpr-grid-media-hover wpr-animation-wrap\"><div class=\"wpr-grid-media-hover-bg  wpr-overlay-fade-in wpr-anim-size-large wpr-anim-timing-ease-default wpr-anim-transparency\" data-url=\"https:\/\/mmi-tarbes.fr\/ChloePortfolio\/2024\/12\/02\/escape-game-lechappee-belle\/\"><\/div><\/div><\/div><div class=\"wpr-grid-item-below-content elementor-clearfix\"><h2 class=\"wpr-grid-item-title elementor-repeater-item-ca36c9e wpr-grid-item-display-block wpr-grid-item-align-left wpr-pointer-none wpr-pointer-line-fx wpr-pointer-fx-fade\"><div class=\"inner-block\"><a target=\"_self\"  href=\"https:\/\/mmi-tarbes.fr\/ChloePortfolio\/2024\/12\/02\/escape-game-lechappee-belle\/\">Escape Game \u00ab\u00a0L&rsquo;\u00e9chapp\u00e9e belle\u00a0\u00bb<\/a><\/div><\/h2><div class=\"wpr-grid-item-read-more elementor-repeater-item-2534cee wpr-grid-item-display-block wpr-grid-item-align-left\"><div class=\"inner-block\"><a target=\"_self\" href=\"https:\/\/mmi-tarbes.fr\/ChloePortfolio\/2024\/12\/02\/escape-game-lechappee-belle\/\" class=\"wpr-button-effect wpr-button-none\"><span>Read More<\/span><\/a><\/div><\/div><\/div><\/div><\/article><article class=\"wpr-grid-item elementor-clearfix post-244 post type-post status-publish format-standard has-post-thumbnail hentry category-grands-projets-communication\"><div class=\"wpr-grid-item-inner\"><div class=\"wpr-grid-media-wrap wpr-effect-size-medium \" data-overlay-link=\"yes\"><div class=\"wpr-grid-image-wrap\" data-src=\"https:\/\/mmi-tarbes.fr\/ChloePortfolio\/wp-content\/uploads\/2024\/12\/Capture-decran-2024-12-02-153236.png\" data-img-on-hover=\"\"  data-src-secondary=\"\"><img decoding=\"async\" data-no-lazy=\"1\" src=\"https:\/\/mmi-tarbes.fr\/ChloePortfolio\/wp-content\/uploads\/2024\/12\/Capture-decran-2024-12-02-153236.png\" alt=\"Fripitop\" class=\"wpr-anim-timing-ease-default\"><\/div><div class=\"wpr-grid-media-hover wpr-animation-wrap\"><div class=\"wpr-grid-media-hover-bg  wpr-overlay-fade-in wpr-anim-size-large wpr-anim-timing-ease-default wpr-anim-transparency\" data-url=\"https:\/\/mmi-tarbes.fr\/ChloePortfolio\/2024\/12\/02\/fripitop\/\"><\/div><\/div><\/div><div class=\"wpr-grid-item-below-content elementor-clearfix\"><h2 class=\"wpr-grid-item-title elementor-repeater-item-ca36c9e wpr-grid-item-display-block wpr-grid-item-align-left wpr-pointer-none wpr-pointer-line-fx wpr-pointer-fx-fade\"><div class=\"inner-block\"><a target=\"_self\"  href=\"https:\/\/mmi-tarbes.fr\/ChloePortfolio\/2024\/12\/02\/fripitop\/\">Fripitop<\/a><\/div><\/h2><div class=\"wpr-grid-item-read-more elementor-repeater-item-2534cee wpr-grid-item-display-block wpr-grid-item-align-left\"><div class=\"inner-block\"><a target=\"_self\" href=\"https:\/\/mmi-tarbes.fr\/ChloePortfolio\/2024\/12\/02\/fripitop\/\" class=\"wpr-button-effect wpr-button-none\"><span>Read More<\/span><\/a><\/div><\/div><\/div><\/div><\/article><article class=\"wpr-grid-item elementor-clearfix post-241 post type-post status-publish format-standard has-post-thumbnail hentry category-graphisme\"><div class=\"wpr-grid-item-inner\"><div class=\"wpr-grid-media-wrap wpr-effect-size-medium \" data-overlay-link=\"yes\"><div class=\"wpr-grid-image-wrap\" data-src=\"https:\/\/mmi-tarbes.fr\/ChloePortfolio\/wp-content\/uploads\/2024\/12\/affiche4.png\" data-img-on-hover=\"\"  data-src-secondary=\"\"><img decoding=\"async\" data-no-lazy=\"1\" src=\"https:\/\/mmi-tarbes.fr\/ChloePortfolio\/wp-content\/uploads\/2024\/12\/affiche4.png\" alt=\"Apprentissage Photoshop\" class=\"wpr-anim-timing-ease-default\"><\/div><div class=\"wpr-grid-media-hover wpr-animation-wrap\"><div class=\"wpr-grid-media-hover-bg  wpr-overlay-fade-in wpr-anim-size-large wpr-anim-timing-ease-default wpr-anim-transparency\" data-url=\"https:\/\/mmi-tarbes.fr\/ChloePortfolio\/2024\/12\/02\/apprentissage-photoshop\/\"><\/div><\/div><\/div><div class=\"wpr-grid-item-below-content elementor-clearfix\"><h2 class=\"wpr-grid-item-title elementor-repeater-item-ca36c9e wpr-grid-item-display-block wpr-grid-item-align-left wpr-pointer-none wpr-pointer-line-fx wpr-pointer-fx-fade\"><div class=\"inner-block\"><a target=\"_self\"  href=\"https:\/\/mmi-tarbes.fr\/ChloePortfolio\/2024\/12\/02\/apprentissage-photoshop\/\">Apprentissage Photoshop<\/a><\/div><\/h2><div class=\"wpr-grid-item-read-more elementor-repeater-item-2534cee wpr-grid-item-display-block wpr-grid-item-align-left\"><div class=\"inner-block\"><a target=\"_self\" href=\"https:\/\/mmi-tarbes.fr\/ChloePortfolio\/2024\/12\/02\/apprentissage-photoshop\/\" class=\"wpr-button-effect wpr-button-none\"><span>Read More<\/span><\/a><\/div><\/div><\/div><\/div><\/article><article class=\"wpr-grid-item elementor-clearfix post-238 post type-post status-publish format-standard has-post-thumbnail hentry category-graphisme\"><div class=\"wpr-grid-item-inner\"><div class=\"wpr-grid-media-wrap wpr-effect-size-medium \" data-overlay-link=\"yes\"><div class=\"wpr-grid-image-wrap\" data-src=\"https:\/\/mmi-tarbes.fr\/ChloePortfolio\/wp-content\/uploads\/2024\/12\/affiche-freebirds.jpg\" data-img-on-hover=\"\"  data-src-secondary=\"\"><img decoding=\"async\" data-no-lazy=\"1\" src=\"https:\/\/mmi-tarbes.fr\/ChloePortfolio\/wp-content\/uploads\/2024\/12\/affiche-freebirds.jpg\" alt=\"Affiche pour freebirds\" class=\"wpr-anim-timing-ease-default\"><\/div><div class=\"wpr-grid-media-hover wpr-animation-wrap\"><div class=\"wpr-grid-media-hover-bg  wpr-overlay-fade-in wpr-anim-size-large wpr-anim-timing-ease-default wpr-anim-transparency\" data-url=\"https:\/\/mmi-tarbes.fr\/ChloePortfolio\/2024\/12\/02\/affiche-pour-freebirds\/\"><\/div><\/div><\/div><div class=\"wpr-grid-item-below-content elementor-clearfix\"><h2 class=\"wpr-grid-item-title elementor-repeater-item-ca36c9e wpr-grid-item-display-block wpr-grid-item-align-left wpr-pointer-none wpr-pointer-line-fx wpr-pointer-fx-fade\"><div class=\"inner-block\"><a target=\"_self\"  href=\"https:\/\/mmi-tarbes.fr\/ChloePortfolio\/2024\/12\/02\/affiche-pour-freebirds\/\">Affiche pour freebirds<\/a><\/div><\/h2><div class=\"wpr-grid-item-read-more elementor-repeater-item-2534cee wpr-grid-item-display-block wpr-grid-item-align-left\"><div class=\"inner-block\"><a target=\"_self\" href=\"https:\/\/mmi-tarbes.fr\/ChloePortfolio\/2024\/12\/02\/affiche-pour-freebirds\/\" class=\"wpr-button-effect wpr-button-none\"><span>Read More<\/span><\/a><\/div><\/div><\/div><\/div><\/article><\/section><div class=\"wpr-grid-pagination elementor-clearfix wpr-grid-pagination-load-more\"><a href=\"https:\/\/mmi-tarbes.fr\/ChloePortfolio\/wp-json\/wp\/v2\/pages\/15\/page\/2\/\" class=\"wpr-load-more-btn\" data-e-disable-page-transition >Load More<\/a><div class=\"wpr-pagination-loading\"><div class=\"wpr-double-bounce\"><div class=\"wpr-child wpr-double-bounce1\"><\/div><div class=\"wpr-child wpr-double-bounce2\"><\/div><\/div><\/div><p class=\"wpr-pagination-finish\">End of Content.<\/p><\/div>\t\t<\/div>\n\t\t\t\t<\/div>\n\t\t\t\t\t<\/div>\n\t\t\t\t<\/div>\n\t\t\t\t<\/div>\n\t\t","protected":false},"excerpt":{"rendered":"<p>Mes projets et cr\u00e9ations Vous \u00eates bien \u00e0 l&rsquo;endroit le plus int\u00e9ressant de mon portfolio. C&rsquo;est ici que vous trouverez un aper\u00e7u de mes projets et cr\u00e9ations. J&rsquo;esp\u00e8re que vous passerez un moment agr\u00e9able \u00e0 les parcourir ! All Posts Audiovisuel Grands projets \/ Communication Graphisme Teaser 2024 Kiwi Production Dans le cadre de mon stage chez Kiwi Production &#8230; Read More The next episode Read More Live Archipel Read More Jeu Vid\u00e9o Unity Read More Les sentinelles de l&rsquo;air Read More Escape Game \u00ab\u00a0L&rsquo;\u00e9chapp\u00e9e belle\u00a0\u00bb Read More Fripitop Read More Apprentissage Photoshop Read More Affiche pour freebirds Read More Load More End of Content.<\/p>\n","protected":false},"author":1,"featured_media":0,"parent":0,"menu_order":0,"comment_status":"closed","ping_status":"closed","template":"","meta":{"footnotes":""},"class_list":["post-15","page","type-page","status-publish","hentry"],"_links":{"self":[{"href":"https:\/\/mmi-tarbes.fr\/ChloePortfolio\/wp-json\/wp\/v2\/pages\/15","targetHints":{"allow":["GET"]}}],"collection":[{"href":"https:\/\/mmi-tarbes.fr\/ChloePortfolio\/wp-json\/wp\/v2\/pages"}],"about":[{"href":"https:\/\/mmi-tarbes.fr\/ChloePortfolio\/wp-json\/wp\/v2\/types\/page"}],"author":[{"embeddable":true,"href":"https:\/\/mmi-tarbes.fr\/ChloePortfolio\/wp-json\/wp\/v2\/users\/1"}],"replies":[{"embeddable":true,"href":"https:\/\/mmi-tarbes.fr\/ChloePortfolio\/wp-json\/wp\/v2\/comments?post=15"}],"version-history":[{"count":43,"href":"https:\/\/mmi-tarbes.fr\/ChloePortfolio\/wp-json\/wp\/v2\/pages\/15\/revisions"}],"predecessor-version":[{"id":364,"href":"https:\/\/mmi-tarbes.fr\/ChloePortfolio\/wp-json\/wp\/v2\/pages\/15\/revisions\/364"}],"wp:attachment":[{"href":"https:\/\/mmi-tarbes.fr\/ChloePortfolio\/wp-json\/wp\/v2\/media?parent=15"}],"curies":[{"name":"wp","href":"https:\/\/api.w.org\/{rel}","templated":true}]}}